{"id":1211,"date":"2017-03-06T09:30:32","date_gmt":"2017-03-06T09:30:32","guid":{"rendered":"https:\/\/garces-wp.ixole.es\/?page_id=1211\/"},"modified":"2017-03-22T11:28:22","modified_gmt":"2017-03-22T11:28:22","slug":"about-us","status":"publish","type":"page","link":"https:\/\/garces-wp.ixole.es\/en\/about-us\/","title":{"rendered":"About Us"},"content":{"rendered":"<p>[vc_row][vc_column width=&#8221;1\/3&#8243;][vc_single_image image=&#8221;695&#8243; img_size=&#8221;full&#8221;][\/vc_column][vc_column width=&#8221;2\/3&#8243;][vc_column_text]The <strong>Institut de Dermatologia Garc\u00e9s<\/strong>, led by <a href=\"https:\/\/garces-wp.ixole.es\/en\/jrgarces\/\">J. R. Garc\u00e9s, MD PhD<\/a>, \u00a0is an institution with over 30 years of experience in <strong>medical and surgical dermatology<\/strong>. Located in the prestigious<a href=\"https:\/\/garces-wp.ixole.es\/en\/centro-medico-teknon\/\"> <strong>Centro M\u00e9dico Teknon in Barcelona<\/strong><\/a>, Dermatologia Garc\u00e9s <strong>treats all the diseases and conditions which can <a href=\"https:\/\/garces-wp.ixole.es\/en\/our-specialist-fields\/\">affect the skin, hair and nails<\/a><\/strong>.[\/vc_column_text][vc_column_text]<strong>Medical Excellence and Outstanding Patient Care<\/strong><\/p>\n<p>The Institut de Dermatologia Garc\u00e9s has a single objective: to offer an integrated service which combines the <strong>medical excellence of our professionals<\/strong> with <strong>outstanding patient care<\/strong>. To achieve this, we have a <a href=\"https:\/\/garces-wp.ixole.es\/en\/our-team\/\"><strong>team of medical and surgical dermatologists<\/strong><\/a>\u00a0at the vanguard of scientific innovations in dermatology and with the <a href=\"https:\/\/garces-wp.ixole.es\/en\/dermatologic-surgery\/laser\/\"><strong>latest laser technology<\/strong><\/a>\u00a0at their disposal. Moreover, we offer our patients <a href=\"https:\/\/garces-wp.ixole.es\/en\/derma-plus\/\"><strong>complementary services<\/strong><\/a>\u00a0to make their stay in our center especially comfortable.[\/vc_column_text][\/vc_column][\/vc_row][vc_row gap=&#8221;20&#8243; content_placement=&#8221;middle&#8221;][vc_column][vc_separator][vc_row_inner][vc_column_inner width=&#8221;1\/4&#8243;][vc_single_image image=&#8221;1848&#8243; img_size=&#8221;full&#8221;][vc_text_separator title=&#8221;Our Team&#8221; color=&#8221;chino&#8221; el_class=&#8221;h4&#8243;][vc_column_text]A team of medical and surgical dermatologists for the treatment of all skin diseases.[\/vc_column_text][vc_button2 title=&#8221;Find out more&#8221; align=&#8221;center&#8221; color=&#8221;chino&#8221; size=&#8221;sm&#8221; link=&#8221;url:https%3A%2F%2Fgarces-wp.ixole.es%2Fen%2Four-team%2F||&#8221;][\/vc_column_inner][vc_column_inner width=&#8221;1\/4&#8243;][vc_single_image image=&#8221;697&#8243; img_size=&#8221;full&#8221;][vc_text_separator title=&#8221;J. R. Garc\u00e9s, MD PhD&#8221; color=&#8221;chino&#8221; el_class=&#8221;h4&#8243;][vc_column_text]J. R. Garc\u00e9s, MD PhD, founder of the Institut de Dermatologia Garc\u00e9s, is a dermatologist with more than 30 years of experience in this field and a specialist in skin cancer and Mohs surgery.[\/vc_column_text][vc_button2 title=&#8221;Find out more&#8221; align=&#8221;center&#8221; color=&#8221;chino&#8221; size=&#8221;sm&#8221; link=&#8221;url:https%3A%2F%2Fgarces-wp.ixole.es%2Fen%2Fjrgarces%2F||&#8221;][\/vc_column_inner][vc_column_inner width=&#8221;1\/4&#8243;][vc_single_image image=&#8221;698&#8243; img_size=&#8221;full&#8221;][vc_text_separator title=&#8221;Our Specialist Fields&#8221; color=&#8221;chino&#8221; el_class=&#8221;h4&#8243;][vc_column_text]We treat all skin diseases, including the manifestations of diseases which originate in other parts of the body but present symptoms in the skin.[\/vc_column_text][vc_button2 title=&#8221;Find out more&#8221; align=&#8221;center&#8221; color=&#8221;chino&#8221; size=&#8221;sm&#8221; link=&#8221;url:https%3A%2F%2Fgarces-wp.ixole.es%2Fen%2Four-specialist-fields%2F||&#8221;][\/vc_column_inner][vc_column_inner width=&#8221;1\/4&#8243;][vc_single_image image=&#8221;832&#8243; img_size=&#8221;full&#8221;][vc_text_separator title=&#8221;Derma Plus&#8221; color=&#8221;chino&#8221; el_class=&#8221;h4&#8243;][vc_column_text]We take the utmost care to offer our patients the maximum level of comfort, attending to all their needs.[\/vc_column_text][vc_button2 title=&#8221;Find out more&#8221; align=&#8221;center&#8221; color=&#8221;chino&#8221; size=&#8221;sm&#8221; link=&#8221;url:https%3A%2F%2Fgarces-wp.ixole.es%2Fen%2Fderma-plus%2F||&#8221;][\/vc_column_inner][\/vc_row_inner][vc_empty_space][vc_empty_space][vc_empty_space][vc_cta h2=&#8221;If you would like to make an appointment or request more information, please contact us. &#8221; h2_font_container=&#8221;font_size:24|color:%23ffffff&#8221; h2_use_theme_fonts=&#8221;yes&#8221; add_button=&#8221;right&#8221; btn_title=&#8221;Contact&#8221; btn_style=&#8221;classic&#8221; btn_color=&#8221;chino&#8221; btn_align=&#8221;right&#8221; css=&#8221;.vc_custom_1488815824720{background-color: #3b506b !important;}&#8221; use_custom_fonts_h2=&#8221;true&#8221; use_custom_fonts_h4=&#8221;true&#8221; btn_button_block=&#8221;true&#8221; btn_link=&#8221;url:https%3A%2F%2Fgarces-wp.ixole.es%2Fen%2Fcontact%2F||&#8221;][\/vc_cta][\/vc_column][\/vc_row]<\/p>\n","protected":false},"excerpt":{"rendered":"<p>[vc_row][vc_column width=&#8221;1\/3&#8243;][vc_single_image image=&#8221;695&#8243; img_size=&#8221;full&#8221;][\/vc_column][vc_column width=&#8221;2\/3&#8243;][vc_column_text]The Institut de Dermatologia Garc\u00e9s, led by J. R. Garc\u00e9s, MD PhD, \u00a0is an institution with over 30 years of experience in medical and surgical dermatology. Located in the prestigious Centro M\u00e9dico Teknon in Barcelona, Dermatologia Garc\u00e9s treats all the diseases and conditions which can affect the skin, hair and nails.[\/vc_column_text][vc_column_text]Medical [&hellip;]<\/p>\n","protected":false},"author":1,"featured_media":0,"parent":0,"menu_order":0,"comment_status":"closed","ping_status":"open","template":"fullwidth-template.php","meta":{"footnotes":""},"class_list":["post-1211","page","type-page","status-publish","hentry"],"yoast_head":"<!-- This site is optimized with the Yoast SEO plugin v26.7 - https:\/\/yoast.com\/wordpress\/plugins\/seo\/ -->\n<title>About Us - Dermatologia Garces<\/title>\n<meta name=\"robots\" content=\"index, follow, max-snippet:-1, max-image-preview:large, max-video-preview:-1\" \/>\n<link rel=\"canonical\" href=\"https:\/\/garces-wp.ixole.es\/en\/about-us\/\" \/>\n<meta property=\"og:locale\" content=\"en_US\" \/>\n<meta property=\"og:type\" content=\"article\" \/>\n<meta property=\"og:title\" content=\"About Us - Dermatologia Garces\" \/>\n<meta property=\"og:description\" content=\"[vc_row][vc_column width=&#8221;1\/3&#8243;][vc_single_image image=&#8221;695&#8243; img_size=&#8221;full&#8221;][\/vc_column][vc_column width=&#8221;2\/3&#8243;][vc_column_text]The Institut de Dermatologia Garc\u00e9s, led by J. R. Garc\u00e9s, MD PhD, \u00a0is an institution with over 30 years of experience in medical and surgical dermatology. Located in the prestigious Centro M\u00e9dico Teknon in Barcelona, Dermatologia Garc\u00e9s treats all the diseases and conditions which can affect the skin, hair and nails.[\/vc_column_text][vc_column_text]Medical [&hellip;]\" \/>\n<meta property=\"og:url\" content=\"https:\/\/garces-wp.ixole.es\/en\/about-us\/\" \/>\n<meta property=\"og:site_name\" content=\"Dermatologia Garces\" \/>\n<meta property=\"article:modified_time\" content=\"2017-03-22T11:28:22+00:00\" \/>\n<meta name=\"twitter:card\" content=\"summary_large_image\" \/>\n<meta name=\"twitter:label1\" content=\"Est. reading time\" \/>\n\t<meta name=\"twitter:data1\" content=\"3 minutes\" \/>\n<script type=\"application\/ld+json\" class=\"yoast-schema-graph\">{\"@context\":\"https:\/\/schema.org\",\"@graph\":[{\"@type\":\"WebPage\",\"@id\":\"https:\/\/garces-wp.ixole.es\/en\/about-us\/\",\"url\":\"https:\/\/garces-wp.ixole.es\/en\/about-us\/\",\"name\":\"About Us - Dermatologia Garces\",\"isPartOf\":{\"@id\":\"https:\/\/garces-wp.ixole.es\/#website\"},\"datePublished\":\"2017-03-06T09:30:32+00:00\",\"dateModified\":\"2017-03-22T11:28:22+00:00\",\"breadcrumb\":{\"@id\":\"https:\/\/garces-wp.ixole.es\/en\/about-us\/#breadcrumb\"},\"inLanguage\":\"en-US\",\"potentialAction\":[{\"@type\":\"ReadAction\",\"target\":[\"https:\/\/garces-wp.ixole.es\/en\/about-us\/\"]}]},{\"@type\":\"BreadcrumbList\",\"@id\":\"https:\/\/garces-wp.ixole.es\/en\/about-us\/#breadcrumb\",\"itemListElement\":[{\"@type\":\"ListItem\",\"position\":1,\"name\":\"Portada\",\"item\":\"https:\/\/garces-wp.ixole.es\/en\/\"},{\"@type\":\"ListItem\",\"position\":2,\"name\":\"About Us\"}]},{\"@type\":\"WebSite\",\"@id\":\"https:\/\/garces-wp.ixole.es\/#website\",\"url\":\"https:\/\/garces-wp.ixole.es\/\",\"name\":\"Dermatologia Garces\",\"description\":\"Dermatology Dr. JR Garc\u00e9s Centro M\u00e9dico Teknon\",\"publisher\":{\"@id\":\"https:\/\/garces-wp.ixole.es\/#organization\"},\"potentialAction\":[{\"@type\":\"SearchAction\",\"target\":{\"@type\":\"EntryPoint\",\"urlTemplate\":\"https:\/\/garces-wp.ixole.es\/?s={search_term_string}\"},\"query-input\":{\"@type\":\"PropertyValueSpecification\",\"valueRequired\":true,\"valueName\":\"search_term_string\"}}],\"inLanguage\":\"en-US\"},{\"@type\":\"Organization\",\"@id\":\"https:\/\/garces-wp.ixole.es\/#organization\",\"name\":\"Dermatologia Garc\u00e9s\",\"url\":\"https:\/\/garces-wp.ixole.es\/\",\"logo\":{\"@type\":\"ImageObject\",\"inLanguage\":\"en-US\",\"@id\":\"https:\/\/garces-wp.ixole.es\/#\/schema\/logo\/image\/\",\"url\":\"https:\/\/garces-wp.ixole.es\/wp-content\/uploads\/2016\/04\/Logotip-Garces-1-e1490180757988.png\",\"contentUrl\":\"https:\/\/garces-wp.ixole.es\/wp-content\/uploads\/2016\/04\/Logotip-Garces-1-e1490180757988.png\",\"width\":150,\"height\":55,\"caption\":\"Dermatologia Garc\u00e9s\"},\"image\":{\"@id\":\"https:\/\/garces-wp.ixole.es\/#\/schema\/logo\/image\/\"}}]}<\/script>\n<!-- \/ Yoast SEO plugin. -->","yoast_head_json":{"title":"About Us - Dermatologia Garces","robots":{"index":"index","follow":"follow","max-snippet":"max-snippet:-1","max-image-preview":"max-image-preview:large","max-video-preview":"max-video-preview:-1"},"canonical":"https:\/\/garces-wp.ixole.es\/en\/about-us\/","og_locale":"en_US","og_type":"article","og_title":"About Us - Dermatologia Garces","og_description":"[vc_row][vc_column width=&#8221;1\/3&#8243;][vc_single_image image=&#8221;695&#8243; img_size=&#8221;full&#8221;][\/vc_column][vc_column width=&#8221;2\/3&#8243;][vc_column_text]The Institut de Dermatologia Garc\u00e9s, led by J. R. Garc\u00e9s, MD PhD, \u00a0is an institution with over 30 years of experience in medical and surgical dermatology. Located in the prestigious Centro M\u00e9dico Teknon in Barcelona, Dermatologia Garc\u00e9s treats all the diseases and conditions which can affect the skin, hair and nails.[\/vc_column_text][vc_column_text]Medical [&hellip;]","og_url":"https:\/\/garces-wp.ixole.es\/en\/about-us\/","og_site_name":"Dermatologia Garces","article_modified_time":"2017-03-22T11:28:22+00:00","twitter_card":"summary_large_image","twitter_misc":{"Est. reading time":"3 minutes"},"schema":{"@context":"https:\/\/schema.org","@graph":[{"@type":"WebPage","@id":"https:\/\/garces-wp.ixole.es\/en\/about-us\/","url":"https:\/\/garces-wp.ixole.es\/en\/about-us\/","name":"About Us - Dermatologia Garces","isPartOf":{"@id":"https:\/\/garces-wp.ixole.es\/#website"},"datePublished":"2017-03-06T09:30:32+00:00","dateModified":"2017-03-22T11:28:22+00:00","breadcrumb":{"@id":"https:\/\/garces-wp.ixole.es\/en\/about-us\/#breadcrumb"},"inLanguage":"en-US","potentialAction":[{"@type":"ReadAction","target":["https:\/\/garces-wp.ixole.es\/en\/about-us\/"]}]},{"@type":"BreadcrumbList","@id":"https:\/\/garces-wp.ixole.es\/en\/about-us\/#breadcrumb","itemListElement":[{"@type":"ListItem","position":1,"name":"Portada","item":"https:\/\/garces-wp.ixole.es\/en\/"},{"@type":"ListItem","position":2,"name":"About Us"}]},{"@type":"WebSite","@id":"https:\/\/garces-wp.ixole.es\/#website","url":"https:\/\/garces-wp.ixole.es\/","name":"Dermatologia Garces","description":"Dermatology Dr. JR Garc\u00e9s Centro M\u00e9dico Teknon","publisher":{"@id":"https:\/\/garces-wp.ixole.es\/#organization"},"potentialAction":[{"@type":"SearchAction","target":{"@type":"EntryPoint","urlTemplate":"https:\/\/garces-wp.ixole.es\/?s={search_term_string}"},"query-input":{"@type":"PropertyValueSpecification","valueRequired":true,"valueName":"search_term_string"}}],"inLanguage":"en-US"},{"@type":"Organization","@id":"https:\/\/garces-wp.ixole.es\/#organization","name":"Dermatologia Garc\u00e9s","url":"https:\/\/garces-wp.ixole.es\/","logo":{"@type":"ImageObject","inLanguage":"en-US","@id":"https:\/\/garces-wp.ixole.es\/#\/schema\/logo\/image\/","url":"https:\/\/garces-wp.ixole.es\/wp-content\/uploads\/2016\/04\/Logotip-Garces-1-e1490180757988.png","contentUrl":"https:\/\/garces-wp.ixole.es\/wp-content\/uploads\/2016\/04\/Logotip-Garces-1-e1490180757988.png","width":150,"height":55,"caption":"Dermatologia Garc\u00e9s"},"image":{"@id":"https:\/\/garces-wp.ixole.es\/#\/schema\/logo\/image\/"}}]}},"_links":{"self":[{"href":"https:\/\/garces-wp.ixole.es\/en\/wp-json\/wp\/v2\/pages\/1211","targetHints":{"allow":["GET"]}}],"collection":[{"href":"https:\/\/garces-wp.ixole.es\/en\/wp-json\/wp\/v2\/pages"}],"about":[{"href":"https:\/\/garces-wp.ixole.es\/en\/wp-json\/wp\/v2\/types\/page"}],"author":[{"embeddable":true,"href":"https:\/\/garces-wp.ixole.es\/en\/wp-json\/wp\/v2\/users\/1"}],"replies":[{"embeddable":true,"href":"https:\/\/garces-wp.ixole.es\/en\/wp-json\/wp\/v2\/comments?post=1211"}],"version-history":[{"count":7,"href":"https:\/\/garces-wp.ixole.es\/en\/wp-json\/wp\/v2\/pages\/1211\/revisions"}],"predecessor-version":[{"id":1859,"href":"https:\/\/garces-wp.ixole.es\/en\/wp-json\/wp\/v2\/pages\/1211\/revisions\/1859"}],"wp:attachment":[{"href":"https:\/\/garces-wp.ixole.es\/en\/wp-json\/wp\/v2\/media?parent=1211"}],"curies":[{"name":"wp","href":"https:\/\/api.w.org\/{rel}","templated":true}]}}