{"id":2310,"date":"2017-10-04T10:15:50","date_gmt":"2017-10-04T10:15:50","guid":{"rendered":"https:\/\/garces-wp.ixole.es\/?page_id=2310\/"},"modified":"2017-10-10T09:35:25","modified_gmt":"2017-10-10T09:35:25","slug":"politica-de-cookies","status":"publish","type":"page","link":"https:\/\/garces-wp.ixole.es\/ca\/politica-de-cookies\/","title":{"rendered":"Pol\u00edtica de Cookies"},"content":{"rendered":"<p>El web<a href=\"http:\/\/www.dermatologiagarces.es\"> www.dermatologiagarces.es<\/a> utilitza cookies, com la majoria de llocs web. En aquest apartat li expliquem la nostra pol\u00edtica de cookies i l&#8217;\u00fas que en fem.<\/p>\n<p>&nbsp;<\/p>\n<h2>Qu\u00e8 \u00e9s una cookie?<\/h2>\n<p>Una cookie \u00e9s un fitxer que es descarrega en ordinadors, m\u00f2bils, tauletes o altres dispositius dels usuaris a l&#8217;accedir a determinades p\u00e0gines web.<\/p>\n<p>Les cookies permeten a una p\u00e0gina web, entre altres coses, guardar i recuperar informaci\u00f3 sobre els h\u00e0bits de navegaci\u00f3 d&#8217;un usuari o del seu equip. Les cookies s\u00f3n indispensables per al funcionament d&#8217;Internet i, entre altres coses, faciliten la navegaci\u00f3.<\/p>\n<p>&nbsp;<\/p>\n<h2>Com utilitzem les cookies en <a href=\"http:\/\/www.dermatologiagarces.es\">www.dermatologiagarces.es<\/a>?<\/h2>\n<p>Utilitzem cookies amb la finalitat de realitzar una an\u00e0lisi del lloc web i les utilitzem per recopilar informaci\u00f3 i obtenir estad\u00edstiques d&#8217;\u00fas del lloc web sense identificar personalment als visitants. S&#8217;analitza la navegaci\u00f3 a la nostra web amb la finalitat de millorar l&#8217;oferta de continguts que s&#8217;ofereixen. Les dades estad\u00edstiques recopilades nom\u00e9s s\u00f3n utilitzats per part de l&#8217;Institut de Dermatologia Garc\u00e9s, i no es faciliten a tercers.<\/p>\n<p>&nbsp;<\/p>\n<h2>Com puc revocar el meu consentiment i eliminar les cookies?<\/h2>\n<p>El que pot fer \u00e9s configurar el navegador perqu\u00e8 deixi d&#8217;acceptar cookies o l&#8217;avisi cada vegada que visita una p\u00e0gina web que les usa. No obstant aix\u00f2, si ho fa \u00e9s probable que hi hagi seccions del web o aplicacions que no pugui utilitzar.<\/p>\n<p>Tots els ordinadors moderns permeten canviar la configuraci\u00f3 de les galetes. Aquests ajustaments normalment es troben al men\u00fa Prefer\u00e8ncies del navegador.<\/p>\n<p>Si voleu configurar les galetes al seu ordinador, li indiquem sobre els passos per accedir al men\u00fa de configuraci\u00f3 de les galetes i, si escau, de la navegaci\u00f3 privada a cadascun dels navegadors principals:<\/p>\n<ul>\n<li>Internet Explorer: Eines -&gt; Opcions d&#8217;Internet -&gt; Privacitat -&gt; Configuraci\u00f3.<br \/>\n<span style=\"line-height: inherit;\">Per a m\u00e9s informaci\u00f3, pot consultar el suport de Microsoft o l&#8217;Ajuda del navegador<\/span><\/li>\n<li><span style=\"line-height: inherit;\">Firefox: Eines -&gt; Opcions -&gt; Privadesa -&gt; Hist\u00f2ric -&gt; Configuraci\u00f3 Personalitzada<br \/>\n<\/span><span style=\"line-height: inherit;\">Per a m\u00e9s informaci\u00f3, podeu consultar el suport de Mozilla o l&#8217;Ajuda del navegador<\/span><\/li>\n<li><span style=\"line-height: inherit;\">Chrome: Configuraci\u00f3 -&gt; Mostra opcions avan\u00e7ades -&gt; Privadesa -&gt; Configuraci\u00f3 de contingut<br \/>\n<\/span><span style=\"line-height: inherit;\">Per a m\u00e9s informaci\u00f3, podeu consultar el suport de Google o l&#8217;Ajuda del navegador<\/span><\/li>\n<li><span style=\"line-height: inherit;\">Safari: Prefer\u00e8ncies -&gt; Seguretat<br \/>\n<\/span><span style=\"line-height: inherit;\">Per a m\u00e9s informaci\u00f3, pot consultar el suport d&#8217;Apple o l&#8217;Ajuda del navegador<\/span><\/li>\n<\/ul>\n<p>&nbsp;<\/p>\n<h2>Actualitzacions i canvis en la pol\u00edtica de privacitat \/ galetes:<\/h2>\n<p>El web <a href=\"http:\/\/www.dermatologiagarces.es\">www.dermatologiagarces.es<\/a> pot modificar aquesta Pol\u00edtica de Cookies en funci\u00f3 d&#8217;exig\u00e8ncies legislatives, reglament\u00e0ries, o amb la finalitat d&#8217;adaptar aquesta pol\u00edtica a les instruccions dictades per l&#8217;Ag\u00e8ncia Espanyola de Protecci\u00f3 de Dades, per aix\u00f2 s&#8217;aconsella als Usuaris que la visitin peri\u00f2dicament.<\/p>\n","protected":false},"excerpt":{"rendered":"<p>El web www.dermatologiagarces.es utilitza cookies, com la majoria de llocs web. En aquest apartat li expliquem la nostra pol\u00edtica de cookies i l&#8217;\u00fas que en fem. &nbsp; Qu\u00e8 \u00e9s una cookie? Una cookie \u00e9s un fitxer que es descarrega en ordinadors, m\u00f2bils, tauletes o altres dispositius dels usuaris a l&#8217;accedir a determinades p\u00e0gines web. Les [&hellip;]<\/p>\n","protected":false},"author":1,"featured_media":0,"parent":0,"menu_order":0,"comment_status":"closed","ping_status":"closed","template":"","meta":{"footnotes":""},"class_list":["post-2310","page","type-page","status-publish","hentry"],"yoast_head":"<!-- This site is optimized with the Yoast SEO plugin v26.7 - https:\/\/yoast.com\/wordpress\/plugins\/seo\/ -->\n<title>Pol\u00edtica de Cookies - Dermatologia Garces<\/title>\n<meta name=\"robots\" content=\"index, follow, max-snippet:-1, max-image-preview:large, max-video-preview:-1\" \/>\n<link rel=\"canonical\" href=\"https:\/\/garces-wp.ixole.es\/ca\/politica-de-cookies\/\" \/>\n<meta property=\"og:locale\" content=\"ca_ES\" \/>\n<meta property=\"og:type\" content=\"article\" \/>\n<meta property=\"og:title\" content=\"Pol\u00edtica de Cookies - Dermatologia Garces\" \/>\n<meta property=\"og:description\" content=\"El web www.dermatologiagarces.es utilitza cookies, com la majoria de llocs web. En aquest apartat li expliquem la nostra pol\u00edtica de cookies i l&#8217;\u00fas que en fem. &nbsp; Qu\u00e8 \u00e9s una cookie? Una cookie \u00e9s un fitxer que es descarrega en ordinadors, m\u00f2bils, tauletes o altres dispositius dels usuaris a l&#8217;accedir a determinades p\u00e0gines web. Les [&hellip;]\" \/>\n<meta property=\"og:url\" content=\"https:\/\/garces-wp.ixole.es\/ca\/politica-de-cookies\/\" \/>\n<meta property=\"og:site_name\" content=\"Dermatologia Garces\" \/>\n<meta property=\"article:modified_time\" content=\"2017-10-10T09:35:25+00:00\" \/>\n<meta name=\"twitter:card\" content=\"summary_large_image\" \/>\n<meta name=\"twitter:label1\" content=\"Est. reading time\" \/>\n\t<meta name=\"twitter:data1\" content=\"2 minutes\" \/>\n<script type=\"application\/ld+json\" class=\"yoast-schema-graph\">{\"@context\":\"https:\/\/schema.org\",\"@graph\":[{\"@type\":\"WebPage\",\"@id\":\"https:\/\/garces-wp.ixole.es\/ca\/politica-de-cookies\/\",\"url\":\"https:\/\/garces-wp.ixole.es\/ca\/politica-de-cookies\/\",\"name\":\"Pol\u00edtica de Cookies - Dermatologia Garces\",\"isPartOf\":{\"@id\":\"https:\/\/garces-wp.ixole.es\/#website\"},\"datePublished\":\"2017-10-04T10:15:50+00:00\",\"dateModified\":\"2017-10-10T09:35:25+00:00\",\"breadcrumb\":{\"@id\":\"https:\/\/garces-wp.ixole.es\/ca\/politica-de-cookies\/#breadcrumb\"},\"inLanguage\":\"ca-ES\",\"potentialAction\":[{\"@type\":\"ReadAction\",\"target\":[\"https:\/\/garces-wp.ixole.es\/ca\/politica-de-cookies\/\"]}]},{\"@type\":\"BreadcrumbList\",\"@id\":\"https:\/\/garces-wp.ixole.es\/ca\/politica-de-cookies\/#breadcrumb\",\"itemListElement\":[{\"@type\":\"ListItem\",\"position\":1,\"name\":\"Portada\",\"item\":\"https:\/\/garces-wp.ixole.es\/ca\/\"},{\"@type\":\"ListItem\",\"position\":2,\"name\":\"Pol\u00edtica de Cookies\"}]},{\"@type\":\"WebSite\",\"@id\":\"https:\/\/garces-wp.ixole.es\/#website\",\"url\":\"https:\/\/garces-wp.ixole.es\/\",\"name\":\"Dermatologia Garces\",\"description\":\"Dermatolog\u00eda Dr. JR Garc\u00e9s Centro M\u00e9dico Teknon\",\"publisher\":{\"@id\":\"https:\/\/garces-wp.ixole.es\/#organization\"},\"potentialAction\":[{\"@type\":\"SearchAction\",\"target\":{\"@type\":\"EntryPoint\",\"urlTemplate\":\"https:\/\/garces-wp.ixole.es\/?s={search_term_string}\"},\"query-input\":{\"@type\":\"PropertyValueSpecification\",\"valueRequired\":true,\"valueName\":\"search_term_string\"}}],\"inLanguage\":\"ca-ES\"},{\"@type\":\"Organization\",\"@id\":\"https:\/\/garces-wp.ixole.es\/#organization\",\"name\":\"Dermatologia Garc\u00e9s\",\"url\":\"https:\/\/garces-wp.ixole.es\/\",\"logo\":{\"@type\":\"ImageObject\",\"inLanguage\":\"ca-ES\",\"@id\":\"https:\/\/garces-wp.ixole.es\/#\/schema\/logo\/image\/\",\"url\":\"https:\/\/garces-wp.ixole.es\/wp-content\/uploads\/2016\/04\/Logotip-Garces-1-e1490180757988.png\",\"contentUrl\":\"https:\/\/garces-wp.ixole.es\/wp-content\/uploads\/2016\/04\/Logotip-Garces-1-e1490180757988.png\",\"width\":150,\"height\":55,\"caption\":\"Dermatologia Garc\u00e9s\"},\"image\":{\"@id\":\"https:\/\/garces-wp.ixole.es\/#\/schema\/logo\/image\/\"}}]}<\/script>\n<!-- \/ Yoast SEO plugin. -->","yoast_head_json":{"title":"Pol\u00edtica de Cookies - Dermatologia Garces","robots":{"index":"index","follow":"follow","max-snippet":"max-snippet:-1","max-image-preview":"max-image-preview:large","max-video-preview":"max-video-preview:-1"},"canonical":"https:\/\/garces-wp.ixole.es\/ca\/politica-de-cookies\/","og_locale":"ca_ES","og_type":"article","og_title":"Pol\u00edtica de Cookies - Dermatologia Garces","og_description":"El web www.dermatologiagarces.es utilitza cookies, com la majoria de llocs web. En aquest apartat li expliquem la nostra pol\u00edtica de cookies i l&#8217;\u00fas que en fem. &nbsp; Qu\u00e8 \u00e9s una cookie? Una cookie \u00e9s un fitxer que es descarrega en ordinadors, m\u00f2bils, tauletes o altres dispositius dels usuaris a l&#8217;accedir a determinades p\u00e0gines web. Les [&hellip;]","og_url":"https:\/\/garces-wp.ixole.es\/ca\/politica-de-cookies\/","og_site_name":"Dermatologia Garces","article_modified_time":"2017-10-10T09:35:25+00:00","twitter_card":"summary_large_image","twitter_misc":{"Est. reading time":"2 minutes"},"schema":{"@context":"https:\/\/schema.org","@graph":[{"@type":"WebPage","@id":"https:\/\/garces-wp.ixole.es\/ca\/politica-de-cookies\/","url":"https:\/\/garces-wp.ixole.es\/ca\/politica-de-cookies\/","name":"Pol\u00edtica de Cookies - Dermatologia Garces","isPartOf":{"@id":"https:\/\/garces-wp.ixole.es\/#website"},"datePublished":"2017-10-04T10:15:50+00:00","dateModified":"2017-10-10T09:35:25+00:00","breadcrumb":{"@id":"https:\/\/garces-wp.ixole.es\/ca\/politica-de-cookies\/#breadcrumb"},"inLanguage":"ca-ES","potentialAction":[{"@type":"ReadAction","target":["https:\/\/garces-wp.ixole.es\/ca\/politica-de-cookies\/"]}]},{"@type":"BreadcrumbList","@id":"https:\/\/garces-wp.ixole.es\/ca\/politica-de-cookies\/#breadcrumb","itemListElement":[{"@type":"ListItem","position":1,"name":"Portada","item":"https:\/\/garces-wp.ixole.es\/ca\/"},{"@type":"ListItem","position":2,"name":"Pol\u00edtica de Cookies"}]},{"@type":"WebSite","@id":"https:\/\/garces-wp.ixole.es\/#website","url":"https:\/\/garces-wp.ixole.es\/","name":"Dermatologia Garces","description":"Dermatolog\u00eda Dr. JR Garc\u00e9s Centro M\u00e9dico Teknon","publisher":{"@id":"https:\/\/garces-wp.ixole.es\/#organization"},"potentialAction":[{"@type":"SearchAction","target":{"@type":"EntryPoint","urlTemplate":"https:\/\/garces-wp.ixole.es\/?s={search_term_string}"},"query-input":{"@type":"PropertyValueSpecification","valueRequired":true,"valueName":"search_term_string"}}],"inLanguage":"ca-ES"},{"@type":"Organization","@id":"https:\/\/garces-wp.ixole.es\/#organization","name":"Dermatologia Garc\u00e9s","url":"https:\/\/garces-wp.ixole.es\/","logo":{"@type":"ImageObject","inLanguage":"ca-ES","@id":"https:\/\/garces-wp.ixole.es\/#\/schema\/logo\/image\/","url":"https:\/\/garces-wp.ixole.es\/wp-content\/uploads\/2016\/04\/Logotip-Garces-1-e1490180757988.png","contentUrl":"https:\/\/garces-wp.ixole.es\/wp-content\/uploads\/2016\/04\/Logotip-Garces-1-e1490180757988.png","width":150,"height":55,"caption":"Dermatologia Garc\u00e9s"},"image":{"@id":"https:\/\/garces-wp.ixole.es\/#\/schema\/logo\/image\/"}}]}},"_links":{"self":[{"href":"https:\/\/garces-wp.ixole.es\/ca\/wp-json\/wp\/v2\/pages\/2310","targetHints":{"allow":["GET"]}}],"collection":[{"href":"https:\/\/garces-wp.ixole.es\/ca\/wp-json\/wp\/v2\/pages"}],"about":[{"href":"https:\/\/garces-wp.ixole.es\/ca\/wp-json\/wp\/v2\/types\/page"}],"author":[{"embeddable":true,"href":"https:\/\/garces-wp.ixole.es\/ca\/wp-json\/wp\/v2\/users\/1"}],"replies":[{"embeddable":true,"href":"https:\/\/garces-wp.ixole.es\/ca\/wp-json\/wp\/v2\/comments?post=2310"}],"version-history":[{"count":5,"href":"https:\/\/garces-wp.ixole.es\/ca\/wp-json\/wp\/v2\/pages\/2310\/revisions"}],"predecessor-version":[{"id":5174,"href":"https:\/\/garces-wp.ixole.es\/ca\/wp-json\/wp\/v2\/pages\/2310\/revisions\/5174"}],"wp:attachment":[{"href":"https:\/\/garces-wp.ixole.es\/ca\/wp-json\/wp\/v2\/media?parent=2310"}],"curies":[{"name":"wp","href":"https:\/\/api.w.org\/{rel}","templated":true}]}}