{"id":1644,"date":"2017-03-08T11:51:13","date_gmt":"2017-03-08T11:51:13","guid":{"rendered":"https:\/\/garces-wp.ixole.es\/?page_id=1644\/"},"modified":"2017-03-14T09:39:32","modified_gmt":"2017-03-14T09:39:32","slug":"plasma-ric-en-plaquetes","status":"publish","type":"page","link":"https:\/\/garces-wp.ixole.es\/ca\/dermatologia-estetica\/plasma-ric-en-plaquetes\/","title":{"rendered":"Plasma Ric en Plaquetes"},"content":{"rendered":"<p>[vc_row][vc_column][vc_column_text]El<strong> Plasma Ric en Plaquetes<\/strong> \u00e9s un tractament de bioestimulaci\u00f3 cel\u00b7lular nou amb diferents aplicacions en l&#8217;\u00e0rea de la Medicina Est\u00e8tica. S&#8217;aplica mitjan\u00e7ant infiltracions (micro injeccions) de plasma ric en plaquetes extret de la sang del propi pacient.<\/p>\n<p>Concretament, es pot aplicar per:<\/p>\n<ul>\n<li>Prevenir i tractar l&#8217;envelliment de la pell ja que afavoreix la formaci\u00f3 de col\u00b7lagen, elastina i \u00e0cid hialur\u00f2nic<\/li>\n<li>Potenciar el creixement de cabell o millorar els efectes d&#8217;alguns tipus d&#8217;alop\u00e8cia.<\/li>\n<\/ul>\n<p>Aix\u00ed mateix, tamb\u00e9 pot ser utilitzat per accelerar la curaci\u00f3 de lesions musculars o fractures.[\/vc_column_text][\/vc_column][\/vc_row][vc_row][vc_column][vc_separator][vc_empty_space][vc_empty_space][vc_empty_space][vc_cta h2=&#8221;Si vol demanar cita o m\u00e9s informaci\u00f3, contacti amb nosaltres&#8221; h2_font_container=&#8221;font_size:24|color:%23ffffff&#8221; h2_use_theme_fonts=&#8221;yes&#8221; add_button=&#8221;right&#8221; btn_title=&#8221;Contactar&#8221; btn_style=&#8221;classic&#8221; btn_color=&#8221;chino&#8221; btn_align=&#8221;right&#8221; css=&#8221;.vc_custom_1488903228769{background-color: #3b506b !important;}&#8221; use_custom_fonts_h2=&#8221;true&#8221; use_custom_fonts_h4=&#8221;true&#8221; btn_button_block=&#8221;true&#8221; btn_link=&#8221;url:https%3A%2F%2Fgarces-wp.ixole.es%2Fca%2Fcontactar%2F||&#8221;][\/vc_cta][\/vc_column][\/vc_row]<\/p>\n","protected":false},"excerpt":{"rendered":"<p>[vc_row][vc_column][vc_column_text]El Plasma Ric en Plaquetes \u00e9s un tractament de bioestimulaci\u00f3 cel\u00b7lular nou amb diferents aplicacions en l&#8217;\u00e0rea de la Medicina Est\u00e8tica. S&#8217;aplica mitjan\u00e7ant infiltracions (micro injeccions) de plasma ric en plaquetes extret de la sang del propi pacient. Concretament, es pot aplicar per: Prevenir i tractar l&#8217;envelliment de la pell ja que afavoreix la formaci\u00f3 [&hellip;]<\/p>\n","protected":false},"author":1,"featured_media":0,"parent":1265,"menu_order":0,"comment_status":"closed","ping_status":"closed","template":"","meta":{"footnotes":""},"class_list":["post-1644","page","type-page","status-publish","hentry"],"yoast_head":"<!-- This site is optimized with the Yoast SEO plugin v26.7 - https:\/\/yoast.com\/wordpress\/plugins\/seo\/ -->\n<title>Plasma Ric en Plaquetes - Dermatologia Garces<\/title>\n<meta name=\"robots\" content=\"index, follow, max-snippet:-1, max-image-preview:large, max-video-preview:-1\" \/>\n<link rel=\"canonical\" href=\"https:\/\/garces-wp.ixole.es\/ca\/dermatologia-estetica\/plasma-ric-en-plaquetes\/\" \/>\n<meta property=\"og:locale\" content=\"ca_ES\" \/>\n<meta property=\"og:type\" content=\"article\" \/>\n<meta property=\"og:title\" content=\"Plasma Ric en Plaquetes - Dermatologia Garces\" \/>\n<meta property=\"og:description\" content=\"[vc_row][vc_column][vc_column_text]El Plasma Ric en Plaquetes \u00e9s un tractament de bioestimulaci\u00f3 cel\u00b7lular nou amb diferents aplicacions en l&#8217;\u00e0rea de la Medicina Est\u00e8tica. S&#8217;aplica mitjan\u00e7ant infiltracions (micro injeccions) de plasma ric en plaquetes extret de la sang del propi pacient. Concretament, es pot aplicar per: Prevenir i tractar l&#8217;envelliment de la pell ja que afavoreix la formaci\u00f3 [&hellip;]\" \/>\n<meta property=\"og:url\" content=\"https:\/\/garces-wp.ixole.es\/ca\/dermatologia-estetica\/plasma-ric-en-plaquetes\/\" \/>\n<meta property=\"og:site_name\" content=\"Dermatologia Garces\" \/>\n<meta property=\"article:modified_time\" content=\"2017-03-14T09:39:32+00:00\" \/>\n<meta name=\"twitter:card\" content=\"summary_large_image\" \/>\n<meta name=\"twitter:label1\" content=\"Est. reading time\" \/>\n\t<meta name=\"twitter:data1\" content=\"1 minute\" \/>\n<script type=\"application\/ld+json\" class=\"yoast-schema-graph\">{\"@context\":\"https:\/\/schema.org\",\"@graph\":[{\"@type\":\"WebPage\",\"@id\":\"https:\/\/garces-wp.ixole.es\/ca\/dermatologia-estetica\/plasma-ric-en-plaquetes\/\",\"url\":\"https:\/\/garces-wp.ixole.es\/ca\/dermatologia-estetica\/plasma-ric-en-plaquetes\/\",\"name\":\"Plasma Ric en Plaquetes - Dermatologia Garces\",\"isPartOf\":{\"@id\":\"https:\/\/garces-wp.ixole.es\/#website\"},\"datePublished\":\"2017-03-08T11:51:13+00:00\",\"dateModified\":\"2017-03-14T09:39:32+00:00\",\"breadcrumb\":{\"@id\":\"https:\/\/garces-wp.ixole.es\/ca\/dermatologia-estetica\/plasma-ric-en-plaquetes\/#breadcrumb\"},\"inLanguage\":\"ca-ES\",\"potentialAction\":[{\"@type\":\"ReadAction\",\"target\":[\"https:\/\/garces-wp.ixole.es\/ca\/dermatologia-estetica\/plasma-ric-en-plaquetes\/\"]}]},{\"@type\":\"BreadcrumbList\",\"@id\":\"https:\/\/garces-wp.ixole.es\/ca\/dermatologia-estetica\/plasma-ric-en-plaquetes\/#breadcrumb\",\"itemListElement\":[{\"@type\":\"ListItem\",\"position\":1,\"name\":\"Portada\",\"item\":\"https:\/\/garces-wp.ixole.es\/ca\/\"},{\"@type\":\"ListItem\",\"position\":2,\"name\":\"Dermatologia est\u00e8tica\",\"item\":\"https:\/\/garces-wp.ixole.es\/ca\/dermatologia-estetica\/\"},{\"@type\":\"ListItem\",\"position\":3,\"name\":\"Plasma Ric en Plaquetes\"}]},{\"@type\":\"WebSite\",\"@id\":\"https:\/\/garces-wp.ixole.es\/#website\",\"url\":\"https:\/\/garces-wp.ixole.es\/\",\"name\":\"Dermatologia Garces\",\"description\":\"Dermatologia Dr. JR Garc\u00e9s Centro M\u00e9dico Teknon\",\"publisher\":{\"@id\":\"https:\/\/garces-wp.ixole.es\/#organization\"},\"potentialAction\":[{\"@type\":\"SearchAction\",\"target\":{\"@type\":\"EntryPoint\",\"urlTemplate\":\"https:\/\/garces-wp.ixole.es\/?s={search_term_string}\"},\"query-input\":{\"@type\":\"PropertyValueSpecification\",\"valueRequired\":true,\"valueName\":\"search_term_string\"}}],\"inLanguage\":\"ca-ES\"},{\"@type\":\"Organization\",\"@id\":\"https:\/\/garces-wp.ixole.es\/#organization\",\"name\":\"Dermatologia Garc\u00e9s\",\"url\":\"https:\/\/garces-wp.ixole.es\/\",\"logo\":{\"@type\":\"ImageObject\",\"inLanguage\":\"ca-ES\",\"@id\":\"https:\/\/garces-wp.ixole.es\/#\/schema\/logo\/image\/\",\"url\":\"https:\/\/garces-wp.ixole.es\/wp-content\/uploads\/2016\/04\/Logotip-Garces-1-e1490180757988.png\",\"contentUrl\":\"https:\/\/garces-wp.ixole.es\/wp-content\/uploads\/2016\/04\/Logotip-Garces-1-e1490180757988.png\",\"width\":150,\"height\":55,\"caption\":\"Dermatologia Garc\u00e9s\"},\"image\":{\"@id\":\"https:\/\/garces-wp.ixole.es\/#\/schema\/logo\/image\/\"}}]}<\/script>\n<!-- \/ Yoast SEO plugin. -->","yoast_head_json":{"title":"Plasma Ric en Plaquetes - Dermatologia Garces","robots":{"index":"index","follow":"follow","max-snippet":"max-snippet:-1","max-image-preview":"max-image-preview:large","max-video-preview":"max-video-preview:-1"},"canonical":"https:\/\/garces-wp.ixole.es\/ca\/dermatologia-estetica\/plasma-ric-en-plaquetes\/","og_locale":"ca_ES","og_type":"article","og_title":"Plasma Ric en Plaquetes - Dermatologia Garces","og_description":"[vc_row][vc_column][vc_column_text]El Plasma Ric en Plaquetes \u00e9s un tractament de bioestimulaci\u00f3 cel\u00b7lular nou amb diferents aplicacions en l&#8217;\u00e0rea de la Medicina Est\u00e8tica. S&#8217;aplica mitjan\u00e7ant infiltracions (micro injeccions) de plasma ric en plaquetes extret de la sang del propi pacient. Concretament, es pot aplicar per: Prevenir i tractar l&#8217;envelliment de la pell ja que afavoreix la formaci\u00f3 [&hellip;]","og_url":"https:\/\/garces-wp.ixole.es\/ca\/dermatologia-estetica\/plasma-ric-en-plaquetes\/","og_site_name":"Dermatologia Garces","article_modified_time":"2017-03-14T09:39:32+00:00","twitter_card":"summary_large_image","twitter_misc":{"Est. reading time":"1 minute"},"schema":{"@context":"https:\/\/schema.org","@graph":[{"@type":"WebPage","@id":"https:\/\/garces-wp.ixole.es\/ca\/dermatologia-estetica\/plasma-ric-en-plaquetes\/","url":"https:\/\/garces-wp.ixole.es\/ca\/dermatologia-estetica\/plasma-ric-en-plaquetes\/","name":"Plasma Ric en Plaquetes - Dermatologia Garces","isPartOf":{"@id":"https:\/\/garces-wp.ixole.es\/#website"},"datePublished":"2017-03-08T11:51:13+00:00","dateModified":"2017-03-14T09:39:32+00:00","breadcrumb":{"@id":"https:\/\/garces-wp.ixole.es\/ca\/dermatologia-estetica\/plasma-ric-en-plaquetes\/#breadcrumb"},"inLanguage":"ca-ES","potentialAction":[{"@type":"ReadAction","target":["https:\/\/garces-wp.ixole.es\/ca\/dermatologia-estetica\/plasma-ric-en-plaquetes\/"]}]},{"@type":"BreadcrumbList","@id":"https:\/\/garces-wp.ixole.es\/ca\/dermatologia-estetica\/plasma-ric-en-plaquetes\/#breadcrumb","itemListElement":[{"@type":"ListItem","position":1,"name":"Portada","item":"https:\/\/garces-wp.ixole.es\/ca\/"},{"@type":"ListItem","position":2,"name":"Dermatologia est\u00e8tica","item":"https:\/\/garces-wp.ixole.es\/ca\/dermatologia-estetica\/"},{"@type":"ListItem","position":3,"name":"Plasma Ric en Plaquetes"}]},{"@type":"WebSite","@id":"https:\/\/garces-wp.ixole.es\/#website","url":"https:\/\/garces-wp.ixole.es\/","name":"Dermatologia Garces","description":"Dermatologia Dr. JR Garc\u00e9s Centro M\u00e9dico Teknon","publisher":{"@id":"https:\/\/garces-wp.ixole.es\/#organization"},"potentialAction":[{"@type":"SearchAction","target":{"@type":"EntryPoint","urlTemplate":"https:\/\/garces-wp.ixole.es\/?s={search_term_string}"},"query-input":{"@type":"PropertyValueSpecification","valueRequired":true,"valueName":"search_term_string"}}],"inLanguage":"ca-ES"},{"@type":"Organization","@id":"https:\/\/garces-wp.ixole.es\/#organization","name":"Dermatologia Garc\u00e9s","url":"https:\/\/garces-wp.ixole.es\/","logo":{"@type":"ImageObject","inLanguage":"ca-ES","@id":"https:\/\/garces-wp.ixole.es\/#\/schema\/logo\/image\/","url":"https:\/\/garces-wp.ixole.es\/wp-content\/uploads\/2016\/04\/Logotip-Garces-1-e1490180757988.png","contentUrl":"https:\/\/garces-wp.ixole.es\/wp-content\/uploads\/2016\/04\/Logotip-Garces-1-e1490180757988.png","width":150,"height":55,"caption":"Dermatologia Garc\u00e9s"},"image":{"@id":"https:\/\/garces-wp.ixole.es\/#\/schema\/logo\/image\/"}}]}},"_links":{"self":[{"href":"https:\/\/garces-wp.ixole.es\/ca\/wp-json\/wp\/v2\/pages\/1644","targetHints":{"allow":["GET"]}}],"collection":[{"href":"https:\/\/garces-wp.ixole.es\/ca\/wp-json\/wp\/v2\/pages"}],"about":[{"href":"https:\/\/garces-wp.ixole.es\/ca\/wp-json\/wp\/v2\/types\/page"}],"author":[{"embeddable":true,"href":"https:\/\/garces-wp.ixole.es\/ca\/wp-json\/wp\/v2\/users\/1"}],"replies":[{"embeddable":true,"href":"https:\/\/garces-wp.ixole.es\/ca\/wp-json\/wp\/v2\/comments?post=1644"}],"version-history":[{"count":2,"href":"https:\/\/garces-wp.ixole.es\/ca\/wp-json\/wp\/v2\/pages\/1644\/revisions"}],"predecessor-version":[{"id":1757,"href":"https:\/\/garces-wp.ixole.es\/ca\/wp-json\/wp\/v2\/pages\/1644\/revisions\/1757"}],"up":[{"embeddable":true,"href":"https:\/\/garces-wp.ixole.es\/ca\/wp-json\/wp\/v2\/pages\/1265"}],"wp:attachment":[{"href":"https:\/\/garces-wp.ixole.es\/ca\/wp-json\/wp\/v2\/media?parent=1644"}],"curies":[{"name":"wp","href":"https:\/\/api.w.org\/{rel}","templated":true}]}}