{"id":1399,"date":"2017-03-06T10:31:28","date_gmt":"2017-03-06T10:31:28","guid":{"rendered":"https:\/\/garces-wp.ixole.es\/?page_id=1399\/"},"modified":"2017-03-29T16:08:36","modified_gmt":"2017-03-29T16:08:36","slug":"inici","status":"publish","type":"page","link":"https:\/\/garces-wp.ixole.es\/ca\/","title":{"rendered":"Inici"},"content":{"rendered":"<p>[vc_row full_width=&#8221;stretch_row&#8221; gap=&#8221;30&#8243;][vc_column width=&#8221;1\/3&#8243;][vc_custom_heading text=&#8221;Les nostres \u00e0rees&#8221; font_container=&#8221;tag:h3|text_align:left&#8221; use_theme_fonts=&#8221;yes&#8221; css=&#8221;.vc_custom_1488802978348{margin-top: 0px !important;}&#8221;][vc_tta_accordion color=&#8221;chino&#8221; active_section=&#8221;0&#8243;][vc_tta_section title=&#8221;Screening Cutani i Diagn\u00f2stic del Melanoma&#8221; tab_id=&#8221;1462959643149-5964808a-a9b1&#8243;][vc_row_inner][vc_column_inner width=&#8221;2\/3&#8243;][vc_column_text]Una revisi\u00f3 o screening cutani de la pell \u00e9s fonamental per al diagn\u00f2stic i posterior tractament de diferents malalties cut\u00e0nies.[\/vc_column_text][\/vc_column_inner][vc_column_inner width=&#8221;1\/3&#8243;][vc_button2 title=&#8221;Llegir m\u00e9s&#8221; align=&#8221;right&#8221; color=&#8221;chino&#8221; size=&#8221;xs&#8221; link=&#8221;url:https%3A%2F%2Fgarces-wp.ixole.es%2Fca%2Fscreening-cutani-i-diagnostic-del-melanoma%2F||&#8221;][\/vc_column_inner][\/vc_row_inner][\/vc_tta_section][vc_tta_section title=&#8221;C\u00e0ncer de Pell&#8221; tab_id=&#8221;1462959559119-3454fb90-914c&#8221;][vc_row_inner][vc_column_inner width=&#8221;2\/3&#8243;][vc_column_text]El c\u00e0ncer de pell suposa actualment el tumor maligne que m\u00e9s afecta l&#8217;\u00e9sser hum\u00e0, augmentant la seva incid\u00e8ncia amb els anys[\/vc_column_text][\/vc_column_inner][vc_column_inner width=&#8221;1\/3&#8243;][vc_button2 title=&#8221;Llegir m\u00e9s&#8221; align=&#8221;right&#8221; color=&#8221;chino&#8221; size=&#8221;xs&#8221; link=&#8221;url:https%3A%2F%2Fgarces-wp.ixole.es%2Fca%2Fcancer-de-pell%2F||&#8221;][\/vc_column_inner][\/vc_row_inner][\/vc_tta_section][vc_tta_section title=&#8221;Malalties de Transmissi\u00f3 Sexual&#8221; tab_id=&#8221;1462959670971-8d86421f-8fc1&#8243;][vc_row_inner][vc_column_inner width=&#8221;2\/3&#8243;][vc_column_text]Les malalties de transmissi\u00f3 sexual (MTS) estan causades per pat\u00f2gens que es transmeten per via sexual. Cada any es diagnostiquen milions de casos d&#8217;aquestes infeccions.[\/vc_column_text][\/vc_column_inner][vc_column_inner width=&#8221;1\/3&#8243;][vc_button2 title=&#8221;Llegir m\u00e9s&#8221; align=&#8221;right&#8221; color=&#8221;chino&#8221; size=&#8221;xs&#8221; link=&#8221;url:https%3A%2F%2Fgarces-wp.ixole.es%2Fca%2Fmalalties-de-transmissio-sexual%2F||&#8221;][\/vc_column_inner][\/vc_row_inner][\/vc_tta_section][vc_tta_section title=&#8221;Dermatologia Cl\u00ednica&#8221; tab_id=&#8221;1462959341586-b176acc9-b61e&#8221;][vc_row_inner][vc_column_inner width=&#8221;2\/3&#8243;][vc_column_text]Tractem tot tipus d&#8217;alteracions de la pell, ungles o cabells, contemplant les malalties pr\u00f2pies d&#8217;aquestes zones aix\u00ed com les manifestacions que sorgeixen degudes a problemes en altres zones de l&#8217;organisme.[\/vc_column_text][\/vc_column_inner][vc_column_inner width=&#8221;1\/3&#8243;][vc_button2 title=&#8221;Llegir m\u00e9s&#8221; align=&#8221;right&#8221; color=&#8221;chino&#8221; size=&#8221;xs&#8221; link=&#8221;url:https%3A%2F%2Fgarces-wp.ixole.es%2Fca%2Fdermatologia-clinica%2F||&#8221;][\/vc_column_inner][\/vc_row_inner][\/vc_tta_section][vc_tta_section title=&#8221;Dermatologia Quir\u00fargica&#8221; tab_id=&#8221;1462959341660-7ccdb0a4-7ad6&#8243;][vc_row_inner][vc_column_inner width=&#8221;2\/3&#8243;][vc_column_text]Consisteix en l&#8217;extirpaci\u00f3 de lesions cut\u00e0nies. Aquestes poden ser benignes per\u00f2 antiest\u00e8tiques, i que el pacient se&#8217;n vulgui desfer, o b\u00e9 susceptibles de ser malignes pel que ser\u00e0 important eliminar-les.[\/vc_column_text][\/vc_column_inner][vc_column_inner width=&#8221;1\/3&#8243;][vc_button2 title=&#8221;Llegir m\u00e9s&#8221; align=&#8221;right&#8221; color=&#8221;chino&#8221; size=&#8221;xs&#8221; link=&#8221;url:https%3A%2F%2Fgarces-wp.ixole.es%2Fca%2Fdermatologia-quirurgica%2F||&#8221;][\/vc_column_inner][\/vc_row_inner][\/vc_tta_section][vc_tta_section title=&#8221;Dermatologia Est\u00e8tica&#8221; tab_id=&#8221;1462959515485-103e9274-38e4&#8243;][vc_row_inner][vc_column_inner width=&#8221;2\/3&#8243;][vc_column_text]D\u00f3na resposta als anhels del pacient per veure&#8217;s millor. Comptem amb els equips i tractaments m\u00e9s avan\u00e7ats per oferir un tractament est\u00e8tic personalitzat i satisfactori.[\/vc_column_text][\/vc_column_inner][vc_column_inner width=&#8221;1\/3&#8243;][vc_button2 title=&#8221;Llegir m\u00e9s&#8221; align=&#8221;right&#8221; color=&#8221;chino&#8221; size=&#8221;xs&#8221; link=&#8221;url:https%3A%2F%2Fgarces-wp.ixole.es%2Fca%2Fdermatologia-estetica%2F||&#8221;][\/vc_column_inner][\/vc_row_inner][\/vc_tta_section][\/vc_tta_accordion][\/vc_column][vc_column width=&#8221;1\/3&#8243;][vc_custom_heading text=&#8221;Cirurgia de Mohs&#8221; font_container=&#8221;tag:h3|text_align:left&#8221; use_theme_fonts=&#8221;yes&#8221; css=&#8221;.vc_custom_1488803840200{margin-top: 0px !important;}&#8221; link=&#8221;url:https%3A%2F%2Fgarces-wp.ixole.es%2Fca%2Fdermatologia-quirurgica%2Fcirurgia-de-mohs%2F||&#8221;][vc_column_text css=&#8221;.vc_custom_1488803855152{margin-bottom: 15px !important;}&#8221;]La Cirurgia de Mohs \u00e9s la t\u00e8cnica quir\u00fargica m\u00e9s avan\u00e7ada per al tractament del c\u00e0ncer de pell: elimina per complet el tumor respectant al m\u00e0xim la pell sana. Vol saber-ne m\u00e9s?[\/vc_column_text][vc_single_image image=&#8221;1884&#8243; img_size=&#8221;400&#215;250&#8243;][vc_btn title=&#8221;Llegir m\u00e9s&#8221; style=&#8221;flat&#8221; color=&#8221;chino&#8221; size=&#8221;sm&#8221; align=&#8221;center&#8221; link=&#8221;url:https%3A%2F%2Fgarces-wp.ixole.es%2Fca%2Fdermatologia-quirurgica%2Fcirurgia-de-mohs%2F||&#8221;][\/vc_column][vc_column width=&#8221;1\/3&#8243;][vc_custom_heading text=&#8221;Dermatologia est\u00e8tica&#8221; font_container=&#8221;tag:h3|text_align:left&#8221; use_theme_fonts=&#8221;yes&#8221; css=&#8221;.vc_custom_1488803919975{margin-top: 0px !important;}&#8221; link=&#8221;url:https%3A%2F%2Fgarces-wp.ixole.es%2Fca%2Fdermatologia-estetica%2F||&#8221;][vc_column_text css=&#8221;.vc_custom_1490201402894{margin-bottom: 15px !important;}&#8221;]Realci i potenci\u00ef la bellesa natural de la seva pell. Deixi&#8217;ns estudiar la seva pell abans de recomanar-li quin tractament seguir, ja sigui mitjan\u00e7ant productes t\u00f2pics, farmacol\u00f2gics o amb l\u00e0ser.[\/vc_column_text][vc_single_image image=&#8221;1058&#8243; img_size=&#8221;400&#215;250&#8243;][vc_btn title=&#8221;Llegir m\u00e9s&#8221; style=&#8221;flat&#8221; color=&#8221;chino&#8221; size=&#8221;sm&#8221; align=&#8221;center&#8221; link=&#8221;url:https%3A%2F%2Fgarces-wp.ixole.es%2Fca%2Fque-tractem%2F||&#8221;][\/vc_column][\/vc_row][vc_row gap=&#8221;30&#8243;][vc_column width=&#8221;2\/3&#8243;][vc_custom_heading text=&#8221;El nostre equip&#8221; font_container=&#8221;tag:h2|text_align:center&#8221; use_theme_fonts=&#8221;yes&#8221; css=&#8221;.vc_custom_1488804054389{margin-top: 0px !important;}&#8221; link=&#8221;url:https%3A%2F%2Fgarces-wp.ixole.es%2Fca%2Fel-nostre-equip%2F||&#8221;][vc_column_text]<\/p>\n<p style=\"text-align: center;\">Un equip de dermat\u00f2legs altament especialitzats en cirurgia i dermatologia cl\u00ednica.<\/p>\n<p>[\/vc_column_text][vc_row_inner][vc_column_inner][vc_single_image image=&#8221;693&#8243; img_size=&#8221;full&#8221; alignment=&#8221;center&#8221;][\/vc_column_inner][\/vc_row_inner][\/vc_column][vc_column width=&#8221;1\/3&#8243; css=&#8221;.vc_custom_1462178006572{margin-top: 0px !important;margin-right: 20px !important;margin-bottom: 0px !important;margin-left: 20px !important;padding-top: 20px !important;padding-right: 20px !important;padding-bottom: 20px !important;padding-left: 20px !important;background-color: #c6b8ab !important;}&#8221;][vc_column_text]<\/p>\n<h2 style=\"text-align: center;\"><span style=\"color: #ffffff;\">Per sol\u00b7licitar visita<\/span><\/h2>\n<p>[\/vc_column_text][vc_column_text]Voleu concertar una visita? Truqui&#8217;ns per tel\u00e8fon, envieu-nos un correu electr\u00f2nic o sol\u00b7liciti la seva visita directament des del web. Estarem encantats d&#8217;ajudar en tot all\u00f2 que\u00a0estigui a les nostres mans.[\/vc_column_text][vc_row_inner][vc_column_inner width=&#8221;1\/4&#8243; css=&#8221;.vc_custom_1461935672487{margin-top: 0px !important;}&#8221;][vc_icon icon_fontawesome=&#8221;fa fa-phone&#8221; color=&#8221;chino&#8221; background_style=&#8221;rounded&#8221; size=&#8221;xs&#8221; align=&#8221;right&#8221;][\/vc_column_inner][vc_column_inner width=&#8221;3\/4&#8243;][vc_column_text css=&#8221;.vc_custom_1485271142621{margin-top: 0px !important;}&#8221;]<\/p>\n<h4>+34 933 933 175<\/h4>\n<p>[\/vc_column_text][\/vc_column_inner][\/vc_row_inner][vc_row_inner][vc_column_inner width=&#8221;1\/4&#8243;][vc_icon icon_fontawesome=&#8221;fa fa-calendar-check-o&#8221; color=&#8221;chino&#8221; background_style=&#8221;rounded&#8221; size=&#8221;xs&#8221; align=&#8221;right&#8221;][\/vc_column_inner][vc_column_inner width=&#8221;3\/4&#8243;][vc_column_text]<\/p>\n<h4><a href=\"https:\/\/garces-wp.ixole.es\/ca\/contactar\/\">Via online 24 hores\/dia<\/a><\/h4>\n<p>[\/vc_column_text][\/vc_column_inner][\/vc_row_inner][vc_row_inner][vc_column_inner width=&#8221;1\/4&#8243;][vc_icon icon_fontawesome=&#8221;fa fa-envelope&#8221; color=&#8221;chino&#8221; background_style=&#8221;rounded&#8221; size=&#8221;xs&#8221; align=&#8221;right&#8221;][\/vc_column_inner][vc_column_inner width=&#8221;3\/4&#8243;][vc_column_text]<\/p>\n<h4><a href=\"mailto:info@dermatologiagarces.es\">Per E-mail<\/a><\/h4>\n<p>[\/vc_column_text][\/vc_column_inner][\/vc_row_inner][\/vc_column][\/vc_row]<\/p>\n","protected":false},"excerpt":{"rendered":"<p>[vc_row full_width=&#8221;stretch_row&#8221; gap=&#8221;30&#8243;][vc_column width=&#8221;1\/3&#8243;][vc_custom_heading text=&#8221;Les nostres \u00e0rees&#8221; font_container=&#8221;tag:h3|text_align:left&#8221; use_theme_fonts=&#8221;yes&#8221; css=&#8221;.vc_custom_1488802978348{margin-top: 0px !important;}&#8221;][vc_tta_accordion color=&#8221;chino&#8221; active_section=&#8221;0&#8243;][vc_tta_section title=&#8221;Screening Cutani i Diagn\u00f2stic del Melanoma&#8221; tab_id=&#8221;1462959643149-5964808a-a9b1&#8243;][vc_row_inner][vc_column_inner width=&#8221;2\/3&#8243;][vc_column_text]Una revisi\u00f3 o screening cutani de la pell \u00e9s fonamental per al diagn\u00f2stic i posterior tractament de diferents malalties cut\u00e0nies.[\/vc_column_text][\/vc_column_inner][vc_column_inner width=&#8221;1\/3&#8243;][vc_button2 title=&#8221;Llegir m\u00e9s&#8221; align=&#8221;right&#8221; color=&#8221;chino&#8221; size=&#8221;xs&#8221; link=&#8221;url:https%3A%2F%2Fgarces-wp.ixole.es%2Fca%2Fscreening-cutani-i-diagnostic-del-melanoma%2F||&#8221;][\/vc_column_inner][\/vc_row_inner][\/vc_tta_section][vc_tta_section title=&#8221;C\u00e0ncer de Pell&#8221; tab_id=&#8221;1462959559119-3454fb90-914c&#8221;][vc_row_inner][vc_column_inner width=&#8221;2\/3&#8243;][vc_column_text]El c\u00e0ncer de [&hellip;]<\/p>\n","protected":false},"author":1,"featured_media":0,"parent":0,"menu_order":0,"comment_status":"closed","ping_status":"closed","template":"home-template.php","meta":{"footnotes":""},"class_list":["post-1399","page","type-page","status-publish","hentry"],"yoast_head":"<!-- This site is optimized with the Yoast SEO plugin v26.7 - https:\/\/yoast.com\/wordpress\/plugins\/seo\/ -->\n<title>Inici - Dermatologia Garces<\/title>\n<meta name=\"robots\" content=\"index, follow, max-snippet:-1, max-image-preview:large, max-video-preview:-1\" \/>\n<link rel=\"canonical\" href=\"https:\/\/garces-wp.ixole.es\/ca\/\" \/>\n<meta property=\"og:locale\" content=\"ca_ES\" \/>\n<meta property=\"og:type\" content=\"article\" \/>\n<meta property=\"og:title\" content=\"Inici - Dermatologia Garces\" \/>\n<meta property=\"og:description\" content=\"[vc_row full_width=&#8221;stretch_row&#8221; gap=&#8221;30&#8243;][vc_column width=&#8221;1\/3&#8243;][vc_custom_heading text=&#8221;Les nostres \u00e0rees&#8221; font_container=&#8221;tag:h3|text_align:left&#8221; use_theme_fonts=&#8221;yes&#8221; css=&#8221;.vc_custom_1488802978348{margin-top: 0px !important;}&#8221;][vc_tta_accordion color=&#8221;chino&#8221; active_section=&#8221;0&#8243;][vc_tta_section title=&#8221;Screening Cutani i Diagn\u00f2stic del Melanoma&#8221; tab_id=&#8221;1462959643149-5964808a-a9b1&#8243;][vc_row_inner][vc_column_inner width=&#8221;2\/3&#8243;][vc_column_text]Una revisi\u00f3 o screening cutani de la pell \u00e9s fonamental per al diagn\u00f2stic i posterior tractament de diferents malalties cut\u00e0nies.[\/vc_column_text][\/vc_column_inner][vc_column_inner width=&#8221;1\/3&#8243;][vc_button2 title=&#8221;Llegir m\u00e9s&#8221; align=&#8221;right&#8221; color=&#8221;chino&#8221; size=&#8221;xs&#8221; link=&#8221;url:https%3A%2F%2Fgarces-wp.ixole.es%2Fca%2Fscreening-cutani-i-diagnostic-del-melanoma%2F||&#8221;][\/vc_column_inner][\/vc_row_inner][\/vc_tta_section][vc_tta_section title=&#8221;C\u00e0ncer de Pell&#8221; tab_id=&#8221;1462959559119-3454fb90-914c&#8221;][vc_row_inner][vc_column_inner width=&#8221;2\/3&#8243;][vc_column_text]El c\u00e0ncer de [&hellip;]\" \/>\n<meta property=\"og:url\" content=\"https:\/\/garces-wp.ixole.es\/ca\/\" \/>\n<meta property=\"og:site_name\" content=\"Dermatologia Garces\" \/>\n<meta property=\"article:modified_time\" content=\"2017-03-29T16:08:36+00:00\" \/>\n<meta name=\"twitter:card\" content=\"summary_large_image\" \/>\n<meta name=\"twitter:label1\" content=\"Est. reading time\" \/>\n\t<meta name=\"twitter:data1\" content=\"6 minutes\" \/>\n<script type=\"application\/ld+json\" class=\"yoast-schema-graph\">{\"@context\":\"https:\/\/schema.org\",\"@graph\":[{\"@type\":\"WebPage\",\"@id\":\"https:\/\/garces-wp.ixole.es\/ca\/\",\"url\":\"https:\/\/garces-wp.ixole.es\/ca\/\",\"name\":\"Inici - Dermatologia Garces\",\"isPartOf\":{\"@id\":\"https:\/\/garces-wp.ixole.es\/#website\"},\"datePublished\":\"2017-03-06T10:31:28+00:00\",\"dateModified\":\"2017-03-29T16:08:36+00:00\",\"breadcrumb\":{\"@id\":\"https:\/\/garces-wp.ixole.es\/ca\/#breadcrumb\"},\"inLanguage\":\"ca-ES\",\"potentialAction\":[{\"@type\":\"ReadAction\",\"target\":[\"https:\/\/garces-wp.ixole.es\/ca\/\"]}]},{\"@type\":\"BreadcrumbList\",\"@id\":\"https:\/\/garces-wp.ixole.es\/ca\/#breadcrumb\",\"itemListElement\":[{\"@type\":\"ListItem\",\"position\":1,\"name\":\"Portada\",\"item\":\"https:\/\/garces-wp.ixole.es\/ca\/\"},{\"@type\":\"ListItem\",\"position\":2,\"name\":\"Inici\"}]},{\"@type\":\"WebSite\",\"@id\":\"https:\/\/garces-wp.ixole.es\/#website\",\"url\":\"https:\/\/garces-wp.ixole.es\/\",\"name\":\"Dermatologia Garces\",\"description\":\"Dermatologia Dr. JR Garc\u00e9s Centro M\u00e9dico Teknon\",\"publisher\":{\"@id\":\"https:\/\/garces-wp.ixole.es\/#organization\"},\"potentialAction\":[{\"@type\":\"SearchAction\",\"target\":{\"@type\":\"EntryPoint\",\"urlTemplate\":\"https:\/\/garces-wp.ixole.es\/?s={search_term_string}\"},\"query-input\":{\"@type\":\"PropertyValueSpecification\",\"valueRequired\":true,\"valueName\":\"search_term_string\"}}],\"inLanguage\":\"ca-ES\"},{\"@type\":\"Organization\",\"@id\":\"https:\/\/garces-wp.ixole.es\/#organization\",\"name\":\"Dermatologia Garc\u00e9s\",\"url\":\"https:\/\/garces-wp.ixole.es\/\",\"logo\":{\"@type\":\"ImageObject\",\"inLanguage\":\"ca-ES\",\"@id\":\"https:\/\/garces-wp.ixole.es\/#\/schema\/logo\/image\/\",\"url\":\"https:\/\/garces-wp.ixole.es\/wp-content\/uploads\/2016\/04\/Logotip-Garces-1-e1490180757988.png\",\"contentUrl\":\"https:\/\/garces-wp.ixole.es\/wp-content\/uploads\/2016\/04\/Logotip-Garces-1-e1490180757988.png\",\"width\":150,\"height\":55,\"caption\":\"Dermatologia Garc\u00e9s\"},\"image\":{\"@id\":\"https:\/\/garces-wp.ixole.es\/#\/schema\/logo\/image\/\"}}]}<\/script>\n<!-- \/ Yoast SEO plugin. -->","yoast_head_json":{"title":"Inici - Dermatologia Garces","robots":{"index":"index","follow":"follow","max-snippet":"max-snippet:-1","max-image-preview":"max-image-preview:large","max-video-preview":"max-video-preview:-1"},"canonical":"https:\/\/garces-wp.ixole.es\/ca\/","og_locale":"ca_ES","og_type":"article","og_title":"Inici - Dermatologia Garces","og_description":"[vc_row full_width=&#8221;stretch_row&#8221; gap=&#8221;30&#8243;][vc_column width=&#8221;1\/3&#8243;][vc_custom_heading text=&#8221;Les nostres \u00e0rees&#8221; font_container=&#8221;tag:h3|text_align:left&#8221; use_theme_fonts=&#8221;yes&#8221; css=&#8221;.vc_custom_1488802978348{margin-top: 0px !important;}&#8221;][vc_tta_accordion color=&#8221;chino&#8221; active_section=&#8221;0&#8243;][vc_tta_section title=&#8221;Screening Cutani i Diagn\u00f2stic del Melanoma&#8221; tab_id=&#8221;1462959643149-5964808a-a9b1&#8243;][vc_row_inner][vc_column_inner width=&#8221;2\/3&#8243;][vc_column_text]Una revisi\u00f3 o screening cutani de la pell \u00e9s fonamental per al diagn\u00f2stic i posterior tractament de diferents malalties cut\u00e0nies.[\/vc_column_text][\/vc_column_inner][vc_column_inner width=&#8221;1\/3&#8243;][vc_button2 title=&#8221;Llegir m\u00e9s&#8221; align=&#8221;right&#8221; color=&#8221;chino&#8221; size=&#8221;xs&#8221; link=&#8221;url:https%3A%2F%2Fgarces-wp.ixole.es%2Fca%2Fscreening-cutani-i-diagnostic-del-melanoma%2F||&#8221;][\/vc_column_inner][\/vc_row_inner][\/vc_tta_section][vc_tta_section title=&#8221;C\u00e0ncer de Pell&#8221; tab_id=&#8221;1462959559119-3454fb90-914c&#8221;][vc_row_inner][vc_column_inner width=&#8221;2\/3&#8243;][vc_column_text]El c\u00e0ncer de [&hellip;]","og_url":"https:\/\/garces-wp.ixole.es\/ca\/","og_site_name":"Dermatologia Garces","article_modified_time":"2017-03-29T16:08:36+00:00","twitter_card":"summary_large_image","twitter_misc":{"Est. reading time":"6 minutes"},"schema":{"@context":"https:\/\/schema.org","@graph":[{"@type":"WebPage","@id":"https:\/\/garces-wp.ixole.es\/ca\/","url":"https:\/\/garces-wp.ixole.es\/ca\/","name":"Inici - Dermatologia Garces","isPartOf":{"@id":"https:\/\/garces-wp.ixole.es\/#website"},"datePublished":"2017-03-06T10:31:28+00:00","dateModified":"2017-03-29T16:08:36+00:00","breadcrumb":{"@id":"https:\/\/garces-wp.ixole.es\/ca\/#breadcrumb"},"inLanguage":"ca-ES","potentialAction":[{"@type":"ReadAction","target":["https:\/\/garces-wp.ixole.es\/ca\/"]}]},{"@type":"BreadcrumbList","@id":"https:\/\/garces-wp.ixole.es\/ca\/#breadcrumb","itemListElement":[{"@type":"ListItem","position":1,"name":"Portada","item":"https:\/\/garces-wp.ixole.es\/ca\/"},{"@type":"ListItem","position":2,"name":"Inici"}]},{"@type":"WebSite","@id":"https:\/\/garces-wp.ixole.es\/#website","url":"https:\/\/garces-wp.ixole.es\/","name":"Dermatologia Garces","description":"Dermatologia Dr. JR Garc\u00e9s Centro M\u00e9dico Teknon","publisher":{"@id":"https:\/\/garces-wp.ixole.es\/#organization"},"potentialAction":[{"@type":"SearchAction","target":{"@type":"EntryPoint","urlTemplate":"https:\/\/garces-wp.ixole.es\/?s={search_term_string}"},"query-input":{"@type":"PropertyValueSpecification","valueRequired":true,"valueName":"search_term_string"}}],"inLanguage":"ca-ES"},{"@type":"Organization","@id":"https:\/\/garces-wp.ixole.es\/#organization","name":"Dermatologia Garc\u00e9s","url":"https:\/\/garces-wp.ixole.es\/","logo":{"@type":"ImageObject","inLanguage":"ca-ES","@id":"https:\/\/garces-wp.ixole.es\/#\/schema\/logo\/image\/","url":"https:\/\/garces-wp.ixole.es\/wp-content\/uploads\/2016\/04\/Logotip-Garces-1-e1490180757988.png","contentUrl":"https:\/\/garces-wp.ixole.es\/wp-content\/uploads\/2016\/04\/Logotip-Garces-1-e1490180757988.png","width":150,"height":55,"caption":"Dermatologia Garc\u00e9s"},"image":{"@id":"https:\/\/garces-wp.ixole.es\/#\/schema\/logo\/image\/"}}]}},"_links":{"self":[{"href":"https:\/\/garces-wp.ixole.es\/ca\/wp-json\/wp\/v2\/pages\/1399","targetHints":{"allow":["GET"]}}],"collection":[{"href":"https:\/\/garces-wp.ixole.es\/ca\/wp-json\/wp\/v2\/pages"}],"about":[{"href":"https:\/\/garces-wp.ixole.es\/ca\/wp-json\/wp\/v2\/types\/page"}],"author":[{"embeddable":true,"href":"https:\/\/garces-wp.ixole.es\/ca\/wp-json\/wp\/v2\/users\/1"}],"replies":[{"embeddable":true,"href":"https:\/\/garces-wp.ixole.es\/ca\/wp-json\/wp\/v2\/comments?post=1399"}],"version-history":[{"count":8,"href":"https:\/\/garces-wp.ixole.es\/ca\/wp-json\/wp\/v2\/pages\/1399\/revisions"}],"predecessor-version":[{"id":1907,"href":"https:\/\/garces-wp.ixole.es\/ca\/wp-json\/wp\/v2\/pages\/1399\/revisions\/1907"}],"wp:attachment":[{"href":"https:\/\/garces-wp.ixole.es\/ca\/wp-json\/wp\/v2\/media?parent=1399"}],"curies":[{"name":"wp","href":"https:\/\/api.w.org\/{rel}","templated":true}]}}