{"id":1377,"date":"2017-03-06T10:25:13","date_gmt":"2017-03-06T10:25:13","guid":{"rendered":"https:\/\/garces-wp.ixole.es\/?page_id=1377\/"},"modified":"2017-04-03T10:26:37","modified_gmt":"2017-04-03T10:26:37","slug":"comite-oncoderma-multidisciplinar","status":"publish","type":"page","link":"https:\/\/garces-wp.ixole.es\/ca\/derma-plus\/comite-oncoderma-multidisciplinar\/","title":{"rendered":"Comit\u00e8 Oncoderma Multidisciplinar"},"content":{"rendered":"<p>[vc_row][vc_column width=&#8221;1\/3&#8243;][vc_single_image image=&#8221;1069&#8243; img_size=&#8221;full&#8221;][\/vc_column][vc_column width=&#8221;2\/3&#8243;][vc_column_text]Per assegurar el millor diagn\u00f2stic i tractament dels seus pacients oncol\u00f2gics, l&#8217;Institut de Dermatologia Garc\u00e9s compta amb un Comit\u00e8 oncoderma multidisciplinari format per un <strong>dermat\u00f2leg<\/strong>, un <strong>onc\u00f2leg<\/strong>, un <strong>onc\u00f2leg<\/strong> <strong>radioterapeuta<\/strong>, un <strong>cirurgi\u00e0<\/strong> <strong>pl\u00e0stic<\/strong> <strong>per a la reconstrucci\u00f3 est\u00e8tica<\/strong>, una <strong>infermera<\/strong> per a les cures cont\u00ednues, i metges de diferents especialitats que col\u00b7laboren en funci\u00f3 de la zona on estigui ubicat el tumor (ginec\u00f2legs, oftalm\u00f2legs, otorinos, maxil\u00b7lofacial etc.).<\/p>\n<p>El Comit\u00e8 Oncoderma Multidisciplinar valora conjuntament tots els casos que ho necessitin per assegurar el millor diagn\u00f2stic i tractament possible.<\/p>\n<p>El Comit\u00e8, a m\u00e9s, posar\u00e0 a la seva disposici\u00f3 un <strong>metge referent que l&#8217;acompanyar\u00e0 en tot el proc\u00e9s<\/strong> i al qual podr\u00e0 consultar qualsevol dubte que tingui i far\u00e0 d&#8217;enlla\u00e7 amb tots els professionals implicats en el seu tractament.[\/vc_column_text][\/vc_column][\/vc_row][vc_row][vc_column][vc_separator][vc_empty_space][vc_cta h2=&#8221;Si vol demanar cita o m\u00e9s informaci\u00f3, contacti amb nosaltres&#8221; h2_font_container=&#8221;font_size:24|color:%23ffffff&#8221; h2_use_theme_fonts=&#8221;yes&#8221; add_button=&#8221;right&#8221; btn_title=&#8221;Contactar&#8221; btn_style=&#8221;classic&#8221; btn_color=&#8221;chino&#8221; btn_align=&#8221;right&#8221; css=&#8221;.vc_custom_1488903228769{background-color: #3b506b !important;}&#8221; use_custom_fonts_h2=&#8221;true&#8221; use_custom_fonts_h4=&#8221;true&#8221; btn_button_block=&#8221;true&#8221; btn_link=&#8221;url:https%3A%2F%2Fgarces-wp.ixole.es%2Fca%2Fcontactar%2F||&#8221;][\/vc_cta][\/vc_column][\/vc_row][vc_row][vc_column][vc_custom_heading text=&#8221;M\u00e9s serveis per als nostres pacients<strong> Derma Plus<\/strong>&#8221; font_container=&#8221;tag:h1|text_align:center&#8221; use_theme_fonts=&#8221;yes&#8221;][vc_empty_space][vc_column_text]<\/p>\n<p style=\"text-align: center;\">A l&#8217;Institut de Dermatologia Garc\u00e9s ens esforcem per oferir als nostres pacients el m\u00e0xim confort, atenent les seves necessitats i intentat que la seva visita sigui completament satisfact\u00f2ria. Per a aix\u00f2, disposem de diferents serveis pensats per als nostres pacients de l&#8217;Derma Plus i que posem a la seva disposici\u00f3.<\/p>\n<p>[\/vc_column_text][\/vc_column][\/vc_row][vc_row][vc_column width=&#8221;1\/2&#8243;][vc_row_inner][vc_column_inner width=&#8221;1\/4&#8243;][vc_single_image image=&#8221;258&#8243; alignment=&#8221;right&#8221; css=&#8221;.vc_custom_1484675368423{margin-top: 10px !important;margin-right: 10px !important;margin-bottom: 10px !important;margin-left: 10px !important;}&#8221;][\/vc_column_inner][vc_column_inner width=&#8221;3\/4&#8243;][vc_custom_heading text=&#8221;Visites a domicili&#8221; font_container=&#8221;tag:h4|text_align:left&#8221; use_theme_fonts=&#8221;yes&#8221; link=&#8221;url:https%3A%2F%2Fgarces-wp.ixole.es%2Fca%2Fderma-plus%2Fvisites-a-domicili%2F||&#8221;][vc_column_text]Visites a domicili per a pacients amb dificultats per despla\u00e7ar-se a la Cl\u00ednica.[\/vc_column_text][\/vc_column_inner][\/vc_row_inner][\/vc_column][vc_column width=&#8221;1\/2&#8243;][vc_row_inner][vc_column_inner width=&#8221;1\/4&#8243;][vc_single_image image=&#8221;266&#8243; alignment=&#8221;right&#8221; css=&#8221;.vc_custom_1484676003368{margin-top: 10px !important;margin-right: 10px !important;margin-bottom: 10px !important;margin-left: 10px !important;}&#8221;][\/vc_column_inner][vc_column_inner width=&#8221;3\/4&#8243;][vc_custom_heading text=&#8221;Telemedicina&#8221; font_container=&#8221;tag:h4|text_align:left&#8221; use_theme_fonts=&#8221;yes&#8221; link=&#8221;url:https%3A%2F%2Fgarces-wp.ixole.es%2Fca%2Fderma-plus%2Fconsulta-online-telemedicina%2F||&#8221;][vc_column_text]Per a pacients residents a l&#8217;estranger o per a seguiment de visites.[\/vc_column_text][\/vc_column_inner][\/vc_row_inner][\/vc_column][\/vc_row][vc_row][vc_column width=&#8221;1\/2&#8243;][vc_row_inner][vc_column_inner width=&#8221;1\/4&#8243;][vc_single_image image=&#8221;342&#8243; alignment=&#8221;right&#8221; css=&#8221;.vc_custom_1484675977681{margin-top: 10px !important;margin-right: 10px !important;margin-bottom: 10px !important;margin-left: 10px !important;}&#8221;][\/vc_column_inner][vc_column_inner width=&#8221;3\/4&#8243;][vc_custom_heading text=&#8221;Segona opini\u00f3 m\u00e8dica&#8221; font_container=&#8221;tag:h4|text_align:left&#8221; use_theme_fonts=&#8221;yes&#8221; link=&#8221;url:https%3A%2F%2Fgarces-wp.ixole.es%2Fca%2Fderma-plus%2Fsegona-opinio%2F||&#8221;][vc_column_text]Els nostres millors especialistes li ofereixen una segona opini\u00f3 sense comprom\u00eds.[\/vc_column_text][\/vc_column_inner][\/vc_row_inner][\/vc_column][vc_column width=&#8221;1\/2&#8243;][vc_row_inner][vc_column_inner width=&#8221;1\/4&#8243;][vc_single_image image=&#8221;264&#8243; alignment=&#8221;right&#8221; css=&#8221;.vc_custom_1484675998561{margin-top: 10px !important;margin-right: 10px !important;margin-bottom: 10px !important;margin-left: 10px !important;}&#8221;][\/vc_column_inner][vc_column_inner width=&#8221;3\/4&#8243;][vc_custom_heading text=&#8221;Comit\u00e8 Oncoderma Multidisciplinar&#8221; font_container=&#8221;tag:h4|text_align:left&#8221; use_theme_fonts=&#8221;yes&#8221; link=&#8221;url:https%3A%2F%2Fgarces-wp.ixole.es%2Fca%2Fderma-plus%2Fcomite-oncoderma-multidisciplinar%2F||&#8221;][vc_column_text]Quan es requereix, els nostres casos es comparteixen en un comit\u00e8 format per diferents especialistes per assegurar el millor diagn\u00f2stic i tractament.[\/vc_column_text][\/vc_column_inner][\/vc_row_inner][\/vc_column][\/vc_row][vc_row][vc_column width=&#8221;1\/2&#8243;][vc_row_inner][vc_column_inner width=&#8221;1\/4&#8243;][vc_single_image image=&#8221;257&#8243; alignment=&#8221;right&#8221; css=&#8221;.vc_custom_1484675984170{margin-top: 10px !important;margin-right: 10px !important;margin-bottom: 10px !important;margin-left: 10px !important;}&#8221;][\/vc_column_inner][vc_column_inner width=&#8221;3\/4&#8243;][vc_custom_heading text=&#8221;Urg\u00e8ncies dermatol\u00f2giques&#8221; font_container=&#8221;tag:h4|text_align:left&#8221; use_theme_fonts=&#8221;yes&#8221; link=&#8221;url:http%3A%2F%2Fwww.teknon.es%2Furgencias||&#8221;][vc_column_text]Servei d&#8217;urg\u00e8ncies 24 hores al Centre M\u00e8dic Teknon.[\/vc_column_text][\/vc_column_inner][\/vc_row_inner][\/vc_column][vc_column width=&#8221;1\/2&#8243;][vc_row_inner][vc_column_inner width=&#8221;1\/4&#8243;][vc_single_image image=&#8221;263&#8243; alignment=&#8221;right&#8221; css=&#8221;.vc_custom_1484675990619{margin-top: 10px !important;margin-right: 10px !important;margin-bottom: 10px !important;margin-left: 10px !important;}&#8221;][\/vc_column_inner][vc_column_inner width=&#8221;3\/4&#8243;][vc_custom_heading text=&#8221;Servei d&#8217;atenci\u00f3 al pacient personalitzat&#8221; font_container=&#8221;tag:h4|text_align:left&#8221; use_theme_fonts=&#8221;yes&#8221; link=&#8221;url:https%3A%2F%2Fgarces-wp.ixole.es%2Fca%2Fcontactar%2F||&#8221;][vc_column_text]La Coordinadora del Servei d&#8217;Atenci\u00f3 al Pacient, Mari Luz L\u00f3pez, atendr\u00e0 personalment qualsevol dubte que li pugui sorgir.[\/vc_column_text][\/vc_column_inner][\/vc_row_inner][\/vc_column][\/vc_row][vc_row][vc_column][vc_single_image image=&#8221;1957&#8243; img_size=&#8221;full&#8221; alignment=&#8221;center&#8221;][\/vc_column][\/vc_row]<\/p>\n","protected":false},"excerpt":{"rendered":"<p>[vc_row][vc_column width=&#8221;1\/3&#8243;][vc_single_image image=&#8221;1069&#8243; img_size=&#8221;full&#8221;][\/vc_column][vc_column width=&#8221;2\/3&#8243;][vc_column_text]Per assegurar el millor diagn\u00f2stic i tractament dels seus pacients oncol\u00f2gics, l&#8217;Institut de Dermatologia Garc\u00e9s compta amb un Comit\u00e8 oncoderma multidisciplinari format per un dermat\u00f2leg, un onc\u00f2leg, un onc\u00f2leg radioterapeuta, un cirurgi\u00e0 pl\u00e0stic per a la reconstrucci\u00f3 est\u00e8tica, una infermera per a les cures cont\u00ednues, i metges de diferents especialitats que [&hellip;]<\/p>\n","protected":false},"author":1,"featured_media":0,"parent":1373,"menu_order":0,"comment_status":"closed","ping_status":"closed","template":"fullwidth-template.php","meta":{"footnotes":""},"class_list":["post-1377","page","type-page","status-publish","hentry"],"yoast_head":"<!-- This site is optimized with the Yoast SEO plugin v26.7 - https:\/\/yoast.com\/wordpress\/plugins\/seo\/ -->\n<title>Comit\u00e8 Oncoderma Multidisciplinar - Dermatologia Garces<\/title>\n<meta name=\"robots\" content=\"index, follow, max-snippet:-1, max-image-preview:large, max-video-preview:-1\" \/>\n<link rel=\"canonical\" href=\"https:\/\/garces-wp.ixole.es\/ca\/derma-plus\/comite-oncoderma-multidisciplinar\/\" \/>\n<meta property=\"og:locale\" content=\"ca_ES\" \/>\n<meta property=\"og:type\" content=\"article\" \/>\n<meta property=\"og:title\" content=\"Comit\u00e8 Oncoderma Multidisciplinar - Dermatologia Garces\" \/>\n<meta property=\"og:description\" content=\"[vc_row][vc_column width=&#8221;1\/3&#8243;][vc_single_image image=&#8221;1069&#8243; img_size=&#8221;full&#8221;][\/vc_column][vc_column width=&#8221;2\/3&#8243;][vc_column_text]Per assegurar el millor diagn\u00f2stic i tractament dels seus pacients oncol\u00f2gics, l&#8217;Institut de Dermatologia Garc\u00e9s compta amb un Comit\u00e8 oncoderma multidisciplinari format per un dermat\u00f2leg, un onc\u00f2leg, un onc\u00f2leg radioterapeuta, un cirurgi\u00e0 pl\u00e0stic per a la reconstrucci\u00f3 est\u00e8tica, una infermera per a les cures cont\u00ednues, i metges de diferents especialitats que [&hellip;]\" \/>\n<meta property=\"og:url\" content=\"https:\/\/garces-wp.ixole.es\/ca\/derma-plus\/comite-oncoderma-multidisciplinar\/\" \/>\n<meta property=\"og:site_name\" content=\"Dermatologia Garces\" \/>\n<meta property=\"article:modified_time\" content=\"2017-04-03T10:26:37+00:00\" \/>\n<meta name=\"twitter:card\" content=\"summary_large_image\" \/>\n<meta name=\"twitter:label1\" content=\"Est. reading time\" \/>\n\t<meta name=\"twitter:data1\" content=\"5 minutes\" \/>\n<script type=\"application\/ld+json\" class=\"yoast-schema-graph\">{\"@context\":\"https:\/\/schema.org\",\"@graph\":[{\"@type\":\"WebPage\",\"@id\":\"https:\/\/garces-wp.ixole.es\/ca\/derma-plus\/comite-oncoderma-multidisciplinar\/\",\"url\":\"https:\/\/garces-wp.ixole.es\/ca\/derma-plus\/comite-oncoderma-multidisciplinar\/\",\"name\":\"Comit\u00e8 Oncoderma Multidisciplinar - Dermatologia Garces\",\"isPartOf\":{\"@id\":\"https:\/\/garces-wp.ixole.es\/#website\"},\"datePublished\":\"2017-03-06T10:25:13+00:00\",\"dateModified\":\"2017-04-03T10:26:37+00:00\",\"breadcrumb\":{\"@id\":\"https:\/\/garces-wp.ixole.es\/ca\/derma-plus\/comite-oncoderma-multidisciplinar\/#breadcrumb\"},\"inLanguage\":\"ca-ES\",\"potentialAction\":[{\"@type\":\"ReadAction\",\"target\":[\"https:\/\/garces-wp.ixole.es\/ca\/derma-plus\/comite-oncoderma-multidisciplinar\/\"]}]},{\"@type\":\"BreadcrumbList\",\"@id\":\"https:\/\/garces-wp.ixole.es\/ca\/derma-plus\/comite-oncoderma-multidisciplinar\/#breadcrumb\",\"itemListElement\":[{\"@type\":\"ListItem\",\"position\":1,\"name\":\"Portada\",\"item\":\"https:\/\/garces-wp.ixole.es\/ca\/\"},{\"@type\":\"ListItem\",\"position\":2,\"name\":\"Derma Plus\",\"item\":\"https:\/\/garces-wp.ixole.es\/ca\/derma-plus\/\"},{\"@type\":\"ListItem\",\"position\":3,\"name\":\"Comit\u00e8 Oncoderma Multidisciplinar\"}]},{\"@type\":\"WebSite\",\"@id\":\"https:\/\/garces-wp.ixole.es\/#website\",\"url\":\"https:\/\/garces-wp.ixole.es\/\",\"name\":\"Dermatologia Garces\",\"description\":\"Dermatologia Dr. JR Garc\u00e9s Centro M\u00e9dico Teknon\",\"publisher\":{\"@id\":\"https:\/\/garces-wp.ixole.es\/#organization\"},\"potentialAction\":[{\"@type\":\"SearchAction\",\"target\":{\"@type\":\"EntryPoint\",\"urlTemplate\":\"https:\/\/garces-wp.ixole.es\/?s={search_term_string}\"},\"query-input\":{\"@type\":\"PropertyValueSpecification\",\"valueRequired\":true,\"valueName\":\"search_term_string\"}}],\"inLanguage\":\"ca-ES\"},{\"@type\":\"Organization\",\"@id\":\"https:\/\/garces-wp.ixole.es\/#organization\",\"name\":\"Dermatologia Garc\u00e9s\",\"url\":\"https:\/\/garces-wp.ixole.es\/\",\"logo\":{\"@type\":\"ImageObject\",\"inLanguage\":\"ca-ES\",\"@id\":\"https:\/\/garces-wp.ixole.es\/#\/schema\/logo\/image\/\",\"url\":\"https:\/\/garces-wp.ixole.es\/wp-content\/uploads\/2016\/04\/Logotip-Garces-1-e1490180757988.png\",\"contentUrl\":\"https:\/\/garces-wp.ixole.es\/wp-content\/uploads\/2016\/04\/Logotip-Garces-1-e1490180757988.png\",\"width\":150,\"height\":55,\"caption\":\"Dermatologia Garc\u00e9s\"},\"image\":{\"@id\":\"https:\/\/garces-wp.ixole.es\/#\/schema\/logo\/image\/\"}}]}<\/script>\n<!-- \/ Yoast SEO plugin. -->","yoast_head_json":{"title":"Comit\u00e8 Oncoderma Multidisciplinar - Dermatologia Garces","robots":{"index":"index","follow":"follow","max-snippet":"max-snippet:-1","max-image-preview":"max-image-preview:large","max-video-preview":"max-video-preview:-1"},"canonical":"https:\/\/garces-wp.ixole.es\/ca\/derma-plus\/comite-oncoderma-multidisciplinar\/","og_locale":"ca_ES","og_type":"article","og_title":"Comit\u00e8 Oncoderma Multidisciplinar - Dermatologia Garces","og_description":"[vc_row][vc_column width=&#8221;1\/3&#8243;][vc_single_image image=&#8221;1069&#8243; img_size=&#8221;full&#8221;][\/vc_column][vc_column width=&#8221;2\/3&#8243;][vc_column_text]Per assegurar el millor diagn\u00f2stic i tractament dels seus pacients oncol\u00f2gics, l&#8217;Institut de Dermatologia Garc\u00e9s compta amb un Comit\u00e8 oncoderma multidisciplinari format per un dermat\u00f2leg, un onc\u00f2leg, un onc\u00f2leg radioterapeuta, un cirurgi\u00e0 pl\u00e0stic per a la reconstrucci\u00f3 est\u00e8tica, una infermera per a les cures cont\u00ednues, i metges de diferents especialitats que [&hellip;]","og_url":"https:\/\/garces-wp.ixole.es\/ca\/derma-plus\/comite-oncoderma-multidisciplinar\/","og_site_name":"Dermatologia Garces","article_modified_time":"2017-04-03T10:26:37+00:00","twitter_card":"summary_large_image","twitter_misc":{"Est. reading time":"5 minutes"},"schema":{"@context":"https:\/\/schema.org","@graph":[{"@type":"WebPage","@id":"https:\/\/garces-wp.ixole.es\/ca\/derma-plus\/comite-oncoderma-multidisciplinar\/","url":"https:\/\/garces-wp.ixole.es\/ca\/derma-plus\/comite-oncoderma-multidisciplinar\/","name":"Comit\u00e8 Oncoderma Multidisciplinar - Dermatologia Garces","isPartOf":{"@id":"https:\/\/garces-wp.ixole.es\/#website"},"datePublished":"2017-03-06T10:25:13+00:00","dateModified":"2017-04-03T10:26:37+00:00","breadcrumb":{"@id":"https:\/\/garces-wp.ixole.es\/ca\/derma-plus\/comite-oncoderma-multidisciplinar\/#breadcrumb"},"inLanguage":"ca-ES","potentialAction":[{"@type":"ReadAction","target":["https:\/\/garces-wp.ixole.es\/ca\/derma-plus\/comite-oncoderma-multidisciplinar\/"]}]},{"@type":"BreadcrumbList","@id":"https:\/\/garces-wp.ixole.es\/ca\/derma-plus\/comite-oncoderma-multidisciplinar\/#breadcrumb","itemListElement":[{"@type":"ListItem","position":1,"name":"Portada","item":"https:\/\/garces-wp.ixole.es\/ca\/"},{"@type":"ListItem","position":2,"name":"Derma Plus","item":"https:\/\/garces-wp.ixole.es\/ca\/derma-plus\/"},{"@type":"ListItem","position":3,"name":"Comit\u00e8 Oncoderma Multidisciplinar"}]},{"@type":"WebSite","@id":"https:\/\/garces-wp.ixole.es\/#website","url":"https:\/\/garces-wp.ixole.es\/","name":"Dermatologia Garces","description":"Dermatologia Dr. JR Garc\u00e9s Centro M\u00e9dico Teknon","publisher":{"@id":"https:\/\/garces-wp.ixole.es\/#organization"},"potentialAction":[{"@type":"SearchAction","target":{"@type":"EntryPoint","urlTemplate":"https:\/\/garces-wp.ixole.es\/?s={search_term_string}"},"query-input":{"@type":"PropertyValueSpecification","valueRequired":true,"valueName":"search_term_string"}}],"inLanguage":"ca-ES"},{"@type":"Organization","@id":"https:\/\/garces-wp.ixole.es\/#organization","name":"Dermatologia Garc\u00e9s","url":"https:\/\/garces-wp.ixole.es\/","logo":{"@type":"ImageObject","inLanguage":"ca-ES","@id":"https:\/\/garces-wp.ixole.es\/#\/schema\/logo\/image\/","url":"https:\/\/garces-wp.ixole.es\/wp-content\/uploads\/2016\/04\/Logotip-Garces-1-e1490180757988.png","contentUrl":"https:\/\/garces-wp.ixole.es\/wp-content\/uploads\/2016\/04\/Logotip-Garces-1-e1490180757988.png","width":150,"height":55,"caption":"Dermatologia Garc\u00e9s"},"image":{"@id":"https:\/\/garces-wp.ixole.es\/#\/schema\/logo\/image\/"}}]}},"_links":{"self":[{"href":"https:\/\/garces-wp.ixole.es\/ca\/wp-json\/wp\/v2\/pages\/1377","targetHints":{"allow":["GET"]}}],"collection":[{"href":"https:\/\/garces-wp.ixole.es\/ca\/wp-json\/wp\/v2\/pages"}],"about":[{"href":"https:\/\/garces-wp.ixole.es\/ca\/wp-json\/wp\/v2\/types\/page"}],"author":[{"embeddable":true,"href":"https:\/\/garces-wp.ixole.es\/ca\/wp-json\/wp\/v2\/users\/1"}],"replies":[{"embeddable":true,"href":"https:\/\/garces-wp.ixole.es\/ca\/wp-json\/wp\/v2\/comments?post=1377"}],"version-history":[{"count":8,"href":"https:\/\/garces-wp.ixole.es\/ca\/wp-json\/wp\/v2\/pages\/1377\/revisions"}],"predecessor-version":[{"id":1974,"href":"https:\/\/garces-wp.ixole.es\/ca\/wp-json\/wp\/v2\/pages\/1377\/revisions\/1974"}],"up":[{"embeddable":true,"href":"https:\/\/garces-wp.ixole.es\/ca\/wp-json\/wp\/v2\/pages\/1373"}],"wp:attachment":[{"href":"https:\/\/garces-wp.ixole.es\/ca\/wp-json\/wp\/v2\/media?parent=1377"}],"curies":[{"name":"wp","href":"https:\/\/api.w.org\/{rel}","templated":true}]}}