{"id":1374,"date":"2017-03-06T10:24:49","date_gmt":"2017-03-06T10:24:49","guid":{"rendered":"https:\/\/garces-wp.ixole.es\/?page_id=1374\/"},"modified":"2017-04-03T10:17:09","modified_gmt":"2017-04-03T10:17:09","slug":"visites-a-domicili","status":"publish","type":"page","link":"https:\/\/garces-wp.ixole.es\/ca\/derma-plus\/visites-a-domicili\/","title":{"rendered":"Visites a domicili"},"content":{"rendered":"<p>[vc_row][vc_column][vc_column_text]A l&#8217;Institut de Dermatologia Garc\u00e9s, oferim l&#8217;opci\u00f3 de realitzar visites a domicili per a pacients amb mobilitat redu\u00efda o per a pacients que, per motius de confidencialitat o per qualsevol altre motiu, no puguin despla\u00e7ar-se personalment a la cl\u00ednica i desitgin que la visita es faci en seu domicili.<\/p>\n<p>Pot reservar la seva cita a trav\u00e9s del tel\u00e8fon 93 393 31 75 o mitjan\u00e7ant el correu electr\u00f2nic<a href=\"mailto:info@dermatologiagarces.es\"> info@dermatologiagarces.es <\/a>Consulti amb la nostra coordinadora del Servei d&#8217;Atenci\u00f3 al Pacient, Mari Luz L\u00f3pez, i l&#8217;informar\u00e0 personalment de tot all\u00f2 que necessiti o vulgui saber.[\/vc_column_text][vc_separator][vc_empty_space][vc_cta h2=&#8221;Si vol demanar cita o m\u00e9s informaci\u00f3, contacti amb nosaltres&#8221; h2_font_container=&#8221;font_size:24|color:%23ffffff&#8221; h2_use_theme_fonts=&#8221;yes&#8221; add_button=&#8221;right&#8221; btn_title=&#8221;Contactar&#8221; btn_style=&#8221;classic&#8221; btn_color=&#8221;chino&#8221; btn_align=&#8221;right&#8221; css=&#8221;.vc_custom_1488903228769{background-color: #3b506b !important;}&#8221; use_custom_fonts_h2=&#8221;true&#8221; use_custom_fonts_h4=&#8221;true&#8221; btn_button_block=&#8221;true&#8221; btn_link=&#8221;url:https%3A%2F%2Fgarces-wp.ixole.es%2Fca%2Fcontactar%2F||&#8221;][\/vc_cta][\/vc_column][\/vc_row][vc_row][vc_column][vc_separator][\/vc_column][\/vc_row][vc_row][vc_column][vc_column_text]<\/p>\n<p>[\/vc_column_text][\/vc_column][\/vc_row][vc_row][vc_column][vc_custom_heading text=&#8221;M\u00e9s serveis per als nostres pacients<strong> Derma Plus<\/strong>&#8221; font_container=&#8221;tag:h1|text_align:center&#8221; use_theme_fonts=&#8221;yes&#8221;][vc_empty_space][vc_column_text]<\/p>\n<p style=\"text-align: center;\">A l&#8217;Institut de Dermatologia Garc\u00e9s ens esforcem per oferir als nostres pacients el m\u00e0xim confort, atenent les seves necessitats i intentat que la seva visita sigui completament satisfact\u00f2ria. Per a aix\u00f2, disposem de diferents serveis pensats per als nostres pacients de l&#8217;Derma Plus i que posem a la seva disposici\u00f3.<\/p>\n<p>[\/vc_column_text][\/vc_column][\/vc_row][vc_row][vc_column width=&#8221;1\/2&#8243;][vc_row_inner][vc_column_inner width=&#8221;1\/4&#8243;][vc_single_image image=&#8221;258&#8243; alignment=&#8221;right&#8221; css=&#8221;.vc_custom_1484675368423{margin-top: 10px !important;margin-right: 10px !important;margin-bottom: 10px !important;margin-left: 10px !important;}&#8221;][\/vc_column_inner][vc_column_inner width=&#8221;3\/4&#8243;][vc_custom_heading text=&#8221;Visites a domicili&#8221; font_container=&#8221;tag:h4|text_align:left&#8221; use_theme_fonts=&#8221;yes&#8221; link=&#8221;url:https%3A%2F%2Fgarces-wp.ixole.es%2Fca%2Fderma-plus%2Fvisites-a-domicili%2F||&#8221;][vc_column_text]Visites a domicili per a pacients amb dificultats per despla\u00e7ar-se a la Cl\u00ednica.[\/vc_column_text][\/vc_column_inner][\/vc_row_inner][\/vc_column][vc_column width=&#8221;1\/2&#8243;][vc_row_inner][vc_column_inner width=&#8221;1\/4&#8243;][vc_single_image image=&#8221;266&#8243; alignment=&#8221;right&#8221; css=&#8221;.vc_custom_1484676003368{margin-top: 10px !important;margin-right: 10px !important;margin-bottom: 10px !important;margin-left: 10px !important;}&#8221;][\/vc_column_inner][vc_column_inner width=&#8221;3\/4&#8243;][vc_custom_heading text=&#8221;Telemedicina&#8221; font_container=&#8221;tag:h4|text_align:left&#8221; use_theme_fonts=&#8221;yes&#8221; link=&#8221;url:https%3A%2F%2Fgarces-wp.ixole.es%2Fca%2Fderma-plus%2Fconsulta-online-telemedicina%2F||&#8221;][vc_column_text]Per a pacients residents a l&#8217;estranger o per a seguiment de visites.[\/vc_column_text][\/vc_column_inner][\/vc_row_inner][\/vc_column][\/vc_row][vc_row][vc_column width=&#8221;1\/2&#8243;][vc_row_inner][vc_column_inner width=&#8221;1\/4&#8243;][vc_single_image image=&#8221;342&#8243; alignment=&#8221;right&#8221; css=&#8221;.vc_custom_1484675977681{margin-top: 10px !important;margin-right: 10px !important;margin-bottom: 10px !important;margin-left: 10px !important;}&#8221;][\/vc_column_inner][vc_column_inner width=&#8221;3\/4&#8243;][vc_custom_heading text=&#8221;Segona opini\u00f3 m\u00e8dica&#8221; font_container=&#8221;tag:h4|text_align:left&#8221; use_theme_fonts=&#8221;yes&#8221; link=&#8221;url:https%3A%2F%2Fgarces-wp.ixole.es%2Fca%2Fderma-plus%2Fsegona-opinio%2F||&#8221;][vc_column_text]Els nostres millors especialistes li ofereixen una segona opini\u00f3 sense comprom\u00eds.[\/vc_column_text][\/vc_column_inner][\/vc_row_inner][\/vc_column][vc_column width=&#8221;1\/2&#8243;][vc_row_inner][vc_column_inner width=&#8221;1\/4&#8243;][vc_single_image image=&#8221;264&#8243; alignment=&#8221;right&#8221; css=&#8221;.vc_custom_1484675998561{margin-top: 10px !important;margin-right: 10px !important;margin-bottom: 10px !important;margin-left: 10px !important;}&#8221;][\/vc_column_inner][vc_column_inner width=&#8221;3\/4&#8243;][vc_custom_heading text=&#8221;Comit\u00e8 Oncoderma Multidisciplinar&#8221; font_container=&#8221;tag:h4|text_align:left&#8221; use_theme_fonts=&#8221;yes&#8221; link=&#8221;url:https%3A%2F%2Fgarces-wp.ixole.es%2Fca%2Fderma-plus%2Fcomite-oncoderma-multidisciplinar%2F||&#8221;][vc_column_text]Quan es requereix, els nostres casos es comparteixen en un comit\u00e8 format per diferents especialistes per assegurar el millor diagn\u00f2stic i tractament.[\/vc_column_text][\/vc_column_inner][\/vc_row_inner][\/vc_column][\/vc_row][vc_row][vc_column width=&#8221;1\/2&#8243;][vc_row_inner][vc_column_inner width=&#8221;1\/4&#8243;][vc_single_image image=&#8221;257&#8243; alignment=&#8221;right&#8221; css=&#8221;.vc_custom_1484675984170{margin-top: 10px !important;margin-right: 10px !important;margin-bottom: 10px !important;margin-left: 10px !important;}&#8221;][\/vc_column_inner][vc_column_inner width=&#8221;3\/4&#8243;][vc_custom_heading text=&#8221;Urg\u00e8ncies dermatol\u00f2giques&#8221; font_container=&#8221;tag:h4|text_align:left&#8221; use_theme_fonts=&#8221;yes&#8221; link=&#8221;url:http%3A%2F%2Fwww.teknon.es%2Furgencias||&#8221;][vc_column_text]Servei d&#8217;urg\u00e8ncies 24 hores al Centre M\u00e8dic Teknon.[\/vc_column_text][\/vc_column_inner][\/vc_row_inner][\/vc_column][vc_column width=&#8221;1\/2&#8243;][vc_row_inner][vc_column_inner width=&#8221;1\/4&#8243;][vc_single_image image=&#8221;263&#8243; alignment=&#8221;right&#8221; css=&#8221;.vc_custom_1484675990619{margin-top: 10px !important;margin-right: 10px !important;margin-bottom: 10px !important;margin-left: 10px !important;}&#8221;][\/vc_column_inner][vc_column_inner width=&#8221;3\/4&#8243;][vc_custom_heading text=&#8221;Servei d&#8217;atenci\u00f3 al pacient personalitzat&#8221; font_container=&#8221;tag:h4|text_align:left&#8221; use_theme_fonts=&#8221;yes&#8221; link=&#8221;url:https%3A%2F%2Fgarces-wp.ixole.es%2Fca%2Fcontactar%2F||&#8221;][vc_column_text]La Coordinadora del Servei d&#8217;Atenci\u00f3 al Pacient, Mari Luz L\u00f3pez, atendr\u00e0 personalment qualsevol dubte que li pugui sorgir.[\/vc_column_text][\/vc_column_inner][\/vc_row_inner][\/vc_column][\/vc_row][vc_row][vc_column][vc_single_image image=&#8221;1957&#8243; img_size=&#8221;full&#8221; alignment=&#8221;center&#8221;][\/vc_column][\/vc_row]<\/p>\n","protected":false},"excerpt":{"rendered":"<p>[vc_row][vc_column][vc_column_text]A l&#8217;Institut de Dermatologia Garc\u00e9s, oferim l&#8217;opci\u00f3 de realitzar visites a domicili per a pacients amb mobilitat redu\u00efda o per a pacients que, per motius de confidencialitat o per qualsevol altre motiu, no puguin despla\u00e7ar-se personalment a la cl\u00ednica i desitgin que la visita es faci en seu domicili. Pot reservar la seva cita a [&hellip;]<\/p>\n","protected":false},"author":1,"featured_media":0,"parent":1373,"menu_order":0,"comment_status":"closed","ping_status":"closed","template":"fullwidth-template.php","meta":{"footnotes":""},"class_list":["post-1374","page","type-page","status-publish","hentry"],"yoast_head":"<!-- This site is optimized with the Yoast SEO plugin v26.7 - https:\/\/yoast.com\/wordpress\/plugins\/seo\/ -->\n<title>Visites a domicili - Dermatologia Garces<\/title>\n<meta name=\"robots\" content=\"index, follow, max-snippet:-1, max-image-preview:large, max-video-preview:-1\" \/>\n<link rel=\"canonical\" href=\"https:\/\/garces-wp.ixole.es\/ca\/derma-plus\/visites-a-domicili\/\" \/>\n<meta property=\"og:locale\" content=\"ca_ES\" \/>\n<meta property=\"og:type\" content=\"article\" \/>\n<meta property=\"og:title\" content=\"Visites a domicili - Dermatologia Garces\" \/>\n<meta property=\"og:description\" content=\"[vc_row][vc_column][vc_column_text]A l&#8217;Institut de Dermatologia Garc\u00e9s, oferim l&#8217;opci\u00f3 de realitzar visites a domicili per a pacients amb mobilitat redu\u00efda o per a pacients que, per motius de confidencialitat o per qualsevol altre motiu, no puguin despla\u00e7ar-se personalment a la cl\u00ednica i desitgin que la visita es faci en seu domicili. Pot reservar la seva cita a [&hellip;]\" \/>\n<meta property=\"og:url\" content=\"https:\/\/garces-wp.ixole.es\/ca\/derma-plus\/visites-a-domicili\/\" \/>\n<meta property=\"og:site_name\" content=\"Dermatologia Garces\" \/>\n<meta property=\"article:modified_time\" content=\"2017-04-03T10:17:09+00:00\" \/>\n<meta name=\"twitter:card\" content=\"summary_large_image\" \/>\n<meta name=\"twitter:label1\" content=\"Est. reading time\" \/>\n\t<meta name=\"twitter:data1\" content=\"5 minutes\" \/>\n<script type=\"application\/ld+json\" class=\"yoast-schema-graph\">{\"@context\":\"https:\/\/schema.org\",\"@graph\":[{\"@type\":\"WebPage\",\"@id\":\"https:\/\/garces-wp.ixole.es\/ca\/derma-plus\/visites-a-domicili\/\",\"url\":\"https:\/\/garces-wp.ixole.es\/ca\/derma-plus\/visites-a-domicili\/\",\"name\":\"Visites a domicili - Dermatologia Garces\",\"isPartOf\":{\"@id\":\"https:\/\/garces-wp.ixole.es\/#website\"},\"datePublished\":\"2017-03-06T10:24:49+00:00\",\"dateModified\":\"2017-04-03T10:17:09+00:00\",\"breadcrumb\":{\"@id\":\"https:\/\/garces-wp.ixole.es\/ca\/derma-plus\/visites-a-domicili\/#breadcrumb\"},\"inLanguage\":\"ca-ES\",\"potentialAction\":[{\"@type\":\"ReadAction\",\"target\":[\"https:\/\/garces-wp.ixole.es\/ca\/derma-plus\/visites-a-domicili\/\"]}]},{\"@type\":\"BreadcrumbList\",\"@id\":\"https:\/\/garces-wp.ixole.es\/ca\/derma-plus\/visites-a-domicili\/#breadcrumb\",\"itemListElement\":[{\"@type\":\"ListItem\",\"position\":1,\"name\":\"Portada\",\"item\":\"https:\/\/garces-wp.ixole.es\/ca\/\"},{\"@type\":\"ListItem\",\"position\":2,\"name\":\"Derma Plus\",\"item\":\"https:\/\/garces-wp.ixole.es\/ca\/derma-plus\/\"},{\"@type\":\"ListItem\",\"position\":3,\"name\":\"Visites a domicili\"}]},{\"@type\":\"WebSite\",\"@id\":\"https:\/\/garces-wp.ixole.es\/#website\",\"url\":\"https:\/\/garces-wp.ixole.es\/\",\"name\":\"Dermatologia Garces\",\"description\":\"Dermatologia Dr. JR Garc\u00e9s Centro M\u00e9dico Teknon\",\"publisher\":{\"@id\":\"https:\/\/garces-wp.ixole.es\/#organization\"},\"potentialAction\":[{\"@type\":\"SearchAction\",\"target\":{\"@type\":\"EntryPoint\",\"urlTemplate\":\"https:\/\/garces-wp.ixole.es\/?s={search_term_string}\"},\"query-input\":{\"@type\":\"PropertyValueSpecification\",\"valueRequired\":true,\"valueName\":\"search_term_string\"}}],\"inLanguage\":\"ca-ES\"},{\"@type\":\"Organization\",\"@id\":\"https:\/\/garces-wp.ixole.es\/#organization\",\"name\":\"Dermatologia Garc\u00e9s\",\"url\":\"https:\/\/garces-wp.ixole.es\/\",\"logo\":{\"@type\":\"ImageObject\",\"inLanguage\":\"ca-ES\",\"@id\":\"https:\/\/garces-wp.ixole.es\/#\/schema\/logo\/image\/\",\"url\":\"https:\/\/garces-wp.ixole.es\/wp-content\/uploads\/2016\/04\/Logotip-Garces-1-e1490180757988.png\",\"contentUrl\":\"https:\/\/garces-wp.ixole.es\/wp-content\/uploads\/2016\/04\/Logotip-Garces-1-e1490180757988.png\",\"width\":150,\"height\":55,\"caption\":\"Dermatologia Garc\u00e9s\"},\"image\":{\"@id\":\"https:\/\/garces-wp.ixole.es\/#\/schema\/logo\/image\/\"}}]}<\/script>\n<!-- \/ Yoast SEO plugin. -->","yoast_head_json":{"title":"Visites a domicili - Dermatologia Garces","robots":{"index":"index","follow":"follow","max-snippet":"max-snippet:-1","max-image-preview":"max-image-preview:large","max-video-preview":"max-video-preview:-1"},"canonical":"https:\/\/garces-wp.ixole.es\/ca\/derma-plus\/visites-a-domicili\/","og_locale":"ca_ES","og_type":"article","og_title":"Visites a domicili - Dermatologia Garces","og_description":"[vc_row][vc_column][vc_column_text]A l&#8217;Institut de Dermatologia Garc\u00e9s, oferim l&#8217;opci\u00f3 de realitzar visites a domicili per a pacients amb mobilitat redu\u00efda o per a pacients que, per motius de confidencialitat o per qualsevol altre motiu, no puguin despla\u00e7ar-se personalment a la cl\u00ednica i desitgin que la visita es faci en seu domicili. Pot reservar la seva cita a [&hellip;]","og_url":"https:\/\/garces-wp.ixole.es\/ca\/derma-plus\/visites-a-domicili\/","og_site_name":"Dermatologia Garces","article_modified_time":"2017-04-03T10:17:09+00:00","twitter_card":"summary_large_image","twitter_misc":{"Est. reading time":"5 minutes"},"schema":{"@context":"https:\/\/schema.org","@graph":[{"@type":"WebPage","@id":"https:\/\/garces-wp.ixole.es\/ca\/derma-plus\/visites-a-domicili\/","url":"https:\/\/garces-wp.ixole.es\/ca\/derma-plus\/visites-a-domicili\/","name":"Visites a domicili - Dermatologia Garces","isPartOf":{"@id":"https:\/\/garces-wp.ixole.es\/#website"},"datePublished":"2017-03-06T10:24:49+00:00","dateModified":"2017-04-03T10:17:09+00:00","breadcrumb":{"@id":"https:\/\/garces-wp.ixole.es\/ca\/derma-plus\/visites-a-domicili\/#breadcrumb"},"inLanguage":"ca-ES","potentialAction":[{"@type":"ReadAction","target":["https:\/\/garces-wp.ixole.es\/ca\/derma-plus\/visites-a-domicili\/"]}]},{"@type":"BreadcrumbList","@id":"https:\/\/garces-wp.ixole.es\/ca\/derma-plus\/visites-a-domicili\/#breadcrumb","itemListElement":[{"@type":"ListItem","position":1,"name":"Portada","item":"https:\/\/garces-wp.ixole.es\/ca\/"},{"@type":"ListItem","position":2,"name":"Derma Plus","item":"https:\/\/garces-wp.ixole.es\/ca\/derma-plus\/"},{"@type":"ListItem","position":3,"name":"Visites a domicili"}]},{"@type":"WebSite","@id":"https:\/\/garces-wp.ixole.es\/#website","url":"https:\/\/garces-wp.ixole.es\/","name":"Dermatologia Garces","description":"Dermatologia Dr. JR Garc\u00e9s Centro M\u00e9dico Teknon","publisher":{"@id":"https:\/\/garces-wp.ixole.es\/#organization"},"potentialAction":[{"@type":"SearchAction","target":{"@type":"EntryPoint","urlTemplate":"https:\/\/garces-wp.ixole.es\/?s={search_term_string}"},"query-input":{"@type":"PropertyValueSpecification","valueRequired":true,"valueName":"search_term_string"}}],"inLanguage":"ca-ES"},{"@type":"Organization","@id":"https:\/\/garces-wp.ixole.es\/#organization","name":"Dermatologia Garc\u00e9s","url":"https:\/\/garces-wp.ixole.es\/","logo":{"@type":"ImageObject","inLanguage":"ca-ES","@id":"https:\/\/garces-wp.ixole.es\/#\/schema\/logo\/image\/","url":"https:\/\/garces-wp.ixole.es\/wp-content\/uploads\/2016\/04\/Logotip-Garces-1-e1490180757988.png","contentUrl":"https:\/\/garces-wp.ixole.es\/wp-content\/uploads\/2016\/04\/Logotip-Garces-1-e1490180757988.png","width":150,"height":55,"caption":"Dermatologia Garc\u00e9s"},"image":{"@id":"https:\/\/garces-wp.ixole.es\/#\/schema\/logo\/image\/"}}]}},"_links":{"self":[{"href":"https:\/\/garces-wp.ixole.es\/ca\/wp-json\/wp\/v2\/pages\/1374","targetHints":{"allow":["GET"]}}],"collection":[{"href":"https:\/\/garces-wp.ixole.es\/ca\/wp-json\/wp\/v2\/pages"}],"about":[{"href":"https:\/\/garces-wp.ixole.es\/ca\/wp-json\/wp\/v2\/types\/page"}],"author":[{"embeddable":true,"href":"https:\/\/garces-wp.ixole.es\/ca\/wp-json\/wp\/v2\/users\/1"}],"replies":[{"embeddable":true,"href":"https:\/\/garces-wp.ixole.es\/ca\/wp-json\/wp\/v2\/comments?post=1374"}],"version-history":[{"count":6,"href":"https:\/\/garces-wp.ixole.es\/ca\/wp-json\/wp\/v2\/pages\/1374\/revisions"}],"predecessor-version":[{"id":1962,"href":"https:\/\/garces-wp.ixole.es\/ca\/wp-json\/wp\/v2\/pages\/1374\/revisions\/1962"}],"up":[{"embeddable":true,"href":"https:\/\/garces-wp.ixole.es\/ca\/wp-json\/wp\/v2\/pages\/1373"}],"wp:attachment":[{"href":"https:\/\/garces-wp.ixole.es\/ca\/wp-json\/wp\/v2\/media?parent=1374"}],"curies":[{"name":"wp","href":"https:\/\/api.w.org\/{rel}","templated":true}]}}