{"id":1332,"date":"2017-03-06T10:15:34","date_gmt":"2017-03-06T10:15:34","guid":{"rendered":"https:\/\/garces-wp.ixole.es\/?page_id=1332\/"},"modified":"2017-03-08T10:37:50","modified_gmt":"2017-03-08T10:37:50","slug":"herpes-genital","status":"publish","type":"page","link":"https:\/\/garces-wp.ixole.es\/ca\/malalties-de-transmissio-sexual\/herpes-genital\/","title":{"rendered":"Herpes genital"},"content":{"rendered":"<p>[vc_row][vc_column][vc_column_text]<\/p>\n<div id=\"p_p_id_56_INSTANCE_5tRl_\" class=\"portlet-boundary portlet-boundary_56_ portlet-static portlet-static-end portlet-journal-content \">\n<div id=\"aui-3-2-0PR1-1174\" class=\"portlet-borderless-container\">\n<div id=\"aui-3-2-0PR1-1171\" class=\"portlet-body\">\n<div id=\"article_10131_139655_596915_1.0\" class=\"journal-content-article\">\n<div id=\"aui-3-2-0PR1-1166\" class=\"caja_contenido\">\n<div id=\"aui-3-2-0PR1-1163\" class=\"caja_texto\">\n<div id=\"texto\" class=\"texto\">\n<p>L&#8217;herpes genital pot ser de dos tipus: oral o genital. En tots dos casos, \u00e9s una infecci\u00f3 v\u00edrica transmesa sexualment i causada pel virus de l&#8217;Herpes simple. Aquest virus es pot transmetre de forma asimptom\u00e0tica, \u00e9s a dir, que la persona infectada pot no tenir s\u00edmptomes i, malgrat aix\u00f2, transmetre la malaltia a una altra persona mitjan\u00e7ant el contacte sexual.<\/p>\n<p>Si es presenta simptomatologia, normalment apareix en brots que poden durar entre 2 i 10 dies en els quals el pacient pot notar picor, dolor, formigueig i \/ o presentar lesions similars a una cremada amb \u00falceres o butllofes. Poden apar\u00e8ixer m\u00e9s brots si el pacient t\u00e9 una baixada de defenses deguda a estr\u00e8s, cansament o altres malalties.<\/p>\n<p>Aquest tipus d&#8217;infecci\u00f3 es detecta mitjan\u00e7ant una an\u00e0lisi de la sang o de les lesions. Si creu que pot estar infectat acudeixi a un professional perqu\u00e8 valori la seva situaci\u00f3. Actualment no existeix un tractament curatiu per\u00f2 si &#8220;supressiu&#8221;, de manera que es pot disminuir el nombre de brots i el risc de transmissi\u00f3 de la infecci\u00f3.<\/p>\n<\/div>\n<\/div>\n<\/div>\n<\/div>\n<\/div>\n<\/div>\n<\/div>\n<p>[\/vc_column_text][\/vc_column][\/vc_row][vc_row][vc_column][vc_empty_space][vc_empty_space][vc_empty_space][vc_cta h2=&#8221;Si vol demanar cita o m\u00e9s informaci\u00f3, contacti amb nosaltres&#8221; h2_font_container=&#8221;font_size:24|color:%23ffffff&#8221; h2_use_theme_fonts=&#8221;yes&#8221; add_button=&#8221;right&#8221; btn_title=&#8221;Contacte&#8221; btn_style=&#8221;classic&#8221; btn_color=&#8221;chino&#8221; btn_align=&#8221;right&#8221; css=&#8221;.vc_custom_1488969411573{background-color: #3b506b !important;}&#8221; use_custom_fonts_h2=&#8221;true&#8221; use_custom_fonts_h4=&#8221;true&#8221; btn_button_block=&#8221;true&#8221; btn_link=&#8221;url:https%3A%2F%2Fgarces-wp.ixole.es%2Fca%2Fcontactar%2F||&#8221;][\/vc_cta][\/vc_column][\/vc_row]<\/p>\n","protected":false},"excerpt":{"rendered":"<p>[vc_row][vc_column][vc_column_text] L&#8217;herpes genital pot ser de dos tipus: oral o genital. En tots dos casos, \u00e9s una infecci\u00f3 v\u00edrica transmesa sexualment i causada pel virus de l&#8217;Herpes simple. Aquest virus es pot transmetre de forma asimptom\u00e0tica, \u00e9s a dir, que la persona infectada pot no tenir s\u00edmptomes i, malgrat aix\u00f2, transmetre la malaltia a una [&hellip;]<\/p>\n","protected":false},"author":1,"featured_media":0,"parent":1252,"menu_order":0,"comment_status":"closed","ping_status":"closed","template":"","meta":{"footnotes":""},"class_list":["post-1332","page","type-page","status-publish","hentry"],"yoast_head":"<!-- This site is optimized with the Yoast SEO plugin v26.7 - https:\/\/yoast.com\/wordpress\/plugins\/seo\/ -->\n<title>Herpes genital - Dermatologia Garces<\/title>\n<meta name=\"robots\" content=\"index, follow, max-snippet:-1, max-image-preview:large, max-video-preview:-1\" \/>\n<link rel=\"canonical\" href=\"https:\/\/garces-wp.ixole.es\/ca\/malalties-de-transmissio-sexual\/herpes-genital\/\" \/>\n<meta property=\"og:locale\" content=\"ca_ES\" \/>\n<meta property=\"og:type\" content=\"article\" \/>\n<meta property=\"og:title\" content=\"Herpes genital - Dermatologia Garces\" \/>\n<meta property=\"og:description\" content=\"[vc_row][vc_column][vc_column_text] L&#8217;herpes genital pot ser de dos tipus: oral o genital. En tots dos casos, \u00e9s una infecci\u00f3 v\u00edrica transmesa sexualment i causada pel virus de l&#8217;Herpes simple. Aquest virus es pot transmetre de forma asimptom\u00e0tica, \u00e9s a dir, que la persona infectada pot no tenir s\u00edmptomes i, malgrat aix\u00f2, transmetre la malaltia a una [&hellip;]\" \/>\n<meta property=\"og:url\" content=\"https:\/\/garces-wp.ixole.es\/ca\/malalties-de-transmissio-sexual\/herpes-genital\/\" \/>\n<meta property=\"og:site_name\" content=\"Dermatologia Garces\" \/>\n<meta property=\"article:modified_time\" content=\"2017-03-08T10:37:50+00:00\" \/>\n<meta name=\"twitter:card\" content=\"summary_large_image\" \/>\n<meta name=\"twitter:label1\" content=\"Est. reading time\" \/>\n\t<meta name=\"twitter:data1\" content=\"1 minute\" \/>\n<script type=\"application\/ld+json\" class=\"yoast-schema-graph\">{\"@context\":\"https:\/\/schema.org\",\"@graph\":[{\"@type\":\"WebPage\",\"@id\":\"https:\/\/garces-wp.ixole.es\/ca\/malalties-de-transmissio-sexual\/herpes-genital\/\",\"url\":\"https:\/\/garces-wp.ixole.es\/ca\/malalties-de-transmissio-sexual\/herpes-genital\/\",\"name\":\"Herpes genital - Dermatologia Garces\",\"isPartOf\":{\"@id\":\"https:\/\/garces-wp.ixole.es\/#website\"},\"datePublished\":\"2017-03-06T10:15:34+00:00\",\"dateModified\":\"2017-03-08T10:37:50+00:00\",\"breadcrumb\":{\"@id\":\"https:\/\/garces-wp.ixole.es\/ca\/malalties-de-transmissio-sexual\/herpes-genital\/#breadcrumb\"},\"inLanguage\":\"ca-ES\",\"potentialAction\":[{\"@type\":\"ReadAction\",\"target\":[\"https:\/\/garces-wp.ixole.es\/ca\/malalties-de-transmissio-sexual\/herpes-genital\/\"]}]},{\"@type\":\"BreadcrumbList\",\"@id\":\"https:\/\/garces-wp.ixole.es\/ca\/malalties-de-transmissio-sexual\/herpes-genital\/#breadcrumb\",\"itemListElement\":[{\"@type\":\"ListItem\",\"position\":1,\"name\":\"Portada\",\"item\":\"https:\/\/garces-wp.ixole.es\/ca\/\"},{\"@type\":\"ListItem\",\"position\":2,\"name\":\"Malalties de transmissi\u00f3 sexual\",\"item\":\"https:\/\/garces-wp.ixole.es\/ca\/malalties-de-transmissio-sexual\/\"},{\"@type\":\"ListItem\",\"position\":3,\"name\":\"Herpes genital\"}]},{\"@type\":\"WebSite\",\"@id\":\"https:\/\/garces-wp.ixole.es\/#website\",\"url\":\"https:\/\/garces-wp.ixole.es\/\",\"name\":\"Dermatologia Garces\",\"description\":\"Dermatologia Dr. JR Garc\u00e9s Centro M\u00e9dico Teknon\",\"publisher\":{\"@id\":\"https:\/\/garces-wp.ixole.es\/#organization\"},\"potentialAction\":[{\"@type\":\"SearchAction\",\"target\":{\"@type\":\"EntryPoint\",\"urlTemplate\":\"https:\/\/garces-wp.ixole.es\/?s={search_term_string}\"},\"query-input\":{\"@type\":\"PropertyValueSpecification\",\"valueRequired\":true,\"valueName\":\"search_term_string\"}}],\"inLanguage\":\"ca-ES\"},{\"@type\":\"Organization\",\"@id\":\"https:\/\/garces-wp.ixole.es\/#organization\",\"name\":\"Dermatologia Garc\u00e9s\",\"url\":\"https:\/\/garces-wp.ixole.es\/\",\"logo\":{\"@type\":\"ImageObject\",\"inLanguage\":\"ca-ES\",\"@id\":\"https:\/\/garces-wp.ixole.es\/#\/schema\/logo\/image\/\",\"url\":\"https:\/\/garces-wp.ixole.es\/wp-content\/uploads\/2016\/04\/Logotip-Garces-1-e1490180757988.png\",\"contentUrl\":\"https:\/\/garces-wp.ixole.es\/wp-content\/uploads\/2016\/04\/Logotip-Garces-1-e1490180757988.png\",\"width\":150,\"height\":55,\"caption\":\"Dermatologia Garc\u00e9s\"},\"image\":{\"@id\":\"https:\/\/garces-wp.ixole.es\/#\/schema\/logo\/image\/\"}}]}<\/script>\n<!-- \/ Yoast SEO plugin. -->","yoast_head_json":{"title":"Herpes genital - Dermatologia Garces","robots":{"index":"index","follow":"follow","max-snippet":"max-snippet:-1","max-image-preview":"max-image-preview:large","max-video-preview":"max-video-preview:-1"},"canonical":"https:\/\/garces-wp.ixole.es\/ca\/malalties-de-transmissio-sexual\/herpes-genital\/","og_locale":"ca_ES","og_type":"article","og_title":"Herpes genital - Dermatologia Garces","og_description":"[vc_row][vc_column][vc_column_text] L&#8217;herpes genital pot ser de dos tipus: oral o genital. En tots dos casos, \u00e9s una infecci\u00f3 v\u00edrica transmesa sexualment i causada pel virus de l&#8217;Herpes simple. Aquest virus es pot transmetre de forma asimptom\u00e0tica, \u00e9s a dir, que la persona infectada pot no tenir s\u00edmptomes i, malgrat aix\u00f2, transmetre la malaltia a una [&hellip;]","og_url":"https:\/\/garces-wp.ixole.es\/ca\/malalties-de-transmissio-sexual\/herpes-genital\/","og_site_name":"Dermatologia Garces","article_modified_time":"2017-03-08T10:37:50+00:00","twitter_card":"summary_large_image","twitter_misc":{"Est. reading time":"1 minute"},"schema":{"@context":"https:\/\/schema.org","@graph":[{"@type":"WebPage","@id":"https:\/\/garces-wp.ixole.es\/ca\/malalties-de-transmissio-sexual\/herpes-genital\/","url":"https:\/\/garces-wp.ixole.es\/ca\/malalties-de-transmissio-sexual\/herpes-genital\/","name":"Herpes genital - Dermatologia Garces","isPartOf":{"@id":"https:\/\/garces-wp.ixole.es\/#website"},"datePublished":"2017-03-06T10:15:34+00:00","dateModified":"2017-03-08T10:37:50+00:00","breadcrumb":{"@id":"https:\/\/garces-wp.ixole.es\/ca\/malalties-de-transmissio-sexual\/herpes-genital\/#breadcrumb"},"inLanguage":"ca-ES","potentialAction":[{"@type":"ReadAction","target":["https:\/\/garces-wp.ixole.es\/ca\/malalties-de-transmissio-sexual\/herpes-genital\/"]}]},{"@type":"BreadcrumbList","@id":"https:\/\/garces-wp.ixole.es\/ca\/malalties-de-transmissio-sexual\/herpes-genital\/#breadcrumb","itemListElement":[{"@type":"ListItem","position":1,"name":"Portada","item":"https:\/\/garces-wp.ixole.es\/ca\/"},{"@type":"ListItem","position":2,"name":"Malalties de transmissi\u00f3 sexual","item":"https:\/\/garces-wp.ixole.es\/ca\/malalties-de-transmissio-sexual\/"},{"@type":"ListItem","position":3,"name":"Herpes genital"}]},{"@type":"WebSite","@id":"https:\/\/garces-wp.ixole.es\/#website","url":"https:\/\/garces-wp.ixole.es\/","name":"Dermatologia Garces","description":"Dermatologia Dr. JR Garc\u00e9s Centro M\u00e9dico Teknon","publisher":{"@id":"https:\/\/garces-wp.ixole.es\/#organization"},"potentialAction":[{"@type":"SearchAction","target":{"@type":"EntryPoint","urlTemplate":"https:\/\/garces-wp.ixole.es\/?s={search_term_string}"},"query-input":{"@type":"PropertyValueSpecification","valueRequired":true,"valueName":"search_term_string"}}],"inLanguage":"ca-ES"},{"@type":"Organization","@id":"https:\/\/garces-wp.ixole.es\/#organization","name":"Dermatologia Garc\u00e9s","url":"https:\/\/garces-wp.ixole.es\/","logo":{"@type":"ImageObject","inLanguage":"ca-ES","@id":"https:\/\/garces-wp.ixole.es\/#\/schema\/logo\/image\/","url":"https:\/\/garces-wp.ixole.es\/wp-content\/uploads\/2016\/04\/Logotip-Garces-1-e1490180757988.png","contentUrl":"https:\/\/garces-wp.ixole.es\/wp-content\/uploads\/2016\/04\/Logotip-Garces-1-e1490180757988.png","width":150,"height":55,"caption":"Dermatologia Garc\u00e9s"},"image":{"@id":"https:\/\/garces-wp.ixole.es\/#\/schema\/logo\/image\/"}}]}},"_links":{"self":[{"href":"https:\/\/garces-wp.ixole.es\/ca\/wp-json\/wp\/v2\/pages\/1332","targetHints":{"allow":["GET"]}}],"collection":[{"href":"https:\/\/garces-wp.ixole.es\/ca\/wp-json\/wp\/v2\/pages"}],"about":[{"href":"https:\/\/garces-wp.ixole.es\/ca\/wp-json\/wp\/v2\/types\/page"}],"author":[{"embeddable":true,"href":"https:\/\/garces-wp.ixole.es\/ca\/wp-json\/wp\/v2\/users\/1"}],"replies":[{"embeddable":true,"href":"https:\/\/garces-wp.ixole.es\/ca\/wp-json\/wp\/v2\/comments?post=1332"}],"version-history":[{"count":3,"href":"https:\/\/garces-wp.ixole.es\/ca\/wp-json\/wp\/v2\/pages\/1332\/revisions"}],"predecessor-version":[{"id":1608,"href":"https:\/\/garces-wp.ixole.es\/ca\/wp-json\/wp\/v2\/pages\/1332\/revisions\/1608"}],"up":[{"embeddable":true,"href":"https:\/\/garces-wp.ixole.es\/ca\/wp-json\/wp\/v2\/pages\/1252"}],"wp:attachment":[{"href":"https:\/\/garces-wp.ixole.es\/ca\/wp-json\/wp\/v2\/media?parent=1332"}],"curies":[{"name":"wp","href":"https:\/\/api.w.org\/{rel}","templated":true}]}}