{"id":1330,"date":"2017-03-06T10:15:06","date_gmt":"2017-03-06T10:15:06","guid":{"rendered":"https:\/\/garces-wp.ixole.es\/?page_id=1330\/"},"modified":"2017-03-08T10:34:54","modified_gmt":"2017-03-08T10:34:54","slug":"sifilis","status":"publish","type":"page","link":"https:\/\/garces-wp.ixole.es\/ca\/malalties-de-transmissio-sexual\/sifilis\/","title":{"rendered":"S\u00edfilis"},"content":{"rendered":"<p>[vc_row][vc_column][vc_column_text]La s\u00edfilis \u00e9s una malaltia de transmissi\u00f3 sexual produ\u00efda per la infecci\u00f3 bacteriana causada del microorganisme anomenat <em>Treponema pallidum<\/em>. Quan es contreu la malaltia pot apar\u00e8ixer una nafra que generalment no causa dolor i que pot passar desapercebuda. La s\u00edfilis sovint no causa m\u00e9s s\u00edmptomes, encara que el pacient pot notar embalums genitals, erupcions, ganglis inflamats o taques a la llengua.<\/p>\n<p>El diagn\u00f2stic pot realitzar-se mitjan\u00e7ant una an\u00e0lisi de sang. El tractament per aquesta infecci\u00f3 bacteriana \u00e9s molt senzill. No obstant aix\u00f2, si no es rep, pot causar problemes de salut en el futur.[\/vc_column_text][\/vc_column][\/vc_row][vc_row][vc_column][vc_empty_space][vc_empty_space][vc_empty_space][vc_cta h2=&#8221;Si vol demanar cita o m\u00e9s informaci\u00f3, contacti amb nosaltres&#8221; h2_font_container=&#8221;font_size:24|color:%23ffffff&#8221; h2_use_theme_fonts=&#8221;yes&#8221; add_button=&#8221;right&#8221; btn_title=&#8221;Contacte&#8221; btn_style=&#8221;classic&#8221; btn_color=&#8221;chino&#8221; btn_align=&#8221;right&#8221; css=&#8221;.vc_custom_1488969277992{background-color: #3b506b !important;}&#8221; use_custom_fonts_h2=&#8221;true&#8221; use_custom_fonts_h4=&#8221;true&#8221; btn_button_block=&#8221;true&#8221; btn_link=&#8221;url:https%3A%2F%2Fgarces-wp.ixole.es%2Fca%2Fcontactar%2F||&#8221;][\/vc_cta][\/vc_column][\/vc_row]<\/p>\n","protected":false},"excerpt":{"rendered":"<p>[vc_row][vc_column][vc_column_text]La s\u00edfilis \u00e9s una malaltia de transmissi\u00f3 sexual produ\u00efda per la infecci\u00f3 bacteriana causada del microorganisme anomenat Treponema pallidum. Quan es contreu la malaltia pot apar\u00e8ixer una nafra que generalment no causa dolor i que pot passar desapercebuda. La s\u00edfilis sovint no causa m\u00e9s s\u00edmptomes, encara que el pacient pot notar embalums genitals, erupcions, ganglis [&hellip;]<\/p>\n","protected":false},"author":1,"featured_media":0,"parent":1252,"menu_order":0,"comment_status":"closed","ping_status":"closed","template":"","meta":{"footnotes":""},"class_list":["post-1330","page","type-page","status-publish","hentry"],"yoast_head":"<!-- This site is optimized with the Yoast SEO plugin v26.7 - https:\/\/yoast.com\/wordpress\/plugins\/seo\/ -->\n<title>S\u00edfilis - Dermatologia Garces<\/title>\n<meta name=\"robots\" content=\"index, follow, max-snippet:-1, max-image-preview:large, max-video-preview:-1\" \/>\n<link rel=\"canonical\" href=\"https:\/\/garces-wp.ixole.es\/ca\/malalties-de-transmissio-sexual\/sifilis\/\" \/>\n<meta property=\"og:locale\" content=\"ca_ES\" \/>\n<meta property=\"og:type\" content=\"article\" \/>\n<meta property=\"og:title\" content=\"S\u00edfilis - Dermatologia Garces\" \/>\n<meta property=\"og:description\" content=\"[vc_row][vc_column][vc_column_text]La s\u00edfilis \u00e9s una malaltia de transmissi\u00f3 sexual produ\u00efda per la infecci\u00f3 bacteriana causada del microorganisme anomenat Treponema pallidum. Quan es contreu la malaltia pot apar\u00e8ixer una nafra que generalment no causa dolor i que pot passar desapercebuda. La s\u00edfilis sovint no causa m\u00e9s s\u00edmptomes, encara que el pacient pot notar embalums genitals, erupcions, ganglis [&hellip;]\" \/>\n<meta property=\"og:url\" content=\"https:\/\/garces-wp.ixole.es\/ca\/malalties-de-transmissio-sexual\/sifilis\/\" \/>\n<meta property=\"og:site_name\" content=\"Dermatologia Garces\" \/>\n<meta property=\"article:modified_time\" content=\"2017-03-08T10:34:54+00:00\" \/>\n<meta name=\"twitter:card\" content=\"summary_large_image\" \/>\n<meta name=\"twitter:label1\" content=\"Est. reading time\" \/>\n\t<meta name=\"twitter:data1\" content=\"1 minute\" \/>\n<script type=\"application\/ld+json\" class=\"yoast-schema-graph\">{\"@context\":\"https:\/\/schema.org\",\"@graph\":[{\"@type\":\"WebPage\",\"@id\":\"https:\/\/garces-wp.ixole.es\/ca\/malalties-de-transmissio-sexual\/sifilis\/\",\"url\":\"https:\/\/garces-wp.ixole.es\/ca\/malalties-de-transmissio-sexual\/sifilis\/\",\"name\":\"S\u00edfilis - Dermatologia Garces\",\"isPartOf\":{\"@id\":\"https:\/\/garces-wp.ixole.es\/#website\"},\"datePublished\":\"2017-03-06T10:15:06+00:00\",\"dateModified\":\"2017-03-08T10:34:54+00:00\",\"breadcrumb\":{\"@id\":\"https:\/\/garces-wp.ixole.es\/ca\/malalties-de-transmissio-sexual\/sifilis\/#breadcrumb\"},\"inLanguage\":\"ca-ES\",\"potentialAction\":[{\"@type\":\"ReadAction\",\"target\":[\"https:\/\/garces-wp.ixole.es\/ca\/malalties-de-transmissio-sexual\/sifilis\/\"]}]},{\"@type\":\"BreadcrumbList\",\"@id\":\"https:\/\/garces-wp.ixole.es\/ca\/malalties-de-transmissio-sexual\/sifilis\/#breadcrumb\",\"itemListElement\":[{\"@type\":\"ListItem\",\"position\":1,\"name\":\"Portada\",\"item\":\"https:\/\/garces-wp.ixole.es\/ca\/\"},{\"@type\":\"ListItem\",\"position\":2,\"name\":\"Malalties de transmissi\u00f3 sexual\",\"item\":\"https:\/\/garces-wp.ixole.es\/ca\/malalties-de-transmissio-sexual\/\"},{\"@type\":\"ListItem\",\"position\":3,\"name\":\"S\u00edfilis\"}]},{\"@type\":\"WebSite\",\"@id\":\"https:\/\/garces-wp.ixole.es\/#website\",\"url\":\"https:\/\/garces-wp.ixole.es\/\",\"name\":\"Dermatologia Garces\",\"description\":\"Dermatologia Dr. JR Garc\u00e9s Centro M\u00e9dico Teknon\",\"publisher\":{\"@id\":\"https:\/\/garces-wp.ixole.es\/#organization\"},\"potentialAction\":[{\"@type\":\"SearchAction\",\"target\":{\"@type\":\"EntryPoint\",\"urlTemplate\":\"https:\/\/garces-wp.ixole.es\/?s={search_term_string}\"},\"query-input\":{\"@type\":\"PropertyValueSpecification\",\"valueRequired\":true,\"valueName\":\"search_term_string\"}}],\"inLanguage\":\"ca-ES\"},{\"@type\":\"Organization\",\"@id\":\"https:\/\/garces-wp.ixole.es\/#organization\",\"name\":\"Dermatologia Garc\u00e9s\",\"url\":\"https:\/\/garces-wp.ixole.es\/\",\"logo\":{\"@type\":\"ImageObject\",\"inLanguage\":\"ca-ES\",\"@id\":\"https:\/\/garces-wp.ixole.es\/#\/schema\/logo\/image\/\",\"url\":\"https:\/\/garces-wp.ixole.es\/wp-content\/uploads\/2016\/04\/Logotip-Garces-1-e1490180757988.png\",\"contentUrl\":\"https:\/\/garces-wp.ixole.es\/wp-content\/uploads\/2016\/04\/Logotip-Garces-1-e1490180757988.png\",\"width\":150,\"height\":55,\"caption\":\"Dermatologia Garc\u00e9s\"},\"image\":{\"@id\":\"https:\/\/garces-wp.ixole.es\/#\/schema\/logo\/image\/\"}}]}<\/script>\n<!-- \/ Yoast SEO plugin. -->","yoast_head_json":{"title":"S\u00edfilis - Dermatologia Garces","robots":{"index":"index","follow":"follow","max-snippet":"max-snippet:-1","max-image-preview":"max-image-preview:large","max-video-preview":"max-video-preview:-1"},"canonical":"https:\/\/garces-wp.ixole.es\/ca\/malalties-de-transmissio-sexual\/sifilis\/","og_locale":"ca_ES","og_type":"article","og_title":"S\u00edfilis - Dermatologia Garces","og_description":"[vc_row][vc_column][vc_column_text]La s\u00edfilis \u00e9s una malaltia de transmissi\u00f3 sexual produ\u00efda per la infecci\u00f3 bacteriana causada del microorganisme anomenat Treponema pallidum. Quan es contreu la malaltia pot apar\u00e8ixer una nafra que generalment no causa dolor i que pot passar desapercebuda. La s\u00edfilis sovint no causa m\u00e9s s\u00edmptomes, encara que el pacient pot notar embalums genitals, erupcions, ganglis [&hellip;]","og_url":"https:\/\/garces-wp.ixole.es\/ca\/malalties-de-transmissio-sexual\/sifilis\/","og_site_name":"Dermatologia Garces","article_modified_time":"2017-03-08T10:34:54+00:00","twitter_card":"summary_large_image","twitter_misc":{"Est. reading time":"1 minute"},"schema":{"@context":"https:\/\/schema.org","@graph":[{"@type":"WebPage","@id":"https:\/\/garces-wp.ixole.es\/ca\/malalties-de-transmissio-sexual\/sifilis\/","url":"https:\/\/garces-wp.ixole.es\/ca\/malalties-de-transmissio-sexual\/sifilis\/","name":"S\u00edfilis - Dermatologia Garces","isPartOf":{"@id":"https:\/\/garces-wp.ixole.es\/#website"},"datePublished":"2017-03-06T10:15:06+00:00","dateModified":"2017-03-08T10:34:54+00:00","breadcrumb":{"@id":"https:\/\/garces-wp.ixole.es\/ca\/malalties-de-transmissio-sexual\/sifilis\/#breadcrumb"},"inLanguage":"ca-ES","potentialAction":[{"@type":"ReadAction","target":["https:\/\/garces-wp.ixole.es\/ca\/malalties-de-transmissio-sexual\/sifilis\/"]}]},{"@type":"BreadcrumbList","@id":"https:\/\/garces-wp.ixole.es\/ca\/malalties-de-transmissio-sexual\/sifilis\/#breadcrumb","itemListElement":[{"@type":"ListItem","position":1,"name":"Portada","item":"https:\/\/garces-wp.ixole.es\/ca\/"},{"@type":"ListItem","position":2,"name":"Malalties de transmissi\u00f3 sexual","item":"https:\/\/garces-wp.ixole.es\/ca\/malalties-de-transmissio-sexual\/"},{"@type":"ListItem","position":3,"name":"S\u00edfilis"}]},{"@type":"WebSite","@id":"https:\/\/garces-wp.ixole.es\/#website","url":"https:\/\/garces-wp.ixole.es\/","name":"Dermatologia Garces","description":"Dermatologia Dr. JR Garc\u00e9s Centro M\u00e9dico Teknon","publisher":{"@id":"https:\/\/garces-wp.ixole.es\/#organization"},"potentialAction":[{"@type":"SearchAction","target":{"@type":"EntryPoint","urlTemplate":"https:\/\/garces-wp.ixole.es\/?s={search_term_string}"},"query-input":{"@type":"PropertyValueSpecification","valueRequired":true,"valueName":"search_term_string"}}],"inLanguage":"ca-ES"},{"@type":"Organization","@id":"https:\/\/garces-wp.ixole.es\/#organization","name":"Dermatologia Garc\u00e9s","url":"https:\/\/garces-wp.ixole.es\/","logo":{"@type":"ImageObject","inLanguage":"ca-ES","@id":"https:\/\/garces-wp.ixole.es\/#\/schema\/logo\/image\/","url":"https:\/\/garces-wp.ixole.es\/wp-content\/uploads\/2016\/04\/Logotip-Garces-1-e1490180757988.png","contentUrl":"https:\/\/garces-wp.ixole.es\/wp-content\/uploads\/2016\/04\/Logotip-Garces-1-e1490180757988.png","width":150,"height":55,"caption":"Dermatologia Garc\u00e9s"},"image":{"@id":"https:\/\/garces-wp.ixole.es\/#\/schema\/logo\/image\/"}}]}},"_links":{"self":[{"href":"https:\/\/garces-wp.ixole.es\/ca\/wp-json\/wp\/v2\/pages\/1330","targetHints":{"allow":["GET"]}}],"collection":[{"href":"https:\/\/garces-wp.ixole.es\/ca\/wp-json\/wp\/v2\/pages"}],"about":[{"href":"https:\/\/garces-wp.ixole.es\/ca\/wp-json\/wp\/v2\/types\/page"}],"author":[{"embeddable":true,"href":"https:\/\/garces-wp.ixole.es\/ca\/wp-json\/wp\/v2\/users\/1"}],"replies":[{"embeddable":true,"href":"https:\/\/garces-wp.ixole.es\/ca\/wp-json\/wp\/v2\/comments?post=1330"}],"version-history":[{"count":2,"href":"https:\/\/garces-wp.ixole.es\/ca\/wp-json\/wp\/v2\/pages\/1330\/revisions"}],"predecessor-version":[{"id":1602,"href":"https:\/\/garces-wp.ixole.es\/ca\/wp-json\/wp\/v2\/pages\/1330\/revisions\/1602"}],"up":[{"embeddable":true,"href":"https:\/\/garces-wp.ixole.es\/ca\/wp-json\/wp\/v2\/pages\/1252"}],"wp:attachment":[{"href":"https:\/\/garces-wp.ixole.es\/ca\/wp-json\/wp\/v2\/media?parent=1330"}],"curies":[{"name":"wp","href":"https:\/\/api.w.org\/{rel}","templated":true}]}}