{"id":1310,"date":"2017-03-06T10:11:57","date_gmt":"2017-03-06T10:11:57","guid":{"rendered":"https:\/\/garces-wp.ixole.es\/?page_id=1310\/"},"modified":"2017-03-10T12:44:49","modified_gmt":"2017-03-10T12:44:49","slug":"acne","status":"publish","type":"page","link":"https:\/\/garces-wp.ixole.es\/ca\/dermatologia-clinica\/acne\/","title":{"rendered":"Acne"},"content":{"rendered":"<p>[vc_row][vc_column][vc_column_text]L&#8217;acne s&#8217;identifica per l&#8217;aparici\u00f3 de barbs i grans en les \u00e0rees m\u00e9s grasses de la pell com la cara, l&#8217;esquena o el pit. Consisteix en la inflamaci\u00f3 de la unitat piloseb\u00e0cia de la pell creant barbs, p\u00e0pules, p\u00fastules i, de vegades, veritables quists en el conegut i temut acne n\u00f2dul-qu\u00edstic.<\/p>\n<p>Si b\u00e9 \u00e9s possible experimentar-lo en edats avan\u00e7ades, es sol caracteritzar per apar\u00e8ixer durant l&#8217;adolesc\u00e8ncia com a resposta als canvis hormonals que pateix el cos. \u00c9s m\u00e9s habitual en dones joves, entre els 16 i els 30 anys d&#8217;edat.<\/p>\n<p>Abans de realitzar cap tractament, cal efectuar un estudi de cada pacient per con\u00e8ixer els seus nivells hormonals i els seus h\u00e0bits cosm\u00e8tics.<\/p>\n<p><strong><u>Tractament de l&#8217;acne<\/u><\/strong><\/p>\n<p><u><\/u>Mitjan\u00e7ant <strong>l&#8217;\u00fas o la combinaci\u00f3 de peelings, antiinflamatoris i antibi\u00f2tics<\/strong>, s&#8217;aconsegueix un tractament efectiu per l&#8217;acne amb resultats molt bons. La majoria de vegades l&#8217;acne desapareix.<\/p>\n<p>En alguns casos m\u00e9s persistents, <strong>tamb\u00e9 es tracta al pacient amb comprimits orals de derivats de la Vitamina A (<em>retinoides<\/em>).<\/strong><\/p>\n<p>En els casos m\u00e9s greus o en els quals els <em>retinoides<\/em> no es puguin administrar, disposem <strong>de tractaments fotolum\u00ednics, com la <a href=\"https:\/\/garces-wp.ixole.es\/ca\/dermatologia-quirurgica\/terapia-fotodinamica\/\">ter\u00e0pia fotodin\u00e0mica<\/a><\/strong>, altament efica\u00e7os sense pr\u00e0cticament efectes secundaris.<\/p>\n<p>Haver patit acne pot deixar en alguns casos seq\u00fceles est\u00e8tiques. Els peelings qu\u00edmics i la ter\u00e0pia amb <strong>l\u00e0ser fraccional no ablatiu<\/strong> permeten regularitzar la superf\u00edcie de la pell i minimitzar el impacte cosm\u00e8tic.<\/p>\n<p>[\/vc_column_text][\/vc_column][\/vc_row][vc_row][vc_column][vc_empty_space][vc_empty_space][vc_empty_space][vc_cta h2=&#8221;Si vol demanar cita o m\u00e9s informaci\u00f3, contacti amb nosaltres. &#8221; h2_font_container=&#8221;font_size:24|color:%23ffffff&#8221; h2_use_theme_fonts=&#8221;yes&#8221; add_button=&#8221;right&#8221; btn_title=&#8221;Contactar&#8221; btn_style=&#8221;classic&#8221; btn_color=&#8221;chino&#8221; btn_align=&#8221;right&#8221; css=&#8221;.vc_custom_1489141623810{background-color: #3b506b !important;}&#8221; use_custom_fonts_h2=&#8221;true&#8221; use_custom_fonts_h4=&#8221;true&#8221; btn_button_block=&#8221;true&#8221; btn_link=&#8221;url:https%3A%2F%2Fgarces-wp.ixole.es%2Fca%2Fcontactar%2F||&#8221;][\/vc_cta][\/vc_column][\/vc_row]<\/p>\n","protected":false},"excerpt":{"rendered":"<p>[vc_row][vc_column][vc_column_text]L&#8217;acne s&#8217;identifica per l&#8217;aparici\u00f3 de barbs i grans en les \u00e0rees m\u00e9s grasses de la pell com la cara, l&#8217;esquena o el pit. Consisteix en la inflamaci\u00f3 de la unitat piloseb\u00e0cia de la pell creant barbs, p\u00e0pules, p\u00fastules i, de vegades, veritables quists en el conegut i temut acne n\u00f2dul-qu\u00edstic. Si b\u00e9 \u00e9s possible experimentar-lo [&hellip;]<\/p>\n","protected":false},"author":1,"featured_media":0,"parent":1254,"menu_order":0,"comment_status":"closed","ping_status":"closed","template":"","meta":{"footnotes":""},"class_list":["post-1310","page","type-page","status-publish","hentry"],"yoast_head":"<!-- This site is optimized with the Yoast SEO plugin v26.7 - https:\/\/yoast.com\/wordpress\/plugins\/seo\/ -->\n<title>Acne - Dermatologia Garces<\/title>\n<meta name=\"robots\" content=\"index, follow, max-snippet:-1, max-image-preview:large, max-video-preview:-1\" \/>\n<link rel=\"canonical\" href=\"https:\/\/garces-wp.ixole.es\/ca\/dermatologia-clinica\/acne\/\" \/>\n<meta property=\"og:locale\" content=\"ca_ES\" \/>\n<meta property=\"og:type\" content=\"article\" \/>\n<meta property=\"og:title\" content=\"Acne - Dermatologia Garces\" \/>\n<meta property=\"og:description\" content=\"[vc_row][vc_column][vc_column_text]L&#8217;acne s&#8217;identifica per l&#8217;aparici\u00f3 de barbs i grans en les \u00e0rees m\u00e9s grasses de la pell com la cara, l&#8217;esquena o el pit. Consisteix en la inflamaci\u00f3 de la unitat piloseb\u00e0cia de la pell creant barbs, p\u00e0pules, p\u00fastules i, de vegades, veritables quists en el conegut i temut acne n\u00f2dul-qu\u00edstic. Si b\u00e9 \u00e9s possible experimentar-lo [&hellip;]\" \/>\n<meta property=\"og:url\" content=\"https:\/\/garces-wp.ixole.es\/ca\/dermatologia-clinica\/acne\/\" \/>\n<meta property=\"og:site_name\" content=\"Dermatologia Garces\" \/>\n<meta property=\"article:modified_time\" content=\"2017-03-10T12:44:49+00:00\" \/>\n<meta name=\"twitter:card\" content=\"summary_large_image\" \/>\n<meta name=\"twitter:label1\" content=\"Est. reading time\" \/>\n\t<meta name=\"twitter:data1\" content=\"2 minutes\" \/>\n<script type=\"application\/ld+json\" class=\"yoast-schema-graph\">{\"@context\":\"https:\/\/schema.org\",\"@graph\":[{\"@type\":\"WebPage\",\"@id\":\"https:\/\/garces-wp.ixole.es\/ca\/dermatologia-clinica\/acne\/\",\"url\":\"https:\/\/garces-wp.ixole.es\/ca\/dermatologia-clinica\/acne\/\",\"name\":\"Acne - Dermatologia Garces\",\"isPartOf\":{\"@id\":\"https:\/\/garces-wp.ixole.es\/#website\"},\"datePublished\":\"2017-03-06T10:11:57+00:00\",\"dateModified\":\"2017-03-10T12:44:49+00:00\",\"breadcrumb\":{\"@id\":\"https:\/\/garces-wp.ixole.es\/ca\/dermatologia-clinica\/acne\/#breadcrumb\"},\"inLanguage\":\"ca-ES\",\"potentialAction\":[{\"@type\":\"ReadAction\",\"target\":[\"https:\/\/garces-wp.ixole.es\/ca\/dermatologia-clinica\/acne\/\"]}]},{\"@type\":\"BreadcrumbList\",\"@id\":\"https:\/\/garces-wp.ixole.es\/ca\/dermatologia-clinica\/acne\/#breadcrumb\",\"itemListElement\":[{\"@type\":\"ListItem\",\"position\":1,\"name\":\"Portada\",\"item\":\"https:\/\/garces-wp.ixole.es\/ca\/\"},{\"@type\":\"ListItem\",\"position\":2,\"name\":\"Dermatologia cl\u00ednica\",\"item\":\"https:\/\/garces-wp.ixole.es\/ca\/dermatologia-clinica\/\"},{\"@type\":\"ListItem\",\"position\":3,\"name\":\"Acne\"}]},{\"@type\":\"WebSite\",\"@id\":\"https:\/\/garces-wp.ixole.es\/#website\",\"url\":\"https:\/\/garces-wp.ixole.es\/\",\"name\":\"Dermatologia Garces\",\"description\":\"Dermatologia Dr. JR Garc\u00e9s Centro M\u00e9dico Teknon\",\"publisher\":{\"@id\":\"https:\/\/garces-wp.ixole.es\/#organization\"},\"potentialAction\":[{\"@type\":\"SearchAction\",\"target\":{\"@type\":\"EntryPoint\",\"urlTemplate\":\"https:\/\/garces-wp.ixole.es\/?s={search_term_string}\"},\"query-input\":{\"@type\":\"PropertyValueSpecification\",\"valueRequired\":true,\"valueName\":\"search_term_string\"}}],\"inLanguage\":\"ca-ES\"},{\"@type\":\"Organization\",\"@id\":\"https:\/\/garces-wp.ixole.es\/#organization\",\"name\":\"Dermatologia Garc\u00e9s\",\"url\":\"https:\/\/garces-wp.ixole.es\/\",\"logo\":{\"@type\":\"ImageObject\",\"inLanguage\":\"ca-ES\",\"@id\":\"https:\/\/garces-wp.ixole.es\/#\/schema\/logo\/image\/\",\"url\":\"https:\/\/garces-wp.ixole.es\/wp-content\/uploads\/2016\/04\/Logotip-Garces-1-e1490180757988.png\",\"contentUrl\":\"https:\/\/garces-wp.ixole.es\/wp-content\/uploads\/2016\/04\/Logotip-Garces-1-e1490180757988.png\",\"width\":150,\"height\":55,\"caption\":\"Dermatologia Garc\u00e9s\"},\"image\":{\"@id\":\"https:\/\/garces-wp.ixole.es\/#\/schema\/logo\/image\/\"}}]}<\/script>\n<!-- \/ Yoast SEO plugin. -->","yoast_head_json":{"title":"Acne - Dermatologia Garces","robots":{"index":"index","follow":"follow","max-snippet":"max-snippet:-1","max-image-preview":"max-image-preview:large","max-video-preview":"max-video-preview:-1"},"canonical":"https:\/\/garces-wp.ixole.es\/ca\/dermatologia-clinica\/acne\/","og_locale":"ca_ES","og_type":"article","og_title":"Acne - Dermatologia Garces","og_description":"[vc_row][vc_column][vc_column_text]L&#8217;acne s&#8217;identifica per l&#8217;aparici\u00f3 de barbs i grans en les \u00e0rees m\u00e9s grasses de la pell com la cara, l&#8217;esquena o el pit. Consisteix en la inflamaci\u00f3 de la unitat piloseb\u00e0cia de la pell creant barbs, p\u00e0pules, p\u00fastules i, de vegades, veritables quists en el conegut i temut acne n\u00f2dul-qu\u00edstic. Si b\u00e9 \u00e9s possible experimentar-lo [&hellip;]","og_url":"https:\/\/garces-wp.ixole.es\/ca\/dermatologia-clinica\/acne\/","og_site_name":"Dermatologia Garces","article_modified_time":"2017-03-10T12:44:49+00:00","twitter_card":"summary_large_image","twitter_misc":{"Est. reading time":"2 minutes"},"schema":{"@context":"https:\/\/schema.org","@graph":[{"@type":"WebPage","@id":"https:\/\/garces-wp.ixole.es\/ca\/dermatologia-clinica\/acne\/","url":"https:\/\/garces-wp.ixole.es\/ca\/dermatologia-clinica\/acne\/","name":"Acne - Dermatologia Garces","isPartOf":{"@id":"https:\/\/garces-wp.ixole.es\/#website"},"datePublished":"2017-03-06T10:11:57+00:00","dateModified":"2017-03-10T12:44:49+00:00","breadcrumb":{"@id":"https:\/\/garces-wp.ixole.es\/ca\/dermatologia-clinica\/acne\/#breadcrumb"},"inLanguage":"ca-ES","potentialAction":[{"@type":"ReadAction","target":["https:\/\/garces-wp.ixole.es\/ca\/dermatologia-clinica\/acne\/"]}]},{"@type":"BreadcrumbList","@id":"https:\/\/garces-wp.ixole.es\/ca\/dermatologia-clinica\/acne\/#breadcrumb","itemListElement":[{"@type":"ListItem","position":1,"name":"Portada","item":"https:\/\/garces-wp.ixole.es\/ca\/"},{"@type":"ListItem","position":2,"name":"Dermatologia cl\u00ednica","item":"https:\/\/garces-wp.ixole.es\/ca\/dermatologia-clinica\/"},{"@type":"ListItem","position":3,"name":"Acne"}]},{"@type":"WebSite","@id":"https:\/\/garces-wp.ixole.es\/#website","url":"https:\/\/garces-wp.ixole.es\/","name":"Dermatologia Garces","description":"Dermatologia Dr. JR Garc\u00e9s Centro M\u00e9dico Teknon","publisher":{"@id":"https:\/\/garces-wp.ixole.es\/#organization"},"potentialAction":[{"@type":"SearchAction","target":{"@type":"EntryPoint","urlTemplate":"https:\/\/garces-wp.ixole.es\/?s={search_term_string}"},"query-input":{"@type":"PropertyValueSpecification","valueRequired":true,"valueName":"search_term_string"}}],"inLanguage":"ca-ES"},{"@type":"Organization","@id":"https:\/\/garces-wp.ixole.es\/#organization","name":"Dermatologia Garc\u00e9s","url":"https:\/\/garces-wp.ixole.es\/","logo":{"@type":"ImageObject","inLanguage":"ca-ES","@id":"https:\/\/garces-wp.ixole.es\/#\/schema\/logo\/image\/","url":"https:\/\/garces-wp.ixole.es\/wp-content\/uploads\/2016\/04\/Logotip-Garces-1-e1490180757988.png","contentUrl":"https:\/\/garces-wp.ixole.es\/wp-content\/uploads\/2016\/04\/Logotip-Garces-1-e1490180757988.png","width":150,"height":55,"caption":"Dermatologia Garc\u00e9s"},"image":{"@id":"https:\/\/garces-wp.ixole.es\/#\/schema\/logo\/image\/"}}]}},"_links":{"self":[{"href":"https:\/\/garces-wp.ixole.es\/ca\/wp-json\/wp\/v2\/pages\/1310","targetHints":{"allow":["GET"]}}],"collection":[{"href":"https:\/\/garces-wp.ixole.es\/ca\/wp-json\/wp\/v2\/pages"}],"about":[{"href":"https:\/\/garces-wp.ixole.es\/ca\/wp-json\/wp\/v2\/types\/page"}],"author":[{"embeddable":true,"href":"https:\/\/garces-wp.ixole.es\/ca\/wp-json\/wp\/v2\/users\/1"}],"replies":[{"embeddable":true,"href":"https:\/\/garces-wp.ixole.es\/ca\/wp-json\/wp\/v2\/comments?post=1310"}],"version-history":[{"count":5,"href":"https:\/\/garces-wp.ixole.es\/ca\/wp-json\/wp\/v2\/pages\/1310\/revisions"}],"predecessor-version":[{"id":1723,"href":"https:\/\/garces-wp.ixole.es\/ca\/wp-json\/wp\/v2\/pages\/1310\/revisions\/1723"}],"up":[{"embeddable":true,"href":"https:\/\/garces-wp.ixole.es\/ca\/wp-json\/wp\/v2\/pages\/1254"}],"wp:attachment":[{"href":"https:\/\/garces-wp.ixole.es\/ca\/wp-json\/wp\/v2\/media?parent=1310"}],"curies":[{"name":"wp","href":"https:\/\/api.w.org\/{rel}","templated":true}]}}