{"id":1309,"date":"2017-03-06T10:11:24","date_gmt":"2017-03-06T10:11:24","guid":{"rendered":"https:\/\/garces-wp.ixole.es\/?page_id=1309\/"},"modified":"2017-03-10T12:50:09","modified_gmt":"2017-03-10T12:50:09","slug":"caiguda-del-cabell","status":"publish","type":"page","link":"https:\/\/garces-wp.ixole.es\/ca\/dermatologia-clinica\/caiguda-del-cabell\/","title":{"rendered":"Caiguda del cabell"},"content":{"rendered":"<p>[vc_row][vc_column][vc_column_text]El cabell s&#8217;erigeix sobre c\u00e8l\u00b7lules de recanvi molt r\u00e0pid, fet que provoca que contratemps lleugers (canvis de dieta) o greus (com la quimioter\u00e0pia)puguin causar efectes negatius com la caigudes del cabell. Hi ha una gran varietat de tipus d&#8217;alop\u00e8cia.<\/p>\n<p>Les m\u00e9s usuals s\u00f3n l&#8217;<strong>Alop\u00e8cia Androgen\u00e8tica<\/strong> i l&#8217;<strong>Efluvi tel\u00f2gen<\/strong> per\u00f2 hi ha altres tipus d&#8217;alop\u00e8cies menys freq\u00fcents com l&#8217;<strong>Alop\u00e8cia Areata<\/strong>, o <strong>l&#8217;Alop\u00e8cia Frontal Fibrosant<\/strong> que \u00faltimament estan augmentant la seva incid\u00e8ncia.[\/vc_column_text][vc_tta_tour active_section=&#8221;1&#8243; title=&#8221;Tipus d&#8217;alop\u00e8cia&#8221;][vc_tta_section title=&#8221;Alopecia androgen\u00e8tica&#8221; tab_id=&#8221;1484302780954-b86264ae-78bd&#8221;][vc_column_text]<strong>L&#8217;Alop\u00e8cia Androgen\u00e8tica<\/strong> es presenta en homes (tamb\u00e9 en dones per\u00f2 menys) i consisteix en la p\u00e8rdua progressiva del cabell a l&#8217;\u00e0rea central del cuir cabellut. Apareix com a conseq\u00fc\u00e8ncia d&#8217;una tend\u00e8ncia gen\u00e8tica i a un exc\u00e9s de &#8220;sensibilitat&#8221; de les hormones masculines. Si es comen\u00e7a a tractar des del moment de la seva aparici\u00f3, els resultats s\u00f3n positius.<\/p>\n<p>En casos persistents, el tractament utilitzat recentment \u00e9s la infiltraci\u00f3 de <a href=\"https:\/\/garces-wp.ixole.es\/ca\/dermatologia-estetica\/plasma-ric-en-plaquetes\/\"><strong>Plasma Ric en Plaquetes (PRP)<\/strong><\/a>, un bioestimulador que es basa en la sang del propi pacient, de manera que no hi ha riscos de rebuig o al\u00b7l\u00e8rgies. S&#8217;utilitza per la regeneraci\u00f3 de teixits: aporta factors de creixement a l&#8217;arrel del cabell amb resultats satisfactoris despr\u00e9s d&#8217;aproximadament \u00a0tres sessions.<\/p>\n<p>En casos molt avan\u00e7ats, es sol plantejar al pacient la t\u00e8cnica del microempelt de cabell.[\/vc_column_text][\/vc_tta_section][vc_tta_section title=&#8221;Efluvi tel\u00f2gen&#8221; tab_id=&#8221;1484303138904-e52b0fe6-cd4b&#8221;][vc_column_text]L&#8217;<strong>efluvi tel\u00f2gen<\/strong> apareix quan un agent extern, normalment una malaltia, estr\u00e8s, canvis clim\u00e0tics bruscos, dieta, o algun tipus de tractament farmacol\u00f2gic, provoquen que un gran nombre de fol\u00b7licles pilosos entrin en fase de recanvi biol\u00f2gic.<\/p>\n<p>En aquests casos, es sol aplicar un <strong>tractament t\u00f2pic, un tractament oral o infiltracions terap\u00e8utiques de <u><a href=\"https:\/\/garces-wp.ixole.es\/ca\/dermatologia-estetica\/plasma-ric-en-plaquetes\/\">Plasma Ric en Plaquetes (PRP) <\/a><\/u><\/strong>\u00a0amb resultats molt positius.[\/vc_column_text][\/vc_tta_section][vc_tta_section title=&#8221;Alop\u00e8cia Areata&#8221; tab_id=&#8221;1484303180575-e4131013-28ab&#8221;][vc_column_text]<strong>L&#8217;alop\u00e8cia areata<\/strong> \u00e9s una tipologia d&#8217;alop\u00e8cia que afecta els fol\u00b7licles pilosos provocant la caiguda de flocs de cabell en diferents \u00e0rees del cap de la mida d&#8217;una moneda.<\/p>\n<p>L&#8217;Alop\u00e8cia areata no t\u00e9 una cura definitiva per\u00f2 pot millorar mitjan\u00e7ant tractaments amb <strong>infiltraci\u00f3 de <u><a href=\"https:\/\/garces-wp.ixole.es\/ca\/dermatologia-estetica\/plasma-ric-en-plaquetes\/\">Plasma Ric en Plaquetes (PRP)<\/a><\/u><\/strong> , un bioestimulador que es basa en la sang del propi pacient, de manera que no hi ha riscos de rebuig o al\u00b7l\u00e8rgies. S&#8217;utilitza per la regeneraci\u00f3 de teixits: aporta factors de creixement a l&#8217;arrel del cabell amb resultats satisfactoris despr\u00e9s d&#8217;aproximadament \u00a0tres sessions.[\/vc_column_text][\/vc_tta_section][vc_tta_section title=&#8221;Alop\u00e8cia Frontal Fibrosant&#8221; tab_id=&#8221;1484303223191-105e2a60-4ca6&#8243;][vc_column_text]<strong>La Alop\u00e8cia Frontal Fibrosant<\/strong> \u00e9s una alop\u00e8cia cada vegada m\u00e9s freq\u00fcent que es caracteritza per la p\u00e8rdua progressiva del cabell a la zona frontal del cap de manera sim\u00e8trica. No es coneixen les causes per\u00f2 es creu que pot ser degut a una defici\u00e8ncia immunol\u00f2gica.<\/p>\n<p>La <strong>Alop\u00e8cia Frontal Fibrosant<\/strong> no t\u00e9 una cura definitiva per\u00f2 pot millorar mitjan\u00e7ant tractaments amb infiltraci\u00f3 <strong>de <u><a href=\"https:\/\/garces-wp.ixole.es\/ca\/dermatologia-estetica\/plasma-ric-en-plaquetes\/\">Plasma Ric en Plaquetes (PRP),<\/a><\/u><\/strong> un bioestimulador que es basa en la sang del propi pacient, de manera que no hi ha riscos de rebuig o al\u00b7l\u00e8rgies. S&#8217;utilitza per la regeneraci\u00f3 de teixits: aporta factors de creixement a l&#8217;arrel del cabell amb resultats satisfactoris despr\u00e9s d&#8217;aproximadament \u00a0tres sessions.<\/p>\n<p>Tamb\u00e9 es pot realitzar un empelt de cabell un cop la malaltia s&#8217;hagi estabilitzat.[\/vc_column_text][\/vc_tta_section][\/vc_tta_tour][\/vc_column][\/vc_row][vc_row][vc_column][vc_empty_space][vc_empty_space][vc_empty_space][vc_cta h2=&#8221;Si vol demanar cita o m\u00e9s informaci\u00f3, contacti amb nosaltres. &#8221; h2_font_container=&#8221;font_size:24|color:%23ffffff&#8221; h2_use_theme_fonts=&#8221;yes&#8221; add_button=&#8221;right&#8221; btn_title=&#8221;Contacte&#8221; btn_style=&#8221;classic&#8221; btn_color=&#8221;chino&#8221; btn_align=&#8221;right&#8221; css=&#8221;.vc_custom_1489139598739{background-color: #3b506b !important;}&#8221; use_custom_fonts_h2=&#8221;true&#8221; use_custom_fonts_h4=&#8221;true&#8221; btn_button_block=&#8221;true&#8221; btn_link=&#8221;url:https%3A%2F%2Fgarces-wp.ixole.es%2Fca%2Fcontactar%2F||&#8221;][\/vc_cta][\/vc_column][\/vc_row]<\/p>\n","protected":false},"excerpt":{"rendered":"<p>[vc_row][vc_column][vc_column_text]El cabell s&#8217;erigeix sobre c\u00e8l\u00b7lules de recanvi molt r\u00e0pid, fet que provoca que contratemps lleugers (canvis de dieta) o greus (com la quimioter\u00e0pia)puguin causar efectes negatius com la caigudes del cabell. Hi ha una gran varietat de tipus d&#8217;alop\u00e8cia. Les m\u00e9s usuals s\u00f3n l&#8217;Alop\u00e8cia Androgen\u00e8tica i l&#8217;Efluvi tel\u00f2gen per\u00f2 hi ha altres tipus d&#8217;alop\u00e8cies menys [&hellip;]<\/p>\n","protected":false},"author":1,"featured_media":0,"parent":1254,"menu_order":0,"comment_status":"closed","ping_status":"closed","template":"","meta":{"footnotes":""},"class_list":["post-1309","page","type-page","status-publish","hentry"],"yoast_head":"<!-- This site is optimized with the Yoast SEO plugin v26.7 - https:\/\/yoast.com\/wordpress\/plugins\/seo\/ -->\n<title>Caiguda del cabell - Dermatologia Garces<\/title>\n<meta name=\"robots\" content=\"index, follow, max-snippet:-1, max-image-preview:large, max-video-preview:-1\" \/>\n<link rel=\"canonical\" href=\"https:\/\/garces-wp.ixole.es\/ca\/dermatologia-clinica\/caiguda-del-cabell\/\" \/>\n<meta property=\"og:locale\" content=\"ca_ES\" \/>\n<meta property=\"og:type\" content=\"article\" \/>\n<meta property=\"og:title\" content=\"Caiguda del cabell - Dermatologia Garces\" \/>\n<meta property=\"og:description\" content=\"[vc_row][vc_column][vc_column_text]El cabell s&#8217;erigeix sobre c\u00e8l\u00b7lules de recanvi molt r\u00e0pid, fet que provoca que contratemps lleugers (canvis de dieta) o greus (com la quimioter\u00e0pia)puguin causar efectes negatius com la caigudes del cabell. Hi ha una gran varietat de tipus d&#8217;alop\u00e8cia. Les m\u00e9s usuals s\u00f3n l&#8217;Alop\u00e8cia Androgen\u00e8tica i l&#8217;Efluvi tel\u00f2gen per\u00f2 hi ha altres tipus d&#8217;alop\u00e8cies menys [&hellip;]\" \/>\n<meta property=\"og:url\" content=\"https:\/\/garces-wp.ixole.es\/ca\/dermatologia-clinica\/caiguda-del-cabell\/\" \/>\n<meta property=\"og:site_name\" content=\"Dermatologia Garces\" \/>\n<meta property=\"article:modified_time\" content=\"2017-03-10T12:50:09+00:00\" \/>\n<meta name=\"twitter:card\" content=\"summary_large_image\" \/>\n<meta name=\"twitter:label1\" content=\"Est. reading time\" \/>\n\t<meta name=\"twitter:data1\" content=\"4 minutes\" \/>\n<script type=\"application\/ld+json\" class=\"yoast-schema-graph\">{\"@context\":\"https:\/\/schema.org\",\"@graph\":[{\"@type\":\"WebPage\",\"@id\":\"https:\/\/garces-wp.ixole.es\/ca\/dermatologia-clinica\/caiguda-del-cabell\/\",\"url\":\"https:\/\/garces-wp.ixole.es\/ca\/dermatologia-clinica\/caiguda-del-cabell\/\",\"name\":\"Caiguda del cabell - Dermatologia Garces\",\"isPartOf\":{\"@id\":\"https:\/\/garces-wp.ixole.es\/#website\"},\"datePublished\":\"2017-03-06T10:11:24+00:00\",\"dateModified\":\"2017-03-10T12:50:09+00:00\",\"breadcrumb\":{\"@id\":\"https:\/\/garces-wp.ixole.es\/ca\/dermatologia-clinica\/caiguda-del-cabell\/#breadcrumb\"},\"inLanguage\":\"ca-ES\",\"potentialAction\":[{\"@type\":\"ReadAction\",\"target\":[\"https:\/\/garces-wp.ixole.es\/ca\/dermatologia-clinica\/caiguda-del-cabell\/\"]}]},{\"@type\":\"BreadcrumbList\",\"@id\":\"https:\/\/garces-wp.ixole.es\/ca\/dermatologia-clinica\/caiguda-del-cabell\/#breadcrumb\",\"itemListElement\":[{\"@type\":\"ListItem\",\"position\":1,\"name\":\"Portada\",\"item\":\"https:\/\/garces-wp.ixole.es\/ca\/\"},{\"@type\":\"ListItem\",\"position\":2,\"name\":\"Dermatologia cl\u00ednica\",\"item\":\"https:\/\/garces-wp.ixole.es\/ca\/dermatologia-clinica\/\"},{\"@type\":\"ListItem\",\"position\":3,\"name\":\"Caiguda del cabell\"}]},{\"@type\":\"WebSite\",\"@id\":\"https:\/\/garces-wp.ixole.es\/#website\",\"url\":\"https:\/\/garces-wp.ixole.es\/\",\"name\":\"Dermatologia Garces\",\"description\":\"Dermatologia Dr. JR Garc\u00e9s Centro M\u00e9dico Teknon\",\"publisher\":{\"@id\":\"https:\/\/garces-wp.ixole.es\/#organization\"},\"potentialAction\":[{\"@type\":\"SearchAction\",\"target\":{\"@type\":\"EntryPoint\",\"urlTemplate\":\"https:\/\/garces-wp.ixole.es\/?s={search_term_string}\"},\"query-input\":{\"@type\":\"PropertyValueSpecification\",\"valueRequired\":true,\"valueName\":\"search_term_string\"}}],\"inLanguage\":\"ca-ES\"},{\"@type\":\"Organization\",\"@id\":\"https:\/\/garces-wp.ixole.es\/#organization\",\"name\":\"Dermatologia Garc\u00e9s\",\"url\":\"https:\/\/garces-wp.ixole.es\/\",\"logo\":{\"@type\":\"ImageObject\",\"inLanguage\":\"ca-ES\",\"@id\":\"https:\/\/garces-wp.ixole.es\/#\/schema\/logo\/image\/\",\"url\":\"https:\/\/garces-wp.ixole.es\/wp-content\/uploads\/2016\/04\/Logotip-Garces-1-e1490180757988.png\",\"contentUrl\":\"https:\/\/garces-wp.ixole.es\/wp-content\/uploads\/2016\/04\/Logotip-Garces-1-e1490180757988.png\",\"width\":150,\"height\":55,\"caption\":\"Dermatologia Garc\u00e9s\"},\"image\":{\"@id\":\"https:\/\/garces-wp.ixole.es\/#\/schema\/logo\/image\/\"}}]}<\/script>\n<!-- \/ Yoast SEO plugin. -->","yoast_head_json":{"title":"Caiguda del cabell - Dermatologia Garces","robots":{"index":"index","follow":"follow","max-snippet":"max-snippet:-1","max-image-preview":"max-image-preview:large","max-video-preview":"max-video-preview:-1"},"canonical":"https:\/\/garces-wp.ixole.es\/ca\/dermatologia-clinica\/caiguda-del-cabell\/","og_locale":"ca_ES","og_type":"article","og_title":"Caiguda del cabell - Dermatologia Garces","og_description":"[vc_row][vc_column][vc_column_text]El cabell s&#8217;erigeix sobre c\u00e8l\u00b7lules de recanvi molt r\u00e0pid, fet que provoca que contratemps lleugers (canvis de dieta) o greus (com la quimioter\u00e0pia)puguin causar efectes negatius com la caigudes del cabell. Hi ha una gran varietat de tipus d&#8217;alop\u00e8cia. Les m\u00e9s usuals s\u00f3n l&#8217;Alop\u00e8cia Androgen\u00e8tica i l&#8217;Efluvi tel\u00f2gen per\u00f2 hi ha altres tipus d&#8217;alop\u00e8cies menys [&hellip;]","og_url":"https:\/\/garces-wp.ixole.es\/ca\/dermatologia-clinica\/caiguda-del-cabell\/","og_site_name":"Dermatologia Garces","article_modified_time":"2017-03-10T12:50:09+00:00","twitter_card":"summary_large_image","twitter_misc":{"Est. reading time":"4 minutes"},"schema":{"@context":"https:\/\/schema.org","@graph":[{"@type":"WebPage","@id":"https:\/\/garces-wp.ixole.es\/ca\/dermatologia-clinica\/caiguda-del-cabell\/","url":"https:\/\/garces-wp.ixole.es\/ca\/dermatologia-clinica\/caiguda-del-cabell\/","name":"Caiguda del cabell - Dermatologia Garces","isPartOf":{"@id":"https:\/\/garces-wp.ixole.es\/#website"},"datePublished":"2017-03-06T10:11:24+00:00","dateModified":"2017-03-10T12:50:09+00:00","breadcrumb":{"@id":"https:\/\/garces-wp.ixole.es\/ca\/dermatologia-clinica\/caiguda-del-cabell\/#breadcrumb"},"inLanguage":"ca-ES","potentialAction":[{"@type":"ReadAction","target":["https:\/\/garces-wp.ixole.es\/ca\/dermatologia-clinica\/caiguda-del-cabell\/"]}]},{"@type":"BreadcrumbList","@id":"https:\/\/garces-wp.ixole.es\/ca\/dermatologia-clinica\/caiguda-del-cabell\/#breadcrumb","itemListElement":[{"@type":"ListItem","position":1,"name":"Portada","item":"https:\/\/garces-wp.ixole.es\/ca\/"},{"@type":"ListItem","position":2,"name":"Dermatologia cl\u00ednica","item":"https:\/\/garces-wp.ixole.es\/ca\/dermatologia-clinica\/"},{"@type":"ListItem","position":3,"name":"Caiguda del cabell"}]},{"@type":"WebSite","@id":"https:\/\/garces-wp.ixole.es\/#website","url":"https:\/\/garces-wp.ixole.es\/","name":"Dermatologia Garces","description":"Dermatologia Dr. JR Garc\u00e9s Centro M\u00e9dico Teknon","publisher":{"@id":"https:\/\/garces-wp.ixole.es\/#organization"},"potentialAction":[{"@type":"SearchAction","target":{"@type":"EntryPoint","urlTemplate":"https:\/\/garces-wp.ixole.es\/?s={search_term_string}"},"query-input":{"@type":"PropertyValueSpecification","valueRequired":true,"valueName":"search_term_string"}}],"inLanguage":"ca-ES"},{"@type":"Organization","@id":"https:\/\/garces-wp.ixole.es\/#organization","name":"Dermatologia Garc\u00e9s","url":"https:\/\/garces-wp.ixole.es\/","logo":{"@type":"ImageObject","inLanguage":"ca-ES","@id":"https:\/\/garces-wp.ixole.es\/#\/schema\/logo\/image\/","url":"https:\/\/garces-wp.ixole.es\/wp-content\/uploads\/2016\/04\/Logotip-Garces-1-e1490180757988.png","contentUrl":"https:\/\/garces-wp.ixole.es\/wp-content\/uploads\/2016\/04\/Logotip-Garces-1-e1490180757988.png","width":150,"height":55,"caption":"Dermatologia Garc\u00e9s"},"image":{"@id":"https:\/\/garces-wp.ixole.es\/#\/schema\/logo\/image\/"}}]}},"_links":{"self":[{"href":"https:\/\/garces-wp.ixole.es\/ca\/wp-json\/wp\/v2\/pages\/1309","targetHints":{"allow":["GET"]}}],"collection":[{"href":"https:\/\/garces-wp.ixole.es\/ca\/wp-json\/wp\/v2\/pages"}],"about":[{"href":"https:\/\/garces-wp.ixole.es\/ca\/wp-json\/wp\/v2\/types\/page"}],"author":[{"embeddable":true,"href":"https:\/\/garces-wp.ixole.es\/ca\/wp-json\/wp\/v2\/users\/1"}],"replies":[{"embeddable":true,"href":"https:\/\/garces-wp.ixole.es\/ca\/wp-json\/wp\/v2\/comments?post=1309"}],"version-history":[{"count":5,"href":"https:\/\/garces-wp.ixole.es\/ca\/wp-json\/wp\/v2\/pages\/1309\/revisions"}],"predecessor-version":[{"id":1724,"href":"https:\/\/garces-wp.ixole.es\/ca\/wp-json\/wp\/v2\/pages\/1309\/revisions\/1724"}],"up":[{"embeddable":true,"href":"https:\/\/garces-wp.ixole.es\/ca\/wp-json\/wp\/v2\/pages\/1254"}],"wp:attachment":[{"href":"https:\/\/garces-wp.ixole.es\/ca\/wp-json\/wp\/v2\/media?parent=1309"}],"curies":[{"name":"wp","href":"https:\/\/api.w.org\/{rel}","templated":true}]}}