{"id":1308,"date":"2017-03-06T10:11:13","date_gmt":"2017-03-06T10:11:13","guid":{"rendered":"https:\/\/garces-wp.ixole.es\/?page_id=1308\/"},"modified":"2017-03-10T12:51:09","modified_gmt":"2017-03-10T12:51:09","slug":"psoriasis","status":"publish","type":"page","link":"https:\/\/garces-wp.ixole.es\/ca\/dermatologia-clinica\/psoriasis\/","title":{"rendered":"Psoriasis"},"content":{"rendered":"<p>[vc_row][vc_column][vc_column_text]La <strong>Psoriasi<\/strong> es considera una malaltia cut\u00e0nia i cr\u00f2nica, que es caracteritza per fen\u00f2mens inflamatoris i un recanvi accelerat &#8220;excessiu&#8221; de la pell. \u00c9s visible per les lesions eritematoses i descamatives de color vermell que es produeixen en diferents \u00e0rees de la pell. En ocasions, pot arribar a tenir efectes m\u00e9s enll\u00e0 de la pell i afectar les ungles, el cuir cabellut, les articulacions o incrementar la predisposici\u00f3 a patir un altre tipus de malaltia.<\/p>\n<p>La psoriasi \u00e9s una alteraci\u00f3 molt complexa. El seu tractament dep\u00e8n de cada pacient i de la seva avaluaci\u00f3. Per aix\u00f2, el tractament d&#8217;elecci\u00f3 est\u00e0 absolutament personalitzat i dependr\u00e0 del tipus de lesions que es pateixi i de la seva localitzaci\u00f3.<\/p>\n<p>F\u00e0rmacs de recent aparici\u00f3, de la fam\u00edlia dels anomenats biol\u00f2gics, aporten una nova esperan\u00e7a per a casos problem\u00e0tics.[\/vc_column_text][\/vc_column][\/vc_row][vc_row][vc_column][vc_empty_space][vc_empty_space][vc_empty_space][vc_cta h2=&#8221;Si vol demanar cita o m\u00e9s informaci\u00f3, contacti amb nosaltres.&#8221; h2_font_container=&#8221;font_size:24|color:%23ffffff&#8221; h2_use_theme_fonts=&#8221;yes&#8221; add_button=&#8221;right&#8221; btn_title=&#8221;Contactar&#8221; btn_style=&#8221;classic&#8221; btn_color=&#8221;chino&#8221; btn_align=&#8221;right&#8221; css=&#8221;.vc_custom_1489150266435{background-color: #3b506b !important;}&#8221; use_custom_fonts_h2=&#8221;true&#8221; use_custom_fonts_h4=&#8221;true&#8221; btn_button_block=&#8221;true&#8221; btn_link=&#8221;url:https%3A%2F%2Fgarces-wp.ixole.es%2Fca%2Fcontactar%2F||&#8221;][\/vc_cta][\/vc_column][\/vc_row]<\/p>\n","protected":false},"excerpt":{"rendered":"<p>[vc_row][vc_column][vc_column_text]La Psoriasi es considera una malaltia cut\u00e0nia i cr\u00f2nica, que es caracteritza per fen\u00f2mens inflamatoris i un recanvi accelerat &#8220;excessiu&#8221; de la pell. \u00c9s visible per les lesions eritematoses i descamatives de color vermell que es produeixen en diferents \u00e0rees de la pell. En ocasions, pot arribar a tenir efectes m\u00e9s enll\u00e0 de la pell [&hellip;]<\/p>\n","protected":false},"author":1,"featured_media":0,"parent":1254,"menu_order":0,"comment_status":"closed","ping_status":"closed","template":"","meta":{"footnotes":""},"class_list":["post-1308","page","type-page","status-publish","hentry"],"yoast_head":"<!-- This site is optimized with the Yoast SEO plugin v26.7 - https:\/\/yoast.com\/wordpress\/plugins\/seo\/ -->\n<title>Psoriasis - Dermatologia Garces<\/title>\n<meta name=\"robots\" content=\"index, follow, max-snippet:-1, max-image-preview:large, max-video-preview:-1\" \/>\n<link rel=\"canonical\" href=\"https:\/\/garces-wp.ixole.es\/ca\/dermatologia-clinica\/psoriasis\/\" \/>\n<meta property=\"og:locale\" content=\"ca_ES\" \/>\n<meta property=\"og:type\" content=\"article\" \/>\n<meta property=\"og:title\" content=\"Psoriasis - Dermatologia Garces\" \/>\n<meta property=\"og:description\" content=\"[vc_row][vc_column][vc_column_text]La Psoriasi es considera una malaltia cut\u00e0nia i cr\u00f2nica, que es caracteritza per fen\u00f2mens inflamatoris i un recanvi accelerat &#8220;excessiu&#8221; de la pell. \u00c9s visible per les lesions eritematoses i descamatives de color vermell que es produeixen en diferents \u00e0rees de la pell. En ocasions, pot arribar a tenir efectes m\u00e9s enll\u00e0 de la pell [&hellip;]\" \/>\n<meta property=\"og:url\" content=\"https:\/\/garces-wp.ixole.es\/ca\/dermatologia-clinica\/psoriasis\/\" \/>\n<meta property=\"og:site_name\" content=\"Dermatologia Garces\" \/>\n<meta property=\"article:modified_time\" content=\"2017-03-10T12:51:09+00:00\" \/>\n<meta name=\"twitter:card\" content=\"summary_large_image\" \/>\n<meta name=\"twitter:label1\" content=\"Est. reading time\" \/>\n\t<meta name=\"twitter:data1\" content=\"1 minute\" \/>\n<script type=\"application\/ld+json\" class=\"yoast-schema-graph\">{\"@context\":\"https:\/\/schema.org\",\"@graph\":[{\"@type\":\"WebPage\",\"@id\":\"https:\/\/garces-wp.ixole.es\/ca\/dermatologia-clinica\/psoriasis\/\",\"url\":\"https:\/\/garces-wp.ixole.es\/ca\/dermatologia-clinica\/psoriasis\/\",\"name\":\"Psoriasis - Dermatologia Garces\",\"isPartOf\":{\"@id\":\"https:\/\/garces-wp.ixole.es\/#website\"},\"datePublished\":\"2017-03-06T10:11:13+00:00\",\"dateModified\":\"2017-03-10T12:51:09+00:00\",\"breadcrumb\":{\"@id\":\"https:\/\/garces-wp.ixole.es\/ca\/dermatologia-clinica\/psoriasis\/#breadcrumb\"},\"inLanguage\":\"ca-ES\",\"potentialAction\":[{\"@type\":\"ReadAction\",\"target\":[\"https:\/\/garces-wp.ixole.es\/ca\/dermatologia-clinica\/psoriasis\/\"]}]},{\"@type\":\"BreadcrumbList\",\"@id\":\"https:\/\/garces-wp.ixole.es\/ca\/dermatologia-clinica\/psoriasis\/#breadcrumb\",\"itemListElement\":[{\"@type\":\"ListItem\",\"position\":1,\"name\":\"Portada\",\"item\":\"https:\/\/garces-wp.ixole.es\/ca\/\"},{\"@type\":\"ListItem\",\"position\":2,\"name\":\"Dermatologia cl\u00ednica\",\"item\":\"https:\/\/garces-wp.ixole.es\/ca\/dermatologia-clinica\/\"},{\"@type\":\"ListItem\",\"position\":3,\"name\":\"Psoriasis\"}]},{\"@type\":\"WebSite\",\"@id\":\"https:\/\/garces-wp.ixole.es\/#website\",\"url\":\"https:\/\/garces-wp.ixole.es\/\",\"name\":\"Dermatologia Garces\",\"description\":\"Dermatologia Dr. JR Garc\u00e9s Centro M\u00e9dico Teknon\",\"publisher\":{\"@id\":\"https:\/\/garces-wp.ixole.es\/#organization\"},\"potentialAction\":[{\"@type\":\"SearchAction\",\"target\":{\"@type\":\"EntryPoint\",\"urlTemplate\":\"https:\/\/garces-wp.ixole.es\/?s={search_term_string}\"},\"query-input\":{\"@type\":\"PropertyValueSpecification\",\"valueRequired\":true,\"valueName\":\"search_term_string\"}}],\"inLanguage\":\"ca-ES\"},{\"@type\":\"Organization\",\"@id\":\"https:\/\/garces-wp.ixole.es\/#organization\",\"name\":\"Dermatologia Garc\u00e9s\",\"url\":\"https:\/\/garces-wp.ixole.es\/\",\"logo\":{\"@type\":\"ImageObject\",\"inLanguage\":\"ca-ES\",\"@id\":\"https:\/\/garces-wp.ixole.es\/#\/schema\/logo\/image\/\",\"url\":\"https:\/\/garces-wp.ixole.es\/wp-content\/uploads\/2016\/04\/Logotip-Garces-1-e1490180757988.png\",\"contentUrl\":\"https:\/\/garces-wp.ixole.es\/wp-content\/uploads\/2016\/04\/Logotip-Garces-1-e1490180757988.png\",\"width\":150,\"height\":55,\"caption\":\"Dermatologia Garc\u00e9s\"},\"image\":{\"@id\":\"https:\/\/garces-wp.ixole.es\/#\/schema\/logo\/image\/\"}}]}<\/script>\n<!-- \/ Yoast SEO plugin. -->","yoast_head_json":{"title":"Psoriasis - Dermatologia Garces","robots":{"index":"index","follow":"follow","max-snippet":"max-snippet:-1","max-image-preview":"max-image-preview:large","max-video-preview":"max-video-preview:-1"},"canonical":"https:\/\/garces-wp.ixole.es\/ca\/dermatologia-clinica\/psoriasis\/","og_locale":"ca_ES","og_type":"article","og_title":"Psoriasis - Dermatologia Garces","og_description":"[vc_row][vc_column][vc_column_text]La Psoriasi es considera una malaltia cut\u00e0nia i cr\u00f2nica, que es caracteritza per fen\u00f2mens inflamatoris i un recanvi accelerat &#8220;excessiu&#8221; de la pell. \u00c9s visible per les lesions eritematoses i descamatives de color vermell que es produeixen en diferents \u00e0rees de la pell. En ocasions, pot arribar a tenir efectes m\u00e9s enll\u00e0 de la pell [&hellip;]","og_url":"https:\/\/garces-wp.ixole.es\/ca\/dermatologia-clinica\/psoriasis\/","og_site_name":"Dermatologia Garces","article_modified_time":"2017-03-10T12:51:09+00:00","twitter_card":"summary_large_image","twitter_misc":{"Est. reading time":"1 minute"},"schema":{"@context":"https:\/\/schema.org","@graph":[{"@type":"WebPage","@id":"https:\/\/garces-wp.ixole.es\/ca\/dermatologia-clinica\/psoriasis\/","url":"https:\/\/garces-wp.ixole.es\/ca\/dermatologia-clinica\/psoriasis\/","name":"Psoriasis - Dermatologia Garces","isPartOf":{"@id":"https:\/\/garces-wp.ixole.es\/#website"},"datePublished":"2017-03-06T10:11:13+00:00","dateModified":"2017-03-10T12:51:09+00:00","breadcrumb":{"@id":"https:\/\/garces-wp.ixole.es\/ca\/dermatologia-clinica\/psoriasis\/#breadcrumb"},"inLanguage":"ca-ES","potentialAction":[{"@type":"ReadAction","target":["https:\/\/garces-wp.ixole.es\/ca\/dermatologia-clinica\/psoriasis\/"]}]},{"@type":"BreadcrumbList","@id":"https:\/\/garces-wp.ixole.es\/ca\/dermatologia-clinica\/psoriasis\/#breadcrumb","itemListElement":[{"@type":"ListItem","position":1,"name":"Portada","item":"https:\/\/garces-wp.ixole.es\/ca\/"},{"@type":"ListItem","position":2,"name":"Dermatologia cl\u00ednica","item":"https:\/\/garces-wp.ixole.es\/ca\/dermatologia-clinica\/"},{"@type":"ListItem","position":3,"name":"Psoriasis"}]},{"@type":"WebSite","@id":"https:\/\/garces-wp.ixole.es\/#website","url":"https:\/\/garces-wp.ixole.es\/","name":"Dermatologia Garces","description":"Dermatologia Dr. JR Garc\u00e9s Centro M\u00e9dico Teknon","publisher":{"@id":"https:\/\/garces-wp.ixole.es\/#organization"},"potentialAction":[{"@type":"SearchAction","target":{"@type":"EntryPoint","urlTemplate":"https:\/\/garces-wp.ixole.es\/?s={search_term_string}"},"query-input":{"@type":"PropertyValueSpecification","valueRequired":true,"valueName":"search_term_string"}}],"inLanguage":"ca-ES"},{"@type":"Organization","@id":"https:\/\/garces-wp.ixole.es\/#organization","name":"Dermatologia Garc\u00e9s","url":"https:\/\/garces-wp.ixole.es\/","logo":{"@type":"ImageObject","inLanguage":"ca-ES","@id":"https:\/\/garces-wp.ixole.es\/#\/schema\/logo\/image\/","url":"https:\/\/garces-wp.ixole.es\/wp-content\/uploads\/2016\/04\/Logotip-Garces-1-e1490180757988.png","contentUrl":"https:\/\/garces-wp.ixole.es\/wp-content\/uploads\/2016\/04\/Logotip-Garces-1-e1490180757988.png","width":150,"height":55,"caption":"Dermatologia Garc\u00e9s"},"image":{"@id":"https:\/\/garces-wp.ixole.es\/#\/schema\/logo\/image\/"}}]}},"_links":{"self":[{"href":"https:\/\/garces-wp.ixole.es\/ca\/wp-json\/wp\/v2\/pages\/1308","targetHints":{"allow":["GET"]}}],"collection":[{"href":"https:\/\/garces-wp.ixole.es\/ca\/wp-json\/wp\/v2\/pages"}],"about":[{"href":"https:\/\/garces-wp.ixole.es\/ca\/wp-json\/wp\/v2\/types\/page"}],"author":[{"embeddable":true,"href":"https:\/\/garces-wp.ixole.es\/ca\/wp-json\/wp\/v2\/users\/1"}],"replies":[{"embeddable":true,"href":"https:\/\/garces-wp.ixole.es\/ca\/wp-json\/wp\/v2\/comments?post=1308"}],"version-history":[{"count":2,"href":"https:\/\/garces-wp.ixole.es\/ca\/wp-json\/wp\/v2\/pages\/1308\/revisions"}],"predecessor-version":[{"id":1725,"href":"https:\/\/garces-wp.ixole.es\/ca\/wp-json\/wp\/v2\/pages\/1308\/revisions\/1725"}],"up":[{"embeddable":true,"href":"https:\/\/garces-wp.ixole.es\/ca\/wp-json\/wp\/v2\/pages\/1254"}],"wp:attachment":[{"href":"https:\/\/garces-wp.ixole.es\/ca\/wp-json\/wp\/v2\/media?parent=1308"}],"curies":[{"name":"wp","href":"https:\/\/api.w.org\/{rel}","templated":true}]}}