{"id":1305,"date":"2017-03-06T10:10:52","date_gmt":"2017-03-06T10:10:52","guid":{"rendered":"https:\/\/garces-wp.ixole.es\/?page_id=1305\/"},"modified":"2017-03-14T09:00:13","modified_gmt":"2017-03-14T09:00:13","slug":"ungles","status":"publish","type":"page","link":"https:\/\/garces-wp.ixole.es\/ca\/dermatologia-clinica\/ungles\/","title":{"rendered":"Ungles"},"content":{"rendered":"<p>[vc_row][vc_column][vc_column_text]Les <strong>anormalitats de les ungles<\/strong> constitueixen una causa de demanda dermatol\u00f2gica molt abundant i en augment.<\/p>\n<p>Una de les patologies m\u00e9s freq\u00fcents \u00e9s l&#8217;aparici\u00f3 de fongs, generalment als peus, que provoca un canvi de coloraci\u00f3 groguenc molt caracter\u00edstic i que requereix tractament per a la seva eliminaci\u00f3.<\/p>\n<p>\u00c9s important distingir d&#8217;entrada si el causant del canvi de la ungla \u00e9s un fong o una simple alteraci\u00f3 unguial. Actualment, moltes persones realitzen tractaments casolans, continuats, exhaustius i pesats basant-se en un possible fong com a causant de l&#8217;alteraci\u00f3 quan en la majoria de vegades els canvis s\u00f3n deguts a alteracions estructurals sense import\u00e0ncia patol\u00f2gica, \u00e9s a dir, sense malaltia.<\/p>\n<p>Un <a href=\"https:\/\/garces-wp.ixole.es\/ca\/screening-cutani-i-diagnostic-del-melanoma\/\">senzill cultiu<\/a> per determinar si hi ha o no un fong \u00e9s el primer pas per a una curaci\u00f3 de la onicomicosi, la malaltia m\u00e9s freq\u00fcent de les ungles, quan realment existeix malaltia.<\/p>\n<p>Igual que el cabell, les ungles tamb\u00e9 s\u00f3n molt sensibles als canvis interns, la medicaci\u00f3, les malalties immunes i a les agressions externes, com ara productes qu\u00edmics de contacte o els estructurals anat\u00f2mics.[\/vc_column_text][vc_separator][vc_empty_space][vc_empty_space][vc_empty_space][vc_cta h2=&#8221;Si vol demanar cita o m\u00e9s informaci\u00f3, contacti amb nosaltres&#8221; h2_font_container=&#8221;font_size:24|color:%23ffffff&#8221; h2_use_theme_fonts=&#8221;yes&#8221; add_button=&#8221;right&#8221; btn_title=&#8221;Contactar&#8221; btn_style=&#8221;classic&#8221; btn_color=&#8221;chino&#8221; btn_align=&#8221;right&#8221; css=&#8221;.vc_custom_1488903228769{background-color: #3b506b !important;}&#8221; use_custom_fonts_h2=&#8221;true&#8221; use_custom_fonts_h4=&#8221;true&#8221; btn_button_block=&#8221;true&#8221; btn_link=&#8221;url:https%3A%2F%2Fgarces-wp.ixole.es%2Fca%2Fcontactar%2F||&#8221;][\/vc_cta][\/vc_column][\/vc_row]<\/p>\n","protected":false},"excerpt":{"rendered":"<p>[vc_row][vc_column][vc_column_text]Les anormalitats de les ungles constitueixen una causa de demanda dermatol\u00f2gica molt abundant i en augment. Una de les patologies m\u00e9s freq\u00fcents \u00e9s l&#8217;aparici\u00f3 de fongs, generalment als peus, que provoca un canvi de coloraci\u00f3 groguenc molt caracter\u00edstic i que requereix tractament per a la seva eliminaci\u00f3. \u00c9s important distingir d&#8217;entrada si el causant del [&hellip;]<\/p>\n","protected":false},"author":1,"featured_media":0,"parent":1254,"menu_order":0,"comment_status":"closed","ping_status":"closed","template":"","meta":{"footnotes":""},"class_list":["post-1305","page","type-page","status-publish","hentry"],"yoast_head":"<!-- This site is optimized with the Yoast SEO plugin v26.7 - https:\/\/yoast.com\/wordpress\/plugins\/seo\/ -->\n<title>Ungles - Dermatologia Garces<\/title>\n<meta name=\"robots\" content=\"index, follow, max-snippet:-1, max-image-preview:large, max-video-preview:-1\" \/>\n<link rel=\"canonical\" href=\"https:\/\/garces-wp.ixole.es\/ca\/dermatologia-clinica\/ungles\/\" \/>\n<meta property=\"og:locale\" content=\"ca_ES\" \/>\n<meta property=\"og:type\" content=\"article\" \/>\n<meta property=\"og:title\" content=\"Ungles - Dermatologia Garces\" \/>\n<meta property=\"og:description\" content=\"[vc_row][vc_column][vc_column_text]Les anormalitats de les ungles constitueixen una causa de demanda dermatol\u00f2gica molt abundant i en augment. Una de les patologies m\u00e9s freq\u00fcents \u00e9s l&#8217;aparici\u00f3 de fongs, generalment als peus, que provoca un canvi de coloraci\u00f3 groguenc molt caracter\u00edstic i que requereix tractament per a la seva eliminaci\u00f3. \u00c9s important distingir d&#8217;entrada si el causant del [&hellip;]\" \/>\n<meta property=\"og:url\" content=\"https:\/\/garces-wp.ixole.es\/ca\/dermatologia-clinica\/ungles\/\" \/>\n<meta property=\"og:site_name\" content=\"Dermatologia Garces\" \/>\n<meta property=\"article:modified_time\" content=\"2017-03-14T09:00:13+00:00\" \/>\n<meta name=\"twitter:card\" content=\"summary_large_image\" \/>\n<meta name=\"twitter:label1\" content=\"Est. reading time\" \/>\n\t<meta name=\"twitter:data1\" content=\"1 minute\" \/>\n<script type=\"application\/ld+json\" class=\"yoast-schema-graph\">{\"@context\":\"https:\/\/schema.org\",\"@graph\":[{\"@type\":\"WebPage\",\"@id\":\"https:\/\/garces-wp.ixole.es\/ca\/dermatologia-clinica\/ungles\/\",\"url\":\"https:\/\/garces-wp.ixole.es\/ca\/dermatologia-clinica\/ungles\/\",\"name\":\"Ungles - Dermatologia Garces\",\"isPartOf\":{\"@id\":\"https:\/\/garces-wp.ixole.es\/#website\"},\"datePublished\":\"2017-03-06T10:10:52+00:00\",\"dateModified\":\"2017-03-14T09:00:13+00:00\",\"breadcrumb\":{\"@id\":\"https:\/\/garces-wp.ixole.es\/ca\/dermatologia-clinica\/ungles\/#breadcrumb\"},\"inLanguage\":\"ca-ES\",\"potentialAction\":[{\"@type\":\"ReadAction\",\"target\":[\"https:\/\/garces-wp.ixole.es\/ca\/dermatologia-clinica\/ungles\/\"]}]},{\"@type\":\"BreadcrumbList\",\"@id\":\"https:\/\/garces-wp.ixole.es\/ca\/dermatologia-clinica\/ungles\/#breadcrumb\",\"itemListElement\":[{\"@type\":\"ListItem\",\"position\":1,\"name\":\"Portada\",\"item\":\"https:\/\/garces-wp.ixole.es\/ca\/\"},{\"@type\":\"ListItem\",\"position\":2,\"name\":\"Dermatologia cl\u00ednica\",\"item\":\"https:\/\/garces-wp.ixole.es\/ca\/dermatologia-clinica\/\"},{\"@type\":\"ListItem\",\"position\":3,\"name\":\"Ungles\"}]},{\"@type\":\"WebSite\",\"@id\":\"https:\/\/garces-wp.ixole.es\/#website\",\"url\":\"https:\/\/garces-wp.ixole.es\/\",\"name\":\"Dermatologia Garces\",\"description\":\"Dermatologia Dr. JR Garc\u00e9s Centro M\u00e9dico Teknon\",\"publisher\":{\"@id\":\"https:\/\/garces-wp.ixole.es\/#organization\"},\"potentialAction\":[{\"@type\":\"SearchAction\",\"target\":{\"@type\":\"EntryPoint\",\"urlTemplate\":\"https:\/\/garces-wp.ixole.es\/?s={search_term_string}\"},\"query-input\":{\"@type\":\"PropertyValueSpecification\",\"valueRequired\":true,\"valueName\":\"search_term_string\"}}],\"inLanguage\":\"ca-ES\"},{\"@type\":\"Organization\",\"@id\":\"https:\/\/garces-wp.ixole.es\/#organization\",\"name\":\"Dermatologia Garc\u00e9s\",\"url\":\"https:\/\/garces-wp.ixole.es\/\",\"logo\":{\"@type\":\"ImageObject\",\"inLanguage\":\"ca-ES\",\"@id\":\"https:\/\/garces-wp.ixole.es\/#\/schema\/logo\/image\/\",\"url\":\"https:\/\/garces-wp.ixole.es\/wp-content\/uploads\/2016\/04\/Logotip-Garces-1-e1490180757988.png\",\"contentUrl\":\"https:\/\/garces-wp.ixole.es\/wp-content\/uploads\/2016\/04\/Logotip-Garces-1-e1490180757988.png\",\"width\":150,\"height\":55,\"caption\":\"Dermatologia Garc\u00e9s\"},\"image\":{\"@id\":\"https:\/\/garces-wp.ixole.es\/#\/schema\/logo\/image\/\"}}]}<\/script>\n<!-- \/ Yoast SEO plugin. -->","yoast_head_json":{"title":"Ungles - Dermatologia Garces","robots":{"index":"index","follow":"follow","max-snippet":"max-snippet:-1","max-image-preview":"max-image-preview:large","max-video-preview":"max-video-preview:-1"},"canonical":"https:\/\/garces-wp.ixole.es\/ca\/dermatologia-clinica\/ungles\/","og_locale":"ca_ES","og_type":"article","og_title":"Ungles - Dermatologia Garces","og_description":"[vc_row][vc_column][vc_column_text]Les anormalitats de les ungles constitueixen una causa de demanda dermatol\u00f2gica molt abundant i en augment. Una de les patologies m\u00e9s freq\u00fcents \u00e9s l&#8217;aparici\u00f3 de fongs, generalment als peus, que provoca un canvi de coloraci\u00f3 groguenc molt caracter\u00edstic i que requereix tractament per a la seva eliminaci\u00f3. \u00c9s important distingir d&#8217;entrada si el causant del [&hellip;]","og_url":"https:\/\/garces-wp.ixole.es\/ca\/dermatologia-clinica\/ungles\/","og_site_name":"Dermatologia Garces","article_modified_time":"2017-03-14T09:00:13+00:00","twitter_card":"summary_large_image","twitter_misc":{"Est. reading time":"1 minute"},"schema":{"@context":"https:\/\/schema.org","@graph":[{"@type":"WebPage","@id":"https:\/\/garces-wp.ixole.es\/ca\/dermatologia-clinica\/ungles\/","url":"https:\/\/garces-wp.ixole.es\/ca\/dermatologia-clinica\/ungles\/","name":"Ungles - Dermatologia Garces","isPartOf":{"@id":"https:\/\/garces-wp.ixole.es\/#website"},"datePublished":"2017-03-06T10:10:52+00:00","dateModified":"2017-03-14T09:00:13+00:00","breadcrumb":{"@id":"https:\/\/garces-wp.ixole.es\/ca\/dermatologia-clinica\/ungles\/#breadcrumb"},"inLanguage":"ca-ES","potentialAction":[{"@type":"ReadAction","target":["https:\/\/garces-wp.ixole.es\/ca\/dermatologia-clinica\/ungles\/"]}]},{"@type":"BreadcrumbList","@id":"https:\/\/garces-wp.ixole.es\/ca\/dermatologia-clinica\/ungles\/#breadcrumb","itemListElement":[{"@type":"ListItem","position":1,"name":"Portada","item":"https:\/\/garces-wp.ixole.es\/ca\/"},{"@type":"ListItem","position":2,"name":"Dermatologia cl\u00ednica","item":"https:\/\/garces-wp.ixole.es\/ca\/dermatologia-clinica\/"},{"@type":"ListItem","position":3,"name":"Ungles"}]},{"@type":"WebSite","@id":"https:\/\/garces-wp.ixole.es\/#website","url":"https:\/\/garces-wp.ixole.es\/","name":"Dermatologia Garces","description":"Dermatologia Dr. JR Garc\u00e9s Centro M\u00e9dico Teknon","publisher":{"@id":"https:\/\/garces-wp.ixole.es\/#organization"},"potentialAction":[{"@type":"SearchAction","target":{"@type":"EntryPoint","urlTemplate":"https:\/\/garces-wp.ixole.es\/?s={search_term_string}"},"query-input":{"@type":"PropertyValueSpecification","valueRequired":true,"valueName":"search_term_string"}}],"inLanguage":"ca-ES"},{"@type":"Organization","@id":"https:\/\/garces-wp.ixole.es\/#organization","name":"Dermatologia Garc\u00e9s","url":"https:\/\/garces-wp.ixole.es\/","logo":{"@type":"ImageObject","inLanguage":"ca-ES","@id":"https:\/\/garces-wp.ixole.es\/#\/schema\/logo\/image\/","url":"https:\/\/garces-wp.ixole.es\/wp-content\/uploads\/2016\/04\/Logotip-Garces-1-e1490180757988.png","contentUrl":"https:\/\/garces-wp.ixole.es\/wp-content\/uploads\/2016\/04\/Logotip-Garces-1-e1490180757988.png","width":150,"height":55,"caption":"Dermatologia Garc\u00e9s"},"image":{"@id":"https:\/\/garces-wp.ixole.es\/#\/schema\/logo\/image\/"}}]}},"_links":{"self":[{"href":"https:\/\/garces-wp.ixole.es\/ca\/wp-json\/wp\/v2\/pages\/1305","targetHints":{"allow":["GET"]}}],"collection":[{"href":"https:\/\/garces-wp.ixole.es\/ca\/wp-json\/wp\/v2\/pages"}],"about":[{"href":"https:\/\/garces-wp.ixole.es\/ca\/wp-json\/wp\/v2\/types\/page"}],"author":[{"embeddable":true,"href":"https:\/\/garces-wp.ixole.es\/ca\/wp-json\/wp\/v2\/users\/1"}],"replies":[{"embeddable":true,"href":"https:\/\/garces-wp.ixole.es\/ca\/wp-json\/wp\/v2\/comments?post=1305"}],"version-history":[{"count":4,"href":"https:\/\/garces-wp.ixole.es\/ca\/wp-json\/wp\/v2\/pages\/1305\/revisions"}],"predecessor-version":[{"id":1734,"href":"https:\/\/garces-wp.ixole.es\/ca\/wp-json\/wp\/v2\/pages\/1305\/revisions\/1734"}],"up":[{"embeddable":true,"href":"https:\/\/garces-wp.ixole.es\/ca\/wp-json\/wp\/v2\/pages\/1254"}],"wp:attachment":[{"href":"https:\/\/garces-wp.ixole.es\/ca\/wp-json\/wp\/v2\/media?parent=1305"}],"curies":[{"name":"wp","href":"https:\/\/api.w.org\/{rel}","templated":true}]}}