{"id":1288,"date":"2017-03-06T10:05:51","date_gmt":"2017-03-06T10:05:51","guid":{"rendered":"https:\/\/garces-wp.ixole.es\/?page_id=1288\/"},"modified":"2017-03-29T17:02:03","modified_gmt":"2017-03-29T17:02:03","slug":"cirurgia-de-mohs","status":"publish","type":"page","link":"https:\/\/garces-wp.ixole.es\/ca\/dermatologia-quirurgica\/cirurgia-de-mohs\/","title":{"rendered":"Cirurgia de Mohs"},"content":{"rendered":"<p>[vc_row][vc_column width=&#8221;1\/2&#8243;][vc_single_image image=&#8221;1929&#8243; img_size=&#8221;full&#8221;][\/vc_column][vc_column width=&#8221;1\/2&#8243;][vc_column_text]Es coneix com <strong>Cirurgia de Mohs o Cirurgia Microgr\u00e0fica la t\u00e8cnica quir\u00fargica m\u00e9s espec\u00edfica per al tractament del c\u00e0ncer de pell localitzat.<\/strong> Aquesta t\u00e8cnica consisteix a extirpar el tumor per capes, controlant els marges tumorals mitjan\u00e7ant un microscopi. El seu objectiu \u00e9s eliminar tot el tumor respectant al m\u00e0xim la pell sana del voltant.<\/p>\n<p>Els tumors que s&#8217;extirpen amb aquesta t\u00e8cnica aconsegueixen les m\u00e9s altes taxes de curaci\u00f3 encara que a causa del seu sofisticaci\u00f3 no \u00e9s una t\u00e8cnica que serveixi per a tots els c\u00e0ncers de pell. La cirurgia de Mohs \u00e9s molt complexa, per la qual cosa es realitza en molt pocs centres d&#8217;aquest pa\u00eds. El <a href=\"https:\/\/garces-wp.ixole.es\/ca\/jrgarces\/\">Dr. Garc\u00e9s<\/a> \u00e9s expert en aquesta t\u00e8cnica i ha realitzat m\u00e9s de 2.000 Cirurgies de Mohs al llarg de la seva carrera.[\/vc_column_text][\/vc_column][\/vc_row][vc_row gap=&#8221;20&#8243; content_placement=&#8221;middle&#8221;][vc_column][vc_column_text]<\/p>\n<h3>La intervenci\u00f3<\/h3>\n<p>En primer lloc es anest\u00e8sia la zona afectada i es procedeix a extirpar la capa afectada per la tumoraci\u00f3. Un cop extirpada, es prepara la mostra per a ser analitzada al laboratori i veure si s&#8217;ha eliminat el tumor en la seva totalitat.<\/p>\n<p>Es practica hemost\u00e0sia per evitar que la ferida sang i es curi provisionalment a l&#8217;espera dels resultats del laboratori. Aquests solen trigar uns 30-45 minuts. Durant l&#8217;espera, el pacient podr\u00e0 estar acompanyat relaxant-se en les nostres instal\u00b7lacions del Centre M\u00e8dic Teknon.<\/p>\n<p>Un cop analitzats els trossos de teixit, si es detecta alguna c\u00e8l\u00b7lula cancerosa es repeteix tot el procediment anterior encara que nom\u00e9s a l&#8217;\u00e0rea afectada fins aconseguir la total eradicaci\u00f3. \u00c9s una cirurgia per etapes. Normalment en tumors no complicats amb una o dues etapes \u00e9s suficient, per\u00f2 en ocasions cal repetir entre 3 i 4 vegades per assegurar l&#8217;extirpaci\u00f3 total de c\u00e8l\u00b7lules cancerosa i aix\u00f2 pot suposar una intervenci\u00f3 de 2 a 4 hores per al pacient depenent del tipus i localitzaci\u00f3 del tumor.<\/p>\n<h3>La ferida i la seva curaci\u00f3<\/h3>\n<p>Un cop eliminat tot el tumor completament, es decideix la millor soluci\u00f3 per tancar la ferida. En alguns casos es prefereix que tanqui sola, aix\u00f2 requerir\u00e0 de cures a casa durant unes setmanes. En altres ocasions, es sutura la ferida o s&#8217;usen empelts o altres t\u00e8cniques de cirurgia est\u00e8tica.<\/p>\n<p>La majoria dels pacients notaran tibantor o picor a la ferida per\u00f2 aquests s\u00edmptomes aniran disminuint amb el temps. Cal destacar que si el tumor afecta branques superficials nervioses, el pacient trigar\u00e0 a reprendre la sensibilitat normal. L&#8217;aspecte definitiu d&#8217;una ferida s&#8217;arriba a un any despr\u00e9s de la intervenci\u00f3.[\/vc_column_text][vc_separator][vc_empty_space][vc_empty_space][vc_empty_space][vc_cta h2=&#8221;Si vol demanar cita o m\u00e9s informaci\u00f3, contacti amb nosaltres&#8221; h2_font_container=&#8221;font_size:24|color:%23ffffff&#8221; h2_use_theme_fonts=&#8221;yes&#8221; add_button=&#8221;right&#8221; btn_title=&#8221;Contactar&#8221; btn_style=&#8221;classic&#8221; btn_color=&#8221;chino&#8221; btn_align=&#8221;right&#8221; css=&#8221;.vc_custom_1488903228769{background-color: #3b506b !important;}&#8221; use_custom_fonts_h2=&#8221;true&#8221; use_custom_fonts_h4=&#8221;true&#8221; btn_button_block=&#8221;true&#8221; btn_link=&#8221;url:https%3A%2F%2Fgarces-wp.ixole.es%2Fca%2Fcontactar%2F||&#8221;][\/vc_cta][\/vc_column][\/vc_row]<\/p>\n","protected":false},"excerpt":{"rendered":"<p>[vc_row][vc_column width=&#8221;1\/2&#8243;][vc_single_image image=&#8221;1929&#8243; img_size=&#8221;full&#8221;][\/vc_column][vc_column width=&#8221;1\/2&#8243;][vc_column_text]Es coneix com Cirurgia de Mohs o Cirurgia Microgr\u00e0fica la t\u00e8cnica quir\u00fargica m\u00e9s espec\u00edfica per al tractament del c\u00e0ncer de pell localitzat. Aquesta t\u00e8cnica consisteix a extirpar el tumor per capes, controlant els marges tumorals mitjan\u00e7ant un microscopi. El seu objectiu \u00e9s eliminar tot el tumor respectant al m\u00e0xim la pell [&hellip;]<\/p>\n","protected":false},"author":1,"featured_media":0,"parent":1258,"menu_order":0,"comment_status":"closed","ping_status":"closed","template":"","meta":{"footnotes":""},"class_list":["post-1288","page","type-page","status-publish","hentry"],"yoast_head":"<!-- This site is optimized with the Yoast SEO plugin v26.7 - https:\/\/yoast.com\/wordpress\/plugins\/seo\/ -->\n<title>Cirurgia de Mohs - Dermatologia Garces<\/title>\n<meta name=\"robots\" content=\"index, follow, max-snippet:-1, max-image-preview:large, max-video-preview:-1\" \/>\n<link rel=\"canonical\" href=\"https:\/\/garces-wp.ixole.es\/ca\/dermatologia-quirurgica\/cirurgia-de-mohs\/\" \/>\n<meta property=\"og:locale\" content=\"ca_ES\" \/>\n<meta property=\"og:type\" content=\"article\" \/>\n<meta property=\"og:title\" content=\"Cirurgia de Mohs - Dermatologia Garces\" \/>\n<meta property=\"og:description\" content=\"[vc_row][vc_column width=&#8221;1\/2&#8243;][vc_single_image image=&#8221;1929&#8243; img_size=&#8221;full&#8221;][\/vc_column][vc_column width=&#8221;1\/2&#8243;][vc_column_text]Es coneix com Cirurgia de Mohs o Cirurgia Microgr\u00e0fica la t\u00e8cnica quir\u00fargica m\u00e9s espec\u00edfica per al tractament del c\u00e0ncer de pell localitzat. Aquesta t\u00e8cnica consisteix a extirpar el tumor per capes, controlant els marges tumorals mitjan\u00e7ant un microscopi. El seu objectiu \u00e9s eliminar tot el tumor respectant al m\u00e0xim la pell [&hellip;]\" \/>\n<meta property=\"og:url\" content=\"https:\/\/garces-wp.ixole.es\/ca\/dermatologia-quirurgica\/cirurgia-de-mohs\/\" \/>\n<meta property=\"og:site_name\" content=\"Dermatologia Garces\" \/>\n<meta property=\"article:modified_time\" content=\"2017-03-29T17:02:03+00:00\" \/>\n<meta name=\"twitter:card\" content=\"summary_large_image\" \/>\n<meta name=\"twitter:label1\" content=\"Est. reading time\" \/>\n\t<meta name=\"twitter:data1\" content=\"3 minutes\" \/>\n<script type=\"application\/ld+json\" class=\"yoast-schema-graph\">{\"@context\":\"https:\/\/schema.org\",\"@graph\":[{\"@type\":\"WebPage\",\"@id\":\"https:\/\/garces-wp.ixole.es\/ca\/dermatologia-quirurgica\/cirurgia-de-mohs\/\",\"url\":\"https:\/\/garces-wp.ixole.es\/ca\/dermatologia-quirurgica\/cirurgia-de-mohs\/\",\"name\":\"Cirurgia de Mohs - Dermatologia Garces\",\"isPartOf\":{\"@id\":\"https:\/\/garces-wp.ixole.es\/#website\"},\"datePublished\":\"2017-03-06T10:05:51+00:00\",\"dateModified\":\"2017-03-29T17:02:03+00:00\",\"breadcrumb\":{\"@id\":\"https:\/\/garces-wp.ixole.es\/ca\/dermatologia-quirurgica\/cirurgia-de-mohs\/#breadcrumb\"},\"inLanguage\":\"ca-ES\",\"potentialAction\":[{\"@type\":\"ReadAction\",\"target\":[\"https:\/\/garces-wp.ixole.es\/ca\/dermatologia-quirurgica\/cirurgia-de-mohs\/\"]}]},{\"@type\":\"BreadcrumbList\",\"@id\":\"https:\/\/garces-wp.ixole.es\/ca\/dermatologia-quirurgica\/cirurgia-de-mohs\/#breadcrumb\",\"itemListElement\":[{\"@type\":\"ListItem\",\"position\":1,\"name\":\"Portada\",\"item\":\"https:\/\/garces-wp.ixole.es\/ca\/\"},{\"@type\":\"ListItem\",\"position\":2,\"name\":\"Dermatologia quir\u00fargica\",\"item\":\"https:\/\/garces-wp.ixole.es\/ca\/dermatologia-quirurgica\/\"},{\"@type\":\"ListItem\",\"position\":3,\"name\":\"Cirurgia de Mohs\"}]},{\"@type\":\"WebSite\",\"@id\":\"https:\/\/garces-wp.ixole.es\/#website\",\"url\":\"https:\/\/garces-wp.ixole.es\/\",\"name\":\"Dermatologia Garces\",\"description\":\"Dermatologia Dr. JR Garc\u00e9s Centro M\u00e9dico Teknon\",\"publisher\":{\"@id\":\"https:\/\/garces-wp.ixole.es\/#organization\"},\"potentialAction\":[{\"@type\":\"SearchAction\",\"target\":{\"@type\":\"EntryPoint\",\"urlTemplate\":\"https:\/\/garces-wp.ixole.es\/?s={search_term_string}\"},\"query-input\":{\"@type\":\"PropertyValueSpecification\",\"valueRequired\":true,\"valueName\":\"search_term_string\"}}],\"inLanguage\":\"ca-ES\"},{\"@type\":\"Organization\",\"@id\":\"https:\/\/garces-wp.ixole.es\/#organization\",\"name\":\"Dermatologia Garc\u00e9s\",\"url\":\"https:\/\/garces-wp.ixole.es\/\",\"logo\":{\"@type\":\"ImageObject\",\"inLanguage\":\"ca-ES\",\"@id\":\"https:\/\/garces-wp.ixole.es\/#\/schema\/logo\/image\/\",\"url\":\"https:\/\/garces-wp.ixole.es\/wp-content\/uploads\/2016\/04\/Logotip-Garces-1-e1490180757988.png\",\"contentUrl\":\"https:\/\/garces-wp.ixole.es\/wp-content\/uploads\/2016\/04\/Logotip-Garces-1-e1490180757988.png\",\"width\":150,\"height\":55,\"caption\":\"Dermatologia Garc\u00e9s\"},\"image\":{\"@id\":\"https:\/\/garces-wp.ixole.es\/#\/schema\/logo\/image\/\"}}]}<\/script>\n<!-- \/ Yoast SEO plugin. -->","yoast_head_json":{"title":"Cirurgia de Mohs - Dermatologia Garces","robots":{"index":"index","follow":"follow","max-snippet":"max-snippet:-1","max-image-preview":"max-image-preview:large","max-video-preview":"max-video-preview:-1"},"canonical":"https:\/\/garces-wp.ixole.es\/ca\/dermatologia-quirurgica\/cirurgia-de-mohs\/","og_locale":"ca_ES","og_type":"article","og_title":"Cirurgia de Mohs - Dermatologia Garces","og_description":"[vc_row][vc_column width=&#8221;1\/2&#8243;][vc_single_image image=&#8221;1929&#8243; img_size=&#8221;full&#8221;][\/vc_column][vc_column width=&#8221;1\/2&#8243;][vc_column_text]Es coneix com Cirurgia de Mohs o Cirurgia Microgr\u00e0fica la t\u00e8cnica quir\u00fargica m\u00e9s espec\u00edfica per al tractament del c\u00e0ncer de pell localitzat. Aquesta t\u00e8cnica consisteix a extirpar el tumor per capes, controlant els marges tumorals mitjan\u00e7ant un microscopi. El seu objectiu \u00e9s eliminar tot el tumor respectant al m\u00e0xim la pell [&hellip;]","og_url":"https:\/\/garces-wp.ixole.es\/ca\/dermatologia-quirurgica\/cirurgia-de-mohs\/","og_site_name":"Dermatologia Garces","article_modified_time":"2017-03-29T17:02:03+00:00","twitter_card":"summary_large_image","twitter_misc":{"Est. reading time":"3 minutes"},"schema":{"@context":"https:\/\/schema.org","@graph":[{"@type":"WebPage","@id":"https:\/\/garces-wp.ixole.es\/ca\/dermatologia-quirurgica\/cirurgia-de-mohs\/","url":"https:\/\/garces-wp.ixole.es\/ca\/dermatologia-quirurgica\/cirurgia-de-mohs\/","name":"Cirurgia de Mohs - Dermatologia Garces","isPartOf":{"@id":"https:\/\/garces-wp.ixole.es\/#website"},"datePublished":"2017-03-06T10:05:51+00:00","dateModified":"2017-03-29T17:02:03+00:00","breadcrumb":{"@id":"https:\/\/garces-wp.ixole.es\/ca\/dermatologia-quirurgica\/cirurgia-de-mohs\/#breadcrumb"},"inLanguage":"ca-ES","potentialAction":[{"@type":"ReadAction","target":["https:\/\/garces-wp.ixole.es\/ca\/dermatologia-quirurgica\/cirurgia-de-mohs\/"]}]},{"@type":"BreadcrumbList","@id":"https:\/\/garces-wp.ixole.es\/ca\/dermatologia-quirurgica\/cirurgia-de-mohs\/#breadcrumb","itemListElement":[{"@type":"ListItem","position":1,"name":"Portada","item":"https:\/\/garces-wp.ixole.es\/ca\/"},{"@type":"ListItem","position":2,"name":"Dermatologia quir\u00fargica","item":"https:\/\/garces-wp.ixole.es\/ca\/dermatologia-quirurgica\/"},{"@type":"ListItem","position":3,"name":"Cirurgia de Mohs"}]},{"@type":"WebSite","@id":"https:\/\/garces-wp.ixole.es\/#website","url":"https:\/\/garces-wp.ixole.es\/","name":"Dermatologia Garces","description":"Dermatologia Dr. JR Garc\u00e9s Centro M\u00e9dico Teknon","publisher":{"@id":"https:\/\/garces-wp.ixole.es\/#organization"},"potentialAction":[{"@type":"SearchAction","target":{"@type":"EntryPoint","urlTemplate":"https:\/\/garces-wp.ixole.es\/?s={search_term_string}"},"query-input":{"@type":"PropertyValueSpecification","valueRequired":true,"valueName":"search_term_string"}}],"inLanguage":"ca-ES"},{"@type":"Organization","@id":"https:\/\/garces-wp.ixole.es\/#organization","name":"Dermatologia Garc\u00e9s","url":"https:\/\/garces-wp.ixole.es\/","logo":{"@type":"ImageObject","inLanguage":"ca-ES","@id":"https:\/\/garces-wp.ixole.es\/#\/schema\/logo\/image\/","url":"https:\/\/garces-wp.ixole.es\/wp-content\/uploads\/2016\/04\/Logotip-Garces-1-e1490180757988.png","contentUrl":"https:\/\/garces-wp.ixole.es\/wp-content\/uploads\/2016\/04\/Logotip-Garces-1-e1490180757988.png","width":150,"height":55,"caption":"Dermatologia Garc\u00e9s"},"image":{"@id":"https:\/\/garces-wp.ixole.es\/#\/schema\/logo\/image\/"}}]}},"_links":{"self":[{"href":"https:\/\/garces-wp.ixole.es\/ca\/wp-json\/wp\/v2\/pages\/1288","targetHints":{"allow":["GET"]}}],"collection":[{"href":"https:\/\/garces-wp.ixole.es\/ca\/wp-json\/wp\/v2\/pages"}],"about":[{"href":"https:\/\/garces-wp.ixole.es\/ca\/wp-json\/wp\/v2\/types\/page"}],"author":[{"embeddable":true,"href":"https:\/\/garces-wp.ixole.es\/ca\/wp-json\/wp\/v2\/users\/1"}],"replies":[{"embeddable":true,"href":"https:\/\/garces-wp.ixole.es\/ca\/wp-json\/wp\/v2\/comments?post=1288"}],"version-history":[{"count":4,"href":"https:\/\/garces-wp.ixole.es\/ca\/wp-json\/wp\/v2\/pages\/1288\/revisions"}],"predecessor-version":[{"id":1932,"href":"https:\/\/garces-wp.ixole.es\/ca\/wp-json\/wp\/v2\/pages\/1288\/revisions\/1932"}],"up":[{"embeddable":true,"href":"https:\/\/garces-wp.ixole.es\/ca\/wp-json\/wp\/v2\/pages\/1258"}],"wp:attachment":[{"href":"https:\/\/garces-wp.ixole.es\/ca\/wp-json\/wp\/v2\/media?parent=1288"}],"curies":[{"name":"wp","href":"https:\/\/api.w.org\/{rel}","templated":true}]}}