{"id":1279,"date":"2017-03-06T10:03:46","date_gmt":"2017-03-06T10:03:46","guid":{"rendered":"https:\/\/garces-wp.ixole.es\/?page_id=1279\/"},"modified":"2017-03-29T16:49:03","modified_gmt":"2017-03-29T16:49:03","slug":"tipus-de-cancer-de-pell","status":"publish","type":"page","link":"https:\/\/garces-wp.ixole.es\/ca\/cancer-de-pell\/tipus-de-cancer-de-pell\/","title":{"rendered":"Tipus de c\u00e0ncer de pell"},"content":{"rendered":"<p>[vc_row][vc_column][vc_column_text]<\/p>\n<div id=\"p_p_id_56_INSTANCE_5tRl_\" class=\"portlet-boundary portlet-boundary_56_ portlet-static portlet-static-end portlet-journal-content \">\n<div id=\"aui-3-2-0PR1-1174\" class=\"portlet-borderless-container\">\n<div id=\"aui-3-2-0PR1-1171\" class=\"portlet-body\">\n<div id=\"article_10131_139655_596915_1.0\" class=\"journal-content-article\">\n<div id=\"aui-3-2-0PR1-1166\" class=\"caja_contenido\">\n<div id=\"aui-3-2-0PR1-1163\" class=\"caja_texto\">\n<div id=\"texto\" class=\"texto\">\n<p>El c\u00e0ncer de pell \u00e9s actualment el tumor maligne m\u00e9s freq\u00fcent en els \u00e9ssers humans de pell clara i ha anat augmentant progressivament la seva incid\u00e8ncia durant els \u00faltims anys. Poden apar\u00e8ixer en qualsevol part del cos i de diferents formes (crostes, ferides, pigues, etc.).<\/p>\n<p>Existeixen molts tipus de c\u00e0ncer de pell entre els quals destaquen, per la seva major incid\u00e8ncia, <strong>el carcinoma basocel\u00b7lular, el carcinoma escam\u00f3s i el melanoma.<\/strong><\/p>\n<\/div>\n<\/div>\n<\/div>\n<\/div>\n<\/div>\n<\/div>\n<\/div>\n<div id=\"aui-3-2-0PR1-1201\" class=\"portlet-borderless-container\"><\/div>\n<p>[\/vc_column_text][\/vc_column][\/vc_row][vc_row gap=&#8221;20&#8243; content_placement=&#8221;middle&#8221;][vc_column][vc_column_text]<\/p>\n<h3><strong>El carcinoma basocel\u00b7lular<\/strong><\/h3>\n<p>\u00c9s el c\u00e0ncer de pell m\u00e9s habitual per\u00f2 tamb\u00e9 el que presenta un creixement m\u00e9s lent i amb menys probabilitats de disseminaci\u00f3. Un dels principals factors de risc s\u00f3n les exposicions solars cr\u00f2niques. \u00c9s per aix\u00f2 que normalment acostumar a apar\u00e8ixer a les zones m\u00e9s exposades al sol, com la cara, l&#8217;escot o l&#8217;esquena. Si es detecta de forma preco\u00e7, generalment t\u00e9 bon pron\u00f2stic.<\/p>\n<p><strong>Com detectar-lo:<\/strong> Normalment es presenta en forma de cicatriu dura i voluminosa amb petites venes en la superf\u00edcie i pot presentar sagnat ocasional, espontani i sense causa aparent.<\/p>\n<h3><strong>El carcinoma escam\u00f3s o espinocel\u00b7lular<\/strong><\/h3>\n<p>El <strong>carcinoma escam\u00f3s o espinocel\u00b7lular<\/strong> est\u00e0 m\u00e9s \u00edntimament relacionat amb l&#8217;exposici\u00f3 solar per\u00f2, a difer\u00e8ncia del carcinoma basocel\u00b7lular, \u00e9s m\u00e9s agressiu, creix m\u00e9s r\u00e0pid i pot generar met\u00e0stasi. En aquesta tipologia de c\u00e0ncer \u00e9s important\u00edssim <strong>el <a href=\"https:\/\/garces-wp.ixole.es\/ca\/screening-cutani-i-diagnostic-del-melanoma\/diagnostic-del-melanoma\/\">diagn\u00f2stic preco\u00e7<\/a>,<\/strong> per evitar una possible disseminaci\u00f3 cap a altres \u00f2rgans i poder realitzar un tractament immediat durant les seves fases inicials.<\/p>\n<p><strong>Com detectar-lo:<\/strong> es pot presentar en forma de lesions com berrugues que creixen r\u00e0pid i que poden adquirir tonalitats vermelloses.<\/p>\n<h3><strong>El melanoma<\/strong><\/h3>\n<p>El melanoma \u00e9s un tipus de c\u00e0ncer de pell que s&#8217;origina a les c\u00e8l\u00b7lules encarregades del pigment, els melan\u00f2cits. Es caracteritza per ser un dels c\u00e0ncers m\u00e9s agressius i per la seva capacitat de disseminar-se amb facilitat i per aix\u00f2 primordial la <strong>seva detecci\u00f3 preco\u00e7<\/strong>. Per aquest motiu, \u00e9s recomanable fer-se revisions peri\u00f2diques de nevus o pigues i consultar amb el dermat\u00f2leg qualsevol canvi o qualsevol aparici\u00f3 de taques a la pell.<\/p>\n<p>Com detectar-lo: sol assemblar-se als nevus, \u00e9s a dir, pigues pigmentades, per\u00f2 que presentin asimetries, irregularitat en les vores, colors variables (vermell, negre, etc.) i normalment m\u00e9s gran de 6 mil\u00b7l\u00edmetres. \u00c9s per aix\u00f2 que \u00e9s tan important el<a href=\"https:\/\/garces-wp.ixole.es\/ca\/screening-cutani-i-diagnostic-del-melanoma\/diagnostic-del-melanoma\/\"> <strong>screening cutani<\/strong>.<\/a><\/p>\n<p>[\/vc_column_text][vc_separator][vc_empty_space][vc_empty_space][vc_empty_space][vc_cta h2=&#8221;Si vol demanar cita o m\u00e9s informaci\u00f3, contacti amb nosaltres&#8221; h2_font_container=&#8221;font_size:24|color:%23ffffff&#8221; h2_use_theme_fonts=&#8221;yes&#8221; add_button=&#8221;right&#8221; btn_title=&#8221;Contactar&#8221; btn_style=&#8221;classic&#8221; btn_color=&#8221;chino&#8221; btn_align=&#8221;right&#8221; css=&#8221;.vc_custom_1488903228769{background-color: #3b506b !important;}&#8221; use_custom_fonts_h2=&#8221;true&#8221; use_custom_fonts_h4=&#8221;true&#8221; btn_button_block=&#8221;true&#8221; btn_link=&#8221;url:https%3A%2F%2Fgarces-wp.ixole.es%2Fca%2Fcontactar%2F||&#8221;][\/vc_cta][\/vc_column][\/vc_row]<\/p>\n","protected":false},"excerpt":{"rendered":"<p>[vc_row][vc_column][vc_column_text] El c\u00e0ncer de pell \u00e9s actualment el tumor maligne m\u00e9s freq\u00fcent en els \u00e9ssers humans de pell clara i ha anat augmentant progressivament la seva incid\u00e8ncia durant els \u00faltims anys. Poden apar\u00e8ixer en qualsevol part del cos i de diferents formes (crostes, ferides, pigues, etc.). Existeixen molts tipus de c\u00e0ncer de pell entre els [&hellip;]<\/p>\n","protected":false},"author":1,"featured_media":0,"parent":1248,"menu_order":0,"comment_status":"closed","ping_status":"closed","template":"","meta":{"footnotes":""},"class_list":["post-1279","page","type-page","status-publish","hentry"],"yoast_head":"<!-- This site is optimized with the Yoast SEO plugin v26.7 - https:\/\/yoast.com\/wordpress\/plugins\/seo\/ -->\n<title>Tipus de c\u00e0ncer de pell - Dermatologia Garces<\/title>\n<meta name=\"robots\" content=\"index, follow, max-snippet:-1, max-image-preview:large, max-video-preview:-1\" \/>\n<link rel=\"canonical\" href=\"https:\/\/garces-wp.ixole.es\/ca\/cancer-de-pell\/tipus-de-cancer-de-pell\/\" \/>\n<meta property=\"og:locale\" content=\"ca_ES\" \/>\n<meta property=\"og:type\" content=\"article\" \/>\n<meta property=\"og:title\" content=\"Tipus de c\u00e0ncer de pell - Dermatologia Garces\" \/>\n<meta property=\"og:description\" content=\"[vc_row][vc_column][vc_column_text] El c\u00e0ncer de pell \u00e9s actualment el tumor maligne m\u00e9s freq\u00fcent en els \u00e9ssers humans de pell clara i ha anat augmentant progressivament la seva incid\u00e8ncia durant els \u00faltims anys. Poden apar\u00e8ixer en qualsevol part del cos i de diferents formes (crostes, ferides, pigues, etc.). Existeixen molts tipus de c\u00e0ncer de pell entre els [&hellip;]\" \/>\n<meta property=\"og:url\" content=\"https:\/\/garces-wp.ixole.es\/ca\/cancer-de-pell\/tipus-de-cancer-de-pell\/\" \/>\n<meta property=\"og:site_name\" content=\"Dermatologia Garces\" \/>\n<meta property=\"article:modified_time\" content=\"2017-03-29T16:49:03+00:00\" \/>\n<meta name=\"twitter:card\" content=\"summary_large_image\" \/>\n<meta name=\"twitter:label1\" content=\"Est. reading time\" \/>\n\t<meta name=\"twitter:data1\" content=\"3 minutes\" \/>\n<script type=\"application\/ld+json\" class=\"yoast-schema-graph\">{\"@context\":\"https:\/\/schema.org\",\"@graph\":[{\"@type\":\"WebPage\",\"@id\":\"https:\/\/garces-wp.ixole.es\/ca\/cancer-de-pell\/tipus-de-cancer-de-pell\/\",\"url\":\"https:\/\/garces-wp.ixole.es\/ca\/cancer-de-pell\/tipus-de-cancer-de-pell\/\",\"name\":\"Tipus de c\u00e0ncer de pell - Dermatologia Garces\",\"isPartOf\":{\"@id\":\"https:\/\/garces-wp.ixole.es\/#website\"},\"datePublished\":\"2017-03-06T10:03:46+00:00\",\"dateModified\":\"2017-03-29T16:49:03+00:00\",\"breadcrumb\":{\"@id\":\"https:\/\/garces-wp.ixole.es\/ca\/cancer-de-pell\/tipus-de-cancer-de-pell\/#breadcrumb\"},\"inLanguage\":\"ca-ES\",\"potentialAction\":[{\"@type\":\"ReadAction\",\"target\":[\"https:\/\/garces-wp.ixole.es\/ca\/cancer-de-pell\/tipus-de-cancer-de-pell\/\"]}]},{\"@type\":\"BreadcrumbList\",\"@id\":\"https:\/\/garces-wp.ixole.es\/ca\/cancer-de-pell\/tipus-de-cancer-de-pell\/#breadcrumb\",\"itemListElement\":[{\"@type\":\"ListItem\",\"position\":1,\"name\":\"Portada\",\"item\":\"https:\/\/garces-wp.ixole.es\/ca\/\"},{\"@type\":\"ListItem\",\"position\":2,\"name\":\"C\u00e0ncer de pell\",\"item\":\"https:\/\/garces-wp.ixole.es\/ca\/cancer-de-pell\/\"},{\"@type\":\"ListItem\",\"position\":3,\"name\":\"Tipus de c\u00e0ncer de pell\"}]},{\"@type\":\"WebSite\",\"@id\":\"https:\/\/garces-wp.ixole.es\/#website\",\"url\":\"https:\/\/garces-wp.ixole.es\/\",\"name\":\"Dermatologia Garces\",\"description\":\"Dermatologia Dr. JR Garc\u00e9s Centro M\u00e9dico Teknon\",\"publisher\":{\"@id\":\"https:\/\/garces-wp.ixole.es\/#organization\"},\"potentialAction\":[{\"@type\":\"SearchAction\",\"target\":{\"@type\":\"EntryPoint\",\"urlTemplate\":\"https:\/\/garces-wp.ixole.es\/?s={search_term_string}\"},\"query-input\":{\"@type\":\"PropertyValueSpecification\",\"valueRequired\":true,\"valueName\":\"search_term_string\"}}],\"inLanguage\":\"ca-ES\"},{\"@type\":\"Organization\",\"@id\":\"https:\/\/garces-wp.ixole.es\/#organization\",\"name\":\"Dermatologia Garc\u00e9s\",\"url\":\"https:\/\/garces-wp.ixole.es\/\",\"logo\":{\"@type\":\"ImageObject\",\"inLanguage\":\"ca-ES\",\"@id\":\"https:\/\/garces-wp.ixole.es\/#\/schema\/logo\/image\/\",\"url\":\"https:\/\/garces-wp.ixole.es\/wp-content\/uploads\/2016\/04\/Logotip-Garces-1-e1490180757988.png\",\"contentUrl\":\"https:\/\/garces-wp.ixole.es\/wp-content\/uploads\/2016\/04\/Logotip-Garces-1-e1490180757988.png\",\"width\":150,\"height\":55,\"caption\":\"Dermatologia Garc\u00e9s\"},\"image\":{\"@id\":\"https:\/\/garces-wp.ixole.es\/#\/schema\/logo\/image\/\"}}]}<\/script>\n<!-- \/ Yoast SEO plugin. -->","yoast_head_json":{"title":"Tipus de c\u00e0ncer de pell - Dermatologia Garces","robots":{"index":"index","follow":"follow","max-snippet":"max-snippet:-1","max-image-preview":"max-image-preview:large","max-video-preview":"max-video-preview:-1"},"canonical":"https:\/\/garces-wp.ixole.es\/ca\/cancer-de-pell\/tipus-de-cancer-de-pell\/","og_locale":"ca_ES","og_type":"article","og_title":"Tipus de c\u00e0ncer de pell - Dermatologia Garces","og_description":"[vc_row][vc_column][vc_column_text] El c\u00e0ncer de pell \u00e9s actualment el tumor maligne m\u00e9s freq\u00fcent en els \u00e9ssers humans de pell clara i ha anat augmentant progressivament la seva incid\u00e8ncia durant els \u00faltims anys. Poden apar\u00e8ixer en qualsevol part del cos i de diferents formes (crostes, ferides, pigues, etc.). Existeixen molts tipus de c\u00e0ncer de pell entre els [&hellip;]","og_url":"https:\/\/garces-wp.ixole.es\/ca\/cancer-de-pell\/tipus-de-cancer-de-pell\/","og_site_name":"Dermatologia Garces","article_modified_time":"2017-03-29T16:49:03+00:00","twitter_card":"summary_large_image","twitter_misc":{"Est. reading time":"3 minutes"},"schema":{"@context":"https:\/\/schema.org","@graph":[{"@type":"WebPage","@id":"https:\/\/garces-wp.ixole.es\/ca\/cancer-de-pell\/tipus-de-cancer-de-pell\/","url":"https:\/\/garces-wp.ixole.es\/ca\/cancer-de-pell\/tipus-de-cancer-de-pell\/","name":"Tipus de c\u00e0ncer de pell - Dermatologia Garces","isPartOf":{"@id":"https:\/\/garces-wp.ixole.es\/#website"},"datePublished":"2017-03-06T10:03:46+00:00","dateModified":"2017-03-29T16:49:03+00:00","breadcrumb":{"@id":"https:\/\/garces-wp.ixole.es\/ca\/cancer-de-pell\/tipus-de-cancer-de-pell\/#breadcrumb"},"inLanguage":"ca-ES","potentialAction":[{"@type":"ReadAction","target":["https:\/\/garces-wp.ixole.es\/ca\/cancer-de-pell\/tipus-de-cancer-de-pell\/"]}]},{"@type":"BreadcrumbList","@id":"https:\/\/garces-wp.ixole.es\/ca\/cancer-de-pell\/tipus-de-cancer-de-pell\/#breadcrumb","itemListElement":[{"@type":"ListItem","position":1,"name":"Portada","item":"https:\/\/garces-wp.ixole.es\/ca\/"},{"@type":"ListItem","position":2,"name":"C\u00e0ncer de pell","item":"https:\/\/garces-wp.ixole.es\/ca\/cancer-de-pell\/"},{"@type":"ListItem","position":3,"name":"Tipus de c\u00e0ncer de pell"}]},{"@type":"WebSite","@id":"https:\/\/garces-wp.ixole.es\/#website","url":"https:\/\/garces-wp.ixole.es\/","name":"Dermatologia Garces","description":"Dermatologia Dr. JR Garc\u00e9s Centro M\u00e9dico Teknon","publisher":{"@id":"https:\/\/garces-wp.ixole.es\/#organization"},"potentialAction":[{"@type":"SearchAction","target":{"@type":"EntryPoint","urlTemplate":"https:\/\/garces-wp.ixole.es\/?s={search_term_string}"},"query-input":{"@type":"PropertyValueSpecification","valueRequired":true,"valueName":"search_term_string"}}],"inLanguage":"ca-ES"},{"@type":"Organization","@id":"https:\/\/garces-wp.ixole.es\/#organization","name":"Dermatologia Garc\u00e9s","url":"https:\/\/garces-wp.ixole.es\/","logo":{"@type":"ImageObject","inLanguage":"ca-ES","@id":"https:\/\/garces-wp.ixole.es\/#\/schema\/logo\/image\/","url":"https:\/\/garces-wp.ixole.es\/wp-content\/uploads\/2016\/04\/Logotip-Garces-1-e1490180757988.png","contentUrl":"https:\/\/garces-wp.ixole.es\/wp-content\/uploads\/2016\/04\/Logotip-Garces-1-e1490180757988.png","width":150,"height":55,"caption":"Dermatologia Garc\u00e9s"},"image":{"@id":"https:\/\/garces-wp.ixole.es\/#\/schema\/logo\/image\/"}}]}},"_links":{"self":[{"href":"https:\/\/garces-wp.ixole.es\/ca\/wp-json\/wp\/v2\/pages\/1279","targetHints":{"allow":["GET"]}}],"collection":[{"href":"https:\/\/garces-wp.ixole.es\/ca\/wp-json\/wp\/v2\/pages"}],"about":[{"href":"https:\/\/garces-wp.ixole.es\/ca\/wp-json\/wp\/v2\/types\/page"}],"author":[{"embeddable":true,"href":"https:\/\/garces-wp.ixole.es\/ca\/wp-json\/wp\/v2\/users\/1"}],"replies":[{"embeddable":true,"href":"https:\/\/garces-wp.ixole.es\/ca\/wp-json\/wp\/v2\/comments?post=1279"}],"version-history":[{"count":3,"href":"https:\/\/garces-wp.ixole.es\/ca\/wp-json\/wp\/v2\/pages\/1279\/revisions"}],"predecessor-version":[{"id":1586,"href":"https:\/\/garces-wp.ixole.es\/ca\/wp-json\/wp\/v2\/pages\/1279\/revisions\/1586"}],"up":[{"embeddable":true,"href":"https:\/\/garces-wp.ixole.es\/ca\/wp-json\/wp\/v2\/pages\/1248"}],"wp:attachment":[{"href":"https:\/\/garces-wp.ixole.es\/ca\/wp-json\/wp\/v2\/media?parent=1279"}],"curies":[{"name":"wp","href":"https:\/\/api.w.org\/{rel}","templated":true}]}}