{"id":1274,"date":"2017-03-06T10:00:45","date_gmt":"2017-03-06T10:00:45","guid":{"rendered":"https:\/\/garces-wp.ixole.es\/?page_id=1274\/"},"modified":"2017-03-07T15:30:27","modified_gmt":"2017-03-07T15:30:27","slug":"dermatoscopia","status":"publish","type":"page","link":"https:\/\/garces-wp.ixole.es\/ca\/screening-cutani-i-diagnostic-del-melanoma\/dermatoscopia\/","title":{"rendered":"Dermatosc\u00f2pia digital"},"content":{"rendered":"<p>[vc_row][vc_column width=&#8221;1\/2&#8243;][vc_single_image image=&#8221;838&#8243; img_size=&#8221;full&#8221;][\/vc_column][vc_column width=&#8221;1\/2&#8243;][vc_column_text]La <strong>Dermatosc\u00f2pia Digital o Microsc\u00f2pia de epiluminesc\u00e8ncia<\/strong> \u00e9s la t\u00e8cnica m\u00e9s avan\u00e7ada de Screening Cutani que existeix en l&#8217;actualitat per al seguiment i control dels nevus i el diagn\u00f2stic preco\u00e7 del c\u00e0ncer de pell i del melanoma. La seva precisi\u00f3 i la seva capacitat de realitzar estudis comparatius, permeten detectar canvis m\u00ednims que puguin suggerir una possible malignitzaci\u00f3 del nevus.[\/vc_column_text][\/vc_column][\/vc_row]<\/p>\n","protected":false},"excerpt":{"rendered":"<p>[vc_row][vc_column width=&#8221;1\/2&#8243;][vc_single_image image=&#8221;838&#8243; img_size=&#8221;full&#8221;][\/vc_column][vc_column width=&#8221;1\/2&#8243;][vc_column_text]La Dermatosc\u00f2pia Digital o Microsc\u00f2pia de epiluminesc\u00e8ncia \u00e9s la t\u00e8cnica m\u00e9s avan\u00e7ada de Screening Cutani que existeix en l&#8217;actualitat per al seguiment i control dels nevus i el diagn\u00f2stic preco\u00e7 del c\u00e0ncer de pell i del melanoma. La seva precisi\u00f3 i la seva capacitat de realitzar estudis comparatius, permeten detectar canvis [&hellip;]<\/p>\n","protected":false},"author":1,"featured_media":0,"parent":1244,"menu_order":0,"comment_status":"closed","ping_status":"closed","template":"","meta":{"footnotes":""},"class_list":["post-1274","page","type-page","status-publish","hentry"],"yoast_head":"<!-- This site is optimized with the Yoast SEO plugin v26.7 - https:\/\/yoast.com\/wordpress\/plugins\/seo\/ -->\n<title>Dermatosc\u00f2pia digital - Dermatologia Garces<\/title>\n<meta name=\"robots\" content=\"index, follow, max-snippet:-1, max-image-preview:large, max-video-preview:-1\" \/>\n<link rel=\"canonical\" href=\"https:\/\/garces-wp.ixole.es\/ca\/screening-cutani-i-diagnostic-del-melanoma\/dermatoscopia\/\" \/>\n<meta property=\"og:locale\" content=\"ca_ES\" \/>\n<meta property=\"og:type\" content=\"article\" \/>\n<meta property=\"og:title\" content=\"Dermatosc\u00f2pia digital - Dermatologia Garces\" \/>\n<meta property=\"og:description\" content=\"[vc_row][vc_column width=&#8221;1\/2&#8243;][vc_single_image image=&#8221;838&#8243; img_size=&#8221;full&#8221;][\/vc_column][vc_column width=&#8221;1\/2&#8243;][vc_column_text]La Dermatosc\u00f2pia Digital o Microsc\u00f2pia de epiluminesc\u00e8ncia \u00e9s la t\u00e8cnica m\u00e9s avan\u00e7ada de Screening Cutani que existeix en l&#8217;actualitat per al seguiment i control dels nevus i el diagn\u00f2stic preco\u00e7 del c\u00e0ncer de pell i del melanoma. La seva precisi\u00f3 i la seva capacitat de realitzar estudis comparatius, permeten detectar canvis [&hellip;]\" \/>\n<meta property=\"og:url\" content=\"https:\/\/garces-wp.ixole.es\/ca\/screening-cutani-i-diagnostic-del-melanoma\/dermatoscopia\/\" \/>\n<meta property=\"og:site_name\" content=\"Dermatologia Garces\" \/>\n<meta property=\"article:modified_time\" content=\"2017-03-07T15:30:27+00:00\" \/>\n<meta name=\"twitter:card\" content=\"summary_large_image\" \/>\n<script type=\"application\/ld+json\" class=\"yoast-schema-graph\">{\"@context\":\"https:\/\/schema.org\",\"@graph\":[{\"@type\":\"WebPage\",\"@id\":\"https:\/\/garces-wp.ixole.es\/ca\/screening-cutani-i-diagnostic-del-melanoma\/dermatoscopia\/\",\"url\":\"https:\/\/garces-wp.ixole.es\/ca\/screening-cutani-i-diagnostic-del-melanoma\/dermatoscopia\/\",\"name\":\"Dermatosc\u00f2pia digital - Dermatologia Garces\",\"isPartOf\":{\"@id\":\"https:\/\/garces-wp.ixole.es\/#website\"},\"datePublished\":\"2017-03-06T10:00:45+00:00\",\"dateModified\":\"2017-03-07T15:30:27+00:00\",\"breadcrumb\":{\"@id\":\"https:\/\/garces-wp.ixole.es\/ca\/screening-cutani-i-diagnostic-del-melanoma\/dermatoscopia\/#breadcrumb\"},\"inLanguage\":\"ca-ES\",\"potentialAction\":[{\"@type\":\"ReadAction\",\"target\":[\"https:\/\/garces-wp.ixole.es\/ca\/screening-cutani-i-diagnostic-del-melanoma\/dermatoscopia\/\"]}]},{\"@type\":\"BreadcrumbList\",\"@id\":\"https:\/\/garces-wp.ixole.es\/ca\/screening-cutani-i-diagnostic-del-melanoma\/dermatoscopia\/#breadcrumb\",\"itemListElement\":[{\"@type\":\"ListItem\",\"position\":1,\"name\":\"Portada\",\"item\":\"https:\/\/garces-wp.ixole.es\/ca\/\"},{\"@type\":\"ListItem\",\"position\":2,\"name\":\"Screening cutani i diagn\u00f2stic del melanoma\",\"item\":\"https:\/\/garces-wp.ixole.es\/ca\/screening-cutani-i-diagnostic-del-melanoma\/\"},{\"@type\":\"ListItem\",\"position\":3,\"name\":\"Dermatosc\u00f2pia digital\"}]},{\"@type\":\"WebSite\",\"@id\":\"https:\/\/garces-wp.ixole.es\/#website\",\"url\":\"https:\/\/garces-wp.ixole.es\/\",\"name\":\"Dermatologia Garces\",\"description\":\"Dermatologia Dr. JR Garc\u00e9s Centro M\u00e9dico Teknon\",\"publisher\":{\"@id\":\"https:\/\/garces-wp.ixole.es\/#organization\"},\"potentialAction\":[{\"@type\":\"SearchAction\",\"target\":{\"@type\":\"EntryPoint\",\"urlTemplate\":\"https:\/\/garces-wp.ixole.es\/?s={search_term_string}\"},\"query-input\":{\"@type\":\"PropertyValueSpecification\",\"valueRequired\":true,\"valueName\":\"search_term_string\"}}],\"inLanguage\":\"ca-ES\"},{\"@type\":\"Organization\",\"@id\":\"https:\/\/garces-wp.ixole.es\/#organization\",\"name\":\"Dermatologia Garc\u00e9s\",\"url\":\"https:\/\/garces-wp.ixole.es\/\",\"logo\":{\"@type\":\"ImageObject\",\"inLanguage\":\"ca-ES\",\"@id\":\"https:\/\/garces-wp.ixole.es\/#\/schema\/logo\/image\/\",\"url\":\"https:\/\/garces-wp.ixole.es\/wp-content\/uploads\/2016\/04\/Logotip-Garces-1-e1490180757988.png\",\"contentUrl\":\"https:\/\/garces-wp.ixole.es\/wp-content\/uploads\/2016\/04\/Logotip-Garces-1-e1490180757988.png\",\"width\":150,\"height\":55,\"caption\":\"Dermatologia Garc\u00e9s\"},\"image\":{\"@id\":\"https:\/\/garces-wp.ixole.es\/#\/schema\/logo\/image\/\"}}]}<\/script>\n<!-- \/ Yoast SEO plugin. -->","yoast_head_json":{"title":"Dermatosc\u00f2pia digital - Dermatologia Garces","robots":{"index":"index","follow":"follow","max-snippet":"max-snippet:-1","max-image-preview":"max-image-preview:large","max-video-preview":"max-video-preview:-1"},"canonical":"https:\/\/garces-wp.ixole.es\/ca\/screening-cutani-i-diagnostic-del-melanoma\/dermatoscopia\/","og_locale":"ca_ES","og_type":"article","og_title":"Dermatosc\u00f2pia digital - Dermatologia Garces","og_description":"[vc_row][vc_column width=&#8221;1\/2&#8243;][vc_single_image image=&#8221;838&#8243; img_size=&#8221;full&#8221;][\/vc_column][vc_column width=&#8221;1\/2&#8243;][vc_column_text]La Dermatosc\u00f2pia Digital o Microsc\u00f2pia de epiluminesc\u00e8ncia \u00e9s la t\u00e8cnica m\u00e9s avan\u00e7ada de Screening Cutani que existeix en l&#8217;actualitat per al seguiment i control dels nevus i el diagn\u00f2stic preco\u00e7 del c\u00e0ncer de pell i del melanoma. La seva precisi\u00f3 i la seva capacitat de realitzar estudis comparatius, permeten detectar canvis [&hellip;]","og_url":"https:\/\/garces-wp.ixole.es\/ca\/screening-cutani-i-diagnostic-del-melanoma\/dermatoscopia\/","og_site_name":"Dermatologia Garces","article_modified_time":"2017-03-07T15:30:27+00:00","twitter_card":"summary_large_image","schema":{"@context":"https:\/\/schema.org","@graph":[{"@type":"WebPage","@id":"https:\/\/garces-wp.ixole.es\/ca\/screening-cutani-i-diagnostic-del-melanoma\/dermatoscopia\/","url":"https:\/\/garces-wp.ixole.es\/ca\/screening-cutani-i-diagnostic-del-melanoma\/dermatoscopia\/","name":"Dermatosc\u00f2pia digital - Dermatologia Garces","isPartOf":{"@id":"https:\/\/garces-wp.ixole.es\/#website"},"datePublished":"2017-03-06T10:00:45+00:00","dateModified":"2017-03-07T15:30:27+00:00","breadcrumb":{"@id":"https:\/\/garces-wp.ixole.es\/ca\/screening-cutani-i-diagnostic-del-melanoma\/dermatoscopia\/#breadcrumb"},"inLanguage":"ca-ES","potentialAction":[{"@type":"ReadAction","target":["https:\/\/garces-wp.ixole.es\/ca\/screening-cutani-i-diagnostic-del-melanoma\/dermatoscopia\/"]}]},{"@type":"BreadcrumbList","@id":"https:\/\/garces-wp.ixole.es\/ca\/screening-cutani-i-diagnostic-del-melanoma\/dermatoscopia\/#breadcrumb","itemListElement":[{"@type":"ListItem","position":1,"name":"Portada","item":"https:\/\/garces-wp.ixole.es\/ca\/"},{"@type":"ListItem","position":2,"name":"Screening cutani i diagn\u00f2stic del melanoma","item":"https:\/\/garces-wp.ixole.es\/ca\/screening-cutani-i-diagnostic-del-melanoma\/"},{"@type":"ListItem","position":3,"name":"Dermatosc\u00f2pia digital"}]},{"@type":"WebSite","@id":"https:\/\/garces-wp.ixole.es\/#website","url":"https:\/\/garces-wp.ixole.es\/","name":"Dermatologia Garces","description":"Dermatologia Dr. JR Garc\u00e9s Centro M\u00e9dico Teknon","publisher":{"@id":"https:\/\/garces-wp.ixole.es\/#organization"},"potentialAction":[{"@type":"SearchAction","target":{"@type":"EntryPoint","urlTemplate":"https:\/\/garces-wp.ixole.es\/?s={search_term_string}"},"query-input":{"@type":"PropertyValueSpecification","valueRequired":true,"valueName":"search_term_string"}}],"inLanguage":"ca-ES"},{"@type":"Organization","@id":"https:\/\/garces-wp.ixole.es\/#organization","name":"Dermatologia Garc\u00e9s","url":"https:\/\/garces-wp.ixole.es\/","logo":{"@type":"ImageObject","inLanguage":"ca-ES","@id":"https:\/\/garces-wp.ixole.es\/#\/schema\/logo\/image\/","url":"https:\/\/garces-wp.ixole.es\/wp-content\/uploads\/2016\/04\/Logotip-Garces-1-e1490180757988.png","contentUrl":"https:\/\/garces-wp.ixole.es\/wp-content\/uploads\/2016\/04\/Logotip-Garces-1-e1490180757988.png","width":150,"height":55,"caption":"Dermatologia Garc\u00e9s"},"image":{"@id":"https:\/\/garces-wp.ixole.es\/#\/schema\/logo\/image\/"}}]}},"_links":{"self":[{"href":"https:\/\/garces-wp.ixole.es\/ca\/wp-json\/wp\/v2\/pages\/1274","targetHints":{"allow":["GET"]}}],"collection":[{"href":"https:\/\/garces-wp.ixole.es\/ca\/wp-json\/wp\/v2\/pages"}],"about":[{"href":"https:\/\/garces-wp.ixole.es\/ca\/wp-json\/wp\/v2\/types\/page"}],"author":[{"embeddable":true,"href":"https:\/\/garces-wp.ixole.es\/ca\/wp-json\/wp\/v2\/users\/1"}],"replies":[{"embeddable":true,"href":"https:\/\/garces-wp.ixole.es\/ca\/wp-json\/wp\/v2\/comments?post=1274"}],"version-history":[{"count":3,"href":"https:\/\/garces-wp.ixole.es\/ca\/wp-json\/wp\/v2\/pages\/1274\/revisions"}],"predecessor-version":[{"id":1579,"href":"https:\/\/garces-wp.ixole.es\/ca\/wp-json\/wp\/v2\/pages\/1274\/revisions\/1579"}],"up":[{"embeddable":true,"href":"https:\/\/garces-wp.ixole.es\/ca\/wp-json\/wp\/v2\/pages\/1244"}],"wp:attachment":[{"href":"https:\/\/garces-wp.ixole.es\/ca\/wp-json\/wp\/v2\/media?parent=1274"}],"curies":[{"name":"wp","href":"https:\/\/api.w.org\/{rel}","templated":true}]}}