{"id":1269,"date":"2017-03-06T09:58:12","date_gmt":"2017-03-06T09:58:12","guid":{"rendered":"https:\/\/garces-wp.ixole.es\/?page_id=1269\/"},"modified":"2017-03-22T11:38:08","modified_gmt":"2017-03-22T11:38:08","slug":"diagnostic-del-melanoma","status":"publish","type":"page","link":"https:\/\/garces-wp.ixole.es\/ca\/screening-cutani-i-diagnostic-del-melanoma\/diagnostic-del-melanoma\/","title":{"rendered":"Diagn\u00f2stic del melanoma"},"content":{"rendered":"<p>[vc_row][vc_column][vc_column_text]En les seves fases inicials, els melanomes es presenten de forma molt similar als nevus o pigues; fet que fa que sigui molt important informar al seu dermat\u00f2leg si aprecia l&#8217;aparici\u00f3 d&#8217;una piga nova o b\u00e9 canvis de color, mida o volum en algunes de les que ja tenia.<\/p>\n<p><span style=\"text-decoration: underline;\">\u00a0<strong>Factors de risc<\/strong><\/span><\/p>\n<p>\u00c9s especialment important realitzar diagn\u00f2stics peri\u00f2dics en cas de presentar factors de risc previs:<\/p>\n<ul>\n<li>Tenir m\u00e9s de 50 nevus en el cos<\/li>\n<li>Tenir familiars que hagin patit melanoma o c\u00e0ncer de pell<\/li>\n<\/ul>\n<p><span style=\"text-decoration: underline;\"><strong>Els canvis que poden suggerir malignitzaci\u00f3 s\u00f3n:<\/strong><\/span><\/p>\n<p><strong>A &#8211; Asimetria:<\/strong> La lesi\u00f3 o taca t\u00e9 forma irregular i asim\u00e8trica?<\/p>\n<p><strong>B &#8211; Vores:<\/strong> Les vores s\u00f3n irregulars o dentats?<\/p>\n<p><strong>C &#8211; Color:<\/strong> De quin color \u00e9s? T\u00e9 dos o m\u00e9s tons de color?<\/p>\n<p><strong>D &#8211; Di\u00e0metre<\/strong>: Mesura 6 mm o m\u00e9s?<\/p>\n<p><strong>I &#8211; Evoluci\u00f3:<\/strong> Ha canviat la lesi\u00f3 en les \u00faltimes setmanes (color, mida, forma &#8230;)?<\/p>\n<p>Si la resposta a aquest ABCDE \u00e9s positiva per a qualsevol dels factors enumerats, li recomanem que acudeixi al dermat\u00f2leg per a un examen m\u00e9s prec\u00eds i professional.<\/p>\n<p><span style=\"text-decoration: underline;\"><strong>Diagn\u00f2stic<\/strong><\/span><\/p>\n<p>Per diagnosticar amb la m\u00e0xima precisions la possible pres\u00e8ncia de melanoma, es realitzar\u00e0 un <a href=\"https:\/\/garces-wp.ixole.es\/ca\/screening-cutani-i-diagnostic-del-melanoma\/\"><strong>Screening cutani<\/strong> <\/a>amb la t\u00e8cnica de la <a href=\"https:\/\/garces-wp.ixole.es\/ca\/screening-cutani-i-diagnostic-del-melanoma\/dermatoscopia\/\"><strong>Dermatosc\u00f2pia per epiluminesc\u00e8ncia<\/strong>,<\/a> que permetr\u00e0 analitzar, mitjan\u00e7ant la realitzaci\u00f3 d&#8217;imatges d&#8217;alta qualitat, totes les lesions pigment\u00e0ries, lunars o nevus per determinar si existeixen lesions sospitoses de melanoma.<\/p>\n<p>Si hi ha una sospita fonamentada que una lesi\u00f3 sigui Melanoma, es prendr\u00e0 una mostra del teixit afectat per realitzar una bi\u00f2psia i \u00a0un estudi histol\u00f2gic.<\/p>\n<p><span style=\"text-decoration: underline;\"><strong>Diagn\u00f2stic de l&#8217;extensi\u00f3 del Melanoma (estadiatge)<\/strong><\/span><\/p>\n<p>Un cop diagnosticat el Melanoma, es realitzaran proves complement\u00e0ries per definir amb la m\u00e0xima precisi\u00f3 si el melanoma \u00e9s una lesi\u00f3 localitzada o, per contra, si s&#8217;ha disseminat i afecta a altres parts del cos.<\/p>\n<p>Per fer-ho es realitzaran diferents <a href=\"https:\/\/garces-wp.ixole.es\/ca\/screening-cutani-i-diagnostic-del-melanoma\/\">proves diagn\u00f2stiques<\/a>:<\/p>\n<ul>\n<li><strong>Bi\u00f2psia del Gangli Sentinella<\/strong>: aquesta bi\u00f2psia es realitza per determinar si el c\u00e0ncer s&#8217;ha disseminat als ganglis limf\u00e0tics i altres \u00f2rgans. m\u00e9s informaci\u00f3<\/li>\n<li><strong>Exploraci\u00f3 amb PET<\/strong>: aquesta prova permet detectar tamb\u00e9 si el c\u00e0ncer s&#8217;ha disseminat (ha realitzat met\u00e0stasi).<\/li>\n<\/ul>\n<p>[\/vc_column_text][\/vc_column][\/vc_row][vc_row][vc_column][vc_empty_space][vc_empty_space][vc_empty_space][vc_cta h2=&#8221;Si vol demanar cita o m\u00e9s informaci\u00f3, contacti amb nosaltres&#8221; h2_font_container=&#8221;font_size:24|color:%23ffffff&#8221; h2_use_theme_fonts=&#8221;yes&#8221; add_button=&#8221;right&#8221; btn_title=&#8221;Contactar&#8221; btn_style=&#8221;classic&#8221; btn_color=&#8221;chino&#8221; btn_align=&#8221;right&#8221; css=&#8221;.vc_custom_1488900007279{background-color: #3b506b !important;}&#8221; use_custom_fonts_h2=&#8221;true&#8221; use_custom_fonts_h4=&#8221;true&#8221; btn_button_block=&#8221;true&#8221; btn_link=&#8221;url:https%3A%2F%2Fgarces-wp.ixole.es%2Fca%2Fcontactar%2F||&#8221;][\/vc_cta][\/vc_column][\/vc_row]<\/p>\n","protected":false},"excerpt":{"rendered":"<p>[vc_row][vc_column][vc_column_text]En les seves fases inicials, els melanomes es presenten de forma molt similar als nevus o pigues; fet que fa que sigui molt important informar al seu dermat\u00f2leg si aprecia l&#8217;aparici\u00f3 d&#8217;una piga nova o b\u00e9 canvis de color, mida o volum en algunes de les que ja tenia. \u00a0Factors de risc \u00c9s especialment important [&hellip;]<\/p>\n","protected":false},"author":1,"featured_media":0,"parent":1244,"menu_order":0,"comment_status":"closed","ping_status":"closed","template":"","meta":{"footnotes":""},"class_list":["post-1269","page","type-page","status-publish","hentry"],"yoast_head":"<!-- This site is optimized with the Yoast SEO plugin v26.7 - https:\/\/yoast.com\/wordpress\/plugins\/seo\/ -->\n<title>Diagn\u00f2stic del melanoma - Dermatologia Garces<\/title>\n<meta name=\"robots\" content=\"index, follow, max-snippet:-1, max-image-preview:large, max-video-preview:-1\" \/>\n<link rel=\"canonical\" href=\"https:\/\/garces-wp.ixole.es\/ca\/screening-cutani-i-diagnostic-del-melanoma\/diagnostic-del-melanoma\/\" \/>\n<meta property=\"og:locale\" content=\"ca_ES\" \/>\n<meta property=\"og:type\" content=\"article\" \/>\n<meta property=\"og:title\" content=\"Diagn\u00f2stic del melanoma - Dermatologia Garces\" \/>\n<meta property=\"og:description\" content=\"[vc_row][vc_column][vc_column_text]En les seves fases inicials, els melanomes es presenten de forma molt similar als nevus o pigues; fet que fa que sigui molt important informar al seu dermat\u00f2leg si aprecia l&#8217;aparici\u00f3 d&#8217;una piga nova o b\u00e9 canvis de color, mida o volum en algunes de les que ja tenia. \u00a0Factors de risc \u00c9s especialment important [&hellip;]\" \/>\n<meta property=\"og:url\" content=\"https:\/\/garces-wp.ixole.es\/ca\/screening-cutani-i-diagnostic-del-melanoma\/diagnostic-del-melanoma\/\" \/>\n<meta property=\"og:site_name\" content=\"Dermatologia Garces\" \/>\n<meta property=\"article:modified_time\" content=\"2017-03-22T11:38:08+00:00\" \/>\n<meta name=\"twitter:card\" content=\"summary_large_image\" \/>\n<meta name=\"twitter:label1\" content=\"Est. reading time\" \/>\n\t<meta name=\"twitter:data1\" content=\"2 minutes\" \/>\n<script type=\"application\/ld+json\" class=\"yoast-schema-graph\">{\"@context\":\"https:\/\/schema.org\",\"@graph\":[{\"@type\":\"WebPage\",\"@id\":\"https:\/\/garces-wp.ixole.es\/ca\/screening-cutani-i-diagnostic-del-melanoma\/diagnostic-del-melanoma\/\",\"url\":\"https:\/\/garces-wp.ixole.es\/ca\/screening-cutani-i-diagnostic-del-melanoma\/diagnostic-del-melanoma\/\",\"name\":\"Diagn\u00f2stic del melanoma - Dermatologia Garces\",\"isPartOf\":{\"@id\":\"https:\/\/garces-wp.ixole.es\/#website\"},\"datePublished\":\"2017-03-06T09:58:12+00:00\",\"dateModified\":\"2017-03-22T11:38:08+00:00\",\"breadcrumb\":{\"@id\":\"https:\/\/garces-wp.ixole.es\/ca\/screening-cutani-i-diagnostic-del-melanoma\/diagnostic-del-melanoma\/#breadcrumb\"},\"inLanguage\":\"ca-ES\",\"potentialAction\":[{\"@type\":\"ReadAction\",\"target\":[\"https:\/\/garces-wp.ixole.es\/ca\/screening-cutani-i-diagnostic-del-melanoma\/diagnostic-del-melanoma\/\"]}]},{\"@type\":\"BreadcrumbList\",\"@id\":\"https:\/\/garces-wp.ixole.es\/ca\/screening-cutani-i-diagnostic-del-melanoma\/diagnostic-del-melanoma\/#breadcrumb\",\"itemListElement\":[{\"@type\":\"ListItem\",\"position\":1,\"name\":\"Portada\",\"item\":\"https:\/\/garces-wp.ixole.es\/ca\/\"},{\"@type\":\"ListItem\",\"position\":2,\"name\":\"Screening cutani i diagn\u00f2stic del melanoma\",\"item\":\"https:\/\/garces-wp.ixole.es\/ca\/screening-cutani-i-diagnostic-del-melanoma\/\"},{\"@type\":\"ListItem\",\"position\":3,\"name\":\"Diagn\u00f2stic del melanoma\"}]},{\"@type\":\"WebSite\",\"@id\":\"https:\/\/garces-wp.ixole.es\/#website\",\"url\":\"https:\/\/garces-wp.ixole.es\/\",\"name\":\"Dermatologia Garces\",\"description\":\"Dermatologia Dr. JR Garc\u00e9s Centro M\u00e9dico Teknon\",\"publisher\":{\"@id\":\"https:\/\/garces-wp.ixole.es\/#organization\"},\"potentialAction\":[{\"@type\":\"SearchAction\",\"target\":{\"@type\":\"EntryPoint\",\"urlTemplate\":\"https:\/\/garces-wp.ixole.es\/?s={search_term_string}\"},\"query-input\":{\"@type\":\"PropertyValueSpecification\",\"valueRequired\":true,\"valueName\":\"search_term_string\"}}],\"inLanguage\":\"ca-ES\"},{\"@type\":\"Organization\",\"@id\":\"https:\/\/garces-wp.ixole.es\/#organization\",\"name\":\"Dermatologia Garc\u00e9s\",\"url\":\"https:\/\/garces-wp.ixole.es\/\",\"logo\":{\"@type\":\"ImageObject\",\"inLanguage\":\"ca-ES\",\"@id\":\"https:\/\/garces-wp.ixole.es\/#\/schema\/logo\/image\/\",\"url\":\"https:\/\/garces-wp.ixole.es\/wp-content\/uploads\/2016\/04\/Logotip-Garces-1-e1490180757988.png\",\"contentUrl\":\"https:\/\/garces-wp.ixole.es\/wp-content\/uploads\/2016\/04\/Logotip-Garces-1-e1490180757988.png\",\"width\":150,\"height\":55,\"caption\":\"Dermatologia Garc\u00e9s\"},\"image\":{\"@id\":\"https:\/\/garces-wp.ixole.es\/#\/schema\/logo\/image\/\"}}]}<\/script>\n<!-- \/ Yoast SEO plugin. -->","yoast_head_json":{"title":"Diagn\u00f2stic del melanoma - Dermatologia Garces","robots":{"index":"index","follow":"follow","max-snippet":"max-snippet:-1","max-image-preview":"max-image-preview:large","max-video-preview":"max-video-preview:-1"},"canonical":"https:\/\/garces-wp.ixole.es\/ca\/screening-cutani-i-diagnostic-del-melanoma\/diagnostic-del-melanoma\/","og_locale":"ca_ES","og_type":"article","og_title":"Diagn\u00f2stic del melanoma - Dermatologia Garces","og_description":"[vc_row][vc_column][vc_column_text]En les seves fases inicials, els melanomes es presenten de forma molt similar als nevus o pigues; fet que fa que sigui molt important informar al seu dermat\u00f2leg si aprecia l&#8217;aparici\u00f3 d&#8217;una piga nova o b\u00e9 canvis de color, mida o volum en algunes de les que ja tenia. \u00a0Factors de risc \u00c9s especialment important [&hellip;]","og_url":"https:\/\/garces-wp.ixole.es\/ca\/screening-cutani-i-diagnostic-del-melanoma\/diagnostic-del-melanoma\/","og_site_name":"Dermatologia Garces","article_modified_time":"2017-03-22T11:38:08+00:00","twitter_card":"summary_large_image","twitter_misc":{"Est. reading time":"2 minutes"},"schema":{"@context":"https:\/\/schema.org","@graph":[{"@type":"WebPage","@id":"https:\/\/garces-wp.ixole.es\/ca\/screening-cutani-i-diagnostic-del-melanoma\/diagnostic-del-melanoma\/","url":"https:\/\/garces-wp.ixole.es\/ca\/screening-cutani-i-diagnostic-del-melanoma\/diagnostic-del-melanoma\/","name":"Diagn\u00f2stic del melanoma - Dermatologia Garces","isPartOf":{"@id":"https:\/\/garces-wp.ixole.es\/#website"},"datePublished":"2017-03-06T09:58:12+00:00","dateModified":"2017-03-22T11:38:08+00:00","breadcrumb":{"@id":"https:\/\/garces-wp.ixole.es\/ca\/screening-cutani-i-diagnostic-del-melanoma\/diagnostic-del-melanoma\/#breadcrumb"},"inLanguage":"ca-ES","potentialAction":[{"@type":"ReadAction","target":["https:\/\/garces-wp.ixole.es\/ca\/screening-cutani-i-diagnostic-del-melanoma\/diagnostic-del-melanoma\/"]}]},{"@type":"BreadcrumbList","@id":"https:\/\/garces-wp.ixole.es\/ca\/screening-cutani-i-diagnostic-del-melanoma\/diagnostic-del-melanoma\/#breadcrumb","itemListElement":[{"@type":"ListItem","position":1,"name":"Portada","item":"https:\/\/garces-wp.ixole.es\/ca\/"},{"@type":"ListItem","position":2,"name":"Screening cutani i diagn\u00f2stic del melanoma","item":"https:\/\/garces-wp.ixole.es\/ca\/screening-cutani-i-diagnostic-del-melanoma\/"},{"@type":"ListItem","position":3,"name":"Diagn\u00f2stic del melanoma"}]},{"@type":"WebSite","@id":"https:\/\/garces-wp.ixole.es\/#website","url":"https:\/\/garces-wp.ixole.es\/","name":"Dermatologia Garces","description":"Dermatologia Dr. JR Garc\u00e9s Centro M\u00e9dico Teknon","publisher":{"@id":"https:\/\/garces-wp.ixole.es\/#organization"},"potentialAction":[{"@type":"SearchAction","target":{"@type":"EntryPoint","urlTemplate":"https:\/\/garces-wp.ixole.es\/?s={search_term_string}"},"query-input":{"@type":"PropertyValueSpecification","valueRequired":true,"valueName":"search_term_string"}}],"inLanguage":"ca-ES"},{"@type":"Organization","@id":"https:\/\/garces-wp.ixole.es\/#organization","name":"Dermatologia Garc\u00e9s","url":"https:\/\/garces-wp.ixole.es\/","logo":{"@type":"ImageObject","inLanguage":"ca-ES","@id":"https:\/\/garces-wp.ixole.es\/#\/schema\/logo\/image\/","url":"https:\/\/garces-wp.ixole.es\/wp-content\/uploads\/2016\/04\/Logotip-Garces-1-e1490180757988.png","contentUrl":"https:\/\/garces-wp.ixole.es\/wp-content\/uploads\/2016\/04\/Logotip-Garces-1-e1490180757988.png","width":150,"height":55,"caption":"Dermatologia Garc\u00e9s"},"image":{"@id":"https:\/\/garces-wp.ixole.es\/#\/schema\/logo\/image\/"}}]}},"_links":{"self":[{"href":"https:\/\/garces-wp.ixole.es\/ca\/wp-json\/wp\/v2\/pages\/1269","targetHints":{"allow":["GET"]}}],"collection":[{"href":"https:\/\/garces-wp.ixole.es\/ca\/wp-json\/wp\/v2\/pages"}],"about":[{"href":"https:\/\/garces-wp.ixole.es\/ca\/wp-json\/wp\/v2\/types\/page"}],"author":[{"embeddable":true,"href":"https:\/\/garces-wp.ixole.es\/ca\/wp-json\/wp\/v2\/users\/1"}],"replies":[{"embeddable":true,"href":"https:\/\/garces-wp.ixole.es\/ca\/wp-json\/wp\/v2\/comments?post=1269"}],"version-history":[{"count":3,"href":"https:\/\/garces-wp.ixole.es\/ca\/wp-json\/wp\/v2\/pages\/1269\/revisions"}],"predecessor-version":[{"id":1571,"href":"https:\/\/garces-wp.ixole.es\/ca\/wp-json\/wp\/v2\/pages\/1269\/revisions\/1571"}],"up":[{"embeddable":true,"href":"https:\/\/garces-wp.ixole.es\/ca\/wp-json\/wp\/v2\/pages\/1244"}],"wp:attachment":[{"href":"https:\/\/garces-wp.ixole.es\/ca\/wp-json\/wp\/v2\/media?parent=1269"}],"curies":[{"name":"wp","href":"https:\/\/api.w.org\/{rel}","templated":true}]}}