{"id":1265,"date":"2017-03-06T09:55:39","date_gmt":"2017-03-06T09:55:39","guid":{"rendered":"https:\/\/garces-wp.ixole.es\/?page_id=1265\/"},"modified":"2017-03-22T11:48:13","modified_gmt":"2017-03-22T11:48:13","slug":"dermatologia-estetica","status":"publish","type":"page","link":"https:\/\/garces-wp.ixole.es\/ca\/dermatologia-estetica\/","title":{"rendered":"Dermatologia est\u00e8tica"},"content":{"rendered":"<p>[vc_row][vc_column width=&#8221;1\/3&#8243;][vc_single_image image=&#8221;1059&#8243; img_size=&#8221;full&#8221;][\/vc_column][vc_column width=&#8221;2\/3&#8243;][vc_column_text]La <strong>Dermatologia Est\u00e8tica<\/strong> \u00e9s una \u00e0rea de la dermatologia que busca oferir solucions i tractaments pensats per ajudar els seus pacients a veure i sentir-se millor amb la seva imatge. La pell \u00e9s l&#8217;\u00f2rgan del cos hum\u00e0 m\u00e9s gran i el nostre estil de vida, la nostra alimentaci\u00f3, la nostra edat, l&#8217;estr\u00e8s, etc. es poden veure reflectits en ella i en la imatge que projectem als altres.<\/p>\n<p>Des de la <strong>Unitat de Dermatologia Est\u00e8tica de l&#8217;Institut de Dermatologia Garc\u00e9s<\/strong> liderada per la <a href=\"https:\/\/garces-wp.ixole.es\/ca\/dra-cristina-san-jose\/\">Dra. Cristina San Jos\u00e9,<\/a> volem satisfer els desitjos de cada pacient oferint-li solucions als seus desitjos mitjan\u00e7ant l&#8217;\u00faltima tecnologia en dermatologia est\u00e8tica. Comptem amb els \u00faltims productes i procediments i seleccionem el que m\u00e9s s&#8217;adequa a les necessitats del pacient per poder oferir un tractament est\u00e8tic personalitzat i satisfactori.[\/vc_column_text][\/vc_column][\/vc_row][vc_row gap=&#8221;20&#8243; content_placement=&#8221;middle&#8221;][vc_column][vc_separator][vc_row_inner][vc_column_inner width=&#8221;1\/3&#8243;][vc_text_separator title=&#8221;Rejoveniment facial&#8221; color=&#8221;chino&#8221; el_class=&#8221;h4&#8243;][vc_column_text]Microinjeccions de vitamines i \u00e0cid hialur\u00f2nic que l&#8217;ajudaran a aconseguir un rostre jove de manera natural.[\/vc_column_text][vc_button2 title=&#8221;Llegir m\u00e9s&#8221; align=&#8221;center&#8221; color=&#8221;chino&#8221; size=&#8221;sm&#8221; link=&#8221;url:https%3A%2F%2Fgarces-wp.ixole.es%2Fca%2Fdermatologia-estetica%2Frejoveniment-facial%2F||&#8221;][\/vc_column_inner][vc_column_inner width=&#8221;1\/3&#8243;][vc_text_separator title=&#8221;Remodelaci\u00f3 facial&#8221; color=&#8221;chino&#8221; el_class=&#8221;h4&#8243;][vc_column_text]Modelaci\u00f3 d&#8217;una part de la cara mitjan\u00e7ant \u00e0cid hialur\u00f2nic en la seva varietat m\u00e9s espessa.[\/vc_column_text][vc_button2 title=&#8221;Llegir m\u00e9s&#8221; align=&#8221;center&#8221; color=&#8221;chino&#8221; size=&#8221;sm&#8221; link=&#8221;url:https%3A%2F%2Fgarces-wp.ixole.es%2Fca%2Fdermatologia-estetica%2Fremodelacio-facial%2F||&#8221;][\/vc_column_inner][vc_column_inner width=&#8221;1\/3&#8243;][vc_text_separator title=&#8221;Toxina botul\u00ednica&#8221; color=&#8221;chino&#8221; el_class=&#8221;h4&#8243;][vc_column_text]Injeccions de toxina botul\u00ednica en petites dosis i llocs concrets per relaxar el rostre i eliminar les arrugues.[\/vc_column_text][vc_button2 title=&#8221;Llegir m\u00e9s&#8221; align=&#8221;center&#8221; color=&#8221;chino&#8221; size=&#8221;sm&#8221; link=&#8221;url:https%3A%2F%2Fgarces-wp.ixole.es%2Fca%2Fdermatologia-estetica%2Ftoxina-botulinica%2F||&#8221;][\/vc_column_inner][\/vc_row_inner][vc_empty_space][vc_row_inner][vc_column_inner width=&#8221;1\/3&#8243;][vc_text_separator title=&#8221;Tractament amb l\u00e0ser&#8221; color=&#8221;chino&#8221; el_class=&#8221;h4&#8243;][vc_column_text]L\u00e0ser fraccional, l\u00e0ser amb llum polsada i depilaci\u00f3 l\u00e0ser. Es tria el m\u00e9s indicat segons es vulguin eliminar marques cicatrius, taques i p\u00e8l.[\/vc_column_text][vc_button2 title=&#8221;Llegir m\u00e9s&#8221; align=&#8221;center&#8221; color=&#8221;chino&#8221; size=&#8221;sm&#8221; link=&#8221;url:https%3A%2F%2Fgarces-wp.ixole.es%2Fca%2Fdermatologia-estetica%2Ftractament-amb-laser%2F||&#8221;][\/vc_column_inner][vc_column_inner width=&#8221;1\/3&#8243;][vc_text_separator title=&#8221;Dermatologia Est\u00e8tica Oncol\u00f2gica&#8221; color=&#8221;chino&#8221; el_class=&#8221;h4&#8243;][vc_column_text]Tractament personalitzats per combatre els efectes del tractament contra el c\u00e0ncer a la pell del pacient.[\/vc_column_text][vc_button2 title=&#8221;Llegir m\u00e9s&#8221; align=&#8221;center&#8221; color=&#8221;chino&#8221; size=&#8221;sm&#8221; link=&#8221;url:https%3A%2F%2Fgarces-wp.ixole.es%2Fca%2Fdermatologia-estetica%2Fdermatologia-estetica-per-a-pacients-oncologics%2F||&#8221;][\/vc_column_inner][vc_column_inner width=&#8221;1\/3&#8243;][\/vc_column_inner][\/vc_row_inner][vc_separator][vc_empty_space][vc_empty_space][vc_empty_space][vc_cta h2=&#8221;Si vol demanar cita o m\u00e9s informaci\u00f3, contacti amb nosaltres&#8221; h2_font_container=&#8221;font_size:24|color:%23ffffff&#8221; h2_use_theme_fonts=&#8221;yes&#8221; add_button=&#8221;right&#8221; btn_title=&#8221;Contactar&#8221; btn_style=&#8221;classic&#8221; btn_color=&#8221;chino&#8221; btn_align=&#8221;right&#8221; css=&#8221;.vc_custom_1489483590841{background-color: #3b506b !important;}&#8221; use_custom_fonts_h2=&#8221;true&#8221; use_custom_fonts_h4=&#8221;true&#8221; btn_button_block=&#8221;true&#8221; btn_link=&#8221;url:https%3A%2F%2Fgarces-wp.ixole.es%2Fca%2Fcontactar%2F||&#8221;][\/vc_cta][\/vc_column][\/vc_row]<\/p>\n","protected":false},"excerpt":{"rendered":"<p>[vc_row][vc_column width=&#8221;1\/3&#8243;][vc_single_image image=&#8221;1059&#8243; img_size=&#8221;full&#8221;][\/vc_column][vc_column width=&#8221;2\/3&#8243;][vc_column_text]La Dermatologia Est\u00e8tica \u00e9s una \u00e0rea de la dermatologia que busca oferir solucions i tractaments pensats per ajudar els seus pacients a veure i sentir-se millor amb la seva imatge. La pell \u00e9s l&#8217;\u00f2rgan del cos hum\u00e0 m\u00e9s gran i el nostre estil de vida, la nostra alimentaci\u00f3, la nostra edat, [&hellip;]<\/p>\n","protected":false},"author":1,"featured_media":0,"parent":0,"menu_order":0,"comment_status":"closed","ping_status":"open","template":"fullwidth-template.php","meta":{"footnotes":""},"class_list":["post-1265","page","type-page","status-publish","hentry"],"yoast_head":"<!-- This site is optimized with the Yoast SEO plugin v26.7 - https:\/\/yoast.com\/wordpress\/plugins\/seo\/ -->\n<title>Dermatologia est\u00e8tica - Dermatologia Garces<\/title>\n<meta name=\"robots\" content=\"index, follow, max-snippet:-1, max-image-preview:large, max-video-preview:-1\" \/>\n<link rel=\"canonical\" href=\"https:\/\/garces-wp.ixole.es\/ca\/dermatologia-estetica\/\" \/>\n<meta property=\"og:locale\" content=\"ca_ES\" \/>\n<meta property=\"og:type\" content=\"article\" \/>\n<meta property=\"og:title\" content=\"Dermatologia est\u00e8tica - Dermatologia Garces\" \/>\n<meta property=\"og:description\" content=\"[vc_row][vc_column width=&#8221;1\/3&#8243;][vc_single_image image=&#8221;1059&#8243; img_size=&#8221;full&#8221;][\/vc_column][vc_column width=&#8221;2\/3&#8243;][vc_column_text]La Dermatologia Est\u00e8tica \u00e9s una \u00e0rea de la dermatologia que busca oferir solucions i tractaments pensats per ajudar els seus pacients a veure i sentir-se millor amb la seva imatge. La pell \u00e9s l&#8217;\u00f2rgan del cos hum\u00e0 m\u00e9s gran i el nostre estil de vida, la nostra alimentaci\u00f3, la nostra edat, [&hellip;]\" \/>\n<meta property=\"og:url\" content=\"https:\/\/garces-wp.ixole.es\/ca\/dermatologia-estetica\/\" \/>\n<meta property=\"og:site_name\" content=\"Dermatologia Garces\" \/>\n<meta property=\"article:modified_time\" content=\"2017-03-22T11:48:13+00:00\" \/>\n<meta name=\"twitter:card\" content=\"summary_large_image\" \/>\n<meta name=\"twitter:label1\" content=\"Est. reading time\" \/>\n\t<meta name=\"twitter:data1\" content=\"3 minutes\" \/>\n<script type=\"application\/ld+json\" class=\"yoast-schema-graph\">{\"@context\":\"https:\/\/schema.org\",\"@graph\":[{\"@type\":\"WebPage\",\"@id\":\"https:\/\/garces-wp.ixole.es\/ca\/dermatologia-estetica\/\",\"url\":\"https:\/\/garces-wp.ixole.es\/ca\/dermatologia-estetica\/\",\"name\":\"Dermatologia est\u00e8tica - Dermatologia Garces\",\"isPartOf\":{\"@id\":\"https:\/\/garces-wp.ixole.es\/#website\"},\"datePublished\":\"2017-03-06T09:55:39+00:00\",\"dateModified\":\"2017-03-22T11:48:13+00:00\",\"breadcrumb\":{\"@id\":\"https:\/\/garces-wp.ixole.es\/ca\/dermatologia-estetica\/#breadcrumb\"},\"inLanguage\":\"ca-ES\",\"potentialAction\":[{\"@type\":\"ReadAction\",\"target\":[\"https:\/\/garces-wp.ixole.es\/ca\/dermatologia-estetica\/\"]}]},{\"@type\":\"BreadcrumbList\",\"@id\":\"https:\/\/garces-wp.ixole.es\/ca\/dermatologia-estetica\/#breadcrumb\",\"itemListElement\":[{\"@type\":\"ListItem\",\"position\":1,\"name\":\"Portada\",\"item\":\"https:\/\/garces-wp.ixole.es\/ca\/\"},{\"@type\":\"ListItem\",\"position\":2,\"name\":\"Dermatologia est\u00e8tica\"}]},{\"@type\":\"WebSite\",\"@id\":\"https:\/\/garces-wp.ixole.es\/#website\",\"url\":\"https:\/\/garces-wp.ixole.es\/\",\"name\":\"Dermatologia Garces\",\"description\":\"Dermatologia Dr. JR Garc\u00e9s Centro M\u00e9dico Teknon\",\"publisher\":{\"@id\":\"https:\/\/garces-wp.ixole.es\/#organization\"},\"potentialAction\":[{\"@type\":\"SearchAction\",\"target\":{\"@type\":\"EntryPoint\",\"urlTemplate\":\"https:\/\/garces-wp.ixole.es\/?s={search_term_string}\"},\"query-input\":{\"@type\":\"PropertyValueSpecification\",\"valueRequired\":true,\"valueName\":\"search_term_string\"}}],\"inLanguage\":\"ca-ES\"},{\"@type\":\"Organization\",\"@id\":\"https:\/\/garces-wp.ixole.es\/#organization\",\"name\":\"Dermatologia Garc\u00e9s\",\"url\":\"https:\/\/garces-wp.ixole.es\/\",\"logo\":{\"@type\":\"ImageObject\",\"inLanguage\":\"ca-ES\",\"@id\":\"https:\/\/garces-wp.ixole.es\/#\/schema\/logo\/image\/\",\"url\":\"https:\/\/garces-wp.ixole.es\/wp-content\/uploads\/2016\/04\/Logotip-Garces-1-e1490180757988.png\",\"contentUrl\":\"https:\/\/garces-wp.ixole.es\/wp-content\/uploads\/2016\/04\/Logotip-Garces-1-e1490180757988.png\",\"width\":150,\"height\":55,\"caption\":\"Dermatologia Garc\u00e9s\"},\"image\":{\"@id\":\"https:\/\/garces-wp.ixole.es\/#\/schema\/logo\/image\/\"}}]}<\/script>\n<!-- \/ Yoast SEO plugin. -->","yoast_head_json":{"title":"Dermatologia est\u00e8tica - Dermatologia Garces","robots":{"index":"index","follow":"follow","max-snippet":"max-snippet:-1","max-image-preview":"max-image-preview:large","max-video-preview":"max-video-preview:-1"},"canonical":"https:\/\/garces-wp.ixole.es\/ca\/dermatologia-estetica\/","og_locale":"ca_ES","og_type":"article","og_title":"Dermatologia est\u00e8tica - Dermatologia Garces","og_description":"[vc_row][vc_column width=&#8221;1\/3&#8243;][vc_single_image image=&#8221;1059&#8243; img_size=&#8221;full&#8221;][\/vc_column][vc_column width=&#8221;2\/3&#8243;][vc_column_text]La Dermatologia Est\u00e8tica \u00e9s una \u00e0rea de la dermatologia que busca oferir solucions i tractaments pensats per ajudar els seus pacients a veure i sentir-se millor amb la seva imatge. La pell \u00e9s l&#8217;\u00f2rgan del cos hum\u00e0 m\u00e9s gran i el nostre estil de vida, la nostra alimentaci\u00f3, la nostra edat, [&hellip;]","og_url":"https:\/\/garces-wp.ixole.es\/ca\/dermatologia-estetica\/","og_site_name":"Dermatologia Garces","article_modified_time":"2017-03-22T11:48:13+00:00","twitter_card":"summary_large_image","twitter_misc":{"Est. reading time":"3 minutes"},"schema":{"@context":"https:\/\/schema.org","@graph":[{"@type":"WebPage","@id":"https:\/\/garces-wp.ixole.es\/ca\/dermatologia-estetica\/","url":"https:\/\/garces-wp.ixole.es\/ca\/dermatologia-estetica\/","name":"Dermatologia est\u00e8tica - Dermatologia Garces","isPartOf":{"@id":"https:\/\/garces-wp.ixole.es\/#website"},"datePublished":"2017-03-06T09:55:39+00:00","dateModified":"2017-03-22T11:48:13+00:00","breadcrumb":{"@id":"https:\/\/garces-wp.ixole.es\/ca\/dermatologia-estetica\/#breadcrumb"},"inLanguage":"ca-ES","potentialAction":[{"@type":"ReadAction","target":["https:\/\/garces-wp.ixole.es\/ca\/dermatologia-estetica\/"]}]},{"@type":"BreadcrumbList","@id":"https:\/\/garces-wp.ixole.es\/ca\/dermatologia-estetica\/#breadcrumb","itemListElement":[{"@type":"ListItem","position":1,"name":"Portada","item":"https:\/\/garces-wp.ixole.es\/ca\/"},{"@type":"ListItem","position":2,"name":"Dermatologia est\u00e8tica"}]},{"@type":"WebSite","@id":"https:\/\/garces-wp.ixole.es\/#website","url":"https:\/\/garces-wp.ixole.es\/","name":"Dermatologia Garces","description":"Dermatologia Dr. JR Garc\u00e9s Centro M\u00e9dico Teknon","publisher":{"@id":"https:\/\/garces-wp.ixole.es\/#organization"},"potentialAction":[{"@type":"SearchAction","target":{"@type":"EntryPoint","urlTemplate":"https:\/\/garces-wp.ixole.es\/?s={search_term_string}"},"query-input":{"@type":"PropertyValueSpecification","valueRequired":true,"valueName":"search_term_string"}}],"inLanguage":"ca-ES"},{"@type":"Organization","@id":"https:\/\/garces-wp.ixole.es\/#organization","name":"Dermatologia Garc\u00e9s","url":"https:\/\/garces-wp.ixole.es\/","logo":{"@type":"ImageObject","inLanguage":"ca-ES","@id":"https:\/\/garces-wp.ixole.es\/#\/schema\/logo\/image\/","url":"https:\/\/garces-wp.ixole.es\/wp-content\/uploads\/2016\/04\/Logotip-Garces-1-e1490180757988.png","contentUrl":"https:\/\/garces-wp.ixole.es\/wp-content\/uploads\/2016\/04\/Logotip-Garces-1-e1490180757988.png","width":150,"height":55,"caption":"Dermatologia Garc\u00e9s"},"image":{"@id":"https:\/\/garces-wp.ixole.es\/#\/schema\/logo\/image\/"}}]}},"_links":{"self":[{"href":"https:\/\/garces-wp.ixole.es\/ca\/wp-json\/wp\/v2\/pages\/1265","targetHints":{"allow":["GET"]}}],"collection":[{"href":"https:\/\/garces-wp.ixole.es\/ca\/wp-json\/wp\/v2\/pages"}],"about":[{"href":"https:\/\/garces-wp.ixole.es\/ca\/wp-json\/wp\/v2\/types\/page"}],"author":[{"embeddable":true,"href":"https:\/\/garces-wp.ixole.es\/ca\/wp-json\/wp\/v2\/users\/1"}],"replies":[{"embeddable":true,"href":"https:\/\/garces-wp.ixole.es\/ca\/wp-json\/wp\/v2\/comments?post=1265"}],"version-history":[{"count":4,"href":"https:\/\/garces-wp.ixole.es\/ca\/wp-json\/wp\/v2\/pages\/1265\/revisions"}],"predecessor-version":[{"id":1867,"href":"https:\/\/garces-wp.ixole.es\/ca\/wp-json\/wp\/v2\/pages\/1265\/revisions\/1867"}],"wp:attachment":[{"href":"https:\/\/garces-wp.ixole.es\/ca\/wp-json\/wp\/v2\/media?parent=1265"}],"curies":[{"name":"wp","href":"https:\/\/api.w.org\/{rel}","templated":true}]}}