{"id":1258,"date":"2017-03-06T09:52:23","date_gmt":"2017-03-06T09:52:23","guid":{"rendered":"https:\/\/garces-wp.ixole.es\/?page_id=1258\/"},"modified":"2017-03-30T07:41:32","modified_gmt":"2017-03-30T07:41:32","slug":"dermatologia-quirurgica","status":"publish","type":"page","link":"https:\/\/garces-wp.ixole.es\/ca\/dermatologia-quirurgica\/","title":{"rendered":"Dermatologia quir\u00fargica"},"content":{"rendered":"<p>[vc_row][vc_column][vc_column_text]La <strong>cirurgia en dermatologia<\/strong> s&#8217;utilitza generalment per <strong>l&#8217;extirpaci\u00f3 de lesions cut\u00e0nies benignes<\/strong> antiest\u00e8tiques o susceptibles de ser malignes i per <strong>l&#8217;extirpaci\u00f3 de tumors cancerosos malignes<\/strong>. En funci\u00f3 de la tipologia de lesi\u00f3 i les seves indicacions, s&#8217;utilitzaran processos de cirurgia ambulat\u00f2ria, t\u00e8cniques destructives locals o de cirurgia general amb hospitalitzaci\u00f3 posterior.<\/p>\n<p>La <strong>Unitat de Dermatologia Quir\u00fargica de l&#8217;Institut de Dermatologia Garc\u00e9s<\/strong> compta amb un equip de dermat\u00f2legs quir\u00fargics, liderats pel <a href=\"https:\/\/garces-wp.ixole.es\/ca\/jrgarces\/\">Dr. Garc\u00e9s<\/a>, que utilitza les t\u00e8cniques quir\u00fargiques m\u00e9s avan\u00e7ades. Gr\u00e0cies a les innovadores instal\u00b7lacions del <a href=\"https:\/\/garces-wp.ixole.es\/ca\/centro-medico-teknon\/\">Centre M\u00e8dic Teknon<\/a>, l&#8217;equip pot realitzar les seves intervencions amb el suport de l&#8217;\u00faltima tecnologia i uns quir\u00f2fans completament equipats.[\/vc_column_text][\/vc_column][\/vc_row][vc_row gap=&#8221;20&#8243; content_placement=&#8221;middle&#8221;][vc_column][vc_separator][vc_empty_space][vc_row_inner][vc_column_inner width=&#8221;1\/3&#8243;][vc_text_separator title=&#8221;Cirurgia de Mohs&#8221; color=&#8221;chino&#8221; el_class=&#8221;h4&#8243;][vc_column_text]Consisteix en una t\u00e8cnica avan\u00e7ada quir\u00fargica per eliminar per capes el tumor causant del c\u00e0ncer de pell.[\/vc_column_text][vc_button2 title=&#8221;Llegir m\u00e9s&#8221; align=&#8221;center&#8221; color=&#8221;chino&#8221; size=&#8221;sm&#8221; link=&#8221;url:https%3A%2F%2Fgarces-wp.ixole.es%2Fca%2Fdermatologia-quirurgica%2Fcirurgia-de-mohs%2F||&#8221;][\/vc_column_inner][vc_column_inner width=&#8221;1\/3&#8243;][vc_text_separator title=&#8221;Ter\u00e0pia fotodin\u00e0mica&#8221; color=&#8221;chino&#8221; el_class=&#8221;h4&#8243;][vc_column_text]Tractament per a les lesions precanceroses de la pell i carcinomes cutanis superficials.[\/vc_column_text][vc_button2 title=&#8221;Llegir m\u00e9s&#8221; align=&#8221;center&#8221; color=&#8221;chino&#8221; size=&#8221;sm&#8221; link=&#8221;url:https%3A%2F%2Fgarces-wp.ixole.es%2Fca%2Fdermatologia-quirurgica%2Fterapia-fotodinamica%2F||&#8221;][\/vc_column_inner][vc_column_inner width=&#8221;1\/3&#8243;][vc_text_separator title=&#8221;Crioter\u00e0pia&#8221; color=&#8221;chino&#8221; el_class=&#8221;h4&#8243;][vc_column_text]Consisteix en l&#8217;eliminaci\u00f3 utilitzant nitrogen l\u00edquid de lesions cut\u00e0nies superficials.[\/vc_column_text][vc_button2 title=&#8221;Llegir m\u00e9s&#8221; align=&#8221;center&#8221; color=&#8221;chino&#8221; size=&#8221;sm&#8221; link=&#8221;url:https%3A%2F%2Fgarces-wp.ixole.es%2Fca%2Fdermatologia-quirurgica%2Fcrioterapia%2F||&#8221;][\/vc_column_inner][\/vc_row_inner][vc_empty_space][vc_row_inner][vc_column_inner width=&#8221;1\/3&#8243;][vc_text_separator title=&#8221;L\u00e0ser&#8221; color=&#8221;chino&#8221; el_class=&#8221;h4&#8243;][vc_column_text]El l\u00e0ser \u00e9s un tractament efica\u00e7 per a patologies com la ros\u00e0cia, les berrugues o el c\u00e0ncer de pell entre d&#8217;altres.[\/vc_column_text][vc_button2 title=&#8221;Llegir m\u00e9s&#8221; align=&#8221;center&#8221; color=&#8221;chino&#8221; size=&#8221;sm&#8221; link=&#8221;url:https%3A%2F%2Fgarces-wp.ixole.es%2Fca%2Fdermatologia-quirurgica%2Flaser%2F||&#8221;][\/vc_column_inner][vc_column_inner width=&#8221;1\/3&#8243;][\/vc_column_inner][vc_column_inner width=&#8221;1\/3&#8243;][\/vc_column_inner][\/vc_row_inner][vc_separator][vc_empty_space][vc_empty_space][vc_empty_space][vc_cta h2=&#8221;Si vol demanar cita o m\u00e9s informaci\u00f3, contacti amb nosaltres&#8221; h2_font_container=&#8221;font_size:24|color:%23ffffff&#8221; h2_use_theme_fonts=&#8221;yes&#8221; add_button=&#8221;right&#8221; btn_title=&#8221;Contactar&#8221; btn_style=&#8221;classic&#8221; btn_color=&#8221;chino&#8221; btn_align=&#8221;right&#8221; css=&#8221;.vc_custom_1488903228769{background-color: #3b506b !important;}&#8221; use_custom_fonts_h2=&#8221;true&#8221; use_custom_fonts_h4=&#8221;true&#8221; btn_button_block=&#8221;true&#8221; btn_link=&#8221;url:https%3A%2F%2Fgarces-wp.ixole.es%2Fca%2Fcontactar%2F||&#8221;][\/vc_cta][\/vc_column][\/vc_row]<\/p>\n","protected":false},"excerpt":{"rendered":"<p>[vc_row][vc_column][vc_column_text]La cirurgia en dermatologia s&#8217;utilitza generalment per l&#8217;extirpaci\u00f3 de lesions cut\u00e0nies benignes antiest\u00e8tiques o susceptibles de ser malignes i per l&#8217;extirpaci\u00f3 de tumors cancerosos malignes. En funci\u00f3 de la tipologia de lesi\u00f3 i les seves indicacions, s&#8217;utilitzaran processos de cirurgia ambulat\u00f2ria, t\u00e8cniques destructives locals o de cirurgia general amb hospitalitzaci\u00f3 posterior. La Unitat de Dermatologia [&hellip;]<\/p>\n","protected":false},"author":1,"featured_media":0,"parent":0,"menu_order":0,"comment_status":"closed","ping_status":"open","template":"fullwidth-template.php","meta":{"footnotes":""},"class_list":["post-1258","page","type-page","status-publish","hentry"],"yoast_head":"<!-- This site is optimized with the Yoast SEO plugin v26.7 - https:\/\/yoast.com\/wordpress\/plugins\/seo\/ -->\n<title>Dermatologia quir\u00fargica - Dermatologia Garces<\/title>\n<meta name=\"robots\" content=\"index, follow, max-snippet:-1, max-image-preview:large, max-video-preview:-1\" \/>\n<link rel=\"canonical\" href=\"https:\/\/garces-wp.ixole.es\/ca\/dermatologia-quirurgica\/\" \/>\n<meta property=\"og:locale\" content=\"ca_ES\" \/>\n<meta property=\"og:type\" content=\"article\" \/>\n<meta property=\"og:title\" content=\"Dermatologia quir\u00fargica - Dermatologia Garces\" \/>\n<meta property=\"og:description\" content=\"[vc_row][vc_column][vc_column_text]La cirurgia en dermatologia s&#8217;utilitza generalment per l&#8217;extirpaci\u00f3 de lesions cut\u00e0nies benignes antiest\u00e8tiques o susceptibles de ser malignes i per l&#8217;extirpaci\u00f3 de tumors cancerosos malignes. En funci\u00f3 de la tipologia de lesi\u00f3 i les seves indicacions, s&#8217;utilitzaran processos de cirurgia ambulat\u00f2ria, t\u00e8cniques destructives locals o de cirurgia general amb hospitalitzaci\u00f3 posterior. La Unitat de Dermatologia [&hellip;]\" \/>\n<meta property=\"og:url\" content=\"https:\/\/garces-wp.ixole.es\/ca\/dermatologia-quirurgica\/\" \/>\n<meta property=\"og:site_name\" content=\"Dermatologia Garces\" \/>\n<meta property=\"article:modified_time\" content=\"2017-03-30T07:41:32+00:00\" \/>\n<meta name=\"twitter:card\" content=\"summary_large_image\" \/>\n<meta name=\"twitter:label1\" content=\"Est. reading time\" \/>\n\t<meta name=\"twitter:data1\" content=\"3 minutes\" \/>\n<script type=\"application\/ld+json\" class=\"yoast-schema-graph\">{\"@context\":\"https:\/\/schema.org\",\"@graph\":[{\"@type\":\"WebPage\",\"@id\":\"https:\/\/garces-wp.ixole.es\/ca\/dermatologia-quirurgica\/\",\"url\":\"https:\/\/garces-wp.ixole.es\/ca\/dermatologia-quirurgica\/\",\"name\":\"Dermatologia quir\u00fargica - Dermatologia Garces\",\"isPartOf\":{\"@id\":\"https:\/\/garces-wp.ixole.es\/#website\"},\"datePublished\":\"2017-03-06T09:52:23+00:00\",\"dateModified\":\"2017-03-30T07:41:32+00:00\",\"breadcrumb\":{\"@id\":\"https:\/\/garces-wp.ixole.es\/ca\/dermatologia-quirurgica\/#breadcrumb\"},\"inLanguage\":\"ca-ES\",\"potentialAction\":[{\"@type\":\"ReadAction\",\"target\":[\"https:\/\/garces-wp.ixole.es\/ca\/dermatologia-quirurgica\/\"]}]},{\"@type\":\"BreadcrumbList\",\"@id\":\"https:\/\/garces-wp.ixole.es\/ca\/dermatologia-quirurgica\/#breadcrumb\",\"itemListElement\":[{\"@type\":\"ListItem\",\"position\":1,\"name\":\"Portada\",\"item\":\"https:\/\/garces-wp.ixole.es\/ca\/\"},{\"@type\":\"ListItem\",\"position\":2,\"name\":\"Dermatologia quir\u00fargica\"}]},{\"@type\":\"WebSite\",\"@id\":\"https:\/\/garces-wp.ixole.es\/#website\",\"url\":\"https:\/\/garces-wp.ixole.es\/\",\"name\":\"Dermatologia Garces\",\"description\":\"Dermatologia Dr. JR Garc\u00e9s Centro M\u00e9dico Teknon\",\"publisher\":{\"@id\":\"https:\/\/garces-wp.ixole.es\/#organization\"},\"potentialAction\":[{\"@type\":\"SearchAction\",\"target\":{\"@type\":\"EntryPoint\",\"urlTemplate\":\"https:\/\/garces-wp.ixole.es\/?s={search_term_string}\"},\"query-input\":{\"@type\":\"PropertyValueSpecification\",\"valueRequired\":true,\"valueName\":\"search_term_string\"}}],\"inLanguage\":\"ca-ES\"},{\"@type\":\"Organization\",\"@id\":\"https:\/\/garces-wp.ixole.es\/#organization\",\"name\":\"Dermatologia Garc\u00e9s\",\"url\":\"https:\/\/garces-wp.ixole.es\/\",\"logo\":{\"@type\":\"ImageObject\",\"inLanguage\":\"ca-ES\",\"@id\":\"https:\/\/garces-wp.ixole.es\/#\/schema\/logo\/image\/\",\"url\":\"https:\/\/garces-wp.ixole.es\/wp-content\/uploads\/2016\/04\/Logotip-Garces-1-e1490180757988.png\",\"contentUrl\":\"https:\/\/garces-wp.ixole.es\/wp-content\/uploads\/2016\/04\/Logotip-Garces-1-e1490180757988.png\",\"width\":150,\"height\":55,\"caption\":\"Dermatologia Garc\u00e9s\"},\"image\":{\"@id\":\"https:\/\/garces-wp.ixole.es\/#\/schema\/logo\/image\/\"}}]}<\/script>\n<!-- \/ Yoast SEO plugin. -->","yoast_head_json":{"title":"Dermatologia quir\u00fargica - Dermatologia Garces","robots":{"index":"index","follow":"follow","max-snippet":"max-snippet:-1","max-image-preview":"max-image-preview:large","max-video-preview":"max-video-preview:-1"},"canonical":"https:\/\/garces-wp.ixole.es\/ca\/dermatologia-quirurgica\/","og_locale":"ca_ES","og_type":"article","og_title":"Dermatologia quir\u00fargica - Dermatologia Garces","og_description":"[vc_row][vc_column][vc_column_text]La cirurgia en dermatologia s&#8217;utilitza generalment per l&#8217;extirpaci\u00f3 de lesions cut\u00e0nies benignes antiest\u00e8tiques o susceptibles de ser malignes i per l&#8217;extirpaci\u00f3 de tumors cancerosos malignes. En funci\u00f3 de la tipologia de lesi\u00f3 i les seves indicacions, s&#8217;utilitzaran processos de cirurgia ambulat\u00f2ria, t\u00e8cniques destructives locals o de cirurgia general amb hospitalitzaci\u00f3 posterior. La Unitat de Dermatologia [&hellip;]","og_url":"https:\/\/garces-wp.ixole.es\/ca\/dermatologia-quirurgica\/","og_site_name":"Dermatologia Garces","article_modified_time":"2017-03-30T07:41:32+00:00","twitter_card":"summary_large_image","twitter_misc":{"Est. reading time":"3 minutes"},"schema":{"@context":"https:\/\/schema.org","@graph":[{"@type":"WebPage","@id":"https:\/\/garces-wp.ixole.es\/ca\/dermatologia-quirurgica\/","url":"https:\/\/garces-wp.ixole.es\/ca\/dermatologia-quirurgica\/","name":"Dermatologia quir\u00fargica - Dermatologia Garces","isPartOf":{"@id":"https:\/\/garces-wp.ixole.es\/#website"},"datePublished":"2017-03-06T09:52:23+00:00","dateModified":"2017-03-30T07:41:32+00:00","breadcrumb":{"@id":"https:\/\/garces-wp.ixole.es\/ca\/dermatologia-quirurgica\/#breadcrumb"},"inLanguage":"ca-ES","potentialAction":[{"@type":"ReadAction","target":["https:\/\/garces-wp.ixole.es\/ca\/dermatologia-quirurgica\/"]}]},{"@type":"BreadcrumbList","@id":"https:\/\/garces-wp.ixole.es\/ca\/dermatologia-quirurgica\/#breadcrumb","itemListElement":[{"@type":"ListItem","position":1,"name":"Portada","item":"https:\/\/garces-wp.ixole.es\/ca\/"},{"@type":"ListItem","position":2,"name":"Dermatologia quir\u00fargica"}]},{"@type":"WebSite","@id":"https:\/\/garces-wp.ixole.es\/#website","url":"https:\/\/garces-wp.ixole.es\/","name":"Dermatologia Garces","description":"Dermatologia Dr. JR Garc\u00e9s Centro M\u00e9dico Teknon","publisher":{"@id":"https:\/\/garces-wp.ixole.es\/#organization"},"potentialAction":[{"@type":"SearchAction","target":{"@type":"EntryPoint","urlTemplate":"https:\/\/garces-wp.ixole.es\/?s={search_term_string}"},"query-input":{"@type":"PropertyValueSpecification","valueRequired":true,"valueName":"search_term_string"}}],"inLanguage":"ca-ES"},{"@type":"Organization","@id":"https:\/\/garces-wp.ixole.es\/#organization","name":"Dermatologia Garc\u00e9s","url":"https:\/\/garces-wp.ixole.es\/","logo":{"@type":"ImageObject","inLanguage":"ca-ES","@id":"https:\/\/garces-wp.ixole.es\/#\/schema\/logo\/image\/","url":"https:\/\/garces-wp.ixole.es\/wp-content\/uploads\/2016\/04\/Logotip-Garces-1-e1490180757988.png","contentUrl":"https:\/\/garces-wp.ixole.es\/wp-content\/uploads\/2016\/04\/Logotip-Garces-1-e1490180757988.png","width":150,"height":55,"caption":"Dermatologia Garc\u00e9s"},"image":{"@id":"https:\/\/garces-wp.ixole.es\/#\/schema\/logo\/image\/"}}]}},"_links":{"self":[{"href":"https:\/\/garces-wp.ixole.es\/ca\/wp-json\/wp\/v2\/pages\/1258","targetHints":{"allow":["GET"]}}],"collection":[{"href":"https:\/\/garces-wp.ixole.es\/ca\/wp-json\/wp\/v2\/pages"}],"about":[{"href":"https:\/\/garces-wp.ixole.es\/ca\/wp-json\/wp\/v2\/types\/page"}],"author":[{"embeddable":true,"href":"https:\/\/garces-wp.ixole.es\/ca\/wp-json\/wp\/v2\/users\/1"}],"replies":[{"embeddable":true,"href":"https:\/\/garces-wp.ixole.es\/ca\/wp-json\/wp\/v2\/comments?post=1258"}],"version-history":[{"count":3,"href":"https:\/\/garces-wp.ixole.es\/ca\/wp-json\/wp\/v2\/pages\/1258\/revisions"}],"predecessor-version":[{"id":1735,"href":"https:\/\/garces-wp.ixole.es\/ca\/wp-json\/wp\/v2\/pages\/1258\/revisions\/1735"}],"wp:attachment":[{"href":"https:\/\/garces-wp.ixole.es\/ca\/wp-json\/wp\/v2\/media?parent=1258"}],"curies":[{"name":"wp","href":"https:\/\/api.w.org\/{rel}","templated":true}]}}