{"id":1254,"date":"2017-03-06T09:50:50","date_gmt":"2017-03-06T09:50:50","guid":{"rendered":"https:\/\/garces-wp.ixole.es\/?page_id=1254\/"},"modified":"2017-03-10T12:53:11","modified_gmt":"2017-03-10T12:53:11","slug":"dermatologia-clinica","status":"publish","type":"page","link":"https:\/\/garces-wp.ixole.es\/ca\/dermatologia-clinica\/","title":{"rendered":"Dermatologia cl\u00ednica"},"content":{"rendered":"<p>[vc_row][vc_column][vc_single_image image=&#8221;1053&#8243; img_size=&#8221;full&#8221;][vc_column_text]La <strong>Unitat de Dermatologia Cl\u00ednica<\/strong>, liderada pel <a href=\"https:\/\/garces-wp.ixole.es\/ca\/dr-xavier-garcia-navarro\/\">Dr. Xavier Garc\u00eda-Navarro<\/a>,\u00a0s&#8217;encarrega de prevenir, diagnosticar i tractar totes les malalties de la pell, cabell i ungles, que no requereixen tractament quir\u00fargic. S\u00f3n malalties que poden afectar en diferents moments de la vida, des de la inf\u00e0ncia fins a la senectut. Es poden originar a la pr\u00f2pia pell o poden ser nom\u00e9s s\u00edmptomes produ\u00efts per l&#8217;exist\u00e8ncia d&#8217;altres malalties internes no dermatol\u00f2giques.<\/p>\n<p>Al Institut de Dermatologia Garc\u00e9s disposem d&#8217;un equip de dermat\u00f2legs cl\u00ednics especialitzats en el diagn\u00f2stic i el tractament de cadascuna d&#8217;aquestes malalties que afecten la pell, mucoses, cabell i ungles. La seva ubicaci\u00f3 al prestigi\u00f3s Centre M\u00e8dic Teknon els permet comptar amb el suport de l&#8217;\u00faltima tecnologia en l&#8217;\u00e0rea de dermatologia.[\/vc_column_text][\/vc_column][\/vc_row][vc_row gap=&#8221;20&#8243; content_placement=&#8221;middle&#8221;][vc_column][vc_separator][vc_empty_space][vc_row_inner][vc_column_inner width=&#8221;1\/3&#8243;][vc_text_separator title=&#8221;Acne&#8221; color=&#8221;chino&#8221; el_class=&#8221;h4&#8243;][vc_column_text]Mitjan\u00e7ant peelings, antiinflamatoris i antibi\u00f2tics, s&#8217;aconsegueix un tractament efectiu per a l&#8217;acne amb resultats molt bons.[\/vc_column_text][vc_button2 title=&#8221;Llegir m\u00e9s&#8221; align=&#8221;center&#8221; color=&#8221;chino&#8221; size=&#8221;sm&#8221; link=&#8221;url:https%3A%2F%2Fgarces-wp.ixole.es%2Fca%2Fdermatologia-clinica%2Facne%2F||&#8221;][\/vc_column_inner][vc_column_inner width=&#8221;1\/3&#8243;][vc_text_separator title=&#8221;Caiguda del cabell&#8221; color=&#8221;chino&#8221; el_class=&#8221;h4&#8243;][vc_column_text]Pot ser degut a diferents causes. Les m\u00e9s freq\u00fcents s\u00f3n l&#8217;alop\u00e8cia androgen\u00e8tica i l&#8217;efluvi tel\u00f2gen.[\/vc_column_text][vc_button2 title=&#8221;Llegir m\u00e9s&#8221; align=&#8221;center&#8221; color=&#8221;chino&#8221; size=&#8221;sm&#8221; link=&#8221;url:https%3A%2F%2Fgarces-wp.ixole.es%2Fca%2Fdermatologia-clinica%2Fcaiguda-del-cabell%2F||&#8221;][\/vc_column_inner][vc_column_inner width=&#8221;1\/3&#8243;][vc_text_separator title=&#8221;Psoriasi&#8221; color=&#8221;chino&#8221; el_class=&#8221;h4&#8243;][vc_column_text]\u00c9s una malaltia cut\u00e0nia i cr\u00f2nica. Es caracteritza per fen\u00f2mens inflamatoris i un recanvi accelerat i en exc\u00e9s de la pell.[\/vc_column_text][vc_button2 title=&#8221;Llegir m\u00e9s&#8221; align=&#8221;center&#8221; color=&#8221;chino&#8221; size=&#8221;sm&#8221; link=&#8221;url:https%3A%2F%2Fgarces-wp.ixole.es%2Fca%2Fdermatologia-clinica%2Fpsoriasis%2F||&#8221;][\/vc_column_inner][\/vc_row_inner][vc_empty_space][vc_row_inner][vc_column_inner width=&#8221;1\/3&#8243;][vc_text_separator title=&#8221;Berrugues&#8221; color=&#8221;chino&#8221; el_class=&#8221;h4&#8243;][vc_column_text]Infeccions causades per virus que poden arribar a apar\u00e8ixer en diferents \u00e0rees del cos.[\/vc_column_text][vc_button2 title=&#8221;Llegir m\u00e9s&#8221; align=&#8221;center&#8221; color=&#8221;chino&#8221; size=&#8221;sm&#8221; link=&#8221;url:https%3A%2F%2Fgarces-wp.ixole.es%2Fca%2Fdermatologia-clinica%2Fberrugues%2F||&#8221;][\/vc_column_inner][vc_column_inner width=&#8221;1\/3&#8243;][vc_text_separator title=&#8221;Dermatologia pedi\u00e0trica&#8221; color=&#8221;chino&#8221; el_class=&#8221;h4&#8243;][vc_column_text]Durant la inf\u00e0ncia existeixen malalties de la pell que s\u00f3n freq\u00fcents i espec\u00edfiques d&#8217;aquesta edat.[\/vc_column_text][vc_button2 title=&#8221;Llegir m\u00e9s&#8221; align=&#8221;center&#8221; color=&#8221;chino&#8221; size=&#8221;sm&#8221; link=&#8221;url:https%3A%2F%2Fgarces-wp.ixole.es%2Fca%2Fdermatologia-clinica%2Fdermatologia-pediatrica%2F||&#8221;][\/vc_column_inner][vc_column_inner width=&#8221;1\/3&#8243;][vc_text_separator title=&#8221;Malalties de transmissi\u00f3 sexual&#8221; color=&#8221;chino&#8221; el_class=&#8221;h4&#8243;][vc_column_text]S\u00f3n malalties causades per agents externs que es caracteritzen per transmetre per via sexual.[\/vc_column_text][vc_button2 title=&#8221;Llegir m\u00e9s&#8221; align=&#8221;center&#8221; color=&#8221;chino&#8221; size=&#8221;sm&#8221; link=&#8221;url:https%3A%2F%2Fgarces-wp.ixole.es%2Fca%2Fmalalties-de-transmissio-sexual%2F||&#8221;][\/vc_column_inner][\/vc_row_inner][vc_empty_space][vc_row_inner][vc_column_inner width=&#8221;1\/3&#8243;][vc_text_separator title=&#8221;Ungles&#8221; color=&#8221;chino&#8221; el_class=&#8221;h4&#8243;][vc_column_text]Les ungles poden patir diferents anormalitats com fongs i s\u00f3n molt sensibles als canvis i malalties interns.[\/vc_column_text][vc_button2 title=&#8221;Llegir m\u00e9s&#8221; align=&#8221;center&#8221; color=&#8221;chino&#8221; size=&#8221;sm&#8221; link=&#8221;url:https%3A%2F%2Fgarces-wp.ixole.es%2Fca%2Fdermatologia-clinica%2Fungles%2F||&#8221;][\/vc_column_inner][vc_column_inner width=&#8221;1\/3&#8243;][\/vc_column_inner][vc_column_inner width=&#8221;1\/3&#8243;][\/vc_column_inner][\/vc_row_inner][vc_empty_space][vc_empty_space][vc_empty_space][vc_cta h2=&#8221;Si vol demanar cita o m\u00e9s informaci\u00f3, contacti amb nosaltres. &#8221; h2_font_container=&#8221;font_size:24|color:%23ffffff&#8221; h2_use_theme_fonts=&#8221;yes&#8221; add_button=&#8221;right&#8221; btn_title=&#8221;Contactar&#8221; btn_style=&#8221;classic&#8221; btn_color=&#8221;chino&#8221; btn_align=&#8221;right&#8221; css=&#8221;.vc_custom_1489141586699{background-color: #3b506b !important;}&#8221; use_custom_fonts_h2=&#8221;true&#8221; use_custom_fonts_h4=&#8221;true&#8221; btn_button_block=&#8221;true&#8221; btn_link=&#8221;url:https%3A%2F%2Fgarces-wp.ixole.es%2Fca%2Fcontactar%2F||&#8221;][\/vc_cta][\/vc_column][\/vc_row]<\/p>\n","protected":false},"excerpt":{"rendered":"<p>[vc_row][vc_column][vc_single_image image=&#8221;1053&#8243; img_size=&#8221;full&#8221;][vc_column_text]La Unitat de Dermatologia Cl\u00ednica, liderada pel Dr. Xavier Garc\u00eda-Navarro,\u00a0s&#8217;encarrega de prevenir, diagnosticar i tractar totes les malalties de la pell, cabell i ungles, que no requereixen tractament quir\u00fargic. S\u00f3n malalties que poden afectar en diferents moments de la vida, des de la inf\u00e0ncia fins a la senectut. Es poden originar a la [&hellip;]<\/p>\n","protected":false},"author":1,"featured_media":0,"parent":0,"menu_order":0,"comment_status":"closed","ping_status":"open","template":"fullwidth-template.php","meta":{"footnotes":""},"class_list":["post-1254","page","type-page","status-publish","hentry"],"yoast_head":"<!-- This site is optimized with the Yoast SEO plugin v26.7 - https:\/\/yoast.com\/wordpress\/plugins\/seo\/ -->\n<title>Dermatologia cl\u00ednica - Dermatologia Garces<\/title>\n<meta name=\"robots\" content=\"index, follow, max-snippet:-1, max-image-preview:large, max-video-preview:-1\" \/>\n<link rel=\"canonical\" href=\"https:\/\/garces-wp.ixole.es\/ca\/dermatologia-clinica\/\" \/>\n<meta property=\"og:locale\" content=\"ca_ES\" \/>\n<meta property=\"og:type\" content=\"article\" \/>\n<meta property=\"og:title\" content=\"Dermatologia cl\u00ednica - Dermatologia Garces\" \/>\n<meta property=\"og:description\" content=\"[vc_row][vc_column][vc_single_image image=&#8221;1053&#8243; img_size=&#8221;full&#8221;][vc_column_text]La Unitat de Dermatologia Cl\u00ednica, liderada pel Dr. Xavier Garc\u00eda-Navarro,\u00a0s&#8217;encarrega de prevenir, diagnosticar i tractar totes les malalties de la pell, cabell i ungles, que no requereixen tractament quir\u00fargic. S\u00f3n malalties que poden afectar en diferents moments de la vida, des de la inf\u00e0ncia fins a la senectut. Es poden originar a la [&hellip;]\" \/>\n<meta property=\"og:url\" content=\"https:\/\/garces-wp.ixole.es\/ca\/dermatologia-clinica\/\" \/>\n<meta property=\"og:site_name\" content=\"Dermatologia Garces\" \/>\n<meta property=\"article:modified_time\" content=\"2017-03-10T12:53:11+00:00\" \/>\n<meta name=\"twitter:card\" content=\"summary_large_image\" \/>\n<meta name=\"twitter:label1\" content=\"Est. reading time\" \/>\n\t<meta name=\"twitter:data1\" content=\"4 minutes\" \/>\n<script type=\"application\/ld+json\" class=\"yoast-schema-graph\">{\"@context\":\"https:\/\/schema.org\",\"@graph\":[{\"@type\":\"WebPage\",\"@id\":\"https:\/\/garces-wp.ixole.es\/ca\/dermatologia-clinica\/\",\"url\":\"https:\/\/garces-wp.ixole.es\/ca\/dermatologia-clinica\/\",\"name\":\"Dermatologia cl\u00ednica - Dermatologia Garces\",\"isPartOf\":{\"@id\":\"https:\/\/garces-wp.ixole.es\/#website\"},\"datePublished\":\"2017-03-06T09:50:50+00:00\",\"dateModified\":\"2017-03-10T12:53:11+00:00\",\"breadcrumb\":{\"@id\":\"https:\/\/garces-wp.ixole.es\/ca\/dermatologia-clinica\/#breadcrumb\"},\"inLanguage\":\"ca-ES\",\"potentialAction\":[{\"@type\":\"ReadAction\",\"target\":[\"https:\/\/garces-wp.ixole.es\/ca\/dermatologia-clinica\/\"]}]},{\"@type\":\"BreadcrumbList\",\"@id\":\"https:\/\/garces-wp.ixole.es\/ca\/dermatologia-clinica\/#breadcrumb\",\"itemListElement\":[{\"@type\":\"ListItem\",\"position\":1,\"name\":\"Portada\",\"item\":\"https:\/\/garces-wp.ixole.es\/ca\/\"},{\"@type\":\"ListItem\",\"position\":2,\"name\":\"Dermatologia cl\u00ednica\"}]},{\"@type\":\"WebSite\",\"@id\":\"https:\/\/garces-wp.ixole.es\/#website\",\"url\":\"https:\/\/garces-wp.ixole.es\/\",\"name\":\"Dermatologia Garces\",\"description\":\"Dermatologia Dr. JR Garc\u00e9s Centro M\u00e9dico Teknon\",\"publisher\":{\"@id\":\"https:\/\/garces-wp.ixole.es\/#organization\"},\"potentialAction\":[{\"@type\":\"SearchAction\",\"target\":{\"@type\":\"EntryPoint\",\"urlTemplate\":\"https:\/\/garces-wp.ixole.es\/?s={search_term_string}\"},\"query-input\":{\"@type\":\"PropertyValueSpecification\",\"valueRequired\":true,\"valueName\":\"search_term_string\"}}],\"inLanguage\":\"ca-ES\"},{\"@type\":\"Organization\",\"@id\":\"https:\/\/garces-wp.ixole.es\/#organization\",\"name\":\"Dermatologia Garc\u00e9s\",\"url\":\"https:\/\/garces-wp.ixole.es\/\",\"logo\":{\"@type\":\"ImageObject\",\"inLanguage\":\"ca-ES\",\"@id\":\"https:\/\/garces-wp.ixole.es\/#\/schema\/logo\/image\/\",\"url\":\"https:\/\/garces-wp.ixole.es\/wp-content\/uploads\/2016\/04\/Logotip-Garces-1-e1490180757988.png\",\"contentUrl\":\"https:\/\/garces-wp.ixole.es\/wp-content\/uploads\/2016\/04\/Logotip-Garces-1-e1490180757988.png\",\"width\":150,\"height\":55,\"caption\":\"Dermatologia Garc\u00e9s\"},\"image\":{\"@id\":\"https:\/\/garces-wp.ixole.es\/#\/schema\/logo\/image\/\"}}]}<\/script>\n<!-- \/ Yoast SEO plugin. -->","yoast_head_json":{"title":"Dermatologia cl\u00ednica - Dermatologia Garces","robots":{"index":"index","follow":"follow","max-snippet":"max-snippet:-1","max-image-preview":"max-image-preview:large","max-video-preview":"max-video-preview:-1"},"canonical":"https:\/\/garces-wp.ixole.es\/ca\/dermatologia-clinica\/","og_locale":"ca_ES","og_type":"article","og_title":"Dermatologia cl\u00ednica - Dermatologia Garces","og_description":"[vc_row][vc_column][vc_single_image image=&#8221;1053&#8243; img_size=&#8221;full&#8221;][vc_column_text]La Unitat de Dermatologia Cl\u00ednica, liderada pel Dr. Xavier Garc\u00eda-Navarro,\u00a0s&#8217;encarrega de prevenir, diagnosticar i tractar totes les malalties de la pell, cabell i ungles, que no requereixen tractament quir\u00fargic. S\u00f3n malalties que poden afectar en diferents moments de la vida, des de la inf\u00e0ncia fins a la senectut. Es poden originar a la [&hellip;]","og_url":"https:\/\/garces-wp.ixole.es\/ca\/dermatologia-clinica\/","og_site_name":"Dermatologia Garces","article_modified_time":"2017-03-10T12:53:11+00:00","twitter_card":"summary_large_image","twitter_misc":{"Est. reading time":"4 minutes"},"schema":{"@context":"https:\/\/schema.org","@graph":[{"@type":"WebPage","@id":"https:\/\/garces-wp.ixole.es\/ca\/dermatologia-clinica\/","url":"https:\/\/garces-wp.ixole.es\/ca\/dermatologia-clinica\/","name":"Dermatologia cl\u00ednica - Dermatologia Garces","isPartOf":{"@id":"https:\/\/garces-wp.ixole.es\/#website"},"datePublished":"2017-03-06T09:50:50+00:00","dateModified":"2017-03-10T12:53:11+00:00","breadcrumb":{"@id":"https:\/\/garces-wp.ixole.es\/ca\/dermatologia-clinica\/#breadcrumb"},"inLanguage":"ca-ES","potentialAction":[{"@type":"ReadAction","target":["https:\/\/garces-wp.ixole.es\/ca\/dermatologia-clinica\/"]}]},{"@type":"BreadcrumbList","@id":"https:\/\/garces-wp.ixole.es\/ca\/dermatologia-clinica\/#breadcrumb","itemListElement":[{"@type":"ListItem","position":1,"name":"Portada","item":"https:\/\/garces-wp.ixole.es\/ca\/"},{"@type":"ListItem","position":2,"name":"Dermatologia cl\u00ednica"}]},{"@type":"WebSite","@id":"https:\/\/garces-wp.ixole.es\/#website","url":"https:\/\/garces-wp.ixole.es\/","name":"Dermatologia Garces","description":"Dermatologia Dr. JR Garc\u00e9s Centro M\u00e9dico Teknon","publisher":{"@id":"https:\/\/garces-wp.ixole.es\/#organization"},"potentialAction":[{"@type":"SearchAction","target":{"@type":"EntryPoint","urlTemplate":"https:\/\/garces-wp.ixole.es\/?s={search_term_string}"},"query-input":{"@type":"PropertyValueSpecification","valueRequired":true,"valueName":"search_term_string"}}],"inLanguage":"ca-ES"},{"@type":"Organization","@id":"https:\/\/garces-wp.ixole.es\/#organization","name":"Dermatologia Garc\u00e9s","url":"https:\/\/garces-wp.ixole.es\/","logo":{"@type":"ImageObject","inLanguage":"ca-ES","@id":"https:\/\/garces-wp.ixole.es\/#\/schema\/logo\/image\/","url":"https:\/\/garces-wp.ixole.es\/wp-content\/uploads\/2016\/04\/Logotip-Garces-1-e1490180757988.png","contentUrl":"https:\/\/garces-wp.ixole.es\/wp-content\/uploads\/2016\/04\/Logotip-Garces-1-e1490180757988.png","width":150,"height":55,"caption":"Dermatologia Garc\u00e9s"},"image":{"@id":"https:\/\/garces-wp.ixole.es\/#\/schema\/logo\/image\/"}}]}},"_links":{"self":[{"href":"https:\/\/garces-wp.ixole.es\/ca\/wp-json\/wp\/v2\/pages\/1254","targetHints":{"allow":["GET"]}}],"collection":[{"href":"https:\/\/garces-wp.ixole.es\/ca\/wp-json\/wp\/v2\/pages"}],"about":[{"href":"https:\/\/garces-wp.ixole.es\/ca\/wp-json\/wp\/v2\/types\/page"}],"author":[{"embeddable":true,"href":"https:\/\/garces-wp.ixole.es\/ca\/wp-json\/wp\/v2\/users\/1"}],"replies":[{"embeddable":true,"href":"https:\/\/garces-wp.ixole.es\/ca\/wp-json\/wp\/v2\/comments?post=1254"}],"version-history":[{"count":9,"href":"https:\/\/garces-wp.ixole.es\/ca\/wp-json\/wp\/v2\/pages\/1254\/revisions"}],"predecessor-version":[{"id":1728,"href":"https:\/\/garces-wp.ixole.es\/ca\/wp-json\/wp\/v2\/pages\/1254\/revisions\/1728"}],"wp:attachment":[{"href":"https:\/\/garces-wp.ixole.es\/ca\/wp-json\/wp\/v2\/media?parent=1254"}],"curies":[{"name":"wp","href":"https:\/\/api.w.org\/{rel}","templated":true}]}}