{"id":1248,"date":"2017-03-06T09:48:01","date_gmt":"2017-03-06T09:48:01","guid":{"rendered":"https:\/\/garces-wp.ixole.es\/?page_id=1248\/"},"modified":"2017-03-29T16:48:42","modified_gmt":"2017-03-29T16:48:42","slug":"cancer-de-pell","status":"publish","type":"page","link":"https:\/\/garces-wp.ixole.es\/ca\/cancer-de-pell\/","title":{"rendered":"C\u00e0ncer de pell"},"content":{"rendered":"<p>[vc_row][vc_column width=&#8221;1\/3&#8243;][vc_single_image image=&#8221;451&#8243; img_size=&#8221;full&#8221;][\/vc_column][vc_column width=&#8221;2\/3&#8243;][vc_column_text]Hi ha diferents tipus de c\u00e0ncer de pell que es manifesten de forma diferent. Poden presentar-se com una protuber\u00e0ncia, una ferida, una crosta, una piga, etc. per\u00f2 rarament causen dolor.<\/p>\n<p>Per aix\u00f2, si es detecta una lesi\u00f3 a la pell susceptible de ser c\u00e0ncer de pell o que li generi dubtes, cal acudir al dermat\u00f2leg per al seu control. \u00c9s important destacar que, avui en dia, el c\u00e0ncer de pell \u00e9s el m\u00e9s freq\u00fcent entre la poblaci\u00f3 de pell clara i que un diagn\u00f2stic preco\u00e7 \u00e9s clau per a la seva curaci\u00f3.<\/p>\n<p>La <strong>Unitat de C\u00e0ncer de Pell<\/strong>, dirigida pel <a href=\"https:\/\/garces-wp.ixole.es\/ca\/jrgarces\/\">Dr. JR Garc\u00e9s<\/a>, realitza el <strong>diagn\u00f2stic preco\u00e7<\/strong> i analitza les necessitats de cada pacient per tal d&#8217;oferir el <strong>millor tractament possible<\/strong> en funci\u00f3 de la tipologia de tumor i la seva localitzaci\u00f3.<\/p>\n<p>La Unitat treballa mitjan\u00e7ant equips formats per diferents especialistes i amb la valoraci\u00f3 del <a href=\"https:\/\/garces-wp.ixole.es\/ca\/derma-plus\/comite-oncoderma-multidisciplinar\/\"><strong>Comit\u00e8 Oncoderma Multidisciplinar<\/strong><\/a>, que reuneix dermat\u00f2legs, onc\u00f2legs m\u00e8dics, onc\u00f2legs radioter\u00e0pics, cirurgians pl\u00e0stics, infermeres i altres especialistes per assegurar el millor diagn\u00f2stic i tractament dels nostres pacients.[\/vc_column_text][\/vc_column][\/vc_row][vc_row][vc_column][vc_separator][vc_empty_space][\/vc_column][\/vc_row][vc_row][vc_column][vc_row_inner][vc_column_inner width=&#8221;1\/3&#8243;][vc_text_separator title=&#8221;Tipus de c\u00e0ncer de pell&#8221; color=&#8221;chino&#8221; el_class=&#8221;h4&#8243;][vc_column_text]Conegui m\u00e9s sobre les tipologies de c\u00e0ncer de pell i melanoma.[\/vc_column_text][vc_button2 title=&#8221;Llegir m\u00e9s&#8221; align=&#8221;center&#8221; color=&#8221;chino&#8221; size=&#8221;sm&#8221; link=&#8221;url:https%3A%2F%2Fgarces-wp.ixole.es%2Fca%2Fcancer-de-pell%2Ftipus-de-cancer-de-pell%2F||&#8221;][\/vc_column_inner][vc_column_inner width=&#8221;1\/3&#8243;][vc_text_separator title=&#8221;Diagn\u00f2stic&#8221; color=&#8221;chino&#8221; el_class=&#8221;h4&#8243;][vc_column_text]El Screening Cutani \u00e9s la t\u00e8cnica actual m\u00e9s avan\u00e7ada de diagn\u00f2stic del melanoma.[\/vc_column_text][vc_button2 title=&#8221;Llegir m\u00e9s&#8221; align=&#8221;center&#8221; color=&#8221;chino&#8221; size=&#8221;sm&#8221; link=&#8221;url:https%3A%2F%2Fgarces-wp.ixole.es%2Fca%2Fscreening-cutani-i-diagnostic-del-melanoma%2Fdiagnostic-del-melanoma%2F||&#8221;][\/vc_column_inner][vc_column_inner width=&#8221;1\/3&#8243;][vc_text_separator title=&#8221;Tractament&#8221; color=&#8221;chino&#8221; el_class=&#8221;h4&#8243;][vc_column_text]La majoria dels c\u00e0ncers de pell poden ser tractats mitjan\u00e7ant cirurgia per\u00f2 pot variar en cada cas.[\/vc_column_text][vc_button2 title=&#8221;Llegir m\u00e9s&#8221; align=&#8221;center&#8221; color=&#8221;chino&#8221; size=&#8221;sm&#8221; link=&#8221;url:https%3A%2F%2Fgarces-wp.ixole.es%2Fca%2Fcancer-de-pell%2Ftractament-del-cancer-de-pell%2F||&#8221;][\/vc_column_inner][\/vc_row_inner][vc_empty_space][vc_row_inner][vc_column_inner width=&#8221;1\/3&#8243;][vc_text_separator title=&#8221;Cirurgia de Mohs&#8221; color=&#8221;chino&#8221; el_class=&#8221;h4&#8243;][vc_column_text]La Cirurgia de Mohs \u00e9s la t\u00e8cnica quir\u00fargica m\u00e9s avan\u00e7ada per al tractament del c\u00e0ncer de pell.[\/vc_column_text][vc_button2 title=&#8221;Llegir m\u00e9s&#8221; align=&#8221;center&#8221; color=&#8221;chino&#8221; size=&#8221;sm&#8221; link=&#8221;url:https%3A%2F%2Fgarces-wp.ixole.es%2Fca%2Fdermatologia-quirurgica%2Fcirurgia-de-mohs%2F||&#8221;][\/vc_column_inner][vc_column_inner width=&#8221;1\/3&#8243;][vc_text_separator title=&#8221;Ter\u00e0pia fotodin\u00e0mica&#8221; color=&#8221;chino&#8221; el_class=&#8221;h4&#8243;][vc_column_text]La Ter\u00e0pia Fotodin\u00e0mica, m\u00e9s conservadora, permet tractar tumors superficials i localitzats.[\/vc_column_text][vc_button2 title=&#8221;Llegir m\u00e9s&#8221; align=&#8221;center&#8221; color=&#8221;chino&#8221; size=&#8221;sm&#8221; link=&#8221;url:https%3A%2F%2Fgarces-wp.ixole.es%2Fca%2Fdermatologia-quirurgica%2Fterapia-fotodinamica%2F||&#8221;][\/vc_column_inner][vc_column_inner width=&#8221;1\/3&#8243;][vc_text_separator title=&#8221;Comit\u00e8 Oncoderma Multidisciplinar&#8221; color=&#8221;chino&#8221; el_class=&#8221;h4&#8243;][vc_column_text]Un Comit\u00e8 amb diferents especialistes valora conjuntament tots els casos que ho requereixin.[\/vc_column_text][vc_button2 title=&#8221;Llegir m\u00e9s&#8221; align=&#8221;center&#8221; color=&#8221;chino&#8221; size=&#8221;sm&#8221; link=&#8221;url:https%3A%2F%2Fgarces-wp.ixole.es%2Fca%2Fderma-plus%2Fcomite-oncoderma-multidisciplinar%2F||&#8221;][\/vc_column_inner][\/vc_row_inner][vc_empty_space][vc_row_inner][vc_column_inner width=&#8221;1\/3&#8243;][vc_text_separator title=&#8221;Dermatologia Est\u00e8tica Oncol\u00f2gica&#8221; color=&#8221;chino&#8221; el_class=&#8221;h4&#8243;][vc_column_text]Tractament personalitzats per a combatre els efectes que t\u00e9 el tractament contra el c\u00e0ncer sobre la pell del pacient.[\/vc_column_text][vc_button2 title=&#8221;Llegir m\u00e9s&#8221; align=&#8221;center&#8221; color=&#8221;chino&#8221; size=&#8221;sm&#8221; link=&#8221;url:https%3A%2F%2Fgarces-wp.ixole.es%2Fca%2Fdermatologia-estetica%2Fdermatologia-estetica-per-a-pacients-oncologics%2F||&#8221;][\/vc_column_inner][vc_column_inner width=&#8221;1\/3&#8243;][\/vc_column_inner][vc_column_inner width=&#8221;1\/3&#8243;][\/vc_column_inner][\/vc_row_inner][\/vc_column][\/vc_row][vc_column][\/vc_column][vc_empty_space][vc_empty_space][vc_empty_space][vc_empty_space][vc_empty_space][vc_cta h2=&#8221;Si vol demanar cita o m\u00e9s informaci\u00f3, contacti amb nosaltres&#8221; h2_font_container=&#8221;font_size:24|color:%23ffffff&#8221; h2_use_theme_fonts=&#8221;yes&#8221; add_button=&#8221;right&#8221; btn_title=&#8221;Contactar&#8221; btn_style=&#8221;classic&#8221; btn_color=&#8221;chino&#8221; btn_align=&#8221;right&#8221; css=&#8221;.vc_custom_1488902492672{background-color: #3b506b !important;}&#8221; use_custom_fonts_h2=&#8221;true&#8221; use_custom_fonts_h4=&#8221;true&#8221; btn_button_block=&#8221;true&#8221; btn_link=&#8221;url:https%3A%2F%2Fgarces-wp.ixole.es%2Fca%2Fcontactar%2F||&#8221;][\/vc_cta]<\/p>\n","protected":false},"excerpt":{"rendered":"<p>[vc_row][vc_column width=&#8221;1\/3&#8243;][vc_single_image image=&#8221;451&#8243; img_size=&#8221;full&#8221;][\/vc_column][vc_column width=&#8221;2\/3&#8243;][vc_column_text]Hi ha diferents tipus de c\u00e0ncer de pell que es manifesten de forma diferent. Poden presentar-se com una protuber\u00e0ncia, una ferida, una crosta, una piga, etc. per\u00f2 rarament causen dolor. Per aix\u00f2, si es detecta una lesi\u00f3 a la pell susceptible de ser c\u00e0ncer de pell o que li generi dubtes, [&hellip;]<\/p>\n","protected":false},"author":1,"featured_media":0,"parent":0,"menu_order":0,"comment_status":"closed","ping_status":"open","template":"fullwidth-template.php","meta":{"footnotes":""},"class_list":["post-1248","page","type-page","status-publish","hentry"],"yoast_head":"<!-- This site is optimized with the Yoast SEO plugin v26.7 - https:\/\/yoast.com\/wordpress\/plugins\/seo\/ -->\n<title>C\u00e0ncer de pell - Dermatologia Garces<\/title>\n<meta name=\"robots\" content=\"index, follow, max-snippet:-1, max-image-preview:large, max-video-preview:-1\" \/>\n<link rel=\"canonical\" href=\"https:\/\/garces-wp.ixole.es\/ca\/cancer-de-pell\/\" \/>\n<meta property=\"og:locale\" content=\"ca_ES\" \/>\n<meta property=\"og:type\" content=\"article\" \/>\n<meta property=\"og:title\" content=\"C\u00e0ncer de pell - Dermatologia Garces\" \/>\n<meta property=\"og:description\" content=\"[vc_row][vc_column width=&#8221;1\/3&#8243;][vc_single_image image=&#8221;451&#8243; img_size=&#8221;full&#8221;][\/vc_column][vc_column width=&#8221;2\/3&#8243;][vc_column_text]Hi ha diferents tipus de c\u00e0ncer de pell que es manifesten de forma diferent. Poden presentar-se com una protuber\u00e0ncia, una ferida, una crosta, una piga, etc. per\u00f2 rarament causen dolor. Per aix\u00f2, si es detecta una lesi\u00f3 a la pell susceptible de ser c\u00e0ncer de pell o que li generi dubtes, [&hellip;]\" \/>\n<meta property=\"og:url\" content=\"https:\/\/garces-wp.ixole.es\/ca\/cancer-de-pell\/\" \/>\n<meta property=\"og:site_name\" content=\"Dermatologia Garces\" \/>\n<meta property=\"article:modified_time\" content=\"2017-03-29T16:48:42+00:00\" \/>\n<meta name=\"twitter:card\" content=\"summary_large_image\" \/>\n<meta name=\"twitter:label1\" content=\"Est. reading time\" \/>\n\t<meta name=\"twitter:data1\" content=\"4 minutes\" \/>\n<script type=\"application\/ld+json\" class=\"yoast-schema-graph\">{\"@context\":\"https:\/\/schema.org\",\"@graph\":[{\"@type\":\"WebPage\",\"@id\":\"https:\/\/garces-wp.ixole.es\/ca\/cancer-de-pell\/\",\"url\":\"https:\/\/garces-wp.ixole.es\/ca\/cancer-de-pell\/\",\"name\":\"C\u00e0ncer de pell - Dermatologia Garces\",\"isPartOf\":{\"@id\":\"https:\/\/garces-wp.ixole.es\/#website\"},\"datePublished\":\"2017-03-06T09:48:01+00:00\",\"dateModified\":\"2017-03-29T16:48:42+00:00\",\"breadcrumb\":{\"@id\":\"https:\/\/garces-wp.ixole.es\/ca\/cancer-de-pell\/#breadcrumb\"},\"inLanguage\":\"ca-ES\",\"potentialAction\":[{\"@type\":\"ReadAction\",\"target\":[\"https:\/\/garces-wp.ixole.es\/ca\/cancer-de-pell\/\"]}]},{\"@type\":\"BreadcrumbList\",\"@id\":\"https:\/\/garces-wp.ixole.es\/ca\/cancer-de-pell\/#breadcrumb\",\"itemListElement\":[{\"@type\":\"ListItem\",\"position\":1,\"name\":\"Portada\",\"item\":\"https:\/\/garces-wp.ixole.es\/ca\/\"},{\"@type\":\"ListItem\",\"position\":2,\"name\":\"C\u00e0ncer de pell\"}]},{\"@type\":\"WebSite\",\"@id\":\"https:\/\/garces-wp.ixole.es\/#website\",\"url\":\"https:\/\/garces-wp.ixole.es\/\",\"name\":\"Dermatologia Garces\",\"description\":\"Dermatologia Dr. JR Garc\u00e9s Centro M\u00e9dico Teknon\",\"publisher\":{\"@id\":\"https:\/\/garces-wp.ixole.es\/#organization\"},\"potentialAction\":[{\"@type\":\"SearchAction\",\"target\":{\"@type\":\"EntryPoint\",\"urlTemplate\":\"https:\/\/garces-wp.ixole.es\/?s={search_term_string}\"},\"query-input\":{\"@type\":\"PropertyValueSpecification\",\"valueRequired\":true,\"valueName\":\"search_term_string\"}}],\"inLanguage\":\"ca-ES\"},{\"@type\":\"Organization\",\"@id\":\"https:\/\/garces-wp.ixole.es\/#organization\",\"name\":\"Dermatologia Garc\u00e9s\",\"url\":\"https:\/\/garces-wp.ixole.es\/\",\"logo\":{\"@type\":\"ImageObject\",\"inLanguage\":\"ca-ES\",\"@id\":\"https:\/\/garces-wp.ixole.es\/#\/schema\/logo\/image\/\",\"url\":\"https:\/\/garces-wp.ixole.es\/wp-content\/uploads\/2016\/04\/Logotip-Garces-1-e1490180757988.png\",\"contentUrl\":\"https:\/\/garces-wp.ixole.es\/wp-content\/uploads\/2016\/04\/Logotip-Garces-1-e1490180757988.png\",\"width\":150,\"height\":55,\"caption\":\"Dermatologia Garc\u00e9s\"},\"image\":{\"@id\":\"https:\/\/garces-wp.ixole.es\/#\/schema\/logo\/image\/\"}}]}<\/script>\n<!-- \/ Yoast SEO plugin. -->","yoast_head_json":{"title":"C\u00e0ncer de pell - Dermatologia Garces","robots":{"index":"index","follow":"follow","max-snippet":"max-snippet:-1","max-image-preview":"max-image-preview:large","max-video-preview":"max-video-preview:-1"},"canonical":"https:\/\/garces-wp.ixole.es\/ca\/cancer-de-pell\/","og_locale":"ca_ES","og_type":"article","og_title":"C\u00e0ncer de pell - Dermatologia Garces","og_description":"[vc_row][vc_column width=&#8221;1\/3&#8243;][vc_single_image image=&#8221;451&#8243; img_size=&#8221;full&#8221;][\/vc_column][vc_column width=&#8221;2\/3&#8243;][vc_column_text]Hi ha diferents tipus de c\u00e0ncer de pell que es manifesten de forma diferent. Poden presentar-se com una protuber\u00e0ncia, una ferida, una crosta, una piga, etc. per\u00f2 rarament causen dolor. Per aix\u00f2, si es detecta una lesi\u00f3 a la pell susceptible de ser c\u00e0ncer de pell o que li generi dubtes, [&hellip;]","og_url":"https:\/\/garces-wp.ixole.es\/ca\/cancer-de-pell\/","og_site_name":"Dermatologia Garces","article_modified_time":"2017-03-29T16:48:42+00:00","twitter_card":"summary_large_image","twitter_misc":{"Est. reading time":"4 minutes"},"schema":{"@context":"https:\/\/schema.org","@graph":[{"@type":"WebPage","@id":"https:\/\/garces-wp.ixole.es\/ca\/cancer-de-pell\/","url":"https:\/\/garces-wp.ixole.es\/ca\/cancer-de-pell\/","name":"C\u00e0ncer de pell - Dermatologia Garces","isPartOf":{"@id":"https:\/\/garces-wp.ixole.es\/#website"},"datePublished":"2017-03-06T09:48:01+00:00","dateModified":"2017-03-29T16:48:42+00:00","breadcrumb":{"@id":"https:\/\/garces-wp.ixole.es\/ca\/cancer-de-pell\/#breadcrumb"},"inLanguage":"ca-ES","potentialAction":[{"@type":"ReadAction","target":["https:\/\/garces-wp.ixole.es\/ca\/cancer-de-pell\/"]}]},{"@type":"BreadcrumbList","@id":"https:\/\/garces-wp.ixole.es\/ca\/cancer-de-pell\/#breadcrumb","itemListElement":[{"@type":"ListItem","position":1,"name":"Portada","item":"https:\/\/garces-wp.ixole.es\/ca\/"},{"@type":"ListItem","position":2,"name":"C\u00e0ncer de pell"}]},{"@type":"WebSite","@id":"https:\/\/garces-wp.ixole.es\/#website","url":"https:\/\/garces-wp.ixole.es\/","name":"Dermatologia Garces","description":"Dermatologia Dr. JR Garc\u00e9s Centro M\u00e9dico Teknon","publisher":{"@id":"https:\/\/garces-wp.ixole.es\/#organization"},"potentialAction":[{"@type":"SearchAction","target":{"@type":"EntryPoint","urlTemplate":"https:\/\/garces-wp.ixole.es\/?s={search_term_string}"},"query-input":{"@type":"PropertyValueSpecification","valueRequired":true,"valueName":"search_term_string"}}],"inLanguage":"ca-ES"},{"@type":"Organization","@id":"https:\/\/garces-wp.ixole.es\/#organization","name":"Dermatologia Garc\u00e9s","url":"https:\/\/garces-wp.ixole.es\/","logo":{"@type":"ImageObject","inLanguage":"ca-ES","@id":"https:\/\/garces-wp.ixole.es\/#\/schema\/logo\/image\/","url":"https:\/\/garces-wp.ixole.es\/wp-content\/uploads\/2016\/04\/Logotip-Garces-1-e1490180757988.png","contentUrl":"https:\/\/garces-wp.ixole.es\/wp-content\/uploads\/2016\/04\/Logotip-Garces-1-e1490180757988.png","width":150,"height":55,"caption":"Dermatologia Garc\u00e9s"},"image":{"@id":"https:\/\/garces-wp.ixole.es\/#\/schema\/logo\/image\/"}}]}},"_links":{"self":[{"href":"https:\/\/garces-wp.ixole.es\/ca\/wp-json\/wp\/v2\/pages\/1248","targetHints":{"allow":["GET"]}}],"collection":[{"href":"https:\/\/garces-wp.ixole.es\/ca\/wp-json\/wp\/v2\/pages"}],"about":[{"href":"https:\/\/garces-wp.ixole.es\/ca\/wp-json\/wp\/v2\/types\/page"}],"author":[{"embeddable":true,"href":"https:\/\/garces-wp.ixole.es\/ca\/wp-json\/wp\/v2\/users\/1"}],"replies":[{"embeddable":true,"href":"https:\/\/garces-wp.ixole.es\/ca\/wp-json\/wp\/v2\/comments?post=1248"}],"version-history":[{"count":3,"href":"https:\/\/garces-wp.ixole.es\/ca\/wp-json\/wp\/v2\/pages\/1248\/revisions"}],"predecessor-version":[{"id":1582,"href":"https:\/\/garces-wp.ixole.es\/ca\/wp-json\/wp\/v2\/pages\/1248\/revisions\/1582"}],"wp:attachment":[{"href":"https:\/\/garces-wp.ixole.es\/ca\/wp-json\/wp\/v2\/media?parent=1248"}],"curies":[{"name":"wp","href":"https:\/\/api.w.org\/{rel}","templated":true}]}}