{"id":1244,"date":"2017-03-06T09:45:53","date_gmt":"2017-03-06T09:45:53","guid":{"rendered":"https:\/\/garces-wp.ixole.es\/?page_id=1244\/"},"modified":"2017-03-22T11:38:19","modified_gmt":"2017-03-22T11:38:19","slug":"screening-cutani-i-diagnostic-del-melanoma","status":"publish","type":"page","link":"https:\/\/garces-wp.ixole.es\/ca\/screening-cutani-i-diagnostic-del-melanoma\/","title":{"rendered":"Screening cutani i diagn\u00f2stic del melanoma"},"content":{"rendered":"<p>[vc_row][vc_column width=&#8221;1\/3&#8243;][vc_single_image image=&#8221;1154&#8243; img_size=&#8221;full&#8221;][\/vc_column][vc_column width=&#8221;2\/3&#8243;][vc_column_text]<\/p>\n<div id=\"p_p_id_56_INSTANCE_5tRl_\" class=\"portlet-boundary portlet-boundary_56_ portlet-static portlet-static-end portlet-journal-content \">\n<div id=\"aui-3-2-0PR1-1174\" class=\"portlet-borderless-container\">\n<div id=\"aui-3-2-0PR1-1171\" class=\"portlet-body\">\n<div id=\"article_10131_139655_596915_1.0\" class=\"journal-content-article\">\n<div id=\"aui-3-2-0PR1-1166\" class=\"caja_contenido\">\n<div id=\"aui-3-2-0PR1-1163\" class=\"caja_texto\">\n<div id=\"texto\" class=\"texto\">\n<p>La Unitat de Screening cutani i Diagn\u00f2stic del Melanoma del <strong>Institut de Dermatologia Garc\u00e9s<\/strong>, liderada pel <a href=\"https:\/\/garces-wp.ixole.es\/ca\/joandalmau\/\"><strong>Dr. Joan Dalmau<\/strong><\/a>, disposa de diferents t\u00e8cniques diagn\u00f2stiques especialitzades per la valoraci\u00f3 de qualsevol patologia del cabell, pell i ungles. D&#8217;aquesta manera, assegurem a cada pacient un diagn\u00f2stic el m\u00e9s prec\u00eds possible.<\/p>\n<p><a href=\"https:\/\/garces-wp.ixole.es\/ca\/screening-cutani-i-diagnostic-del-melanoma\/diagnostic-del-melanoma\/\"><strong>Diagn\u00f2stic del c\u00e0ncer de pell i el melanoma<\/strong><\/a><\/p>\n<p>A causa de la import\u00e0ncia del diagn\u00f2stic preco\u00e7, la Unitat de Diagn\u00f2stic s&#8217;ha especialitzat sobretot en el diagn\u00f2stic i control de les lesions pigment\u00e0ries dels nostres pacients per assegurar una detecci\u00f3 preco\u00e7 del c\u00e0ncer de pell en general i del melanoma en particular.<\/p>\n<\/div>\n<\/div>\n<\/div>\n<\/div>\n<\/div>\n<\/div>\n<\/div>\n<p>[\/vc_column_text][vc_button2 title=&#8221;Saber m\u00e9s sobre el diagn\u00f2stic del melanoma&#8221; color=&#8221;chino&#8221; link=&#8221;url:https%3A%2F%2Fgarces-wp.ixole.es%2Fca%2Fscreening-cutani-i-diagnostic-del-melanoma%2Fdiagnostic-del-melanoma%2F||&#8221;][\/vc_column][\/vc_row][vc_row][vc_column][vc_tta_tour style=&#8221;modern&#8221; active_section=&#8221;1&#8243; title=&#8221;T\u00e8cniques diagn\u00f2stiques que utilitzem&#8221;][vc_tta_section title=&#8221;Screening cutani&#8221; tab_id=&#8221;1484048449641-14279a86-948e&#8221;][vc_column_text]El Screening Cutani \u00e9s la prova diagn\u00f2stica d&#8217;elecci\u00f3 per al control dels nevus o pigues.<\/p>\n<p>El Screening s&#8217;inicia amb la realitzaci\u00f3 d&#8217;una hist\u00f2ria pr\u00e8via i exploraci\u00f3 cl\u00ednica a trav\u00e9s de la qual es determinen els factors de risc i el tipus de pell del pacient.<\/p>\n<p>Seguidament, el dermat\u00f2leg realitza un <strong>Fotorregistre digital corporal total<\/strong>, un mapa visual de tot el cos per al seguiment i evoluci\u00f3 dels nevus. La t\u00e8cnica emprada per a realitzar-lo \u00e9s la <a href=\"https:\/\/garces-wp.ixole.es\/ca\/screening-cutani-i-diagnostic-del-melanoma\/dermatoscopia\/\"><strong>Dermatosc\u00f2pia Digital per <\/strong>epiluminesc\u00e8ncia<\/a>.<\/p>\n<p>Seguidament, es realitzen reproduccions d&#8217;alta definici\u00f3 de tots els nevus localitzats al mapa corporal i s&#8217;analitzen aquestes imatges en un informe que es lliura al pacient.<\/p>\n<p>Tot i que aquesta t\u00e8cnica s&#8217;utilitza generalment per a la detecci\u00f3 preco\u00e7 del c\u00e0ncer de pell en general i del Melanoma en particular, tamb\u00e9 s&#8217;utilitza per al diagn\u00f2stic de qualsevol lesi\u00f3 cut\u00e0nia, ja que permet captar imatges d&#8217;alta precisi\u00f3 sobre qualsevol alteraci\u00f3 que pugui apar\u00e8ixer a la pell, cabell i ungles.[\/vc_column_text][vc_button2 title=&#8221;M\u00e9s informaci\u00f3 sobre la Dermatosc\u00f2pia digital&#8221; align=&#8221;center&#8221; color=&#8221;chino&#8221; link=&#8221;url:https%3A%2F%2Fgarces-wp.ixole.es%2Fca%2Fscreening-cutani-i-diagnostic-del-melanoma%2Fdermatoscopia%2F||&#8221;][\/vc_tta_section][vc_tta_section title=&#8221;Bi\u00f2psia del gangli sentinella&#8221; tab_id=&#8221;1484048449673-fc349e98-624a&#8221;][vc_column_text]La Bi\u00f2psia del <strong>Gangli Sentinella<\/strong> \u00e9s una prova relacionada amb el diagn\u00f2stic del Melanoma que permet detectar si el c\u00e0ncer s&#8217;ha disseminat cap als ganglis limf\u00e0tics o altres parts del cos i determinar aix\u00ed l&#8217;extensi\u00f3 i localitzaci\u00f3 del tumor.<\/p>\n<p>La prova es realitza mitjan\u00e7ant la injecci\u00f3 d&#8217;una subst\u00e0ncia radioactiva que viatja pels conductes limf\u00e0tics a prop del tumor. Mitjan\u00e7ant una c\u00e0mera, es pot visualitzar si aquesta subst\u00e0ncia s&#8217;acumula en alguns dels ganglis &#8220;sentinelles&#8221;, \u00e9s a dir, aquells ganglis que adverteixen de la pres\u00e8ncia del tumor. En el cas que alguns dels ganglis estigui afectat, s&#8217;extirpar\u00e0 per al seu posterior an\u00e0lisi.[\/vc_column_text][\/vc_tta_section][vc_tta_section title=&#8221;Bi\u00f2psia de la pell&#8221; tab_id=&#8221;1484048676981-5ee9f2fd-451d&#8221;][vc_column_text]La bi\u00f2psia \u00e9s una prova diagn\u00f2stica que pren una mostra de pell per al seu an\u00e0lisi en el microscopi. Aquesta t\u00e8cnica s&#8217;utilitza generalment en cas de c\u00e0ncer de pell o melanoma ja que permet determinar si una lesi\u00f3 cont\u00e9 c\u00e8l\u00b7lules malignes.<\/p>\n<p>Per prendre la mostra s&#8217;aplicar\u00e0 anest\u00e8sia local i en alguns casos pot deixar una petita cicatriu.[\/vc_column_text][\/vc_tta_section][vc_tta_section title=&#8221;Exploraci\u00f3 amb PET&#8221; tab_id=&#8221;1484048702224-a71a3943-b490&#8243;][vc_column_text]L&#8217;Exploraci\u00f3 amb PET \u00e9s un m\u00e8tode diagn\u00f2stic que serveix per determinar la pres\u00e8ncia de c\u00e8l\u00b7lules de tumors malignes en el cos i si el c\u00e0ncer de pell o el melanoma s&#8217;ha disseminat pel cos, \u00e9s a dir, si ha realitzat met\u00e0stasi.<\/p>\n<p>La t\u00e8cnica funciona mitjan\u00e7ant la injecci\u00f3 d&#8217;una subst\u00e0ncia anomenada glucosa radioactiva. Totes les c\u00e8l\u00b7lules utilitzen glucosa, per\u00f2 les c\u00e8l\u00b7lules tumorals s\u00f3n m\u00e9s actives i consumeixen m\u00e9s glucosa que la resta de c\u00e8l\u00b7lules del cos.<\/p>\n<p>Un cop injectada la subst\u00e0ncia, es realitza un esc\u00e0ner que reacciona davant de les c\u00e8l\u00b7lules amb glucosa. Les c\u00e8l\u00b7lules tumorals, a causa de la major quantitat de glucosa, es veuen m\u00e9s brillants en la imatge i possibiliten la seva detecci\u00f3.[\/vc_column_text][\/vc_tta_section][\/vc_tta_tour][\/vc_column][\/vc_row][vc_row][vc_column][vc_empty_space][vc_empty_space][vc_empty_space][vc_cta h2=&#8221;Si vol demanar cita o m\u00e9s informaci\u00f3, contacti amb nosaltres&#8221; h2_font_container=&#8221;font_size:24|color:%23ffffff&#8221; h2_use_theme_fonts=&#8221;yes&#8221; add_button=&#8221;right&#8221; btn_title=&#8221;Contactar&#8221; btn_style=&#8221;classic&#8221; btn_color=&#8221;chino&#8221; btn_align=&#8221;right&#8221; css=&#8221;.vc_custom_1488899780811{background-color: #3b506b !important;}&#8221; use_custom_fonts_h2=&#8221;true&#8221; use_custom_fonts_h4=&#8221;true&#8221; btn_button_block=&#8221;true&#8221; btn_link=&#8221;url:https%3A%2F%2Fgarces-wp.ixole.es%2Fca%2Fcontactar%2F||&#8221;][\/vc_cta][\/vc_column][\/vc_row]<\/p>\n","protected":false},"excerpt":{"rendered":"<p>[vc_row][vc_column width=&#8221;1\/3&#8243;][vc_single_image image=&#8221;1154&#8243; img_size=&#8221;full&#8221;][\/vc_column][vc_column width=&#8221;2\/3&#8243;][vc_column_text] La Unitat de Screening cutani i Diagn\u00f2stic del Melanoma del Institut de Dermatologia Garc\u00e9s, liderada pel Dr. Joan Dalmau, disposa de diferents t\u00e8cniques diagn\u00f2stiques especialitzades per la valoraci\u00f3 de qualsevol patologia del cabell, pell i ungles. D&#8217;aquesta manera, assegurem a cada pacient un diagn\u00f2stic el m\u00e9s prec\u00eds possible. Diagn\u00f2stic del [&hellip;]<\/p>\n","protected":false},"author":1,"featured_media":0,"parent":0,"menu_order":0,"comment_status":"closed","ping_status":"open","template":"fullwidth-template.php","meta":{"footnotes":""},"class_list":["post-1244","page","type-page","status-publish","hentry"],"yoast_head":"<!-- This site is optimized with the Yoast SEO plugin v26.7 - https:\/\/yoast.com\/wordpress\/plugins\/seo\/ -->\n<title>Screening cutani i diagn\u00f2stic del melanoma - Dermatologia Garces<\/title>\n<meta name=\"robots\" content=\"index, follow, max-snippet:-1, max-image-preview:large, max-video-preview:-1\" \/>\n<link rel=\"canonical\" href=\"https:\/\/garces-wp.ixole.es\/ca\/screening-cutani-i-diagnostic-del-melanoma\/\" \/>\n<meta property=\"og:locale\" content=\"ca_ES\" \/>\n<meta property=\"og:type\" content=\"article\" \/>\n<meta property=\"og:title\" content=\"Screening cutani i diagn\u00f2stic del melanoma - Dermatologia Garces\" \/>\n<meta property=\"og:description\" content=\"[vc_row][vc_column width=&#8221;1\/3&#8243;][vc_single_image image=&#8221;1154&#8243; img_size=&#8221;full&#8221;][\/vc_column][vc_column width=&#8221;2\/3&#8243;][vc_column_text] La Unitat de Screening cutani i Diagn\u00f2stic del Melanoma del Institut de Dermatologia Garc\u00e9s, liderada pel Dr. Joan Dalmau, disposa de diferents t\u00e8cniques diagn\u00f2stiques especialitzades per la valoraci\u00f3 de qualsevol patologia del cabell, pell i ungles. D&#8217;aquesta manera, assegurem a cada pacient un diagn\u00f2stic el m\u00e9s prec\u00eds possible. Diagn\u00f2stic del [&hellip;]\" \/>\n<meta property=\"og:url\" content=\"https:\/\/garces-wp.ixole.es\/ca\/screening-cutani-i-diagnostic-del-melanoma\/\" \/>\n<meta property=\"og:site_name\" content=\"Dermatologia Garces\" \/>\n<meta property=\"article:modified_time\" content=\"2017-03-22T11:38:19+00:00\" \/>\n<meta name=\"twitter:card\" content=\"summary_large_image\" \/>\n<meta name=\"twitter:label1\" content=\"Est. reading time\" \/>\n\t<meta name=\"twitter:data1\" content=\"4 minutes\" \/>\n<script type=\"application\/ld+json\" class=\"yoast-schema-graph\">{\"@context\":\"https:\/\/schema.org\",\"@graph\":[{\"@type\":\"WebPage\",\"@id\":\"https:\/\/garces-wp.ixole.es\/ca\/screening-cutani-i-diagnostic-del-melanoma\/\",\"url\":\"https:\/\/garces-wp.ixole.es\/ca\/screening-cutani-i-diagnostic-del-melanoma\/\",\"name\":\"Screening cutani i diagn\u00f2stic del melanoma - Dermatologia Garces\",\"isPartOf\":{\"@id\":\"https:\/\/garces-wp.ixole.es\/#website\"},\"datePublished\":\"2017-03-06T09:45:53+00:00\",\"dateModified\":\"2017-03-22T11:38:19+00:00\",\"breadcrumb\":{\"@id\":\"https:\/\/garces-wp.ixole.es\/ca\/screening-cutani-i-diagnostic-del-melanoma\/#breadcrumb\"},\"inLanguage\":\"ca-ES\",\"potentialAction\":[{\"@type\":\"ReadAction\",\"target\":[\"https:\/\/garces-wp.ixole.es\/ca\/screening-cutani-i-diagnostic-del-melanoma\/\"]}]},{\"@type\":\"BreadcrumbList\",\"@id\":\"https:\/\/garces-wp.ixole.es\/ca\/screening-cutani-i-diagnostic-del-melanoma\/#breadcrumb\",\"itemListElement\":[{\"@type\":\"ListItem\",\"position\":1,\"name\":\"Portada\",\"item\":\"https:\/\/garces-wp.ixole.es\/ca\/\"},{\"@type\":\"ListItem\",\"position\":2,\"name\":\"Screening cutani i diagn\u00f2stic del melanoma\"}]},{\"@type\":\"WebSite\",\"@id\":\"https:\/\/garces-wp.ixole.es\/#website\",\"url\":\"https:\/\/garces-wp.ixole.es\/\",\"name\":\"Dermatologia Garces\",\"description\":\"Dermatologia Dr. JR Garc\u00e9s Centro M\u00e9dico Teknon\",\"publisher\":{\"@id\":\"https:\/\/garces-wp.ixole.es\/#organization\"},\"potentialAction\":[{\"@type\":\"SearchAction\",\"target\":{\"@type\":\"EntryPoint\",\"urlTemplate\":\"https:\/\/garces-wp.ixole.es\/?s={search_term_string}\"},\"query-input\":{\"@type\":\"PropertyValueSpecification\",\"valueRequired\":true,\"valueName\":\"search_term_string\"}}],\"inLanguage\":\"ca-ES\"},{\"@type\":\"Organization\",\"@id\":\"https:\/\/garces-wp.ixole.es\/#organization\",\"name\":\"Dermatologia Garc\u00e9s\",\"url\":\"https:\/\/garces-wp.ixole.es\/\",\"logo\":{\"@type\":\"ImageObject\",\"inLanguage\":\"ca-ES\",\"@id\":\"https:\/\/garces-wp.ixole.es\/#\/schema\/logo\/image\/\",\"url\":\"https:\/\/garces-wp.ixole.es\/wp-content\/uploads\/2016\/04\/Logotip-Garces-1-e1490180757988.png\",\"contentUrl\":\"https:\/\/garces-wp.ixole.es\/wp-content\/uploads\/2016\/04\/Logotip-Garces-1-e1490180757988.png\",\"width\":150,\"height\":55,\"caption\":\"Dermatologia Garc\u00e9s\"},\"image\":{\"@id\":\"https:\/\/garces-wp.ixole.es\/#\/schema\/logo\/image\/\"}}]}<\/script>\n<!-- \/ Yoast SEO plugin. -->","yoast_head_json":{"title":"Screening cutani i diagn\u00f2stic del melanoma - Dermatologia Garces","robots":{"index":"index","follow":"follow","max-snippet":"max-snippet:-1","max-image-preview":"max-image-preview:large","max-video-preview":"max-video-preview:-1"},"canonical":"https:\/\/garces-wp.ixole.es\/ca\/screening-cutani-i-diagnostic-del-melanoma\/","og_locale":"ca_ES","og_type":"article","og_title":"Screening cutani i diagn\u00f2stic del melanoma - Dermatologia Garces","og_description":"[vc_row][vc_column width=&#8221;1\/3&#8243;][vc_single_image image=&#8221;1154&#8243; img_size=&#8221;full&#8221;][\/vc_column][vc_column width=&#8221;2\/3&#8243;][vc_column_text] La Unitat de Screening cutani i Diagn\u00f2stic del Melanoma del Institut de Dermatologia Garc\u00e9s, liderada pel Dr. Joan Dalmau, disposa de diferents t\u00e8cniques diagn\u00f2stiques especialitzades per la valoraci\u00f3 de qualsevol patologia del cabell, pell i ungles. D&#8217;aquesta manera, assegurem a cada pacient un diagn\u00f2stic el m\u00e9s prec\u00eds possible. Diagn\u00f2stic del [&hellip;]","og_url":"https:\/\/garces-wp.ixole.es\/ca\/screening-cutani-i-diagnostic-del-melanoma\/","og_site_name":"Dermatologia Garces","article_modified_time":"2017-03-22T11:38:19+00:00","twitter_card":"summary_large_image","twitter_misc":{"Est. reading time":"4 minutes"},"schema":{"@context":"https:\/\/schema.org","@graph":[{"@type":"WebPage","@id":"https:\/\/garces-wp.ixole.es\/ca\/screening-cutani-i-diagnostic-del-melanoma\/","url":"https:\/\/garces-wp.ixole.es\/ca\/screening-cutani-i-diagnostic-del-melanoma\/","name":"Screening cutani i diagn\u00f2stic del melanoma - Dermatologia Garces","isPartOf":{"@id":"https:\/\/garces-wp.ixole.es\/#website"},"datePublished":"2017-03-06T09:45:53+00:00","dateModified":"2017-03-22T11:38:19+00:00","breadcrumb":{"@id":"https:\/\/garces-wp.ixole.es\/ca\/screening-cutani-i-diagnostic-del-melanoma\/#breadcrumb"},"inLanguage":"ca-ES","potentialAction":[{"@type":"ReadAction","target":["https:\/\/garces-wp.ixole.es\/ca\/screening-cutani-i-diagnostic-del-melanoma\/"]}]},{"@type":"BreadcrumbList","@id":"https:\/\/garces-wp.ixole.es\/ca\/screening-cutani-i-diagnostic-del-melanoma\/#breadcrumb","itemListElement":[{"@type":"ListItem","position":1,"name":"Portada","item":"https:\/\/garces-wp.ixole.es\/ca\/"},{"@type":"ListItem","position":2,"name":"Screening cutani i diagn\u00f2stic del melanoma"}]},{"@type":"WebSite","@id":"https:\/\/garces-wp.ixole.es\/#website","url":"https:\/\/garces-wp.ixole.es\/","name":"Dermatologia Garces","description":"Dermatologia Dr. JR Garc\u00e9s Centro M\u00e9dico Teknon","publisher":{"@id":"https:\/\/garces-wp.ixole.es\/#organization"},"potentialAction":[{"@type":"SearchAction","target":{"@type":"EntryPoint","urlTemplate":"https:\/\/garces-wp.ixole.es\/?s={search_term_string}"},"query-input":{"@type":"PropertyValueSpecification","valueRequired":true,"valueName":"search_term_string"}}],"inLanguage":"ca-ES"},{"@type":"Organization","@id":"https:\/\/garces-wp.ixole.es\/#organization","name":"Dermatologia Garc\u00e9s","url":"https:\/\/garces-wp.ixole.es\/","logo":{"@type":"ImageObject","inLanguage":"ca-ES","@id":"https:\/\/garces-wp.ixole.es\/#\/schema\/logo\/image\/","url":"https:\/\/garces-wp.ixole.es\/wp-content\/uploads\/2016\/04\/Logotip-Garces-1-e1490180757988.png","contentUrl":"https:\/\/garces-wp.ixole.es\/wp-content\/uploads\/2016\/04\/Logotip-Garces-1-e1490180757988.png","width":150,"height":55,"caption":"Dermatologia Garc\u00e9s"},"image":{"@id":"https:\/\/garces-wp.ixole.es\/#\/schema\/logo\/image\/"}}]}},"_links":{"self":[{"href":"https:\/\/garces-wp.ixole.es\/ca\/wp-json\/wp\/v2\/pages\/1244","targetHints":{"allow":["GET"]}}],"collection":[{"href":"https:\/\/garces-wp.ixole.es\/ca\/wp-json\/wp\/v2\/pages"}],"about":[{"href":"https:\/\/garces-wp.ixole.es\/ca\/wp-json\/wp\/v2\/types\/page"}],"author":[{"embeddable":true,"href":"https:\/\/garces-wp.ixole.es\/ca\/wp-json\/wp\/v2\/users\/1"}],"replies":[{"embeddable":true,"href":"https:\/\/garces-wp.ixole.es\/ca\/wp-json\/wp\/v2\/comments?post=1244"}],"version-history":[{"count":4,"href":"https:\/\/garces-wp.ixole.es\/ca\/wp-json\/wp\/v2\/pages\/1244\/revisions"}],"predecessor-version":[{"id":1580,"href":"https:\/\/garces-wp.ixole.es\/ca\/wp-json\/wp\/v2\/pages\/1244\/revisions\/1580"}],"wp:attachment":[{"href":"https:\/\/garces-wp.ixole.es\/ca\/wp-json\/wp\/v2\/media?parent=1244"}],"curies":[{"name":"wp","href":"https:\/\/api.w.org\/{rel}","templated":true}]}}