{"id":1206,"date":"2017-02-13T15:34:11","date_gmt":"2017-02-13T15:34:11","guid":{"rendered":"https:\/\/garces-wp.ixole.es\/?page_id=1206\/"},"modified":"2017-03-22T11:36:10","modified_gmt":"2017-03-22T11:36:10","slug":"que-tractem","status":"publish","type":"page","link":"https:\/\/garces-wp.ixole.es\/ca\/que-tractem\/","title":{"rendered":"Qu\u00e8 tractem"},"content":{"rendered":"<p>[vc_row gap=&#8221;20&#8243; content_placement=&#8221;middle&#8221;][vc_column][vc_row_inner][vc_column_inner][vc_column_text]La pell \u00e9s l&#8217;\u00f2rgan m\u00e9s gran del nostre cos i un reflex de la nostra salut. Al llarg de la vida pot patir alteracions o malalties que precisin d&#8217;un tractament dermatol\u00f2gic.<\/p>\n<p>Ubicats al <a href=\"https:\/\/garces-wp.ixole.es\/ca\/centro-medico-teknon\/\"><strong>Centro M\u00e9dico Teknon<\/strong><\/a>, el nostre equip de dermat\u00f2legs medicoquir\u00fargic estan altament especialitzats en la cura de totes les malalties de la pell, cabell i ungles; inclosos aquells s\u00edmptomes que es manifesten en la pell per\u00f2 que s&#8217;originen com a conseq\u00fc\u00e8ncia de malalties no dermatol\u00f2giques.<\/p>\n<p>Realitzem un diagn\u00f2stic complet de cada un dels problemes dermatol\u00f2gics a la nostra <a href=\"https:\/\/garces-wp.ixole.es\/ca\/screening-cutani-i-diagnostic-del-melanoma\/\"><strong>Unitat de Screening Cutani i Diagn\u00f2stic del Melanoma<\/strong><\/a> per assegurar el millor tractament per al pacient, ja sigui mitjan\u00e7ant t\u00e8cniques quir\u00fargiques complexes i avan\u00e7ades o altres m\u00e8todes terap\u00e8utics.<\/p>\n<p>Al Institut de Dermatologia Garc\u00e9s, oferim serveis de <strong><a href=\"https:\/\/garces-wp.ixole.es\/ca\/dermatologia-clinica\/\">dermatologia cl\u00ednica<\/a> i <a href=\"https:\/\/garces-wp.ixole.es\/ca\/dermatologia-quirurgica\/\">quir\u00fargica<\/a><\/strong>. El <a href=\"https:\/\/garces-wp.ixole.es\/ca\/jrgarces\/\"><strong>Dr. JR Garc\u00e9s<\/strong><\/a> \u00e9s un dels dermat\u00f2legs quir\u00fargics amb m\u00e9s experi\u00e8ncia en <a href=\"https:\/\/garces-wp.ixole.es\/ca\/dermatologia-quirurgica\/cirurgia-de-mohs\/\"><strong>Cirurgia de Mohs <\/strong><\/a>per al tractament del c\u00e0ncer de pell. Tamb\u00e9 oferim serveis de <a href=\"https:\/\/garces-wp.ixole.es\/ca\/dermatologia-estetica\/\"><strong>dermatologia est\u00e8tica<\/strong><\/a> que ens permeten satisfer els nostres pacients i fer que se sentin millor amb ells mateixos.[\/vc_column_text][\/vc_column_inner][\/vc_row_inner][vc_separator][vc_empty_space][vc_row_inner][vc_column_inner width=&#8221;1\/3&#8243;][vc_text_separator title=&#8221;Unitat de Screening Cutani i Diagn\u00f2stic del Melanoma&#8221; color=&#8221;chino&#8221; el_class=&#8221;h4&#8243;][vc_single_image image=&#8221;1154&#8243; img_size=&#8221;full&#8221;][vc_btn title=&#8221;Llegir m\u00e9s&#8221; color=&#8221;chino&#8221; align=&#8221;center&#8221; link=&#8221;url:https%3A%2F%2Fgarces-wp.ixole.es%2Fca%2Fscreening-cutani-i-diagnostic-del-melanoma%2F||&#8221;][\/vc_column_inner][vc_column_inner width=&#8221;1\/3&#8243;][vc_text_separator title=&#8221;Unitat de C\u00e0ncer de Pell&#8221; color=&#8221;chino&#8221; el_class=&#8221;h4&#8243;][vc_single_image image=&#8221;451&#8243; img_size=&#8221;full&#8221;][vc_btn title=&#8221;Llegir m\u00e9s&#8221; color=&#8221;chino&#8221; align=&#8221;center&#8221; link=&#8221;url:https%3A%2F%2Fgarces-wp.ixole.es%2Fca%2Fcancer-de-pell%2F||&#8221;][\/vc_column_inner][vc_column_inner width=&#8221;1\/3&#8243;][vc_text_separator title=&#8221;Unitat de Malalties de Transmissi\u00f3 Sexual&#8221; color=&#8221;chino&#8221; el_class=&#8221;h4&#8243;][vc_single_image image=&#8221;1854&#8243; img_size=&#8221;full&#8221;][vc_btn title=&#8221;Llegir m\u00e9s&#8221; color=&#8221;chino&#8221; align=&#8221;center&#8221; link=&#8221;url:https%3A%2F%2Fgarces-wp.ixole.es%2Fca%2Fmalalties-de-transmissio-sexual%2F||&#8221;][\/vc_column_inner][\/vc_row_inner][vc_empty_space][vc_row_inner][vc_column_inner width=&#8221;1\/3&#8243;][vc_text_separator title=&#8221;Unitat de Dermatologia Cl\u00ednica&#8221; color=&#8221;chino&#8221; el_class=&#8221;h4&#8243;][vc_single_image image=&#8221;839&#8243; img_size=&#8221;full&#8221;][vc_btn title=&#8221;Llegir m\u00e9s&#8221; color=&#8221;chino&#8221; align=&#8221;center&#8221; link=&#8221;url:https%3A%2F%2Fgarces-wp.ixole.es%2Fca%2Fdermatologia-clinica%2F||&#8221;][\/vc_column_inner][vc_column_inner width=&#8221;1\/3&#8243;][vc_text_separator title=&#8221;Unitat de Dermatologia Quir\u00fargica&#8221; color=&#8221;chino&#8221; el_class=&#8221;h4&#8243;][vc_single_image image=&#8221;1063&#8243; img_size=&#8221;full&#8221;][vc_btn title=&#8221;Llegir m\u00e9s&#8221; color=&#8221;chino&#8221; align=&#8221;center&#8221; link=&#8221;url:https%3A%2F%2Fgarces-wp.ixole.es%2Fca%2Fdermatologia-quirurgica%2F||&#8221;][\/vc_column_inner][vc_column_inner width=&#8221;1\/3&#8243;][vc_text_separator title=&#8221;Unitat de Dermatologia Est\u00e8tica&#8221; color=&#8221;chino&#8221; el_class=&#8221;h4&#8243;][vc_single_image image=&#8221;1058&#8243; img_size=&#8221;full&#8221;][vc_btn title=&#8221;Llegir m\u00e9s&#8221; color=&#8221;chino&#8221; align=&#8221;center&#8221; link=&#8221;url:https%3A%2F%2Fgarces-wp.ixole.es%2Fca%2Fdermatologia-estetica%2F||&#8221;][\/vc_column_inner][\/vc_row_inner][vc_empty_space][vc_empty_space][vc_empty_space][vc_cta h2=&#8221;Si vol demanar cita o m\u00e9s informaci\u00f3, contacti amb nosaltres&#8221; h2_font_container=&#8221;font_size:24|color:%23ffffff&#8221; h2_use_theme_fonts=&#8221;yes&#8221; add_button=&#8221;right&#8221; btn_title=&#8221;Contactar&#8221; btn_style=&#8221;classic&#8221; btn_color=&#8221;chino&#8221; btn_align=&#8221;right&#8221; css=&#8221;.vc_custom_1488897636365{background-color: #3b506b !important;}&#8221; use_custom_fonts_h2=&#8221;true&#8221; use_custom_fonts_h4=&#8221;true&#8221; btn_button_block=&#8221;true&#8221; btn_link=&#8221;url:https%3A%2F%2Fgarces-wp.ixole.es%2Fca%2Fcontactar%2F||&#8221;][\/vc_cta][\/vc_column][\/vc_row]<\/p>\n","protected":false},"excerpt":{"rendered":"<p>[vc_row gap=&#8221;20&#8243; content_placement=&#8221;middle&#8221;][vc_column][vc_row_inner][vc_column_inner][vc_column_text]La pell \u00e9s l&#8217;\u00f2rgan m\u00e9s gran del nostre cos i un reflex de la nostra salut. Al llarg de la vida pot patir alteracions o malalties que precisin d&#8217;un tractament dermatol\u00f2gic. Ubicats al Centro M\u00e9dico Teknon, el nostre equip de dermat\u00f2legs medicoquir\u00fargic estan altament especialitzats en la cura de totes les malalties de [&hellip;]<\/p>\n","protected":false},"author":1,"featured_media":0,"parent":0,"menu_order":0,"comment_status":"closed","ping_status":"open","template":"fullwidth-template.php","meta":{"footnotes":""},"class_list":["post-1206","page","type-page","status-publish","hentry"],"yoast_head":"<!-- This site is optimized with the Yoast SEO plugin v26.7 - https:\/\/yoast.com\/wordpress\/plugins\/seo\/ -->\n<title>Qu\u00e8 tractem - Dermatologia Garces<\/title>\n<meta name=\"robots\" content=\"index, follow, max-snippet:-1, max-image-preview:large, max-video-preview:-1\" \/>\n<link rel=\"canonical\" href=\"https:\/\/garces-wp.ixole.es\/ca\/que-tractem\/\" \/>\n<meta property=\"og:locale\" content=\"ca_ES\" \/>\n<meta property=\"og:type\" content=\"article\" \/>\n<meta property=\"og:title\" content=\"Qu\u00e8 tractem - Dermatologia Garces\" \/>\n<meta property=\"og:description\" content=\"[vc_row gap=&#8221;20&#8243; content_placement=&#8221;middle&#8221;][vc_column][vc_row_inner][vc_column_inner][vc_column_text]La pell \u00e9s l&#8217;\u00f2rgan m\u00e9s gran del nostre cos i un reflex de la nostra salut. Al llarg de la vida pot patir alteracions o malalties que precisin d&#8217;un tractament dermatol\u00f2gic. Ubicats al Centro M\u00e9dico Teknon, el nostre equip de dermat\u00f2legs medicoquir\u00fargic estan altament especialitzats en la cura de totes les malalties de [&hellip;]\" \/>\n<meta property=\"og:url\" content=\"https:\/\/garces-wp.ixole.es\/ca\/que-tractem\/\" \/>\n<meta property=\"og:site_name\" content=\"Dermatologia Garces\" \/>\n<meta property=\"article:modified_time\" content=\"2017-03-22T11:36:10+00:00\" \/>\n<meta name=\"twitter:card\" content=\"summary_large_image\" \/>\n<meta name=\"twitter:label1\" content=\"Est. reading time\" \/>\n\t<meta name=\"twitter:data1\" content=\"3 minutes\" \/>\n<script type=\"application\/ld+json\" class=\"yoast-schema-graph\">{\"@context\":\"https:\/\/schema.org\",\"@graph\":[{\"@type\":\"WebPage\",\"@id\":\"https:\/\/garces-wp.ixole.es\/ca\/que-tractem\/\",\"url\":\"https:\/\/garces-wp.ixole.es\/ca\/que-tractem\/\",\"name\":\"Qu\u00e8 tractem - Dermatologia Garces\",\"isPartOf\":{\"@id\":\"https:\/\/garces-wp.ixole.es\/#website\"},\"datePublished\":\"2017-02-13T15:34:11+00:00\",\"dateModified\":\"2017-03-22T11:36:10+00:00\",\"breadcrumb\":{\"@id\":\"https:\/\/garces-wp.ixole.es\/ca\/que-tractem\/#breadcrumb\"},\"inLanguage\":\"ca-ES\",\"potentialAction\":[{\"@type\":\"ReadAction\",\"target\":[\"https:\/\/garces-wp.ixole.es\/ca\/que-tractem\/\"]}]},{\"@type\":\"BreadcrumbList\",\"@id\":\"https:\/\/garces-wp.ixole.es\/ca\/que-tractem\/#breadcrumb\",\"itemListElement\":[{\"@type\":\"ListItem\",\"position\":1,\"name\":\"Portada\",\"item\":\"https:\/\/garces-wp.ixole.es\/ca\/\"},{\"@type\":\"ListItem\",\"position\":2,\"name\":\"Qu\u00e8 tractem\"}]},{\"@type\":\"WebSite\",\"@id\":\"https:\/\/garces-wp.ixole.es\/#website\",\"url\":\"https:\/\/garces-wp.ixole.es\/\",\"name\":\"Dermatologia Garces\",\"description\":\"Dermatologia Dr. JR Garc\u00e9s Centro M\u00e9dico Teknon\",\"publisher\":{\"@id\":\"https:\/\/garces-wp.ixole.es\/#organization\"},\"potentialAction\":[{\"@type\":\"SearchAction\",\"target\":{\"@type\":\"EntryPoint\",\"urlTemplate\":\"https:\/\/garces-wp.ixole.es\/?s={search_term_string}\"},\"query-input\":{\"@type\":\"PropertyValueSpecification\",\"valueRequired\":true,\"valueName\":\"search_term_string\"}}],\"inLanguage\":\"ca-ES\"},{\"@type\":\"Organization\",\"@id\":\"https:\/\/garces-wp.ixole.es\/#organization\",\"name\":\"Dermatologia Garc\u00e9s\",\"url\":\"https:\/\/garces-wp.ixole.es\/\",\"logo\":{\"@type\":\"ImageObject\",\"inLanguage\":\"ca-ES\",\"@id\":\"https:\/\/garces-wp.ixole.es\/#\/schema\/logo\/image\/\",\"url\":\"https:\/\/garces-wp.ixole.es\/wp-content\/uploads\/2016\/04\/Logotip-Garces-1-e1490180757988.png\",\"contentUrl\":\"https:\/\/garces-wp.ixole.es\/wp-content\/uploads\/2016\/04\/Logotip-Garces-1-e1490180757988.png\",\"width\":150,\"height\":55,\"caption\":\"Dermatologia Garc\u00e9s\"},\"image\":{\"@id\":\"https:\/\/garces-wp.ixole.es\/#\/schema\/logo\/image\/\"}}]}<\/script>\n<!-- \/ Yoast SEO plugin. -->","yoast_head_json":{"title":"Qu\u00e8 tractem - Dermatologia Garces","robots":{"index":"index","follow":"follow","max-snippet":"max-snippet:-1","max-image-preview":"max-image-preview:large","max-video-preview":"max-video-preview:-1"},"canonical":"https:\/\/garces-wp.ixole.es\/ca\/que-tractem\/","og_locale":"ca_ES","og_type":"article","og_title":"Qu\u00e8 tractem - Dermatologia Garces","og_description":"[vc_row gap=&#8221;20&#8243; content_placement=&#8221;middle&#8221;][vc_column][vc_row_inner][vc_column_inner][vc_column_text]La pell \u00e9s l&#8217;\u00f2rgan m\u00e9s gran del nostre cos i un reflex de la nostra salut. Al llarg de la vida pot patir alteracions o malalties que precisin d&#8217;un tractament dermatol\u00f2gic. Ubicats al Centro M\u00e9dico Teknon, el nostre equip de dermat\u00f2legs medicoquir\u00fargic estan altament especialitzats en la cura de totes les malalties de [&hellip;]","og_url":"https:\/\/garces-wp.ixole.es\/ca\/que-tractem\/","og_site_name":"Dermatologia Garces","article_modified_time":"2017-03-22T11:36:10+00:00","twitter_card":"summary_large_image","twitter_misc":{"Est. reading time":"3 minutes"},"schema":{"@context":"https:\/\/schema.org","@graph":[{"@type":"WebPage","@id":"https:\/\/garces-wp.ixole.es\/ca\/que-tractem\/","url":"https:\/\/garces-wp.ixole.es\/ca\/que-tractem\/","name":"Qu\u00e8 tractem - Dermatologia Garces","isPartOf":{"@id":"https:\/\/garces-wp.ixole.es\/#website"},"datePublished":"2017-02-13T15:34:11+00:00","dateModified":"2017-03-22T11:36:10+00:00","breadcrumb":{"@id":"https:\/\/garces-wp.ixole.es\/ca\/que-tractem\/#breadcrumb"},"inLanguage":"ca-ES","potentialAction":[{"@type":"ReadAction","target":["https:\/\/garces-wp.ixole.es\/ca\/que-tractem\/"]}]},{"@type":"BreadcrumbList","@id":"https:\/\/garces-wp.ixole.es\/ca\/que-tractem\/#breadcrumb","itemListElement":[{"@type":"ListItem","position":1,"name":"Portada","item":"https:\/\/garces-wp.ixole.es\/ca\/"},{"@type":"ListItem","position":2,"name":"Qu\u00e8 tractem"}]},{"@type":"WebSite","@id":"https:\/\/garces-wp.ixole.es\/#website","url":"https:\/\/garces-wp.ixole.es\/","name":"Dermatologia Garces","description":"Dermatologia Dr. JR Garc\u00e9s Centro M\u00e9dico Teknon","publisher":{"@id":"https:\/\/garces-wp.ixole.es\/#organization"},"potentialAction":[{"@type":"SearchAction","target":{"@type":"EntryPoint","urlTemplate":"https:\/\/garces-wp.ixole.es\/?s={search_term_string}"},"query-input":{"@type":"PropertyValueSpecification","valueRequired":true,"valueName":"search_term_string"}}],"inLanguage":"ca-ES"},{"@type":"Organization","@id":"https:\/\/garces-wp.ixole.es\/#organization","name":"Dermatologia Garc\u00e9s","url":"https:\/\/garces-wp.ixole.es\/","logo":{"@type":"ImageObject","inLanguage":"ca-ES","@id":"https:\/\/garces-wp.ixole.es\/#\/schema\/logo\/image\/","url":"https:\/\/garces-wp.ixole.es\/wp-content\/uploads\/2016\/04\/Logotip-Garces-1-e1490180757988.png","contentUrl":"https:\/\/garces-wp.ixole.es\/wp-content\/uploads\/2016\/04\/Logotip-Garces-1-e1490180757988.png","width":150,"height":55,"caption":"Dermatologia Garc\u00e9s"},"image":{"@id":"https:\/\/garces-wp.ixole.es\/#\/schema\/logo\/image\/"}}]}},"_links":{"self":[{"href":"https:\/\/garces-wp.ixole.es\/ca\/wp-json\/wp\/v2\/pages\/1206","targetHints":{"allow":["GET"]}}],"collection":[{"href":"https:\/\/garces-wp.ixole.es\/ca\/wp-json\/wp\/v2\/pages"}],"about":[{"href":"https:\/\/garces-wp.ixole.es\/ca\/wp-json\/wp\/v2\/types\/page"}],"author":[{"embeddable":true,"href":"https:\/\/garces-wp.ixole.es\/ca\/wp-json\/wp\/v2\/users\/1"}],"replies":[{"embeddable":true,"href":"https:\/\/garces-wp.ixole.es\/ca\/wp-json\/wp\/v2\/comments?post=1206"}],"version-history":[{"count":5,"href":"https:\/\/garces-wp.ixole.es\/ca\/wp-json\/wp\/v2\/pages\/1206\/revisions"}],"predecessor-version":[{"id":1862,"href":"https:\/\/garces-wp.ixole.es\/ca\/wp-json\/wp\/v2\/pages\/1206\/revisions\/1862"}],"wp:attachment":[{"href":"https:\/\/garces-wp.ixole.es\/ca\/wp-json\/wp\/v2\/media?parent=1206"}],"curies":[{"name":"wp","href":"https:\/\/api.w.org\/{rel}","templated":true}]}}