{"id":1204,"date":"2017-02-08T12:39:45","date_gmt":"2017-02-08T12:39:45","guid":{"rendered":"https:\/\/garces-wp.ixole.es\/?page_id=1204\/"},"modified":"2017-03-09T10:43:57","modified_gmt":"2017-03-09T10:43:57","slug":"avis-legal","status":"publish","type":"page","link":"https:\/\/garces-wp.ixole.es\/ca\/avis-legal\/","title":{"rendered":"Av\u00eds legal"},"content":{"rendered":"<p>La present informaci\u00f3 i av\u00eds (en endavant, el &#8220;Av\u00eds Legal&#8221;) regula l&#8217;\u00fas del servei d&#8217;acc\u00e9s i utilitzaci\u00f3 del Web <a href=\"https:\/\/garces-wp.ixole.es\">www.dermatologiagarces.es<\/a>.<\/p>\n<p>El Institut de Dermatologia Garc\u00e9s, com a responsable legal i m\u00e8dic del web, informa que t\u00e9 el seu domicili social a Marquesa de Vilallonga, 12 08017; amb CIF nombre G-37316262 i mail de contacte info@dermatologiagarces.es.<\/p>\n<p>La informaci\u00f3 present en aquesta p\u00e0gina web no reempla\u00e7a sin\u00f3 que complementa la relaci\u00f3 metge-pacient. En cas de dubte s&#8217;ha de consultar sempre un professional de refer\u00e8ncia.<\/p>\n<p>La utilitzaci\u00f3 del Web atribueix la condici\u00f3 d&#8217;usuari de la web (en endavant, &#8220;Usuari&#8221;) i implica l&#8217;acceptaci\u00f3 plena de totes i cadascuna de les disposicions incloses en aquest Av\u00eds Legal en la versi\u00f3 publicada pel Institut de Dermatologia Garc\u00e9s en el moment mateix en qu\u00e8 l&#8217;Usuari accedeixi a la web. El Institut de Dermatologia Garc\u00e9s es reserva el dret a modificar unilateralment, en qualsevol moment i sense previ av\u00eds, la presentaci\u00f3 i configuraci\u00f3 dels continguts i els serveis de la web, aix\u00ed com les condicions requerides per a la seva utilitzaci\u00f3 quan aix\u00f2 sigui convenient per al seu millor prestaci\u00f3.<\/p>\n<p>El contingut de la present web est\u00e0 protegit per les lleis de propietat intel\u00b7lectual.<\/p>\n<p>Aquests continguts han de ser usats de forma correcta i licita per l&#8217;usuari i, en particular resta obligat a utilitzar aquests continguts de forma diligent, correcta i l\u00edcita. No podran utilitzar-se els continguts de forma contr\u00e0ria a la llei, a la moral o als bons costums acceptades en ordre p\u00fablic.<\/p>\n<p>Aquesta web pot establir enlla\u00e7os a altres p\u00e0gines web que pertanyen a tercers sobre els quals l&#8217;Institut de Dermatologia Garc\u00e9s no t\u00e9 cap control, no assumint cap responsabilitat ni comprom\u00eds sobre la informaci\u00f3 continguda en aquestes p\u00e0gines ni dels serveis o productes que en elles s&#8217;inclogui o s&#8217;ofereixi.<\/p>\n<p>Est\u00e0 prohibida la transmissi\u00f3 de qualsevol tipus de dades que vost\u00e8 pugui realitzar a aquesta Web, oa altres pertanyents a tercers els links podr\u00e0 trobar dins d&#8217;aquest web, que atempti contra els drets de propietat de tercers, siguin obscens, pornogr\u00e0fics, difamatoris, de car\u00e0cter amena\u00e7ador o material que pugui ser considerat delicte o falta en virtut del vigent Codi Penal. Queda prohibida la reproducci\u00f3, c\u00f2pia, distribuci\u00f3, transformaci\u00f3 o modificaci\u00f3 de continguts (textos, imatges, veus o estructura) tret que es compti amb l&#8217;autoritzaci\u00f3 expressa i per escrit del titular dels drets adquirits.<\/p>\n<p>L&#8217;usuari es compromet a utilitzar la web de conformitat amb la llei, el present Av\u00eds Legal, i altres avisos, reglaments d&#8217;\u00fas i instruccions posats en el seu coneixement, aix\u00ed com amb la moral i els bons costums generalment acceptats i l&#8217;ordre p\u00fablic i es s&#8217;abstindr\u00e0 d&#8217;utilitzar la web amb fins o efectes il\u00b7l\u00edcits, prohibits en el present Av\u00eds Legal, lesius dels drets i interessos de tercers.<\/p>\n<p>L&#8217;Institut de Dermatologia Garc\u00e9s es reserva el dret a denegar o retirar l&#8217;acc\u00e9s a la web, en qualsevol moment i sense necessitat de preav\u00eds, a aquells usuaris que incompleixin les presents Condicions Generals.<\/p>\n<p><strong>Privacitat i protecci\u00f3 de dades<\/strong><\/p>\n<p>De conformitat amb la Llei Org\u00e0nica de Protecci\u00f3 de Dades de 15\/1999 de 13 de desembre, li comuniquem que la finalitat d&#8217;aquest lloc web no \u00e9s la recollida de dades dels usuaris. No obstant l&#8217;anterior procedeix a la recollida de dades personals mitjan\u00e7ant formularis per prestar determinats serveis com contactar, respondre a una consulta o enviament de documentaci\u00f3. L&#8217;informem aix\u00ed mateix que l&#8217;usuari pot en qualsevol moment exercir el seu dret d&#8217;acc\u00e9s, rectificaci\u00f3, cancel\u00b7laci\u00f3 i oposici\u00f3 amb relaci\u00f3 a les seves dades personals si fos el cas o b\u00e9 realitzant un escrit a aquest efecte i remetent-lo a &#8220;correu electr\u00f2nic&#8221; oa l&#8217;adre\u00e7a postal de la nostra entitat.<\/p>\n","protected":false},"excerpt":{"rendered":"<p>La present informaci\u00f3 i av\u00eds (en endavant, el &#8220;Av\u00eds Legal&#8221;) regula l&#8217;\u00fas del servei d&#8217;acc\u00e9s i utilitzaci\u00f3 del Web www.dermatologiagarces.es. El Institut de Dermatologia Garc\u00e9s, com a responsable legal i m\u00e8dic del web, informa que t\u00e9 el seu domicili social a Marquesa de Vilallonga, 12 08017; amb CIF nombre G-37316262 i mail de contacte info@dermatologiagarces.es. [&hellip;]<\/p>\n","protected":false},"author":1,"featured_media":0,"parent":0,"menu_order":0,"comment_status":"closed","ping_status":"closed","template":"","meta":{"footnotes":""},"class_list":["post-1204","page","type-page","status-publish","hentry"],"yoast_head":"<!-- This site is optimized with the Yoast SEO plugin v26.7 - https:\/\/yoast.com\/wordpress\/plugins\/seo\/ -->\n<title>Av\u00eds legal - Dermatologia Garces<\/title>\n<meta name=\"robots\" content=\"index, follow, max-snippet:-1, max-image-preview:large, max-video-preview:-1\" \/>\n<link rel=\"canonical\" href=\"https:\/\/garces-wp.ixole.es\/ca\/avis-legal\/\" \/>\n<meta property=\"og:locale\" content=\"ca_ES\" \/>\n<meta property=\"og:type\" content=\"article\" \/>\n<meta property=\"og:title\" content=\"Av\u00eds legal - Dermatologia Garces\" \/>\n<meta property=\"og:description\" content=\"La present informaci\u00f3 i av\u00eds (en endavant, el &#8220;Av\u00eds Legal&#8221;) regula l&#8217;\u00fas del servei d&#8217;acc\u00e9s i utilitzaci\u00f3 del Web www.dermatologiagarces.es. El Institut de Dermatologia Garc\u00e9s, com a responsable legal i m\u00e8dic del web, informa que t\u00e9 el seu domicili social a Marquesa de Vilallonga, 12 08017; amb CIF nombre G-37316262 i mail de contacte info@dermatologiagarces.es. [&hellip;]\" \/>\n<meta property=\"og:url\" content=\"https:\/\/garces-wp.ixole.es\/ca\/avis-legal\/\" \/>\n<meta property=\"og:site_name\" content=\"Dermatologia Garces\" \/>\n<meta property=\"article:modified_time\" content=\"2017-03-09T10:43:57+00:00\" \/>\n<meta name=\"twitter:card\" content=\"summary_large_image\" \/>\n<meta name=\"twitter:label1\" content=\"Est. reading time\" \/>\n\t<meta name=\"twitter:data1\" content=\"3 minutes\" \/>\n<script type=\"application\/ld+json\" class=\"yoast-schema-graph\">{\"@context\":\"https:\/\/schema.org\",\"@graph\":[{\"@type\":\"WebPage\",\"@id\":\"https:\/\/garces-wp.ixole.es\/ca\/avis-legal\/\",\"url\":\"https:\/\/garces-wp.ixole.es\/ca\/avis-legal\/\",\"name\":\"Av\u00eds legal - Dermatologia Garces\",\"isPartOf\":{\"@id\":\"https:\/\/garces-wp.ixole.es\/#website\"},\"datePublished\":\"2017-02-08T12:39:45+00:00\",\"dateModified\":\"2017-03-09T10:43:57+00:00\",\"breadcrumb\":{\"@id\":\"https:\/\/garces-wp.ixole.es\/ca\/avis-legal\/#breadcrumb\"},\"inLanguage\":\"ca-ES\",\"potentialAction\":[{\"@type\":\"ReadAction\",\"target\":[\"https:\/\/garces-wp.ixole.es\/ca\/avis-legal\/\"]}]},{\"@type\":\"BreadcrumbList\",\"@id\":\"https:\/\/garces-wp.ixole.es\/ca\/avis-legal\/#breadcrumb\",\"itemListElement\":[{\"@type\":\"ListItem\",\"position\":1,\"name\":\"Portada\",\"item\":\"https:\/\/garces-wp.ixole.es\/ca\/\"},{\"@type\":\"ListItem\",\"position\":2,\"name\":\"Av\u00eds legal\"}]},{\"@type\":\"WebSite\",\"@id\":\"https:\/\/garces-wp.ixole.es\/#website\",\"url\":\"https:\/\/garces-wp.ixole.es\/\",\"name\":\"Dermatologia Garces\",\"description\":\"Dermatologia Dr. JR Garc\u00e9s Centro M\u00e9dico Teknon\",\"publisher\":{\"@id\":\"https:\/\/garces-wp.ixole.es\/#organization\"},\"potentialAction\":[{\"@type\":\"SearchAction\",\"target\":{\"@type\":\"EntryPoint\",\"urlTemplate\":\"https:\/\/garces-wp.ixole.es\/?s={search_term_string}\"},\"query-input\":{\"@type\":\"PropertyValueSpecification\",\"valueRequired\":true,\"valueName\":\"search_term_string\"}}],\"inLanguage\":\"ca-ES\"},{\"@type\":\"Organization\",\"@id\":\"https:\/\/garces-wp.ixole.es\/#organization\",\"name\":\"Dermatologia Garc\u00e9s\",\"url\":\"https:\/\/garces-wp.ixole.es\/\",\"logo\":{\"@type\":\"ImageObject\",\"inLanguage\":\"ca-ES\",\"@id\":\"https:\/\/garces-wp.ixole.es\/#\/schema\/logo\/image\/\",\"url\":\"https:\/\/garces-wp.ixole.es\/wp-content\/uploads\/2016\/04\/Logotip-Garces-1-e1490180757988.png\",\"contentUrl\":\"https:\/\/garces-wp.ixole.es\/wp-content\/uploads\/2016\/04\/Logotip-Garces-1-e1490180757988.png\",\"width\":150,\"height\":55,\"caption\":\"Dermatologia Garc\u00e9s\"},\"image\":{\"@id\":\"https:\/\/garces-wp.ixole.es\/#\/schema\/logo\/image\/\"}}]}<\/script>\n<!-- \/ Yoast SEO plugin. -->","yoast_head_json":{"title":"Av\u00eds legal - Dermatologia Garces","robots":{"index":"index","follow":"follow","max-snippet":"max-snippet:-1","max-image-preview":"max-image-preview:large","max-video-preview":"max-video-preview:-1"},"canonical":"https:\/\/garces-wp.ixole.es\/ca\/avis-legal\/","og_locale":"ca_ES","og_type":"article","og_title":"Av\u00eds legal - Dermatologia Garces","og_description":"La present informaci\u00f3 i av\u00eds (en endavant, el &#8220;Av\u00eds Legal&#8221;) regula l&#8217;\u00fas del servei d&#8217;acc\u00e9s i utilitzaci\u00f3 del Web www.dermatologiagarces.es. El Institut de Dermatologia Garc\u00e9s, com a responsable legal i m\u00e8dic del web, informa que t\u00e9 el seu domicili social a Marquesa de Vilallonga, 12 08017; amb CIF nombre G-37316262 i mail de contacte info@dermatologiagarces.es. [&hellip;]","og_url":"https:\/\/garces-wp.ixole.es\/ca\/avis-legal\/","og_site_name":"Dermatologia Garces","article_modified_time":"2017-03-09T10:43:57+00:00","twitter_card":"summary_large_image","twitter_misc":{"Est. reading time":"3 minutes"},"schema":{"@context":"https:\/\/schema.org","@graph":[{"@type":"WebPage","@id":"https:\/\/garces-wp.ixole.es\/ca\/avis-legal\/","url":"https:\/\/garces-wp.ixole.es\/ca\/avis-legal\/","name":"Av\u00eds legal - Dermatologia Garces","isPartOf":{"@id":"https:\/\/garces-wp.ixole.es\/#website"},"datePublished":"2017-02-08T12:39:45+00:00","dateModified":"2017-03-09T10:43:57+00:00","breadcrumb":{"@id":"https:\/\/garces-wp.ixole.es\/ca\/avis-legal\/#breadcrumb"},"inLanguage":"ca-ES","potentialAction":[{"@type":"ReadAction","target":["https:\/\/garces-wp.ixole.es\/ca\/avis-legal\/"]}]},{"@type":"BreadcrumbList","@id":"https:\/\/garces-wp.ixole.es\/ca\/avis-legal\/#breadcrumb","itemListElement":[{"@type":"ListItem","position":1,"name":"Portada","item":"https:\/\/garces-wp.ixole.es\/ca\/"},{"@type":"ListItem","position":2,"name":"Av\u00eds legal"}]},{"@type":"WebSite","@id":"https:\/\/garces-wp.ixole.es\/#website","url":"https:\/\/garces-wp.ixole.es\/","name":"Dermatologia Garces","description":"Dermatologia Dr. JR Garc\u00e9s Centro M\u00e9dico Teknon","publisher":{"@id":"https:\/\/garces-wp.ixole.es\/#organization"},"potentialAction":[{"@type":"SearchAction","target":{"@type":"EntryPoint","urlTemplate":"https:\/\/garces-wp.ixole.es\/?s={search_term_string}"},"query-input":{"@type":"PropertyValueSpecification","valueRequired":true,"valueName":"search_term_string"}}],"inLanguage":"ca-ES"},{"@type":"Organization","@id":"https:\/\/garces-wp.ixole.es\/#organization","name":"Dermatologia Garc\u00e9s","url":"https:\/\/garces-wp.ixole.es\/","logo":{"@type":"ImageObject","inLanguage":"ca-ES","@id":"https:\/\/garces-wp.ixole.es\/#\/schema\/logo\/image\/","url":"https:\/\/garces-wp.ixole.es\/wp-content\/uploads\/2016\/04\/Logotip-Garces-1-e1490180757988.png","contentUrl":"https:\/\/garces-wp.ixole.es\/wp-content\/uploads\/2016\/04\/Logotip-Garces-1-e1490180757988.png","width":150,"height":55,"caption":"Dermatologia Garc\u00e9s"},"image":{"@id":"https:\/\/garces-wp.ixole.es\/#\/schema\/logo\/image\/"}}]}},"_links":{"self":[{"href":"https:\/\/garces-wp.ixole.es\/ca\/wp-json\/wp\/v2\/pages\/1204","targetHints":{"allow":["GET"]}}],"collection":[{"href":"https:\/\/garces-wp.ixole.es\/ca\/wp-json\/wp\/v2\/pages"}],"about":[{"href":"https:\/\/garces-wp.ixole.es\/ca\/wp-json\/wp\/v2\/types\/page"}],"author":[{"embeddable":true,"href":"https:\/\/garces-wp.ixole.es\/ca\/wp-json\/wp\/v2\/users\/1"}],"replies":[{"embeddable":true,"href":"https:\/\/garces-wp.ixole.es\/ca\/wp-json\/wp\/v2\/comments?post=1204"}],"version-history":[{"count":2,"href":"https:\/\/garces-wp.ixole.es\/ca\/wp-json\/wp\/v2\/pages\/1204\/revisions"}],"predecessor-version":[{"id":1696,"href":"https:\/\/garces-wp.ixole.es\/ca\/wp-json\/wp\/v2\/pages\/1204\/revisions\/1696"}],"wp:attachment":[{"href":"https:\/\/garces-wp.ixole.es\/ca\/wp-json\/wp\/v2\/media?parent=1204"}],"curies":[{"name":"wp","href":"https:\/\/api.w.org\/{rel}","templated":true}]}}