{"id":1195,"date":"2017-02-08T12:14:17","date_gmt":"2017-02-08T12:14:17","guid":{"rendered":"https:\/\/garces-wp.ixole.es\/?page_id=1195\/"},"modified":"2017-03-29T16:33:33","modified_gmt":"2017-03-29T16:33:33","slug":"dra-paola-pasquali","status":"publish","type":"page","link":"https:\/\/garces-wp.ixole.es\/ca\/dra-paola-pasquali\/","title":{"rendered":"Dra. Paola Pasquali"},"content":{"rendered":"<p>[vc_row][vc_column width=&#8221;1\/3&#8243;][vc_single_image image=&#8221;1111&#8243; img_size=&#8221;full&#8221; css=&#8221;.vc_custom_1485273343250{margin-top: 0px !important;margin-right: 0px !important;margin-bottom: 0px !important;margin-left: 0px !important;border-top-width: 0px !important;border-right-width: 0px !important;border-bottom-width: 0px !important;border-left-width: 0px !important;padding-top: 0px !important;padding-right: 0px !important;padding-bottom: 0px !important;padding-left: 0px !important;}&#8221;][vc_custom_heading text=&#8221;Dra. Paola Pasquali&#8221; font_container=&#8221;tag:h2|text_align:left|color:%233b506b&#8221; use_theme_fonts=&#8221;yes&#8221; css=&#8221;.vc_custom_1483615410843{margin-top: 0px !important;margin-right: 0px !important;margin-bottom: 0px !important;margin-left: 0px !important;border-top-width: 0px !important;border-right-width: 0px !important;border-bottom-width: 0px !important;border-left-width: 0px !important;padding-top: 10px !important;padding-right: 10px !important;padding-bottom: 10px !important;padding-left: 10px !important;background-color: #ffffff !important;}&#8221;][vc_custom_heading text=&#8221;Dermat\u00f2loga M\u00e8dico-quir\u00fargica&#8221; font_container=&#8221;tag:p|text_align:left|color:%233b506b&#8221; use_theme_fonts=&#8221;yes&#8221; css=&#8221;.vc_custom_1486555980800{margin-top: 0px !important;margin-right: 0px !important;margin-bottom: 0px !important;margin-left: 0px !important;border-top-width: 0px !important;border-right-width: 0px !important;border-bottom-width: 0px !important;border-left-width: 0px !important;padding-top: 10px !important;padding-right: 10px !important;padding-bottom: 10px !important;padding-left: 10px !important;background-color: #ffffff !important;}&#8221;][vc_separator color=&#8221;chino&#8221; css=&#8221;.vc_custom_1462973459450{margin-top: 0px !important;margin-right: 0px !important;margin-bottom: 0px !important;margin-left: 0px !important;border-top-width: 0px !important;border-right-width: 0px !important;border-bottom-width: 0px !important;border-left-width: 0px !important;padding-top: 0px !important;padding-right: 0px !important;padding-bottom: 0px !important;padding-left: 0px !important;background-color: ffffff !important;}&#8221;][vc_column_text css=&#8221;.vc_custom_1488890516853{margin-top: 0px !important;margin-right: 0px !important;margin-bottom: 0px !important;margin-left: 0px !important;border-top-width: 0px !important;border-right-width: 0px !important;border-bottom-width: 0px !important;border-left-width: 0px !important;padding-top: 10px !important;padding-right: 10px !important;padding-bottom: 10px !important;padding-left: 10px !important;background-color: #ffffff !important;}&#8221;]<strong>Formaci\u00f3<\/strong>: Llicenciada en Medicina i Cirurgia. Especialista en Dermatologia.<\/p>\n<p><strong>Especialitat<\/strong>: <a href=\"https:\/\/garces-wp.ixole.es\/ca\/cancer-de-pell\/\">C\u00e0ncer de Pell<\/a>, <a href=\"https:\/\/garces-wp.ixole.es\/ca\/derma-plus\/consulta-online-telemedicina\/\">Teledermatologia <\/a>i <a href=\"https:\/\/garces-wp.ixole.es\/ca\/dermatologia-quirurgica\/crioterapia\/\">Criocirurgia<\/a>.[\/vc_column_text][vc_btn title=&#8221;Demani cita&#8221; color=&#8221;chino&#8221; align=&#8221;center&#8221; css=&#8221;.vc_custom_1488890749890{margin-top: 0px !important;margin-right: 0px !important;margin-bottom: 0px !important;margin-left: 0px !important;border-top-width: 0px !important;border-right-width: 0px !important;border-bottom-width: 0px !important;border-left-width: 0px !important;padding-top: 10px !important;padding-right: 10px !important;padding-bottom: 10px !important;padding-left: 10px !important;background-color: #ffffff !important;}&#8221; link=&#8221;url:https%3A%2F%2Fgarces-wp.ixole.es%2Fca%2Fcontactar%2F||&#8221;][\/vc_column][vc_column width=&#8221;2\/3&#8243;][vc_column_text css=&#8221;.vc_custom_1483633923211{margin-left: 30px !important;padding-bottom: 20px !important;}&#8221;]<\/p>\n<h1>Dra.\u00a0Paola Pasquali<\/h1>\n<p>[\/vc_column_text][vc_separator][vc_column_text css=&#8221;.vc_custom_1488890808715{margin-left: 30px !important;padding-bottom: 20px !important;}&#8221;]La Dra. Paola Pasquali (<em>N\u00ba Col.4305458)\u00a0<\/em>\u00e9s dermat\u00f2loga especialista en c\u00e0ncer de pell i diagn\u00f2stic a trav\u00e9s de <a href=\"https:\/\/garces-wp.ixole.es\/ca\/screening-cutani-i-diagnostic-del-melanoma\/\"><span style=\"text-decoration: underline;\">t\u00e8cniques d&#8217;imatge no invasives<\/span><\/a>. A nivell p\u00fablic, coordina el Servei de Dermatologia del Pius Hospital de Valls. \u00c9s experta amb reconeixement internacional en l&#8217;\u00e0rea de la criocirurgia i conferenciant convidada en m\u00e9s de 40 pa\u00efsos.<\/p>\n<p>\u00c9s editora de dos llibres,\u00a0<em>Skin Cancer, A Practical Approach (Springer, NYC 2013<\/em>) i <em>Cryosurgery. A Practical Manual (Springer, Germany 2014)<\/em>; autora de m\u00e9s de 30 cap\u00edtols de llibres de l&#8217;especialitat, i m\u00e9s de 40 articles.<\/p>\n<p>En l&#8217;\u00e0rea de teledermatologia, ha estat la creadora d&#8217;un reeixit programa a nivell de la regi\u00f3 de Tarragona i actual presidenta (2016-2018) de la International Society of Teledermatology (IST) aix\u00ed com membre de l&#8217;International Affairs Committee de l&#8217;American Academy of Dermatology (AAD), membre del PR &amp; Media Committee de l&#8217;European Academy of Dermatology and Venereology (EADV) i membre fundador GEDEI (Grup e-Dermatologia i Imatge) de l&#8217;AEDV vocalia ecografia.[\/vc_column_text][\/vc_column][\/vc_row][vc_row][vc_column][vc_empty_space][vc_column_text css=&#8221;.vc_custom_1486556007025{padding-bottom: 20px !important;}&#8221;]<\/p>\n<h2>Altres especialistes<\/h2>\n<p>[\/vc_column_text][\/vc_column][\/vc_row][vc_row][vc_column][vc_row_inner][vc_column_inner][vc_separator][\/vc_column_inner][\/vc_row_inner][vc_row_inner][vc_column_inner width=&#8221;1\/4&#8243;][vc_single_image image=&#8221;717&#8243; img_size=&#8221;full&#8221; alignment=&#8221;center&#8221; css=&#8221;.vc_custom_1484040928621{margin: 0px !important;border-width: 0px !important;padding: 0px !important;}&#8221;][vc_custom_heading text=&#8221;Dr. JR Garc\u00e9s&#8221; font_container=&#8221;tag:h4|text_align:center|color:%23ffffff&#8221; use_theme_fonts=&#8221;yes&#8221; css=&#8221;.vc_custom_1488882384424{margin-top: 0px !important;margin-right: 0px !important;margin-bottom: 0px !important;margin-left: 0px !important;border-top-width: 0px !important;border-right-width: 0px !important;border-bottom-width: 0px !important;border-left-width: 0px !important;padding-top: 10px !important;padding-right: 10px !important;padding-bottom: 10px !important;padding-left: 10px !important;background-color: #3b506b !important;}&#8221; link=&#8221;url:https%3A%2F%2Fgarces-wp.ixole.es%2Fca%2Fjrgarces%2F||&#8221;][\/vc_column_inner][vc_column_inner width=&#8221;1\/4&#8243;][vc_single_image image=&#8221;716&#8243; img_size=&#8221;full&#8221; css=&#8221;.vc_custom_1484040936722{margin: 0px !important;border-width: 0px !important;padding: 0px !important;}&#8221;][vc_custom_heading text=&#8221;Dr. Joan Dalmau&#8221; font_container=&#8221;tag:h4|text_align:center|color:%23ffffff&#8221; use_theme_fonts=&#8221;yes&#8221; css=&#8221;.vc_custom_1488883103230{margin-top: 0px !important;margin-right: 0px !important;margin-bottom: 0px !important;margin-left: 0px !important;border-top-width: 0px !important;border-right-width: 0px !important;border-bottom-width: 0px !important;border-left-width: 0px !important;padding-top: 10px !important;padding-right: 10px !important;padding-bottom: 10px !important;padding-left: 10px !important;background-color: #3b506b !important;}&#8221; link=&#8221;url:https%3A%2F%2Fgarces-wp.ixole.es%2Fca%2Fjoandalmau%2F||&#8221;][\/vc_column_inner][vc_column_inner width=&#8221;1\/4&#8243;][vc_single_image image=&#8221;713&#8243; img_size=&#8221;full&#8221; css=&#8221;.vc_custom_1484041336858{margin: 0px !important;border-width: 0px !important;padding: 0px !important;}&#8221;][vc_custom_heading text=&#8221;Dra. Alba Catal\u00e0&#8221; font_container=&#8221;tag:h4|text_align:center|color:%23ffffff&#8221; use_theme_fonts=&#8221;yes&#8221; css=&#8221;.vc_custom_1488884092285{margin-top: 0px !important;margin-right: 0px !important;margin-bottom: 0px !important;margin-left: 0px !important;border-top-width: 0px !important;border-right-width: 0px !important;border-bottom-width: 0px !important;border-left-width: 0px !important;padding-top: 10px !important;padding-right: 10px !important;padding-bottom: 10px !important;padding-left: 10px !important;background-color: #3b506b !important;}&#8221; link=&#8221;url:https%3A%2F%2Fgarces-wp.ixole.es%2Fca%2Fdra-alba-catala%2F||&#8221;][\/vc_column_inner][vc_column_inner width=&#8221;1\/4&#8243;][vc_single_image image=&#8221;715&#8243; img_size=&#8221;full&#8221; css=&#8221;.vc_custom_1484040951131{margin: 0px !important;border-width: 0px !important;padding: 0px !important;}&#8221;][vc_custom_heading text=&#8221;Dra. Eva Vilarrasa&#8221; font_container=&#8221;tag:h4|text_align:center|color:%23ffffff&#8221; use_theme_fonts=&#8221;yes&#8221; css=&#8221;.vc_custom_1488884396637{margin-top: 0px !important;margin-right: 0px !important;margin-bottom: 0px !important;margin-left: 0px !important;border-top-width: 0px !important;border-right-width: 0px !important;border-bottom-width: 0px !important;border-left-width: 0px !important;padding-top: 10px !important;padding-right: 10px !important;padding-bottom: 10px !important;padding-left: 10px !important;background-color: #3b506b !important;}&#8221; link=&#8221;url:https%3A%2F%2Fgarces-wp.ixole.es%2Fca%2Fdra-eva-vilarrasa%2F||&#8221;][\/vc_column_inner][\/vc_row_inner][vc_empty_space height=&#8221;15px&#8221;][\/vc_column][\/vc_row][vc_row][vc_column][vc_row_inner][vc_column_inner width=&#8221;1\/4&#8243;][vc_single_image image=&#8221;718&#8243; img_size=&#8221;full&#8221; alignment=&#8221;center&#8221; css=&#8221;.vc_custom_1484040961541{margin: 0px !important;border-width: 0px !important;padding: 0px !important;}&#8221;][vc_custom_heading text=&#8221;Dr. Xavier Garc\u00eda-Navarro&#8221; font_container=&#8221;tag:h4|text_align:center|color:%23ffffff&#8221; use_theme_fonts=&#8221;yes&#8221; css=&#8221;.vc_custom_1488884509804{margin-top: 0px !important;margin-right: 0px !important;margin-bottom: 0px !important;margin-left: 0px !important;border-top-width: 0px !important;border-right-width: 0px !important;border-bottom-width: 0px !important;border-left-width: 0px !important;padding-top: 10px !important;padding-right: 10px !important;padding-bottom: 10px !important;padding-left: 10px !important;background-color: #3b506b !important;}&#8221; link=&#8221;url:https%3A%2F%2Fgarces-wp.ixole.es%2Fca%2Fdr-xavier-garcia-navarro%2F||&#8221;][\/vc_column_inner][vc_column_inner width=&#8221;1\/4&#8243;][vc_single_image image=&#8221;714&#8243; img_size=&#8221;full&#8221; css=&#8221;.vc_custom_1484040971066{margin: 0px !important;border-width: 0px !important;padding: 0px !important;}&#8221;][vc_custom_heading text=&#8221;Dra. Cristina San Jos\u00e9&#8221; font_container=&#8221;tag:h4|text_align:center|color:%23ffffff&#8221; use_theme_fonts=&#8221;yes&#8221; css=&#8221;.vc_custom_1488884493165{margin-top: 0px !important;margin-right: 0px !important;margin-bottom: 0px !important;margin-left: 0px !important;border-top-width: 0px !important;border-right-width: 0px !important;border-bottom-width: 0px !important;border-left-width: 0px !important;padding-top: 10px !important;padding-right: 10px !important;padding-bottom: 10px !important;padding-left: 10px !important;background-color: #3b506b !important;}&#8221; link=&#8221;url:https%3A%2F%2Fgarces-wp.ixole.es%2Fca%2Fdra-cristina-san-jose%2F||&#8221;][\/vc_column_inner][vc_column_inner width=&#8221;1\/4&#8243;][vc_single_image image=&#8221;1113&#8243; img_size=&#8221;full&#8221; css=&#8221;.vc_custom_1485272593919{margin-top: 0px !important;margin-right: 0px !important;margin-bottom: 0px !important;margin-left: 0px !important;border-top-width: 0px !important;border-right-width: 0px !important;border-bottom-width: 0px !important;border-left-width: 0px !important;padding-top: 0px !important;padding-right: 0px !important;padding-bottom: 0px !important;padding-left: 0px !important;}&#8221;][vc_custom_heading text=&#8221;Dra. Ver\u00f3nica Ruiz&#8221; font_container=&#8221;tag:h4|text_align:center|color:%23ffffff&#8221; use_theme_fonts=&#8221;yes&#8221; css=&#8221;.vc_custom_1488884570650{margin-top: 0px !important;margin-right: 0px !important;margin-bottom: 0px !important;margin-left: 0px !important;border-top-width: 0px !important;border-right-width: 0px !important;border-bottom-width: 0px !important;border-left-width: 0px !important;padding-top: 10px !important;padding-right: 10px !important;padding-bottom: 10px !important;padding-left: 10px !important;background-color: #3b506b !important;}&#8221; link=&#8221;url:https%3A%2F%2Fgarces-wp.ixole.es%2Fca%2Fdra-veronica-ruiz%2F||&#8221;][\/vc_column_inner][vc_column_inner width=&#8221;1\/4&#8243;][vc_single_image image=&#8221;1111&#8243; img_size=&#8221;full&#8221; css=&#8221;.vc_custom_1485272604793{margin-top: 0px !important;margin-right: 0px !important;margin-bottom: 0px !important;margin-left: 0px !important;border-top-width: 0px !important;border-right-width: 0px !important;border-bottom-width: 0px !important;border-left-width: 0px !important;padding-top: 0px !important;padding-right: 0px !important;padding-bottom: 0px !important;padding-left: 0px !important;}&#8221;][vc_custom_heading text=&#8221;Dra. Paola Pasquali&#8221; font_container=&#8221;tag:h4|text_align:center|color:%23ffffff&#8221; use_theme_fonts=&#8221;yes&#8221; css=&#8221;.vc_custom_1488884613332{margin-top: 0px !important;margin-right: 0px !important;margin-bottom: 0px !important;margin-left: 0px !important;border-top-width: 0px !important;border-right-width: 0px !important;border-bottom-width: 0px !important;border-left-width: 0px !important;padding-top: 10px !important;padding-right: 10px !important;padding-bottom: 10px !important;padding-left: 10px !important;background-color: #3b506b !important;}&#8221; link=&#8221;url:https%3A%2F%2Fgarces-wp.ixole.es%2Fca%2Fdra-paola-pasquali%2F||&#8221;][\/vc_column_inner][\/vc_row_inner][\/vc_column][\/vc_row][vc_row][vc_column][vc_empty_space][vc_empty_space][vc_empty_space][vc_cta h2=&#8221;Si vol demanar cita o m\u00e9s informaci\u00f3, contacti amb nosaltres.&#8221; h2_font_container=&#8221;font_size:24|color:%23ffffff&#8221; h2_use_theme_fonts=&#8221;yes&#8221; add_button=&#8221;right&#8221; btn_title=&#8221;Contactar&#8221; btn_style=&#8221;classic&#8221; btn_color=&#8221;chino&#8221; btn_align=&#8221;right&#8221; css=&#8221;.vc_custom_1488884647207{background-color: #3b506b !important;}&#8221; use_custom_fonts_h2=&#8221;true&#8221; use_custom_fonts_h4=&#8221;true&#8221; btn_button_block=&#8221;true&#8221; btn_link=&#8221;url:https%3A%2F%2Fgarces-wp.ixole.es%2Fca%2Fcontactar%2F||&#8221;][\/vc_cta][\/vc_column][\/vc_row]<\/p>\n","protected":false},"excerpt":{"rendered":"<p>[vc_row][vc_column width=&#8221;1\/3&#8243;][vc_single_image image=&#8221;1111&#8243; img_size=&#8221;full&#8221; css=&#8221;.vc_custom_1485273343250{margin-top: 0px !important;margin-right: 0px !important;margin-bottom: 0px !important;margin-left: 0px !important;border-top-width: 0px !important;border-right-width: 0px !important;border-bottom-width: 0px !important;border-left-width: 0px !important;padding-top: 0px !important;padding-right: 0px !important;padding-bottom: 0px !important;padding-left: 0px !important;}&#8221;][vc_custom_heading text=&#8221;Dra. Paola Pasquali&#8221; font_container=&#8221;tag:h2|text_align:left|color:%233b506b&#8221; use_theme_fonts=&#8221;yes&#8221; css=&#8221;.vc_custom_1483615410843{margin-top: 0px !important;margin-right: 0px !important;margin-bottom: 0px !important;margin-left: 0px !important;border-top-width: 0px !important;border-right-width: 0px !important;border-bottom-width: 0px !important;border-left-width: 0px !important;padding-top: 10px !important;padding-right: 10px !important;padding-bottom: [&hellip;]<\/p>\n","protected":false},"author":1,"featured_media":0,"parent":0,"menu_order":0,"comment_status":"closed","ping_status":"closed","template":"","meta":{"footnotes":""},"class_list":["post-1195","page","type-page","status-publish","hentry"],"yoast_head":"<!-- This site is optimized with the Yoast SEO plugin v26.7 - https:\/\/yoast.com\/wordpress\/plugins\/seo\/ -->\n<title>Dra. Paola Pasquali - Dermatologia Garces<\/title>\n<meta name=\"robots\" content=\"index, follow, max-snippet:-1, max-image-preview:large, max-video-preview:-1\" \/>\n<link rel=\"canonical\" href=\"https:\/\/garces-wp.ixole.es\/ca\/dra-paola-pasquali\/\" \/>\n<meta property=\"og:locale\" content=\"ca_ES\" \/>\n<meta property=\"og:type\" content=\"article\" \/>\n<meta property=\"og:title\" content=\"Dra. Paola Pasquali - Dermatologia Garces\" \/>\n<meta property=\"og:description\" content=\"[vc_row][vc_column width=&#8221;1\/3&#8243;][vc_single_image image=&#8221;1111&#8243; img_size=&#8221;full&#8221; css=&#8221;.vc_custom_1485273343250{margin-top: 0px !important;margin-right: 0px !important;margin-bottom: 0px !important;margin-left: 0px !important;border-top-width: 0px !important;border-right-width: 0px !important;border-bottom-width: 0px !important;border-left-width: 0px !important;padding-top: 0px !important;padding-right: 0px !important;padding-bottom: 0px !important;padding-left: 0px !important;}&#8221;][vc_custom_heading text=&#8221;Dra. Paola Pasquali&#8221; font_container=&#8221;tag:h2|text_align:left|color:%233b506b&#8221; use_theme_fonts=&#8221;yes&#8221; css=&#8221;.vc_custom_1483615410843{margin-top: 0px !important;margin-right: 0px !important;margin-bottom: 0px !important;margin-left: 0px !important;border-top-width: 0px !important;border-right-width: 0px !important;border-bottom-width: 0px !important;border-left-width: 0px !important;padding-top: 10px !important;padding-right: 10px !important;padding-bottom: [&hellip;]\" \/>\n<meta property=\"og:url\" content=\"https:\/\/garces-wp.ixole.es\/ca\/dra-paola-pasquali\/\" \/>\n<meta property=\"og:site_name\" content=\"Dermatologia Garces\" \/>\n<meta property=\"article:modified_time\" content=\"2017-03-29T16:33:33+00:00\" \/>\n<meta name=\"twitter:card\" content=\"summary_large_image\" \/>\n<meta name=\"twitter:label1\" content=\"Est. reading time\" \/>\n\t<meta name=\"twitter:data1\" content=\"8 minutes\" \/>\n<script type=\"application\/ld+json\" class=\"yoast-schema-graph\">{\"@context\":\"https:\/\/schema.org\",\"@graph\":[{\"@type\":\"WebPage\",\"@id\":\"https:\/\/garces-wp.ixole.es\/ca\/dra-paola-pasquali\/\",\"url\":\"https:\/\/garces-wp.ixole.es\/ca\/dra-paola-pasquali\/\",\"name\":\"Dra. Paola Pasquali - Dermatologia Garces\",\"isPartOf\":{\"@id\":\"https:\/\/garces-wp.ixole.es\/#website\"},\"datePublished\":\"2017-02-08T12:14:17+00:00\",\"dateModified\":\"2017-03-29T16:33:33+00:00\",\"breadcrumb\":{\"@id\":\"https:\/\/garces-wp.ixole.es\/ca\/dra-paola-pasquali\/#breadcrumb\"},\"inLanguage\":\"ca-ES\",\"potentialAction\":[{\"@type\":\"ReadAction\",\"target\":[\"https:\/\/garces-wp.ixole.es\/ca\/dra-paola-pasquali\/\"]}]},{\"@type\":\"BreadcrumbList\",\"@id\":\"https:\/\/garces-wp.ixole.es\/ca\/dra-paola-pasquali\/#breadcrumb\",\"itemListElement\":[{\"@type\":\"ListItem\",\"position\":1,\"name\":\"Portada\",\"item\":\"https:\/\/garces-wp.ixole.es\/ca\/\"},{\"@type\":\"ListItem\",\"position\":2,\"name\":\"Dra. Paola Pasquali\"}]},{\"@type\":\"WebSite\",\"@id\":\"https:\/\/garces-wp.ixole.es\/#website\",\"url\":\"https:\/\/garces-wp.ixole.es\/\",\"name\":\"Dermatologia Garces\",\"description\":\"Dermatologia Dr. JR Garc\u00e9s Centro M\u00e9dico Teknon\",\"publisher\":{\"@id\":\"https:\/\/garces-wp.ixole.es\/#organization\"},\"potentialAction\":[{\"@type\":\"SearchAction\",\"target\":{\"@type\":\"EntryPoint\",\"urlTemplate\":\"https:\/\/garces-wp.ixole.es\/?s={search_term_string}\"},\"query-input\":{\"@type\":\"PropertyValueSpecification\",\"valueRequired\":true,\"valueName\":\"search_term_string\"}}],\"inLanguage\":\"ca-ES\"},{\"@type\":\"Organization\",\"@id\":\"https:\/\/garces-wp.ixole.es\/#organization\",\"name\":\"Dermatologia Garc\u00e9s\",\"url\":\"https:\/\/garces-wp.ixole.es\/\",\"logo\":{\"@type\":\"ImageObject\",\"inLanguage\":\"ca-ES\",\"@id\":\"https:\/\/garces-wp.ixole.es\/#\/schema\/logo\/image\/\",\"url\":\"https:\/\/garces-wp.ixole.es\/wp-content\/uploads\/2016\/04\/Logotip-Garces-1-e1490180757988.png\",\"contentUrl\":\"https:\/\/garces-wp.ixole.es\/wp-content\/uploads\/2016\/04\/Logotip-Garces-1-e1490180757988.png\",\"width\":150,\"height\":55,\"caption\":\"Dermatologia Garc\u00e9s\"},\"image\":{\"@id\":\"https:\/\/garces-wp.ixole.es\/#\/schema\/logo\/image\/\"}}]}<\/script>\n<!-- \/ Yoast SEO plugin. -->","yoast_head_json":{"title":"Dra. Paola Pasquali - Dermatologia Garces","robots":{"index":"index","follow":"follow","max-snippet":"max-snippet:-1","max-image-preview":"max-image-preview:large","max-video-preview":"max-video-preview:-1"},"canonical":"https:\/\/garces-wp.ixole.es\/ca\/dra-paola-pasquali\/","og_locale":"ca_ES","og_type":"article","og_title":"Dra. Paola Pasquali - Dermatologia Garces","og_description":"[vc_row][vc_column width=&#8221;1\/3&#8243;][vc_single_image image=&#8221;1111&#8243; img_size=&#8221;full&#8221; css=&#8221;.vc_custom_1485273343250{margin-top: 0px !important;margin-right: 0px !important;margin-bottom: 0px !important;margin-left: 0px !important;border-top-width: 0px !important;border-right-width: 0px !important;border-bottom-width: 0px !important;border-left-width: 0px !important;padding-top: 0px !important;padding-right: 0px !important;padding-bottom: 0px !important;padding-left: 0px !important;}&#8221;][vc_custom_heading text=&#8221;Dra. Paola Pasquali&#8221; font_container=&#8221;tag:h2|text_align:left|color:%233b506b&#8221; use_theme_fonts=&#8221;yes&#8221; css=&#8221;.vc_custom_1483615410843{margin-top: 0px !important;margin-right: 0px !important;margin-bottom: 0px !important;margin-left: 0px !important;border-top-width: 0px !important;border-right-width: 0px !important;border-bottom-width: 0px !important;border-left-width: 0px !important;padding-top: 10px !important;padding-right: 10px !important;padding-bottom: [&hellip;]","og_url":"https:\/\/garces-wp.ixole.es\/ca\/dra-paola-pasquali\/","og_site_name":"Dermatologia Garces","article_modified_time":"2017-03-29T16:33:33+00:00","twitter_card":"summary_large_image","twitter_misc":{"Est. reading time":"8 minutes"},"schema":{"@context":"https:\/\/schema.org","@graph":[{"@type":"WebPage","@id":"https:\/\/garces-wp.ixole.es\/ca\/dra-paola-pasquali\/","url":"https:\/\/garces-wp.ixole.es\/ca\/dra-paola-pasquali\/","name":"Dra. Paola Pasquali - Dermatologia Garces","isPartOf":{"@id":"https:\/\/garces-wp.ixole.es\/#website"},"datePublished":"2017-02-08T12:14:17+00:00","dateModified":"2017-03-29T16:33:33+00:00","breadcrumb":{"@id":"https:\/\/garces-wp.ixole.es\/ca\/dra-paola-pasquali\/#breadcrumb"},"inLanguage":"ca-ES","potentialAction":[{"@type":"ReadAction","target":["https:\/\/garces-wp.ixole.es\/ca\/dra-paola-pasquali\/"]}]},{"@type":"BreadcrumbList","@id":"https:\/\/garces-wp.ixole.es\/ca\/dra-paola-pasquali\/#breadcrumb","itemListElement":[{"@type":"ListItem","position":1,"name":"Portada","item":"https:\/\/garces-wp.ixole.es\/ca\/"},{"@type":"ListItem","position":2,"name":"Dra. Paola Pasquali"}]},{"@type":"WebSite","@id":"https:\/\/garces-wp.ixole.es\/#website","url":"https:\/\/garces-wp.ixole.es\/","name":"Dermatologia Garces","description":"Dermatologia Dr. JR Garc\u00e9s Centro M\u00e9dico Teknon","publisher":{"@id":"https:\/\/garces-wp.ixole.es\/#organization"},"potentialAction":[{"@type":"SearchAction","target":{"@type":"EntryPoint","urlTemplate":"https:\/\/garces-wp.ixole.es\/?s={search_term_string}"},"query-input":{"@type":"PropertyValueSpecification","valueRequired":true,"valueName":"search_term_string"}}],"inLanguage":"ca-ES"},{"@type":"Organization","@id":"https:\/\/garces-wp.ixole.es\/#organization","name":"Dermatologia Garc\u00e9s","url":"https:\/\/garces-wp.ixole.es\/","logo":{"@type":"ImageObject","inLanguage":"ca-ES","@id":"https:\/\/garces-wp.ixole.es\/#\/schema\/logo\/image\/","url":"https:\/\/garces-wp.ixole.es\/wp-content\/uploads\/2016\/04\/Logotip-Garces-1-e1490180757988.png","contentUrl":"https:\/\/garces-wp.ixole.es\/wp-content\/uploads\/2016\/04\/Logotip-Garces-1-e1490180757988.png","width":150,"height":55,"caption":"Dermatologia Garc\u00e9s"},"image":{"@id":"https:\/\/garces-wp.ixole.es\/#\/schema\/logo\/image\/"}}]}},"_links":{"self":[{"href":"https:\/\/garces-wp.ixole.es\/ca\/wp-json\/wp\/v2\/pages\/1195","targetHints":{"allow":["GET"]}}],"collection":[{"href":"https:\/\/garces-wp.ixole.es\/ca\/wp-json\/wp\/v2\/pages"}],"about":[{"href":"https:\/\/garces-wp.ixole.es\/ca\/wp-json\/wp\/v2\/types\/page"}],"author":[{"embeddable":true,"href":"https:\/\/garces-wp.ixole.es\/ca\/wp-json\/wp\/v2\/users\/1"}],"replies":[{"embeddable":true,"href":"https:\/\/garces-wp.ixole.es\/ca\/wp-json\/wp\/v2\/comments?post=1195"}],"version-history":[{"count":4,"href":"https:\/\/garces-wp.ixole.es\/ca\/wp-json\/wp\/v2\/pages\/1195\/revisions"}],"predecessor-version":[{"id":1556,"href":"https:\/\/garces-wp.ixole.es\/ca\/wp-json\/wp\/v2\/pages\/1195\/revisions\/1556"}],"wp:attachment":[{"href":"https:\/\/garces-wp.ixole.es\/ca\/wp-json\/wp\/v2\/media?parent=1195"}],"curies":[{"name":"wp","href":"https:\/\/api.w.org\/{rel}","templated":true}]}}