{"id":1178,"date":"2017-02-08T10:23:36","date_gmt":"2017-02-08T10:23:36","guid":{"rendered":"https:\/\/garces-wp.ixole.es\/?page_id=1178\/"},"modified":"2017-03-29T16:44:48","modified_gmt":"2017-03-29T16:44:48","slug":"centro-medico-teknon","status":"publish","type":"page","link":"https:\/\/garces-wp.ixole.es\/ca\/centro-medico-teknon\/","title":{"rendered":"Centro M\u00e9dico Teknon"},"content":{"rendered":"<p>[vc_row][vc_column][vc_custom_heading text=&#8221;Tecnologia i confort&#8221; font_container=&#8221;tag:h4|text_align:left&#8221; use_theme_fonts=&#8221;yes&#8221; css=&#8221;.vc_custom_1486549285135{margin-top: 0px !important;}&#8221;][vc_single_image image=&#8221;1892&#8243; img_size=&#8221;full&#8221;][\/vc_column][\/vc_row][vc_row][vc_column][vc_column_text]El Centro M\u00e8dico Teknon \u00e9s un dels hospitals l\u00edders en el sector sanitari privat d&#8217;Espanya gr\u00e0cies al fet que combina la millor atenci\u00f3 m\u00e8dica, instal\u00b7lacions pensades pel confort dels seus pacients i tecnologia d&#8217;\u00faltima generaci\u00f3.<\/p>\n<p>El Centro M\u00e8dico Teknon ofereix un servei integral que inclou:<\/p>\n<ul>\n<li><strong>Consulta<\/strong>: la consulta de l&#8217;Institut de Dermatologia Garc\u00e9s \u00e9s una zona lluminosa i \u00e0mplia, equipada pel seu confort i benestar.<\/li>\n<li><strong>Hospitalitzaci\u00f3<\/strong>: 211 habituaciones individuals, 19 suites lluminoses i Hospital de Dia.<\/li>\n<li><strong>\u00c0rea Quir\u00fargica<\/strong>: 20 quir\u00f2fans completament equipats amb l&#8217;\u00faltima tecnologia<\/li>\n<li><span style=\"text-decoration: underline;\"><strong>Servei d&#8217;Urg\u00e8ncies 24 hores<\/strong><\/span><\/li>\n<li><strong>Unitat de Medicina Intensiva (UCI)<\/strong> amb gu\u00e0rdia les 24 hores<\/li>\n<li><strong>Cafeteria i restaurant d&#8217;alta qualitat<\/strong><\/li>\n<li><strong>Aparcament privat<\/strong><\/li>\n<\/ul>\n<p>[\/vc_column_text][\/vc_column][\/vc_row][vc_row][vc_column][vc_single_image image=&#8221;1918&#8243; img_size=&#8221;full&#8221;][\/vc_column][\/vc_row]<\/p>\n","protected":false},"excerpt":{"rendered":"<p>[vc_row][vc_column][vc_custom_heading text=&#8221;Tecnologia i confort&#8221; font_container=&#8221;tag:h4|text_align:left&#8221; use_theme_fonts=&#8221;yes&#8221; css=&#8221;.vc_custom_1486549285135{margin-top: 0px !important;}&#8221;][vc_single_image image=&#8221;1892&#8243; img_size=&#8221;full&#8221;][\/vc_column][\/vc_row][vc_row][vc_column][vc_column_text]El Centro M\u00e8dico Teknon \u00e9s un dels hospitals l\u00edders en el sector sanitari privat d&#8217;Espanya gr\u00e0cies al fet que combina la millor atenci\u00f3 m\u00e8dica, instal\u00b7lacions pensades pel confort dels seus pacients i tecnologia d&#8217;\u00faltima generaci\u00f3. El Centro M\u00e8dico Teknon ofereix un servei integral que inclou: [&hellip;]<\/p>\n","protected":false},"author":1,"featured_media":0,"parent":0,"menu_order":0,"comment_status":"closed","ping_status":"closed","template":"","meta":{"footnotes":""},"class_list":["post-1178","page","type-page","status-publish","hentry"],"yoast_head":"<!-- This site is optimized with the Yoast SEO plugin v26.7 - https:\/\/yoast.com\/wordpress\/plugins\/seo\/ -->\n<title>Centro M\u00e9dico Teknon - Dermatologia Garces<\/title>\n<meta name=\"robots\" content=\"index, follow, max-snippet:-1, max-image-preview:large, max-video-preview:-1\" \/>\n<link rel=\"canonical\" href=\"https:\/\/garces-wp.ixole.es\/ca\/centro-medico-teknon\/\" \/>\n<meta property=\"og:locale\" content=\"ca_ES\" \/>\n<meta property=\"og:type\" content=\"article\" \/>\n<meta property=\"og:title\" content=\"Centro M\u00e9dico Teknon - Dermatologia Garces\" \/>\n<meta property=\"og:description\" content=\"[vc_row][vc_column][vc_custom_heading text=&#8221;Tecnologia i confort&#8221; font_container=&#8221;tag:h4|text_align:left&#8221; use_theme_fonts=&#8221;yes&#8221; css=&#8221;.vc_custom_1486549285135{margin-top: 0px !important;}&#8221;][vc_single_image image=&#8221;1892&#8243; img_size=&#8221;full&#8221;][\/vc_column][\/vc_row][vc_row][vc_column][vc_column_text]El Centro M\u00e8dico Teknon \u00e9s un dels hospitals l\u00edders en el sector sanitari privat d&#8217;Espanya gr\u00e0cies al fet que combina la millor atenci\u00f3 m\u00e8dica, instal\u00b7lacions pensades pel confort dels seus pacients i tecnologia d&#8217;\u00faltima generaci\u00f3. El Centro M\u00e8dico Teknon ofereix un servei integral que inclou: [&hellip;]\" \/>\n<meta property=\"og:url\" content=\"https:\/\/garces-wp.ixole.es\/ca\/centro-medico-teknon\/\" \/>\n<meta property=\"og:site_name\" content=\"Dermatologia Garces\" \/>\n<meta property=\"article:modified_time\" content=\"2017-03-29T16:44:48+00:00\" \/>\n<meta name=\"twitter:card\" content=\"summary_large_image\" \/>\n<meta name=\"twitter:label1\" content=\"Est. reading time\" \/>\n\t<meta name=\"twitter:data1\" content=\"1 minute\" \/>\n<script type=\"application\/ld+json\" class=\"yoast-schema-graph\">{\"@context\":\"https:\/\/schema.org\",\"@graph\":[{\"@type\":\"WebPage\",\"@id\":\"https:\/\/garces-wp.ixole.es\/ca\/centro-medico-teknon\/\",\"url\":\"https:\/\/garces-wp.ixole.es\/ca\/centro-medico-teknon\/\",\"name\":\"Centro M\u00e9dico Teknon - Dermatologia Garces\",\"isPartOf\":{\"@id\":\"https:\/\/garces-wp.ixole.es\/#website\"},\"datePublished\":\"2017-02-08T10:23:36+00:00\",\"dateModified\":\"2017-03-29T16:44:48+00:00\",\"breadcrumb\":{\"@id\":\"https:\/\/garces-wp.ixole.es\/ca\/centro-medico-teknon\/#breadcrumb\"},\"inLanguage\":\"ca-ES\",\"potentialAction\":[{\"@type\":\"ReadAction\",\"target\":[\"https:\/\/garces-wp.ixole.es\/ca\/centro-medico-teknon\/\"]}]},{\"@type\":\"BreadcrumbList\",\"@id\":\"https:\/\/garces-wp.ixole.es\/ca\/centro-medico-teknon\/#breadcrumb\",\"itemListElement\":[{\"@type\":\"ListItem\",\"position\":1,\"name\":\"Portada\",\"item\":\"https:\/\/garces-wp.ixole.es\/ca\/\"},{\"@type\":\"ListItem\",\"position\":2,\"name\":\"Centro M\u00e9dico Teknon\"}]},{\"@type\":\"WebSite\",\"@id\":\"https:\/\/garces-wp.ixole.es\/#website\",\"url\":\"https:\/\/garces-wp.ixole.es\/\",\"name\":\"Dermatologia Garces\",\"description\":\"Dermatologia Dr. JR Garc\u00e9s Centro M\u00e9dico Teknon\",\"publisher\":{\"@id\":\"https:\/\/garces-wp.ixole.es\/#organization\"},\"potentialAction\":[{\"@type\":\"SearchAction\",\"target\":{\"@type\":\"EntryPoint\",\"urlTemplate\":\"https:\/\/garces-wp.ixole.es\/?s={search_term_string}\"},\"query-input\":{\"@type\":\"PropertyValueSpecification\",\"valueRequired\":true,\"valueName\":\"search_term_string\"}}],\"inLanguage\":\"ca-ES\"},{\"@type\":\"Organization\",\"@id\":\"https:\/\/garces-wp.ixole.es\/#organization\",\"name\":\"Dermatologia Garc\u00e9s\",\"url\":\"https:\/\/garces-wp.ixole.es\/\",\"logo\":{\"@type\":\"ImageObject\",\"inLanguage\":\"ca-ES\",\"@id\":\"https:\/\/garces-wp.ixole.es\/#\/schema\/logo\/image\/\",\"url\":\"https:\/\/garces-wp.ixole.es\/wp-content\/uploads\/2016\/04\/Logotip-Garces-1-e1490180757988.png\",\"contentUrl\":\"https:\/\/garces-wp.ixole.es\/wp-content\/uploads\/2016\/04\/Logotip-Garces-1-e1490180757988.png\",\"width\":150,\"height\":55,\"caption\":\"Dermatologia Garc\u00e9s\"},\"image\":{\"@id\":\"https:\/\/garces-wp.ixole.es\/#\/schema\/logo\/image\/\"}}]}<\/script>\n<!-- \/ Yoast SEO plugin. -->","yoast_head_json":{"title":"Centro M\u00e9dico Teknon - Dermatologia Garces","robots":{"index":"index","follow":"follow","max-snippet":"max-snippet:-1","max-image-preview":"max-image-preview:large","max-video-preview":"max-video-preview:-1"},"canonical":"https:\/\/garces-wp.ixole.es\/ca\/centro-medico-teknon\/","og_locale":"ca_ES","og_type":"article","og_title":"Centro M\u00e9dico Teknon - Dermatologia Garces","og_description":"[vc_row][vc_column][vc_custom_heading text=&#8221;Tecnologia i confort&#8221; font_container=&#8221;tag:h4|text_align:left&#8221; use_theme_fonts=&#8221;yes&#8221; css=&#8221;.vc_custom_1486549285135{margin-top: 0px !important;}&#8221;][vc_single_image image=&#8221;1892&#8243; img_size=&#8221;full&#8221;][\/vc_column][\/vc_row][vc_row][vc_column][vc_column_text]El Centro M\u00e8dico Teknon \u00e9s un dels hospitals l\u00edders en el sector sanitari privat d&#8217;Espanya gr\u00e0cies al fet que combina la millor atenci\u00f3 m\u00e8dica, instal\u00b7lacions pensades pel confort dels seus pacients i tecnologia d&#8217;\u00faltima generaci\u00f3. El Centro M\u00e8dico Teknon ofereix un servei integral que inclou: [&hellip;]","og_url":"https:\/\/garces-wp.ixole.es\/ca\/centro-medico-teknon\/","og_site_name":"Dermatologia Garces","article_modified_time":"2017-03-29T16:44:48+00:00","twitter_card":"summary_large_image","twitter_misc":{"Est. reading time":"1 minute"},"schema":{"@context":"https:\/\/schema.org","@graph":[{"@type":"WebPage","@id":"https:\/\/garces-wp.ixole.es\/ca\/centro-medico-teknon\/","url":"https:\/\/garces-wp.ixole.es\/ca\/centro-medico-teknon\/","name":"Centro M\u00e9dico Teknon - Dermatologia Garces","isPartOf":{"@id":"https:\/\/garces-wp.ixole.es\/#website"},"datePublished":"2017-02-08T10:23:36+00:00","dateModified":"2017-03-29T16:44:48+00:00","breadcrumb":{"@id":"https:\/\/garces-wp.ixole.es\/ca\/centro-medico-teknon\/#breadcrumb"},"inLanguage":"ca-ES","potentialAction":[{"@type":"ReadAction","target":["https:\/\/garces-wp.ixole.es\/ca\/centro-medico-teknon\/"]}]},{"@type":"BreadcrumbList","@id":"https:\/\/garces-wp.ixole.es\/ca\/centro-medico-teknon\/#breadcrumb","itemListElement":[{"@type":"ListItem","position":1,"name":"Portada","item":"https:\/\/garces-wp.ixole.es\/ca\/"},{"@type":"ListItem","position":2,"name":"Centro M\u00e9dico Teknon"}]},{"@type":"WebSite","@id":"https:\/\/garces-wp.ixole.es\/#website","url":"https:\/\/garces-wp.ixole.es\/","name":"Dermatologia Garces","description":"Dermatologia Dr. JR Garc\u00e9s Centro M\u00e9dico Teknon","publisher":{"@id":"https:\/\/garces-wp.ixole.es\/#organization"},"potentialAction":[{"@type":"SearchAction","target":{"@type":"EntryPoint","urlTemplate":"https:\/\/garces-wp.ixole.es\/?s={search_term_string}"},"query-input":{"@type":"PropertyValueSpecification","valueRequired":true,"valueName":"search_term_string"}}],"inLanguage":"ca-ES"},{"@type":"Organization","@id":"https:\/\/garces-wp.ixole.es\/#organization","name":"Dermatologia Garc\u00e9s","url":"https:\/\/garces-wp.ixole.es\/","logo":{"@type":"ImageObject","inLanguage":"ca-ES","@id":"https:\/\/garces-wp.ixole.es\/#\/schema\/logo\/image\/","url":"https:\/\/garces-wp.ixole.es\/wp-content\/uploads\/2016\/04\/Logotip-Garces-1-e1490180757988.png","contentUrl":"https:\/\/garces-wp.ixole.es\/wp-content\/uploads\/2016\/04\/Logotip-Garces-1-e1490180757988.png","width":150,"height":55,"caption":"Dermatologia Garc\u00e9s"},"image":{"@id":"https:\/\/garces-wp.ixole.es\/#\/schema\/logo\/image\/"}}]}},"_links":{"self":[{"href":"https:\/\/garces-wp.ixole.es\/ca\/wp-json\/wp\/v2\/pages\/1178","targetHints":{"allow":["GET"]}}],"collection":[{"href":"https:\/\/garces-wp.ixole.es\/ca\/wp-json\/wp\/v2\/pages"}],"about":[{"href":"https:\/\/garces-wp.ixole.es\/ca\/wp-json\/wp\/v2\/types\/page"}],"author":[{"embeddable":true,"href":"https:\/\/garces-wp.ixole.es\/ca\/wp-json\/wp\/v2\/users\/1"}],"replies":[{"embeddable":true,"href":"https:\/\/garces-wp.ixole.es\/ca\/wp-json\/wp\/v2\/comments?post=1178"}],"version-history":[{"count":3,"href":"https:\/\/garces-wp.ixole.es\/ca\/wp-json\/wp\/v2\/pages\/1178\/revisions"}],"predecessor-version":[{"id":1921,"href":"https:\/\/garces-wp.ixole.es\/ca\/wp-json\/wp\/v2\/pages\/1178\/revisions\/1921"}],"wp:attachment":[{"href":"https:\/\/garces-wp.ixole.es\/ca\/wp-json\/wp\/v2\/media?parent=1178"}],"curies":[{"name":"wp","href":"https:\/\/api.w.org\/{rel}","templated":true}]}}