{"id":1170,"date":"2017-02-08T09:54:23","date_gmt":"2017-02-08T09:54:23","guid":{"rendered":"https:\/\/garces-wp.ixole.es\/?page_id=1170\/"},"modified":"2017-03-22T10:46:11","modified_gmt":"2017-03-22T10:46:11","slug":"qui-som","status":"publish","type":"page","link":"https:\/\/garces-wp.ixole.es\/ca\/qui-som\/","title":{"rendered":"Qui som"},"content":{"rendered":"<p>[vc_row][vc_column width=&#8221;1\/3&#8243;][vc_single_image image=&#8221;695&#8243; img_size=&#8221;full&#8221;][\/vc_column][vc_column width=&#8221;2\/3&#8243;][vc_column_text]El Institut de Dermatologia Garc\u00e9s, liderat pel<a href=\"https:\/\/garces-wp.ixole.es\/ca\/jrgarces\/\"> Dr. JR Garc\u00e9s<\/a>, \u00e9s una instituci\u00f3 amb m\u00e9s de 30 anys d&#8217;experi\u00e8ncia en dermatologia m\u00e8dica i quir\u00fargica. Situat al prestigi\u00f3s <a href=\"https:\/\/garces-wp.ixole.es\/ca\/centro-medico-teknon\/\">Centro M\u00e9dico Teknon de Barcelona<\/a>, Dermatologia Garc\u00e9s tracta totes les malalties i les <a href=\"https:\/\/garces-wp.ixole.es\/ca\/que-tractem\/\">alteracions de la pell, cabell i ungles<\/a>.[\/vc_column_text][vc_column_text]<strong>Excel\u00b7l\u00e8ncia m\u00e8dica i d&#8217;atenci\u00f3 al pacient<\/strong><\/p>\n<p>Dermatologia Garc\u00e9s obre les seves portes amb un \u00fanic objectiu: oferir un servei integral que combini l&#8217;excel\u00b7l\u00e8ncia m\u00e8dica dels nostres professionals amb l&#8217;excel\u00b7l\u00e8ncia del servei d&#8217;atenci\u00f3 al pacient. Per a aix\u00f2, comptem amb un equip de <a href=\"https:\/\/garces-wp.ixole.es\/ca\/el-nostre-equip\/\">dermat\u00f2legs m\u00e8dics i quir\u00fargics<\/a> a l&#8217;avantguarda de les innovacions cient\u00edfiques en dermatologia i amb <a href=\"https:\/\/garces-wp.ixole.es\/ca\/dermatologia-estetica\/tractament-amb-laser\/\">l&#8217;\u00faltima tecnologia l\u00e0ser<\/a> del mercat a la seva disposici\u00f3. Aix\u00ed mateix, oferim als nostres pacients<a href=\"https:\/\/garces-wp.ixole.es\/ca\/derma-plus\/comite-oncoderma-multidisciplinar\/\"> <u>serveis complementaris<\/u><\/a> per fer de la seva estada al nostre centre un moment especial de confort.[\/vc_column_text][\/vc_column][\/vc_row][vc_row gap=&#8221;20&#8243; content_placement=&#8221;middle&#8221;][vc_column][vc_separator][vc_row_inner][vc_column_inner width=&#8221;1\/4&#8243;][vc_single_image image=&#8221;1848&#8243; img_size=&#8221;full&#8221;][vc_text_separator title=&#8221;El nostre equip&#8221; color=&#8221;chino&#8221; el_class=&#8221;h4&#8243;][vc_column_text]Un equip de dermat\u00f2legs m\u00e8dics i quir\u00fargics pel tractament de totes les malalties de la pell.[\/vc_column_text][vc_button2 title=&#8221;Llegir m\u00e9s&#8221; align=&#8221;center&#8221; color=&#8221;chino&#8221; size=&#8221;sm&#8221; link=&#8221;url:https%3A%2F%2Fgarces-wp.ixole.es%2Fca%2Fel-nostre-equip%2F||&#8221;][\/vc_column_inner][vc_column_inner width=&#8221;1\/4&#8243;][vc_single_image image=&#8221;697&#8243; img_size=&#8221;full&#8221;][vc_text_separator title=&#8221;El Dr. Garc\u00e9s&#8221; color=&#8221;chino&#8221; el_class=&#8221;h4&#8243;][vc_column_text]El Dr. Garc\u00e9s, fundador del Institut de Dermatologia Garc\u00e9s \u00e9s un dermat\u00f2leg amb m\u00e9s de 30 anys d&#8217;experi\u00e8ncia i especialitzat en <a href=\"https:\/\/garces-wp.ixole.es\/ca\/cancer-de-pell\/\">c\u00e0ncer de pell<\/a> i <a href=\"https:\/\/garces-wp.ixole.es\/ca\/dermatologia-quirurgica\/cirurgia-de-mohs\/\">Cirurgia de Mohs<\/a>.[\/vc_column_text][vc_button2 title=&#8221;Llegir m\u00e9s&#8221; align=&#8221;center&#8221; color=&#8221;chino&#8221; size=&#8221;sm&#8221; link=&#8221;url:https%3A%2F%2Fgarces-wp.ixole.es%2Fca%2Fjrgarces%2F||&#8221;][\/vc_column_inner][vc_column_inner width=&#8221;1\/4&#8243;][vc_single_image image=&#8221;698&#8243; img_size=&#8221;full&#8221;][vc_text_separator title=&#8221;Qu\u00e8 tractem&#8221; color=&#8221;chino&#8221; el_class=&#8221;h4&#8243;][vc_column_text]Tractem totes les malalties de la pell incloses les manifestacions de malalties que s&#8217;originen en una altra part de l&#8217;organisme per\u00f2 que tenen s\u00edmptomes a la pell.[\/vc_column_text][vc_button2 title=&#8221;Llegir m\u00e9s&#8221; align=&#8221;center&#8221; color=&#8221;chino&#8221; size=&#8221;sm&#8221; link=&#8221;url:https%3A%2F%2Fgarces-wp.ixole.es%2Fca%2Fque-tractem%2F||&#8221;][\/vc_column_inner][vc_column_inner width=&#8221;1\/4&#8243;][vc_single_image image=&#8221;832&#8243; img_size=&#8221;full&#8221;][vc_text_separator title=&#8221;Derma Plus&#8221; color=&#8221;chino&#8221; el_class=&#8221;h4&#8243;][vc_column_text]Ens esforcem per oferir als nostres pacients el m\u00e0xim confort, atenent les seves necessitats.[\/vc_column_text][vc_button2 title=&#8221;Llegir m\u00e9s&#8221; align=&#8221;center&#8221; color=&#8221;chino&#8221; size=&#8221;sm&#8221; link=&#8221;url:https%3A%2F%2Fgarces-wp.ixole.es%2Fca%2Fderma-plus%2F||&#8221;][\/vc_column_inner][\/vc_row_inner][vc_empty_space][vc_empty_space][vc_empty_space][vc_cta h2=&#8221;Si vol demanar cita o m\u00e9s informaci\u00f3, contacti amb nosaltres.&#8221; h2_font_container=&#8221;font_size:24|color:%23ffffff&#8221; h2_use_theme_fonts=&#8221;yes&#8221; add_button=&#8221;right&#8221; btn_title=&#8221;Contactar&#8221; btn_style=&#8221;classic&#8221; btn_color=&#8221;chino&#8221; btn_align=&#8221;right&#8221; css=&#8221;.vc_custom_1488814327183{background-color: #3b506b !important;}&#8221; use_custom_fonts_h2=&#8221;true&#8221; use_custom_fonts_h4=&#8221;true&#8221; btn_button_block=&#8221;true&#8221; btn_link=&#8221;url:https%3A%2F%2Fgarces-wp.ixole.es%2Fca%2Fcontactar%2F||&#8221;][\/vc_cta][\/vc_column][\/vc_row]<\/p>\n","protected":false},"excerpt":{"rendered":"<p>[vc_row][vc_column width=&#8221;1\/3&#8243;][vc_single_image image=&#8221;695&#8243; img_size=&#8221;full&#8221;][\/vc_column][vc_column width=&#8221;2\/3&#8243;][vc_column_text]El Institut de Dermatologia Garc\u00e9s, liderat pel Dr. JR Garc\u00e9s, \u00e9s una instituci\u00f3 amb m\u00e9s de 30 anys d&#8217;experi\u00e8ncia en dermatologia m\u00e8dica i quir\u00fargica. Situat al prestigi\u00f3s Centro M\u00e9dico Teknon de Barcelona, Dermatologia Garc\u00e9s tracta totes les malalties i les alteracions de la pell, cabell i ungles.[\/vc_column_text][vc_column_text]Excel\u00b7l\u00e8ncia m\u00e8dica i d&#8217;atenci\u00f3 al [&hellip;]<\/p>\n","protected":false},"author":1,"featured_media":0,"parent":0,"menu_order":0,"comment_status":"closed","ping_status":"open","template":"fullwidth-template.php","meta":{"footnotes":""},"class_list":["post-1170","page","type-page","status-publish","hentry"],"yoast_head":"<!-- This site is optimized with the Yoast SEO plugin v26.7 - https:\/\/yoast.com\/wordpress\/plugins\/seo\/ -->\n<title>Qui som - Dermatologia Garces<\/title>\n<meta name=\"robots\" content=\"index, follow, max-snippet:-1, max-image-preview:large, max-video-preview:-1\" \/>\n<link rel=\"canonical\" href=\"https:\/\/garces-wp.ixole.es\/ca\/qui-som\/\" \/>\n<meta property=\"og:locale\" content=\"ca_ES\" \/>\n<meta property=\"og:type\" content=\"article\" \/>\n<meta property=\"og:title\" content=\"Qui som - Dermatologia Garces\" \/>\n<meta property=\"og:description\" content=\"[vc_row][vc_column width=&#8221;1\/3&#8243;][vc_single_image image=&#8221;695&#8243; img_size=&#8221;full&#8221;][\/vc_column][vc_column width=&#8221;2\/3&#8243;][vc_column_text]El Institut de Dermatologia Garc\u00e9s, liderat pel Dr. JR Garc\u00e9s, \u00e9s una instituci\u00f3 amb m\u00e9s de 30 anys d&#8217;experi\u00e8ncia en dermatologia m\u00e8dica i quir\u00fargica. Situat al prestigi\u00f3s Centro M\u00e9dico Teknon de Barcelona, Dermatologia Garc\u00e9s tracta totes les malalties i les alteracions de la pell, cabell i ungles.[\/vc_column_text][vc_column_text]Excel\u00b7l\u00e8ncia m\u00e8dica i d&#8217;atenci\u00f3 al [&hellip;]\" \/>\n<meta property=\"og:url\" content=\"https:\/\/garces-wp.ixole.es\/ca\/qui-som\/\" \/>\n<meta property=\"og:site_name\" content=\"Dermatologia Garces\" \/>\n<meta property=\"article:modified_time\" content=\"2017-03-22T10:46:11+00:00\" \/>\n<meta name=\"twitter:card\" content=\"summary_large_image\" \/>\n<meta name=\"twitter:label1\" content=\"Est. reading time\" \/>\n\t<meta name=\"twitter:data1\" content=\"3 minutes\" \/>\n<script type=\"application\/ld+json\" class=\"yoast-schema-graph\">{\"@context\":\"https:\/\/schema.org\",\"@graph\":[{\"@type\":\"WebPage\",\"@id\":\"https:\/\/garces-wp.ixole.es\/ca\/qui-som\/\",\"url\":\"https:\/\/garces-wp.ixole.es\/ca\/qui-som\/\",\"name\":\"Qui som - Dermatologia Garces\",\"isPartOf\":{\"@id\":\"https:\/\/garces-wp.ixole.es\/#website\"},\"datePublished\":\"2017-02-08T09:54:23+00:00\",\"dateModified\":\"2017-03-22T10:46:11+00:00\",\"breadcrumb\":{\"@id\":\"https:\/\/garces-wp.ixole.es\/ca\/qui-som\/#breadcrumb\"},\"inLanguage\":\"ca-ES\",\"potentialAction\":[{\"@type\":\"ReadAction\",\"target\":[\"https:\/\/garces-wp.ixole.es\/ca\/qui-som\/\"]}]},{\"@type\":\"BreadcrumbList\",\"@id\":\"https:\/\/garces-wp.ixole.es\/ca\/qui-som\/#breadcrumb\",\"itemListElement\":[{\"@type\":\"ListItem\",\"position\":1,\"name\":\"Portada\",\"item\":\"https:\/\/garces-wp.ixole.es\/ca\/\"},{\"@type\":\"ListItem\",\"position\":2,\"name\":\"Qui som\"}]},{\"@type\":\"WebSite\",\"@id\":\"https:\/\/garces-wp.ixole.es\/#website\",\"url\":\"https:\/\/garces-wp.ixole.es\/\",\"name\":\"Dermatologia Garces\",\"description\":\"Dermatologia Dr. JR Garc\u00e9s Centro M\u00e9dico Teknon\",\"publisher\":{\"@id\":\"https:\/\/garces-wp.ixole.es\/#organization\"},\"potentialAction\":[{\"@type\":\"SearchAction\",\"target\":{\"@type\":\"EntryPoint\",\"urlTemplate\":\"https:\/\/garces-wp.ixole.es\/?s={search_term_string}\"},\"query-input\":{\"@type\":\"PropertyValueSpecification\",\"valueRequired\":true,\"valueName\":\"search_term_string\"}}],\"inLanguage\":\"ca-ES\"},{\"@type\":\"Organization\",\"@id\":\"https:\/\/garces-wp.ixole.es\/#organization\",\"name\":\"Dermatologia Garc\u00e9s\",\"url\":\"https:\/\/garces-wp.ixole.es\/\",\"logo\":{\"@type\":\"ImageObject\",\"inLanguage\":\"ca-ES\",\"@id\":\"https:\/\/garces-wp.ixole.es\/#\/schema\/logo\/image\/\",\"url\":\"https:\/\/garces-wp.ixole.es\/wp-content\/uploads\/2016\/04\/Logotip-Garces-1-e1490180757988.png\",\"contentUrl\":\"https:\/\/garces-wp.ixole.es\/wp-content\/uploads\/2016\/04\/Logotip-Garces-1-e1490180757988.png\",\"width\":150,\"height\":55,\"caption\":\"Dermatologia Garc\u00e9s\"},\"image\":{\"@id\":\"https:\/\/garces-wp.ixole.es\/#\/schema\/logo\/image\/\"}}]}<\/script>\n<!-- \/ Yoast SEO plugin. -->","yoast_head_json":{"title":"Qui som - Dermatologia Garces","robots":{"index":"index","follow":"follow","max-snippet":"max-snippet:-1","max-image-preview":"max-image-preview:large","max-video-preview":"max-video-preview:-1"},"canonical":"https:\/\/garces-wp.ixole.es\/ca\/qui-som\/","og_locale":"ca_ES","og_type":"article","og_title":"Qui som - Dermatologia Garces","og_description":"[vc_row][vc_column width=&#8221;1\/3&#8243;][vc_single_image image=&#8221;695&#8243; img_size=&#8221;full&#8221;][\/vc_column][vc_column width=&#8221;2\/3&#8243;][vc_column_text]El Institut de Dermatologia Garc\u00e9s, liderat pel Dr. JR Garc\u00e9s, \u00e9s una instituci\u00f3 amb m\u00e9s de 30 anys d&#8217;experi\u00e8ncia en dermatologia m\u00e8dica i quir\u00fargica. Situat al prestigi\u00f3s Centro M\u00e9dico Teknon de Barcelona, Dermatologia Garc\u00e9s tracta totes les malalties i les alteracions de la pell, cabell i ungles.[\/vc_column_text][vc_column_text]Excel\u00b7l\u00e8ncia m\u00e8dica i d&#8217;atenci\u00f3 al [&hellip;]","og_url":"https:\/\/garces-wp.ixole.es\/ca\/qui-som\/","og_site_name":"Dermatologia Garces","article_modified_time":"2017-03-22T10:46:11+00:00","twitter_card":"summary_large_image","twitter_misc":{"Est. reading time":"3 minutes"},"schema":{"@context":"https:\/\/schema.org","@graph":[{"@type":"WebPage","@id":"https:\/\/garces-wp.ixole.es\/ca\/qui-som\/","url":"https:\/\/garces-wp.ixole.es\/ca\/qui-som\/","name":"Qui som - Dermatologia Garces","isPartOf":{"@id":"https:\/\/garces-wp.ixole.es\/#website"},"datePublished":"2017-02-08T09:54:23+00:00","dateModified":"2017-03-22T10:46:11+00:00","breadcrumb":{"@id":"https:\/\/garces-wp.ixole.es\/ca\/qui-som\/#breadcrumb"},"inLanguage":"ca-ES","potentialAction":[{"@type":"ReadAction","target":["https:\/\/garces-wp.ixole.es\/ca\/qui-som\/"]}]},{"@type":"BreadcrumbList","@id":"https:\/\/garces-wp.ixole.es\/ca\/qui-som\/#breadcrumb","itemListElement":[{"@type":"ListItem","position":1,"name":"Portada","item":"https:\/\/garces-wp.ixole.es\/ca\/"},{"@type":"ListItem","position":2,"name":"Qui som"}]},{"@type":"WebSite","@id":"https:\/\/garces-wp.ixole.es\/#website","url":"https:\/\/garces-wp.ixole.es\/","name":"Dermatologia Garces","description":"Dermatologia Dr. JR Garc\u00e9s Centro M\u00e9dico Teknon","publisher":{"@id":"https:\/\/garces-wp.ixole.es\/#organization"},"potentialAction":[{"@type":"SearchAction","target":{"@type":"EntryPoint","urlTemplate":"https:\/\/garces-wp.ixole.es\/?s={search_term_string}"},"query-input":{"@type":"PropertyValueSpecification","valueRequired":true,"valueName":"search_term_string"}}],"inLanguage":"ca-ES"},{"@type":"Organization","@id":"https:\/\/garces-wp.ixole.es\/#organization","name":"Dermatologia Garc\u00e9s","url":"https:\/\/garces-wp.ixole.es\/","logo":{"@type":"ImageObject","inLanguage":"ca-ES","@id":"https:\/\/garces-wp.ixole.es\/#\/schema\/logo\/image\/","url":"https:\/\/garces-wp.ixole.es\/wp-content\/uploads\/2016\/04\/Logotip-Garces-1-e1490180757988.png","contentUrl":"https:\/\/garces-wp.ixole.es\/wp-content\/uploads\/2016\/04\/Logotip-Garces-1-e1490180757988.png","width":150,"height":55,"caption":"Dermatologia Garc\u00e9s"},"image":{"@id":"https:\/\/garces-wp.ixole.es\/#\/schema\/logo\/image\/"}}]}},"_links":{"self":[{"href":"https:\/\/garces-wp.ixole.es\/ca\/wp-json\/wp\/v2\/pages\/1170","targetHints":{"allow":["GET"]}}],"collection":[{"href":"https:\/\/garces-wp.ixole.es\/ca\/wp-json\/wp\/v2\/pages"}],"about":[{"href":"https:\/\/garces-wp.ixole.es\/ca\/wp-json\/wp\/v2\/types\/page"}],"author":[{"embeddable":true,"href":"https:\/\/garces-wp.ixole.es\/ca\/wp-json\/wp\/v2\/users\/1"}],"replies":[{"embeddable":true,"href":"https:\/\/garces-wp.ixole.es\/ca\/wp-json\/wp\/v2\/comments?post=1170"}],"version-history":[{"count":5,"href":"https:\/\/garces-wp.ixole.es\/ca\/wp-json\/wp\/v2\/pages\/1170\/revisions"}],"predecessor-version":[{"id":1851,"href":"https:\/\/garces-wp.ixole.es\/ca\/wp-json\/wp\/v2\/pages\/1170\/revisions\/1851"}],"wp:attachment":[{"href":"https:\/\/garces-wp.ixole.es\/ca\/wp-json\/wp\/v2\/media?parent=1170"}],"curies":[{"name":"wp","href":"https:\/\/api.w.org\/{rel}","templated":true}]}}